{"id":3129,"date":"2022-03-31T09:40:41","date_gmt":"2022-03-31T08:40:41","guid":{"rendered":"http:\/\/buechertanz.de\/?page_id=3129"},"modified":"2023-01-04T15:12:50","modified_gmt":"2023-01-04T14:12:50","slug":"neuzugaenge-maerz-2022","status":"publish","type":"page","link":"https:\/\/buechertanz.de\/?page_id=3129","title":{"rendered":"Neuzug\u00e4nge M\u00e4rz 2022"},"content":{"rendered":"\n<p class=\"has-drop-cap has-small-font-size\">Im<strong> M\u00e4rz 2022<\/strong>\u00a0sind insgesamt\u00a0<strong>29 B\u00fccher<\/strong>\u00a0hier eingezogen:<br>11 neue B\u00fccher und 14 Rezensionsexemplare (sechs gedruckte B\u00fccher, acht eBooks) und vier B\u00fccher aus \u00d6ffentlichen B\u00fccherschr\u00e4nken\/ B\u00fccherkisten.<br>Falls es eine Rezension auf meinem Blog gibt, gelangt ihr mit einem Klick auf den Titel direkt bei der Rezension.<\/p>\n\n\n\n<div class=\"wp-block-media-text alignwide is-vertically-aligned-top\"><figure class=\"wp-block-media-text__media\"><img loading=\"lazy\" decoding=\"async\" width=\"727\" height=\"725\" src=\"https:\/\/buechertanz.de\/wp-content\/uploads\/2022\/03\/03-Maerz-Neue-Buecher-1.jpg\" alt=\"\" class=\"wp-image-3138 size-full\" srcset=\"https:\/\/buechertanz.de\/wp-content\/uploads\/2022\/03\/03-Maerz-Neue-Buecher-1.jpg 727w, https:\/\/buechertanz.de\/wp-content\/uploads\/2022\/03\/03-Maerz-Neue-Buecher-1-300x300.jpg 300w, https:\/\/buechertanz.de\/wp-content\/uploads\/2022\/03\/03-Maerz-Neue-Buecher-1-150x150.jpg 150w\" sizes=\"auto, (max-width: 727px) 100vw, 727px\" \/><\/figure><div class=\"wp-block-media-text__content\">\n<p class=\"has-drop-cap has-small-font-size\"><strong>Neue B\u00fccher:<\/strong><\/p>\n\n\n\n<p><\/p>\n\n\n\n<ul class=\"has-small-font-size wp-block-list\"><li>Susanne Goga: <a rel=\"noreferrer noopener\" href=\"https:\/\/buechertanz.de\/?p=2828\" target=\"_blank\"><em>&#8222;Leo Berlin&#8220;<\/em><\/a><\/li><li>Erich Ackermann:<em> &#8222;Nordische M\u00e4rchen und Sagen&#8220;<\/em><\/li><li>Barbara Leiejewski: <em>&#8222;F\u00fcr immer und noch ein bisschen l\u00e4nger&#8220;<\/em><\/li><li>Kathleen Freitag: <em>&#8222;Die Seebadvilla&#8220;<\/em><\/li><li>Niklas Natt och Dag: <em>&#8222;1793&#8220;<\/em><\/li><li>Emma Jacobsen: <em>&#8222;Die Inselhebamme&#8220;<\/em><\/li><li>Heike Koschek: <em>&#8222;Das Gl\u00fcck unserer Zeit&#8220;<\/em><\/li><li>Martha Sophie Marcus: <em>&#8222;Die Bl\u00fcte der Novemberrosen&#8220;<\/em><\/li><li>Anke Petersen: <em>&#8222;Der Kaffeegarten &#8211; Das Leuchten der See&#8220;<\/em><\/li><li>Nele L\u00f6wenberg: <em>&#8222;Stra\u00dfe nach Nirgendwo&#8220;<\/em><\/li><li><em>Ulla Hahn: &#8222;Aufbruch&#8220;<\/em><strong><br><\/strong><\/li><\/ul>\n<\/div><\/div>\n\n\n\n<p>_<\/p>\n\n\n\n<div class=\"wp-block-media-text alignwide has-media-on-the-right is-vertically-aligned-top\"><figure class=\"wp-block-media-text__media\"><img loading=\"lazy\" decoding=\"async\" width=\"733\" height=\"731\" src=\"https:\/\/buechertanz.de\/wp-content\/uploads\/2022\/03\/03-Maerz-Rezis.jpg\" alt=\"\" class=\"wp-image-3139 size-full\" srcset=\"https:\/\/buechertanz.de\/wp-content\/uploads\/2022\/03\/03-Maerz-Rezis.jpg 733w, https:\/\/buechertanz.de\/wp-content\/uploads\/2022\/03\/03-Maerz-Rezis-300x300.jpg 300w, https:\/\/buechertanz.de\/wp-content\/uploads\/2022\/03\/03-Maerz-Rezis-150x150.jpg 150w\" sizes=\"auto, (max-width: 733px) 100vw, 733px\" \/><\/figure><div class=\"wp-block-media-text__content\">\n<p class=\"has-drop-cap has-small-font-size\"><strong>Rezensionsexemplare:<\/strong><\/p>\n\n\n\n<p><\/p>\n\n\n\n<ul class=\"has-small-font-size wp-block-list\"><li>Susanne Goga:<br><em><a rel=\"noreferrer noopener\" href=\"https:\/\/buechertanz.de\/?p=2828\" target=\"_blank\">&#8222;Leo Berlin&#8220;<\/a><br><a rel=\"noreferrer noopener\" href=\"https:\/\/buechertanz.de\/?p=2895\" target=\"_blank\">&#8222;Tod in Blau&#8220;<\/a><br><a rel=\"noreferrer noopener\" href=\"https:\/\/buechertanz.de\/?p=2922\" target=\"_blank\">&#8222;Die Tote von Charlottenburg&#8220;<\/a><br><a rel=\"noreferrer noopener\" href=\"https:\/\/buechertanz.de\/?p=3185\" target=\"_blank\">&#8222;Mord in Babelsberg&#8220;<\/a><br><a rel=\"noreferrer noopener\" href=\"https:\/\/buechertanz.de\/?p=3198\" target=\"_blank\">&#8222;Es geschah in Sch\u00f6neberg&#8220;<\/a><br><a rel=\"noreferrer noopener\" href=\"https:\/\/buechertanz.de\/?p=3212\" target=\"_blank\">&#8222;Nachts am Askanischen Platz&#8220;<\/a><br><a rel=\"noreferrer noopener\" href=\"https:\/\/buechertanz.de\/?p=3223\" target=\"_blank\">&#8222;Der Ballhausm\u00f6rder&#8220;<\/a><\/em><\/li><li>Michael Paul:<em> <a rel=\"noreferrer noopener\" href=\"https:\/\/buechertanz.de\/?p=2906\" target=\"_blank\">&#8222;Versteckt im Schwarzwald&#8220;<\/a><\/em><\/li><li>Ana Pawlik: <a rel=\"noreferrer noopener\" href=\"https:\/\/buechertanz.de\/?p=2817\" target=\"_blank\"><em>&#8222;In den Klauen der Macht&#8220;<\/em><\/a><\/li><li>Astrid Fritz:<em> <a rel=\"noreferrer noopener\" href=\"https:\/\/buechertanz.de\/?p=2881\" target=\"_blank\">&#8222;Der dunkle Himmel&#8220;<\/a><\/em><\/li><li>Virginia Anemona:<br><em><a rel=\"noreferrer noopener\" href=\"https:\/\/buechertanz.de\/?p=2848\" target=\"_blank\">&#8222;Ajena und der Wasserperlenbaum&#8220;<\/a><br><a rel=\"noreferrer noopener\" href=\"https:\/\/buechertanz.de\/?p=3154\" target=\"_blank\">&#8222;Ajena im Raum der Spiegel&#8220;<\/a><\/em><\/li><li>Klara Jahn: <a rel=\"noreferrer noopener\" href=\"https:\/\/buechertanz.de\/?p=2870\" target=\"_blank\"><em>&#8222;Das Lied des Waldes&#8220;<\/em><\/a><\/li><li>Caren Benedikt:<a rel=\"noreferrer noopener\" href=\"https:\/\/buechertanz.de\/?p=3144\" target=\"_blank\"> <em>&#8222;Das Grandhotel &#8211; Die der Brandung trotzen&#8220;<\/em><\/a><\/li><\/ul>\n<\/div><\/div>\n\n\n\n<p>_<\/p>\n\n\n\n<div class=\"wp-block-media-text alignwide\"><figure class=\"wp-block-media-text__media\"><img loading=\"lazy\" decoding=\"async\" width=\"742\" height=\"749\" src=\"https:\/\/buechertanz.de\/wp-content\/uploads\/2022\/03\/03-Maerz-Buecherschraenke.jpg\" alt=\"\" class=\"wp-image-3140 size-full\" srcset=\"https:\/\/buechertanz.de\/wp-content\/uploads\/2022\/03\/03-Maerz-Buecherschraenke.jpg 742w, https:\/\/buechertanz.de\/wp-content\/uploads\/2022\/03\/03-Maerz-Buecherschraenke-297x300.jpg 297w, https:\/\/buechertanz.de\/wp-content\/uploads\/2022\/03\/03-Maerz-Buecherschraenke-150x150.jpg 150w\" sizes=\"auto, (max-width: 742px) 100vw, 742px\" \/><\/figure><div class=\"wp-block-media-text__content\">\n<p class=\"has-drop-cap has-small-font-size\"><strong>\u00d6ffentliche B\u00fccherschr\u00e4nke\/ B\u00fccherkisten:<\/strong><\/p>\n\n\n\n<p><\/p>\n\n\n\n<ul class=\"has-small-font-size wp-block-list\"><li>Mark Twain: <em>&#8222;Bummel durch Europa&#8220;<\/em><\/li><li>Martin Walser: <em>&#8222;Ehen in Philippsburg&#8220;<\/em><\/li><li>Daniel Kehlmann:<em> &#8222;Ruhm&#8220;<\/em><\/li><li>Jorge Bucay:<em> &#8222;Komm, ich erz\u00e4hl dir eine Geschichte<\/em><strong><br><\/strong><\/li><\/ul>\n<\/div><\/div>\n\n\n\n<p>_<\/p>\n\n\n<div class=\"wp-block-image is-style-rounded\">\n<figure class=\"aligncenter size-full is-resized\"><img loading=\"lazy\" decoding=\"async\" src=\"https:\/\/buechertanz.de\/wp-content\/uploads\/2019\/03\/cropped-Blume-1.png\" alt=\"\" class=\"wp-image-2847\" width=\"186\" height=\"186\" srcset=\"https:\/\/buechertanz.de\/wp-content\/uploads\/2019\/03\/cropped-Blume-1.png 248w, https:\/\/buechertanz.de\/wp-content\/uploads\/2019\/03\/cropped-Blume-1-150x150.png 150w\" sizes=\"auto, (max-width: 186px) 100vw, 186px\" \/><\/figure><\/div>","protected":false},"excerpt":{"rendered":"<p>Im M\u00e4rz 2022\u00a0sind insgesamt\u00a029 B\u00fccher\u00a0hier eingezogen:11 neue B\u00fccher und 14 Rezensionsexemplare (sechs gedruckte B\u00fccher, acht eBooks) und vier B\u00fccher aus \u00d6ffentlichen B\u00fccherschr\u00e4nken\/ B\u00fccherkisten.Falls es eine Rezension auf meinem Blog gibt, gelangt ihr mit einem Klick auf den Titel direkt bei der Rezension. Neue B\u00fccher: Susanne Goga: &#8222;Leo Berlin&#8220; Erich Ackermann: &#8222;Nordische M\u00e4rchen und Sagen&#8220; Barbara &hellip; <a href=\"https:\/\/buechertanz.de\/?page_id=3129\" class=\"more-link\"><span class=\"screen-reader-text\">Neuzug\u00e4nge M\u00e4rz 2022<\/span> weiterlesen<\/a><\/p>\n","protected":false},"author":2,"featured_media":0,"parent":0,"menu_order":0,"comment_status":"open","ping_status":"closed","template":"","meta":{"footnotes":""},"class_list":["post-3129","page","type-page","status-publish","hentry"],"_links":{"self":[{"href":"https:\/\/buechertanz.de\/index.php?rest_route=\/wp\/v2\/pages\/3129","targetHints":{"allow":["GET"]}}],"collection":[{"href":"https:\/\/buechertanz.de\/index.php?rest_route=\/wp\/v2\/pages"}],"about":[{"href":"https:\/\/buechertanz.de\/index.php?rest_route=\/wp\/v2\/types\/page"}],"author":[{"embeddable":true,"href":"https:\/\/buechertanz.de\/index.php?rest_route=\/wp\/v2\/users\/2"}],"replies":[{"embeddable":true,"href":"https:\/\/buechertanz.de\/index.php?rest_route=%2Fwp%2Fv2%2Fcomments&post=3129"}],"version-history":[{"count":11,"href":"https:\/\/buechertanz.de\/index.php?rest_route=\/wp\/v2\/pages\/3129\/revisions"}],"predecessor-version":[{"id":4282,"href":"https:\/\/buechertanz.de\/index.php?rest_route=\/wp\/v2\/pages\/3129\/revisions\/4282"}],"wp:attachment":[{"href":"https:\/\/buechertanz.de\/index.php?rest_route=%2Fwp%2Fv2%2Fmedia&parent=3129"}],"curies":[{"name":"wp","href":"https:\/\/api.w.org\/{rel}","templated":true}]}}