{"id":3234,"date":"2022-04-30T19:45:24","date_gmt":"2022-04-30T18:45:24","guid":{"rendered":"http:\/\/buechertanz.de\/?page_id=3234"},"modified":"2023-01-04T15:17:13","modified_gmt":"2023-01-04T14:17:13","slug":"neuzugaenge-april-2022","status":"publish","type":"page","link":"https:\/\/buechertanz.de\/?page_id=3234","title":{"rendered":"Neuzug\u00e4nge April 2022"},"content":{"rendered":"\n<p class=\"has-drop-cap has-small-font-size\">Im<strong>&nbsp;April 2022<\/strong>&nbsp;sind insgesamt&nbsp;<strong>16 B\u00fccher<\/strong>&nbsp;hier eingezogen:<br>Neun neue B\u00fccher und zwei Rezensionsexemplare und f\u00fcnf B\u00fccher aus \u00d6ffentlichen B\u00fccherschr\u00e4nken.<br>Falls es eine Rezension auf meinem Blog gibt, gelangt ihr mit einem Klick auf den Titel direkt bei der Rezension.<\/p>\n\n\n\n<div class=\"wp-block-media-text alignwide is-vertically-aligned-center\"><figure class=\"wp-block-media-text__media\"><img loading=\"lazy\" decoding=\"async\" width=\"742\" height=\"739\" src=\"https:\/\/buechertanz.de\/wp-content\/uploads\/2022\/04\/04-April-Neue-Buecher.jpg\" alt=\"\" class=\"wp-image-3260 size-full\" srcset=\"https:\/\/buechertanz.de\/wp-content\/uploads\/2022\/04\/04-April-Neue-Buecher.jpg 742w, https:\/\/buechertanz.de\/wp-content\/uploads\/2022\/04\/04-April-Neue-Buecher-300x300.jpg 300w, https:\/\/buechertanz.de\/wp-content\/uploads\/2022\/04\/04-April-Neue-Buecher-150x150.jpg 150w\" sizes=\"auto, (max-width: 742px) 100vw, 742px\" \/><\/figure><div class=\"wp-block-media-text__content\">\n<p class=\"has-drop-cap has-small-font-size\"><strong>Neue B\u00fccher:<\/strong><\/p>\n\n\n\n<p><\/p>\n\n\n\n<ul class=\"has-small-font-size wp-block-list\"><li>Susanne Goga: <a rel=\"noreferrer noopener\" href=\"https:\/\/buechertanz.de\/?p=2895\" target=\"_blank\"><em>&#8222;Tod in Blau &#8211; Ein Fall f\u00fcr Leo Wechsler&#8220;<\/em><\/a><\/li><li>Ruth Kornberger: <em>&#8222;Frau Merian und die Wunder der Welt&#8220;<\/em><\/li><li>Julie Marsh: <em>&#8222;Die Ladys von Somerset&#8220;<\/em><\/li><li>Bonnie Garmus: <em>&#8222;Eine Frage der Chemie&#8220;<\/em><\/li><li>Sandra L\u00fcpkes: <em>&#8222;Die Schule am Meer&#8220;&#8218;<\/em><\/li><li>Julia Freidank:<em> &#8222;Das Brauhaus an der Isar &#8211; Spiel des Schicksals&#8220;<\/em><\/li><li>Gisa Pauly: <em>&#8222;Fr\u00e4ulein Wunder&#8220;<\/em><\/li><li>Peter Prange:<em> &#8222;Winter der Hoffnung&#8220;<\/em><\/li><li>Heidi Rehn: <em>&#8222;Die Buchhandlung in der Amalienstra\u00dfe<\/em><\/li><\/ul>\n<\/div><\/div>\n\n\n\n<p>_<\/p>\n\n\n\n<div class=\"wp-block-media-text alignwide has-media-on-the-right\"><figure class=\"wp-block-media-text__media\"><img loading=\"lazy\" decoding=\"async\" width=\"720\" height=\"724\" src=\"https:\/\/buechertanz.de\/wp-content\/uploads\/2022\/04\/04-April-Rezis.jpg\" alt=\"\" class=\"wp-image-3261 size-full\" srcset=\"https:\/\/buechertanz.de\/wp-content\/uploads\/2022\/04\/04-April-Rezis.jpg 720w, https:\/\/buechertanz.de\/wp-content\/uploads\/2022\/04\/04-April-Rezis-298x300.jpg 298w, https:\/\/buechertanz.de\/wp-content\/uploads\/2022\/04\/04-April-Rezis-150x150.jpg 150w\" sizes=\"auto, (max-width: 720px) 100vw, 720px\" \/><\/figure><div class=\"wp-block-media-text__content\">\n<p class=\"has-drop-cap has-small-font-size\"><strong>Rezensionsexemplare:<\/strong><\/p>\n\n\n\n<p><\/p>\n\n\n\n<ul class=\"has-small-font-size wp-block-list\"><li>Elena Eden:<br><a rel=\"noreferrer noopener\" href=\"https:\/\/buechertanz.de\/?p=3172\" target=\"_blank\"><em>&#8222;Der Garten der Harfe&#8220;<\/em><\/a><\/li><li>Kristina Herzog:<br><a rel=\"noreferrer noopener\" href=\"https:\/\/buechertanz.de\/?p=3280\" target=\"_blank\"><em>&#8222;Was der Morgen verspricht &#8211; Die Sternberg-Saga&#8220;<\/em><\/a><br><\/li><\/ul>\n<\/div><\/div>\n\n\n\n<p>_<\/p>\n\n\n\n<div class=\"wp-block-media-text alignwide\"><figure class=\"wp-block-media-text__media\"><img loading=\"lazy\" decoding=\"async\" width=\"731\" height=\"731\" src=\"https:\/\/buechertanz.de\/wp-content\/uploads\/2022\/04\/04-April-Buecherschraenke.jpg\" alt=\"\" class=\"wp-image-3262 size-full\" srcset=\"https:\/\/buechertanz.de\/wp-content\/uploads\/2022\/04\/04-April-Buecherschraenke.jpg 731w, https:\/\/buechertanz.de\/wp-content\/uploads\/2022\/04\/04-April-Buecherschraenke-300x300.jpg 300w, https:\/\/buechertanz.de\/wp-content\/uploads\/2022\/04\/04-April-Buecherschraenke-150x150.jpg 150w\" sizes=\"auto, (max-width: 731px) 100vw, 731px\" \/><\/figure><div class=\"wp-block-media-text__content\">\n<p class=\"has-drop-cap has-small-font-size\"><strong>B<strong>\u00fccher aus \u00f6ffentlichen B\u00fccherschr\u00e4nken<\/strong><\/strong>:<\/p>\n\n\n\n<p><\/p>\n\n\n\n<ul class=\"has-small-font-size wp-block-list\"><li>Robert Musil:<br><em>&#8222;Der Mann ohne Eigenschaften&#8220;<\/em><\/li><li>Sigrid Damm: <br><em>&#8222;Das Leben des Friedrich Schiller&#8220;<\/em><\/li><li>Sebastian Fitzek:<br><em>&#8222;Der Augenj\u00e4ger&#8220; und &#8222;Der Augensammler&#8220;<\/em><\/li><li>Madeline Miller:<br><em>&#8222;Circe&#8220;<\/em><\/li><\/ul>\n<\/div><\/div>\n\n\n\n<p>_<\/p>\n\n\n<div class=\"wp-block-image is-style-rounded\">\n<figure class=\"aligncenter size-full is-resized\"><img loading=\"lazy\" decoding=\"async\" src=\"https:\/\/buechertanz.de\/wp-content\/uploads\/2019\/03\/Blume-5.png\" alt=\"\" class=\"wp-image-367\" width=\"184\" height=\"212\" srcset=\"https:\/\/buechertanz.de\/wp-content\/uploads\/2019\/03\/Blume-5.png 264w, https:\/\/buechertanz.de\/wp-content\/uploads\/2019\/03\/Blume-5-260x300.png 260w\" sizes=\"auto, (max-width: 184px) 100vw, 184px\" \/><\/figure><\/div>","protected":false},"excerpt":{"rendered":"<p>Im&nbsp;April 2022&nbsp;sind insgesamt&nbsp;16 B\u00fccher&nbsp;hier eingezogen:Neun neue B\u00fccher und zwei Rezensionsexemplare und f\u00fcnf B\u00fccher aus \u00d6ffentlichen B\u00fccherschr\u00e4nken.Falls es eine Rezension auf meinem Blog gibt, gelangt ihr mit einem Klick auf den Titel direkt bei der Rezension. Neue B\u00fccher: Susanne Goga: &#8222;Tod in Blau &#8211; Ein Fall f\u00fcr Leo Wechsler&#8220; Ruth Kornberger: &#8222;Frau Merian und die Wunder &hellip; <a href=\"https:\/\/buechertanz.de\/?page_id=3234\" class=\"more-link\"><span class=\"screen-reader-text\">Neuzug\u00e4nge April 2022<\/span> weiterlesen<\/a><\/p>\n","protected":false},"author":2,"featured_media":0,"parent":0,"menu_order":0,"comment_status":"open","ping_status":"closed","template":"","meta":{"footnotes":""},"class_list":["post-3234","page","type-page","status-publish","hentry"],"_links":{"self":[{"href":"https:\/\/buechertanz.de\/index.php?rest_route=\/wp\/v2\/pages\/3234","targetHints":{"allow":["GET"]}}],"collection":[{"href":"https:\/\/buechertanz.de\/index.php?rest_route=\/wp\/v2\/pages"}],"about":[{"href":"https:\/\/buechertanz.de\/index.php?rest_route=\/wp\/v2\/types\/page"}],"author":[{"embeddable":true,"href":"https:\/\/buechertanz.de\/index.php?rest_route=\/wp\/v2\/users\/2"}],"replies":[{"embeddable":true,"href":"https:\/\/buechertanz.de\/index.php?rest_route=%2Fwp%2Fv2%2Fcomments&post=3234"}],"version-history":[{"count":9,"href":"https:\/\/buechertanz.de\/index.php?rest_route=\/wp\/v2\/pages\/3234\/revisions"}],"predecessor-version":[{"id":4286,"href":"https:\/\/buechertanz.de\/index.php?rest_route=\/wp\/v2\/pages\/3234\/revisions\/4286"}],"wp:attachment":[{"href":"https:\/\/buechertanz.de\/index.php?rest_route=%2Fwp%2Fv2%2Fmedia&parent=3234"}],"curies":[{"name":"wp","href":"https:\/\/api.w.org\/{rel}","templated":true}]}}