{"id":3319,"date":"2022-05-30T20:09:15","date_gmt":"2022-05-30T19:09:15","guid":{"rendered":"http:\/\/buechertanz.de\/?page_id=3319"},"modified":"2023-01-04T15:24:29","modified_gmt":"2023-01-04T14:24:29","slug":"neuzugaenge-mai-2022","status":"publish","type":"page","link":"https:\/\/buechertanz.de\/?page_id=3319","title":{"rendered":"Neuzug\u00e4nge Mai 2022"},"content":{"rendered":"\n<p class=\"has-drop-cap has-small-font-size\">Im<strong>\u00a0Mai 2022<\/strong>\u00a0sind insgesamt\u00a0<strong>25 B\u00fccher<\/strong>\u00a0hier eingezogen:<br>Zw\u00f6lf neue B\u00fccher, ein Rezensionsexemplar, acht B\u00fccher vom B\u00fcchermarkt und vier B\u00fccher aus \u00d6ffentlichen B\u00fccherschr\u00e4nken.<br>Falls es eine Rezension auf meinem Blog gibt, gelangt ihr mit einem Klick auf den Titel direkt bei der Rezension.<\/p>\n\n\n\n<div class=\"wp-block-media-text alignwide is-vertically-aligned-center\"><figure class=\"wp-block-media-text__media\"><img loading=\"lazy\" decoding=\"async\" width=\"727\" height=\"731\" src=\"https:\/\/buechertanz.de\/wp-content\/uploads\/2022\/05\/05-Mai-Neue-Buecher.jpg\" alt=\"\" class=\"wp-image-3341 size-full\" srcset=\"https:\/\/buechertanz.de\/wp-content\/uploads\/2022\/05\/05-Mai-Neue-Buecher.jpg 727w, https:\/\/buechertanz.de\/wp-content\/uploads\/2022\/05\/05-Mai-Neue-Buecher-298x300.jpg 298w, https:\/\/buechertanz.de\/wp-content\/uploads\/2022\/05\/05-Mai-Neue-Buecher-150x150.jpg 150w\" sizes=\"auto, (max-width: 727px) 100vw, 727px\" \/><\/figure><div class=\"wp-block-media-text__content\">\n<p class=\"has-drop-cap has-small-font-size\"><strong>Neue B\u00fccher:<\/strong><\/p>\n\n\n\n<p><\/p>\n\n\n\n<ul class=\"has-small-font-size wp-block-list\"><li>Sabine Ebert:<em> &#8222;Schwert &amp; Krone: Preis der Macht&#8220;<\/em><\/li><li>Susanne Goga: <em>&#8222;Die Tote von Charlottenburg&#8220;<\/em><\/li><li>Michael Paul: <em>&#8222;Wimmerholz&#8220;, <a rel=\"noreferrer noopener\" href=\"https:\/\/buechertanz.de\/?p=2674\" target=\"_blank\">&#8222;Das Haus der B\u00fccher&#8220;<\/a> und <a rel=\"noreferrer noopener\" href=\"https:\/\/buechertanz.de\/?p=2906\" target=\"_blank\">&#8222;Versteckt im Schwarzwald&#8220;<\/a><\/em><\/li><li>Harald Gritzner: <em>&#8222;1525 &#8211; Kampf der Freiheit&#8220; und &#8222;Am Galgenbuck&#8220;<\/em><\/li><li>Pip Williams: <em>&#8222;Die Sammlerin der verlorenen Worte&#8220;<\/em><\/li><li>Emma Hunter: <em>&#8222;Somerset &#8211; Sehnsucht und Skandal&#8220;<\/em><\/li><li>Martha Hall Kelly:<em> &#8222;Und am Ende werden wir frei sein&#8220;<\/em><\/li><li>Julie Peters: <em>&#8222;K\u00e4the Kruse und die Tr\u00e4ume der Kinder&#8220;<\/em><\/li><li>Gabriele Sonnberger: <em>&#8222;Aufbruch voller Sehnsucht &#8211; Eine b\u00f6hmische Familiensaga&#8220;<\/em><br><\/li><\/ul>\n<\/div><\/div>\n\n\n\n<p>_<\/p>\n\n\n\n<div class=\"wp-block-media-text alignwide has-media-on-the-right\"><figure class=\"wp-block-media-text__media\"><img loading=\"lazy\" decoding=\"async\" width=\"672\" height=\"671\" src=\"https:\/\/buechertanz.de\/wp-content\/uploads\/2022\/05\/05-Mai-Rezis.jpg\" alt=\"\" class=\"wp-image-3342 size-full\" srcset=\"https:\/\/buechertanz.de\/wp-content\/uploads\/2022\/05\/05-Mai-Rezis.jpg 672w, https:\/\/buechertanz.de\/wp-content\/uploads\/2022\/05\/05-Mai-Rezis-300x300.jpg 300w, https:\/\/buechertanz.de\/wp-content\/uploads\/2022\/05\/05-Mai-Rezis-150x150.jpg 150w\" sizes=\"auto, (max-width: 672px) 100vw, 672px\" \/><\/figure><div class=\"wp-block-media-text__content\">\n<p class=\"has-drop-cap has-small-font-size\"><strong>Rezensionsexemplar<\/strong>:<\/p>\n\n\n\n<p><\/p>\n\n\n\n<ul class=\"has-small-font-size wp-block-list\"><li>Rena Rosenthal:<br><a rel=\"noreferrer noopener\" href=\"https:\/\/buechertanz.de\/?p=3273\" target=\"_blank\"><em>&#8222;Die Hofg\u00e4rtnerin &#8211; Sommerleuchten&#8220;<\/em><\/a><\/li><\/ul>\n<\/div><\/div>\n\n\n\n<p>_<\/p>\n\n\n\n<div class=\"wp-block-media-text alignwide\"><figure class=\"wp-block-media-text__media\"><img loading=\"lazy\" decoding=\"async\" width=\"750\" height=\"747\" src=\"https:\/\/buechertanz.de\/wp-content\/uploads\/2022\/05\/05-Mai-Buechermarkt.jpg\" alt=\"\" class=\"wp-image-3343 size-full\" srcset=\"https:\/\/buechertanz.de\/wp-content\/uploads\/2022\/05\/05-Mai-Buechermarkt.jpg 750w, https:\/\/buechertanz.de\/wp-content\/uploads\/2022\/05\/05-Mai-Buechermarkt-300x300.jpg 300w, https:\/\/buechertanz.de\/wp-content\/uploads\/2022\/05\/05-Mai-Buechermarkt-150x150.jpg 150w\" sizes=\"auto, (max-width: 750px) 100vw, 750px\" \/><\/figure><div class=\"wp-block-media-text__content\">\n<p class=\"has-drop-cap has-small-font-size\"><strong>B\u00fcchermarkt:<\/strong><\/p>\n\n\n\n<p><\/p>\n\n\n\n<ul class=\"has-small-font-size wp-block-list\"><li>Ulrike Renk: <em>&#8222;Zeit aus Glas &#8211; Das Schicksal einer Familie&#8220; und &#8222;Tr\u00e4ume aus Samt &#8211; Das Schicksal einer Familie&#8220;<\/em><\/li><li>C.W. Gortner: <em>&#8222;Marlene und die Suche nach Liebe&#8220;<\/em><\/li><li>Stephanie Schuster: <em>&#8222;Milena und die Briefe der Liebe&#8220;<\/em><\/li><li>Charlotte Lyne: <em>&#8222;Die Glocken von von Vineta&#8220;<\/em><\/li><li>Anja Baumheier: <em>&#8222;Die Erfindung der Sprache&#8220;<\/em><\/li><li>Ralf H. Dorweiler: <em>&#8222;Das Geheimnis des Glasbl\u00e4sers&#8220;<\/em><\/li><li>Lucinda Riley: <em>&#8222;Die Sonnenschwester&#8220;<\/em><\/li><\/ul>\n<\/div><\/div>\n\n\n\n<p>_<\/p>\n\n\n\n<div class=\"wp-block-media-text alignwide has-media-on-the-right\"><figure class=\"wp-block-media-text__media\"><img loading=\"lazy\" decoding=\"async\" width=\"689\" height=\"689\" src=\"https:\/\/buechertanz.de\/wp-content\/uploads\/2022\/05\/05-Mai-Buecherschraenke.jpg\" alt=\"\" class=\"wp-image-3344 size-full\" srcset=\"https:\/\/buechertanz.de\/wp-content\/uploads\/2022\/05\/05-Mai-Buecherschraenke.jpg 689w, https:\/\/buechertanz.de\/wp-content\/uploads\/2022\/05\/05-Mai-Buecherschraenke-300x300.jpg 300w, https:\/\/buechertanz.de\/wp-content\/uploads\/2022\/05\/05-Mai-Buecherschraenke-150x150.jpg 150w\" sizes=\"auto, (max-width: 689px) 100vw, 689px\" \/><\/figure><div class=\"wp-block-media-text__content\">\n<p class=\"has-drop-cap has-small-font-size\"><strong>\u00d6ffentliche B\u00fccherschr\u00e4nke:<\/strong><\/p>\n\n\n\n<p><\/p>\n\n\n\n<ul class=\"has-small-font-size wp-block-list\"><li>Gunter Hofmann: <em>&#8222;Marion D\u00f6nhoff&#8220;<\/em><\/li><li>Francois Garde:<em> &#8222;Der gefangene K\u00f6nig&#8220;<\/em><\/li><li>Ursula Sachau: <em>&#8222;Lucas der Maler&#8220;<\/em><\/li><li>Carlos Ruiz Zafon: <em>&#8222;Marina&#8220;<\/em><\/li><\/ul>\n<\/div><\/div>\n\n\n\n<p>_<\/p>\n\n\n<div class=\"wp-block-image is-style-rounded\">\n<figure class=\"aligncenter size-full is-resized\"><img loading=\"lazy\" decoding=\"async\" src=\"https:\/\/buechertanz.de\/wp-content\/uploads\/2019\/03\/cropped-Blume-1.png\" alt=\"\" class=\"wp-image-2847\" width=\"211\" height=\"211\" srcset=\"https:\/\/buechertanz.de\/wp-content\/uploads\/2019\/03\/cropped-Blume-1.png 248w, https:\/\/buechertanz.de\/wp-content\/uploads\/2019\/03\/cropped-Blume-1-150x150.png 150w\" sizes=\"auto, (max-width: 211px) 100vw, 211px\" \/><\/figure><\/div>","protected":false},"excerpt":{"rendered":"<p>Im\u00a0Mai 2022\u00a0sind insgesamt\u00a025 B\u00fccher\u00a0hier eingezogen:Zw\u00f6lf neue B\u00fccher, ein Rezensionsexemplar, acht B\u00fccher vom B\u00fcchermarkt und vier B\u00fccher aus \u00d6ffentlichen B\u00fccherschr\u00e4nken.Falls es eine Rezension auf meinem Blog gibt, gelangt ihr mit einem Klick auf den Titel direkt bei der Rezension. Neue B\u00fccher: Sabine Ebert: &#8222;Schwert &amp; Krone: Preis der Macht&#8220; Susanne Goga: &#8222;Die Tote von Charlottenburg&#8220; Michael &hellip; <a href=\"https:\/\/buechertanz.de\/?page_id=3319\" class=\"more-link\"><span class=\"screen-reader-text\">Neuzug\u00e4nge Mai 2022<\/span> weiterlesen<\/a><\/p>\n","protected":false},"author":2,"featured_media":0,"parent":0,"menu_order":0,"comment_status":"open","ping_status":"closed","template":"","meta":{"footnotes":""},"class_list":["post-3319","page","type-page","status-publish","hentry"],"_links":{"self":[{"href":"https:\/\/buechertanz.de\/index.php?rest_route=\/wp\/v2\/pages\/3319","targetHints":{"allow":["GET"]}}],"collection":[{"href":"https:\/\/buechertanz.de\/index.php?rest_route=\/wp\/v2\/pages"}],"about":[{"href":"https:\/\/buechertanz.de\/index.php?rest_route=\/wp\/v2\/types\/page"}],"author":[{"embeddable":true,"href":"https:\/\/buechertanz.de\/index.php?rest_route=\/wp\/v2\/users\/2"}],"replies":[{"embeddable":true,"href":"https:\/\/buechertanz.de\/index.php?rest_route=%2Fwp%2Fv2%2Fcomments&post=3319"}],"version-history":[{"count":5,"href":"https:\/\/buechertanz.de\/index.php?rest_route=\/wp\/v2\/pages\/3319\/revisions"}],"predecessor-version":[{"id":4288,"href":"https:\/\/buechertanz.de\/index.php?rest_route=\/wp\/v2\/pages\/3319\/revisions\/4288"}],"wp:attachment":[{"href":"https:\/\/buechertanz.de\/index.php?rest_route=%2Fwp%2Fv2%2Fmedia&parent=3319"}],"curies":[{"name":"wp","href":"https:\/\/api.w.org\/{rel}","templated":true}]}}