{"id":3320,"date":"2022-05-30T20:09:15","date_gmt":"2022-05-30T19:09:15","guid":{"rendered":"http:\/\/buechertanz.de\/?page_id=3320"},"modified":"2022-05-30T20:59:48","modified_gmt":"2022-05-30T19:59:48","slug":"gelesen-mai-2022","status":"publish","type":"page","link":"https:\/\/buechertanz.de\/?page_id=3320","title":{"rendered":"Gelesen Mai 2022"},"content":{"rendered":"\n<p class=\"has-drop-cap has-small-font-size\">Hier findet ihr die B\u00fccher, die ich im&nbsp;<strong>Mai 2022<\/strong>&nbsp;gelesen habe \u2013 insgesamt sind es&nbsp;<strong>acht B\u00fccher<\/strong>&nbsp;mit&nbsp;<strong>4.018 Seiten<\/strong>. Falls es auf meinem Blog schon eine Rezension gibt, findet ihr diese, wenn ihr auf den Buchtitel oder das Cover in der Galerie klickt. Viel Spa\u00df beim Schm\u00f6kern.<\/p>\n\n\n\n<div class=\"wp-block-image is-style-rounded\"><figure class=\"aligncenter size-full is-resized\"><img loading=\"lazy\" decoding=\"async\" src=\"https:\/\/buechertanz.de\/wp-content\/uploads\/2022\/05\/05-Mai.jpg\" alt=\"\" class=\"wp-image-3330\" width=\"391\" height=\"392\" srcset=\"https:\/\/buechertanz.de\/wp-content\/uploads\/2022\/05\/05-Mai.jpg 750w, https:\/\/buechertanz.de\/wp-content\/uploads\/2022\/05\/05-Mai-300x300.jpg 300w, https:\/\/buechertanz.de\/wp-content\/uploads\/2022\/05\/05-Mai-150x150.jpg 150w\" sizes=\"auto, (max-width: 391px) 100vw, 391px\" \/><figcaption><em>Lesemonat Mai: Acht B\u00fccher mit insgesamt 4.018 Seiten.<\/em><\/figcaption><\/figure><\/div>\n\n\n\n<p class=\"has-small-font-size\">Der Monat Mai 2022 startet mit dem wundervollen Buch <strong>&#8222;Die Buchhandlung in der Amalienstra\u00dfe&#8220;<\/strong> von Heidi Rehn. Es ist eine sehr bemerkenswerte Erz\u00e4hlung \u00fcber die sch\u00f6nsten Orte der Welt: Buchhandlungen. Die mitrei\u00dfende Geschichte, die kurz vor Beginn des Ersten Weltkriegs ansetzt, zeigt den Verlauf des Krieges an der Heimatfront \u00e4u\u00dferst eindrucksvoll. Absolut lesenswert.<br>Weiter ging es mit dem Buch <strong><a rel=\"noreferrer noopener\" href=\"https:\/\/buechertanz.de\/?p=3273\" target=\"_blank\">&#8222;Die Hofg\u00e4rtnerin &#8211; Sommerleuchten&#8220;<\/a><\/strong> &#8211; auf diese Fortsetzung mussten die Leser und Leserinnen \u00fcber ein Jahr warten. Und was soll ich sagen? Auf den 700 Seiten kam kein einiges Mal Langeweile auf und ich habe mich bestens unterhalten gef\u00fchlt. Ende 2022 erscheint der dritte, und letzte Teil dieser tollen Reihe.<br>Mit <strong>&#8222;Die Ladys von Somerset &#8211; Die Liebe, der widerspenstige Ambrose und ich&#8220;<\/strong> von Julie Marsh begab ich auf eine sehr unterhaltsame Reise nach England. Julie Marsh erz\u00e4hlt eine Geschichte mit vielen und wunderbaren Zwischent\u00f6nen. Die Auseinandersetzungen, die Reibereien und die Anziehungskraft zwischen den Hauptfiguren zauberten mir immer wieder ein L\u00e4cheln ins Gesicht. Eine sehr lesenswerte Geschichte.<br>Danach folgte ein Buch, welches ich definitiv nie wieder vergessen werde: <strong>&#8222;Eine Frage der Chemie&#8220;<\/strong> von Bonnie Garmus. Wer mich und meinen Blog kennt, der wei\u00df, dass ich eigentlich selten, eigentlich nie ein Buch als &#8222;das Highlight&#8220; bezeichne. Bei diesem Buch muss ich es aber einfach machen. Es ist einfach ein Highlight, eine Glanznummer im Bereich der Unterhaltungsliteratur. Eine unvergessliche Protagonistin, eine Sprache, welche auf den Punkt genau erz\u00e4hlt und eine absolut umwerfende Geschichte, die mich von vorne bis hinten \u00fcberzeugt &#8211; aber auch fassungslos gemacht hat. Unbedingt, aber wirklich unbedingt lesen.<br>Nach diesem Highlight folgte das n\u00e4chste gro\u00dfe Highlight in diesem Monat: <strong>&#8222;F\u00fcr immer und noch ein bisschen l\u00e4nger&#8220;<\/strong> von Barbara Leciejewski. Mit Tr\u00e4nen in den Augen habe ich dieses Buch begonnen und mit Tr\u00e4nen in den Augen habe ich es beendet. Eine so ber\u00fchrende, emotionale und herzerw\u00e4rmende Geschichte, in die ich mich v\u00f6llig fallen lassen konnte. Ein sehr gelungenes Buch.<br>Im Mai 2022 konnte ich endlich die Dilogie <strong>&#8222;Der Glanz der Novemberrosen&#8220;<\/strong> und <strong>&#8222;Die Bl\u00fcte der Novemberrosen&#8220;<\/strong> von Martha Sophie Marcus lesen. Eine sehr \u00fcberzeugende Geschichte und ganz wunderbar erz\u00e4hlte historische Hintergr\u00fcnde. Diese Reihe wird noch lange nachklingen.<br>Den Abschluss diesen wunderbaren Lesemonats bildete das Buch <strong>&#8222;Aufbruch voller Hoffnung &#8211; Eine b\u00f6hmische Familiensaga&#8220;<\/strong> von Gabriele Sonnberger. Dies ist der zweite Teil einer bildgewaltigen und mitrei\u00dfenden Buchreihe.<br><br>In dieser Galerie findet ihr alle B\u00fccher, die ich im Mai 2022 gelesen habe:<\/p>\n\n\n\n<figure class=\"wp-block-gallery has-nested-images columns-default is-cropped wp-block-gallery-1 is-layout-flex wp-block-gallery-is-layout-flex\">\n<figure class=\"wp-block-image size-large is-style-default\"><img loading=\"lazy\" decoding=\"async\" width=\"204\" height=\"326\" data-id=\"3266\" src=\"https:\/\/buechertanz.de\/wp-content\/uploads\/2022\/05\/34-Die-Buchhandlung-in-der-Amalienstrasse.jpg\" alt=\"\" class=\"wp-image-3266\" srcset=\"https:\/\/buechertanz.de\/wp-content\/uploads\/2022\/05\/34-Die-Buchhandlung-in-der-Amalienstrasse.jpg 204w, https:\/\/buechertanz.de\/wp-content\/uploads\/2022\/05\/34-Die-Buchhandlung-in-der-Amalienstrasse-188x300.jpg 188w\" sizes=\"auto, (max-width: 204px) 100vw, 204px\" \/><\/figure>\n\n\n\n<figure class=\"wp-block-image size-large is-style-default\"><a href=\"https:\/\/buechertanz.de\/?p=3273\"><img loading=\"lazy\" decoding=\"async\" width=\"400\" height=\"600\" data-id=\"3268\" src=\"https:\/\/buechertanz.de\/wp-content\/uploads\/2022\/05\/35-Die-Hofgaertnerin-Sommerleuchten.jpg\" alt=\"\" class=\"wp-image-3268\" srcset=\"https:\/\/buechertanz.de\/wp-content\/uploads\/2022\/05\/35-Die-Hofgaertnerin-Sommerleuchten.jpg 400w, https:\/\/buechertanz.de\/wp-content\/uploads\/2022\/05\/35-Die-Hofgaertnerin-Sommerleuchten-200x300.jpg 200w\" sizes=\"auto, (max-width: 400px) 100vw, 400px\" \/><\/a><\/figure>\n\n\n\n<figure class=\"wp-block-image size-large is-style-default\"><img loading=\"lazy\" decoding=\"async\" width=\"353\" height=\"540\" data-id=\"3301\" src=\"https:\/\/buechertanz.de\/wp-content\/uploads\/2022\/05\/36-Die-Ladys-von-Somerset-Die-Liebe-der-widerspenstige-Ambrose-und-ich.jpg\" alt=\"\" class=\"wp-image-3301\" srcset=\"https:\/\/buechertanz.de\/wp-content\/uploads\/2022\/05\/36-Die-Ladys-von-Somerset-Die-Liebe-der-widerspenstige-Ambrose-und-ich.jpg 353w, https:\/\/buechertanz.de\/wp-content\/uploads\/2022\/05\/36-Die-Ladys-von-Somerset-Die-Liebe-der-widerspenstige-Ambrose-und-ich-196x300.jpg 196w\" sizes=\"auto, (max-width: 353px) 100vw, 353px\" \/><\/figure>\n\n\n\n<figure class=\"wp-block-image size-large is-style-default\"><img loading=\"lazy\" decoding=\"async\" width=\"502\" height=\"800\" data-id=\"3303\" src=\"https:\/\/buechertanz.de\/wp-content\/uploads\/2022\/05\/37-Eine-Frage-der-Chemie.jpeg\" alt=\"\" class=\"wp-image-3303\" srcset=\"https:\/\/buechertanz.de\/wp-content\/uploads\/2022\/05\/37-Eine-Frage-der-Chemie.jpeg 502w, https:\/\/buechertanz.de\/wp-content\/uploads\/2022\/05\/37-Eine-Frage-der-Chemie-188x300.jpeg 188w\" sizes=\"auto, (max-width: 502px) 100vw, 502px\" \/><\/figure>\n\n\n\n<figure class=\"wp-block-image size-large is-style-default\"><img loading=\"lazy\" decoding=\"async\" width=\"329\" height=\"500\" data-id=\"3307\" src=\"https:\/\/buechertanz.de\/wp-content\/uploads\/2022\/05\/38-Fuer-immer-und-noch-ein-bisschen-laenger.jpg\" alt=\"\" class=\"wp-image-3307\" srcset=\"https:\/\/buechertanz.de\/wp-content\/uploads\/2022\/05\/38-Fuer-immer-und-noch-ein-bisschen-laenger.jpg 329w, https:\/\/buechertanz.de\/wp-content\/uploads\/2022\/05\/38-Fuer-immer-und-noch-ein-bisschen-laenger-197x300.jpg 197w\" sizes=\"auto, (max-width: 329px) 100vw, 329px\" \/><\/figure>\n\n\n\n<figure class=\"wp-block-image size-large is-style-default\"><img loading=\"lazy\" decoding=\"async\" width=\"334\" height=\"500\" data-id=\"3309\" src=\"https:\/\/buechertanz.de\/wp-content\/uploads\/2022\/05\/39-Der-Glanz-der-Novemberrosen.jpg\" alt=\"\" class=\"wp-image-3309\" srcset=\"https:\/\/buechertanz.de\/wp-content\/uploads\/2022\/05\/39-Der-Glanz-der-Novemberrosen.jpg 334w, https:\/\/buechertanz.de\/wp-content\/uploads\/2022\/05\/39-Der-Glanz-der-Novemberrosen-200x300.jpg 200w\" sizes=\"auto, (max-width: 334px) 100vw, 334px\" \/><\/figure>\n\n\n\n<figure class=\"wp-block-image size-large is-style-default\"><img loading=\"lazy\" decoding=\"async\" width=\"401\" height=\"600\" data-id=\"3313\" src=\"https:\/\/buechertanz.de\/wp-content\/uploads\/2022\/05\/40-Die-Bluete-der-Novemberrosen.jpeg\" alt=\"\" class=\"wp-image-3313\" srcset=\"https:\/\/buechertanz.de\/wp-content\/uploads\/2022\/05\/40-Die-Bluete-der-Novemberrosen.jpeg 401w, https:\/\/buechertanz.de\/wp-content\/uploads\/2022\/05\/40-Die-Bluete-der-Novemberrosen-201x300.jpeg 201w\" sizes=\"auto, (max-width: 401px) 100vw, 401px\" \/><\/figure>\n\n\n\n<figure class=\"wp-block-image size-large is-style-default\"><img loading=\"lazy\" decoding=\"async\" width=\"314\" height=\"500\" data-id=\"3315\" src=\"https:\/\/buechertanz.de\/wp-content\/uploads\/2022\/05\/41-Aufbruch-voller-Sehnsucht.jpg\" alt=\"\" class=\"wp-image-3315\" srcset=\"https:\/\/buechertanz.de\/wp-content\/uploads\/2022\/05\/41-Aufbruch-voller-Sehnsucht.jpg 314w, https:\/\/buechertanz.de\/wp-content\/uploads\/2022\/05\/41-Aufbruch-voller-Sehnsucht-188x300.jpg 188w\" sizes=\"auto, (max-width: 314px) 100vw, 314px\" \/><\/figure>\n<\/figure>\n\n\n\n<p class=\"has-small-font-size\"><br><br>Danke an alle Autorinnen f\u00fcr diese wunderbaren Lese-Momente.<br><br>Liebe Gr\u00fc\u00dfe, Eure Christina<\/p>\n\n\n\n<div class=\"wp-block-image is-style-rounded\"><figure class=\"aligncenter size-full is-resized\"><img loading=\"lazy\" decoding=\"async\" src=\"https:\/\/buechertanz.de\/wp-content\/uploads\/2019\/03\/cropped-Blume-1.png\" alt=\"\" class=\"wp-image-2847\" width=\"142\" height=\"142\" srcset=\"https:\/\/buechertanz.de\/wp-content\/uploads\/2019\/03\/cropped-Blume-1.png 248w, https:\/\/buechertanz.de\/wp-content\/uploads\/2019\/03\/cropped-Blume-1-150x150.png 150w\" sizes=\"auto, (max-width: 142px) 100vw, 142px\" \/><\/figure><\/div>\n\n\n\n<p class=\"has-small-font-size\"><br><\/p>\n","protected":false},"excerpt":{"rendered":"<p>Hier findet ihr die B\u00fccher, die ich im&nbsp;Mai 2022&nbsp;gelesen habe \u2013 insgesamt sind es&nbsp;acht B\u00fccher&nbsp;mit&nbsp;4.018 Seiten. Falls es auf meinem Blog schon eine Rezension gibt, findet ihr diese, wenn ihr auf den Buchtitel oder das Cover in der Galerie klickt. Viel Spa\u00df beim Schm\u00f6kern. Der Monat Mai 2022 startet mit dem wundervollen Buch &#8222;Die Buchhandlung &hellip; <a href=\"https:\/\/buechertanz.de\/?page_id=3320\" class=\"more-link\"><span class=\"screen-reader-text\">Gelesen Mai 2022<\/span> weiterlesen<\/a><\/p>\n","protected":false},"author":2,"featured_media":0,"parent":0,"menu_order":0,"comment_status":"open","ping_status":"closed","template":"","meta":{"footnotes":""},"class_list":["post-3320","page","type-page","status-publish","hentry"],"_links":{"self":[{"href":"https:\/\/buechertanz.de\/index.php?rest_route=\/wp\/v2\/pages\/3320","targetHints":{"allow":["GET"]}}],"collection":[{"href":"https:\/\/buechertanz.de\/index.php?rest_route=\/wp\/v2\/pages"}],"about":[{"href":"https:\/\/buechertanz.de\/index.php?rest_route=\/wp\/v2\/types\/page"}],"author":[{"embeddable":true,"href":"https:\/\/buechertanz.de\/index.php?rest_route=\/wp\/v2\/users\/2"}],"replies":[{"embeddable":true,"href":"https:\/\/buechertanz.de\/index.php?rest_route=%2Fwp%2Fv2%2Fcomments&post=3320"}],"version-history":[{"count":5,"href":"https:\/\/buechertanz.de\/index.php?rest_route=\/wp\/v2\/pages\/3320\/revisions"}],"predecessor-version":[{"id":3335,"href":"https:\/\/buechertanz.de\/index.php?rest_route=\/wp\/v2\/pages\/3320\/revisions\/3335"}],"wp:attachment":[{"href":"https:\/\/buechertanz.de\/index.php?rest_route=%2Fwp%2Fv2%2Fmedia&parent=3320"}],"curies":[{"name":"wp","href":"https:\/\/api.w.org\/{rel}","templated":true}]}}