{"id":3409,"date":"2022-06-30T09:26:34","date_gmt":"2022-06-30T08:26:34","guid":{"rendered":"http:\/\/buechertanz.de\/?page_id=3409"},"modified":"2023-01-04T15:28:01","modified_gmt":"2023-01-04T14:28:01","slug":"neuzugaenge-juni-2022","status":"publish","type":"page","link":"https:\/\/buechertanz.de\/?page_id=3409","title":{"rendered":"Neuzug\u00e4nge Juni 2022"},"content":{"rendered":"\n<p class=\"has-drop-cap has-small-font-size\">Im<strong>\u00a0Juni 2022<\/strong>\u00a0sind insgesamt\u00a0<strong>14  B\u00fccher<\/strong>\u00a0hier eingezogen:<br>Zehn neue B\u00fccher, drei Rezensionsexemplare und ein Buch aus einem \u00d6ffentlichen B\u00fccherschrank.<br>Falls es eine Rezension auf meinem Blog gibt, gelangt ihr mit einem Klick auf den Titel direkt bei der Rezension.<\/p>\n\n\n\n<div class=\"wp-block-media-text alignwide\"><figure class=\"wp-block-media-text__media\"><img loading=\"lazy\" decoding=\"async\" width=\"673\" height=\"673\" src=\"https:\/\/buechertanz.de\/wp-content\/uploads\/2022\/06\/06-Juni-Neue-Buecher.jpg\" alt=\"\" class=\"wp-image-3426 size-full\" srcset=\"https:\/\/buechertanz.de\/wp-content\/uploads\/2022\/06\/06-Juni-Neue-Buecher.jpg 673w, https:\/\/buechertanz.de\/wp-content\/uploads\/2022\/06\/06-Juni-Neue-Buecher-300x300.jpg 300w, https:\/\/buechertanz.de\/wp-content\/uploads\/2022\/06\/06-Juni-Neue-Buecher-150x150.jpg 150w\" sizes=\"auto, (max-width: 673px) 100vw, 673px\" \/><\/figure><div class=\"wp-block-media-text__content\">\n<p class=\"has-drop-cap has-small-font-size\"><strong>Neue B\u00fccher:<\/strong><\/p>\n\n\n\n<p><\/p>\n\n\n\n<ul class=\"has-small-font-size wp-block-list\"><li>Susanne Goga: <em>&#8222;Mord in Babelsberg&#8220;<\/em><\/li><li>Henrike Engel: <em>&#8222;Die Hafen\u00e4rztin &#8211; Ein Leben f\u00fcr die Freiheit der Frauen&#8220;<\/em><\/li><li>Julie Heiland: <em><a rel=\"noreferrer noopener\" href=\"https:\/\/buechertanz.de\/?p=3455\" target=\"_blank\">&#8222;Die Freundinnen vom Strandbad &#8211; Wellen des  Schicksals<\/a><\/em><\/li><li>Carsten Henn: <em>&#8222;Der Geschichtenb\u00e4cker&#8220;<\/em><\/li><li>Sofia Segovia: <em>&#8222;Das Fl\u00fcstern der Bienen&#8220;<\/em><\/li><li>&#8211; Yvonne Winkler: <em>&#8222;\u00c4rztin einer neuen Zeit&#8220;<\/em><\/li><li>Eva Neiss: <em>&#8222;Lotte Lenya und das Lied des Lebens&#8220;<\/em><\/li><li>Katharina Fuchs: <em>&#8222;Lebenssekunden&#8220;<\/em><\/li><li>Helga Glaesener: <em>&#8222;Die stumme T\u00e4nzerin&#8220;<\/em><\/li><li>Deana Zin\u00dfmeister: <em>&#8222;Der Glanz des Feuers&#8220;<\/em><strong><br><\/strong><\/li><\/ul>\n<\/div><\/div>\n\n\n\n<p>_<\/p>\n\n\n\n<div class=\"wp-block-media-text alignwide has-media-on-the-right\"><figure class=\"wp-block-media-text__media\"><img loading=\"lazy\" decoding=\"async\" width=\"727\" height=\"726\" src=\"https:\/\/buechertanz.de\/wp-content\/uploads\/2022\/06\/06-Juni-Rezis.jpg\" alt=\"\" class=\"wp-image-3427 size-full\" srcset=\"https:\/\/buechertanz.de\/wp-content\/uploads\/2022\/06\/06-Juni-Rezis.jpg 727w, https:\/\/buechertanz.de\/wp-content\/uploads\/2022\/06\/06-Juni-Rezis-300x300.jpg 300w, https:\/\/buechertanz.de\/wp-content\/uploads\/2022\/06\/06-Juni-Rezis-150x150.jpg 150w\" sizes=\"auto, (max-width: 727px) 100vw, 727px\" \/><\/figure><div class=\"wp-block-media-text__content\">\n<p class=\"has-drop-cap has-small-font-size\"><strong>Rezensionsexemplare:<\/strong><\/p>\n\n\n\n<p><\/p>\n\n\n\n<ul class=\"has-small-font-size wp-block-list\"><li>Felicitas Fuchs:<br><a rel=\"noreferrer noopener\" href=\"https:\/\/buechertanz.de\/?p=3372\" target=\"_blank\"><em>&#8222;Minna &#8211; Kopf hoch, Schultern zur\u00fcck&#8220;<\/em><\/a><\/li><li>Catharine Aurel:<br><em><a rel=\"noreferrer noopener\" href=\"https:\/\/buechertanz.de\/?p=3380\" target=\"_blank\">&#8222;Bella Donna &#8211; Die Herrin von Mantua&#8220;<\/a><\/em><\/li><li>Cristina Caboni:<br><em><a rel=\"noreferrer noopener\" href=\"https:\/\/buechertanz.de\/?p=3391\" target=\"_blank\">&#8222;Die Gl\u00fccksmalerin&#8220;<\/a><\/em><\/li><\/ul>\n<\/div><\/div>\n\n\n\n<p>_<\/p>\n\n\n\n<div class=\"wp-block-media-text alignwide\"><figure class=\"wp-block-media-text__media\"><img loading=\"lazy\" decoding=\"async\" width=\"1024\" height=\"1011\" src=\"https:\/\/buechertanz.de\/wp-content\/uploads\/2022\/06\/06-Juni-Buecherschraenke-1024x1011.jpg\" alt=\"\" class=\"wp-image-3428 size-full\" srcset=\"https:\/\/buechertanz.de\/wp-content\/uploads\/2022\/06\/06-Juni-Buecherschraenke-1024x1011.jpg 1024w, https:\/\/buechertanz.de\/wp-content\/uploads\/2022\/06\/06-Juni-Buecherschraenke-300x296.jpg 300w, https:\/\/buechertanz.de\/wp-content\/uploads\/2022\/06\/06-Juni-Buecherschraenke-768x758.jpg 768w, https:\/\/buechertanz.de\/wp-content\/uploads\/2022\/06\/06-Juni-Buecherschraenke-1536x1517.jpg 1536w, https:\/\/buechertanz.de\/wp-content\/uploads\/2022\/06\/06-Juni-Buecherschraenke-2048x2022.jpg 2048w\" sizes=\"auto, (max-width: 1024px) 100vw, 1024px\" \/><\/figure><div class=\"wp-block-media-text__content\">\n<p class=\"has-drop-cap has-small-font-size\"><strong>\u00d6ffentlicher<\/strong> <strong>B\u00fccherschrank:<\/strong><\/p>\n\n\n\n<p><\/p>\n\n\n\n<ul class=\"has-small-font-size wp-block-list\"><li> Ingrid Noll:<em> &#8222;Die Apothekerin&#8220;<\/em><\/li><\/ul>\n<\/div><\/div>\n\n\n\n<p>_<\/p>\n\n\n<div class=\"wp-block-image is-style-rounded\">\n<figure class=\"aligncenter size-full is-resized\"><img loading=\"lazy\" decoding=\"async\" src=\"https:\/\/buechertanz.de\/wp-content\/uploads\/2019\/03\/cropped-Blume-1.png\" alt=\"\" class=\"wp-image-2847\" width=\"209\" height=\"209\" srcset=\"https:\/\/buechertanz.de\/wp-content\/uploads\/2019\/03\/cropped-Blume-1.png 248w, https:\/\/buechertanz.de\/wp-content\/uploads\/2019\/03\/cropped-Blume-1-150x150.png 150w\" sizes=\"auto, (max-width: 209px) 100vw, 209px\" \/><\/figure><\/div>\n\n\n<p class=\"has-small-font-size\"><br><\/p>\n","protected":false},"excerpt":{"rendered":"<p>Im\u00a0Juni 2022\u00a0sind insgesamt\u00a014 B\u00fccher\u00a0hier eingezogen:Zehn neue B\u00fccher, drei Rezensionsexemplare und ein Buch aus einem \u00d6ffentlichen B\u00fccherschrank.Falls es eine Rezension auf meinem Blog gibt, gelangt ihr mit einem Klick auf den Titel direkt bei der Rezension. Neue B\u00fccher: Susanne Goga: &#8222;Mord in Babelsberg&#8220; Henrike Engel: &#8222;Die Hafen\u00e4rztin &#8211; Ein Leben f\u00fcr die Freiheit der Frauen&#8220; Julie &hellip; <a href=\"https:\/\/buechertanz.de\/?page_id=3409\" class=\"more-link\"><span class=\"screen-reader-text\">Neuzug\u00e4nge Juni 2022<\/span> weiterlesen<\/a><\/p>\n","protected":false},"author":2,"featured_media":0,"parent":0,"menu_order":0,"comment_status":"open","ping_status":"closed","template":"","meta":{"footnotes":""},"class_list":["post-3409","page","type-page","status-publish","hentry"],"_links":{"self":[{"href":"https:\/\/buechertanz.de\/index.php?rest_route=\/wp\/v2\/pages\/3409","targetHints":{"allow":["GET"]}}],"collection":[{"href":"https:\/\/buechertanz.de\/index.php?rest_route=\/wp\/v2\/pages"}],"about":[{"href":"https:\/\/buechertanz.de\/index.php?rest_route=\/wp\/v2\/types\/page"}],"author":[{"embeddable":true,"href":"https:\/\/buechertanz.de\/index.php?rest_route=\/wp\/v2\/users\/2"}],"replies":[{"embeddable":true,"href":"https:\/\/buechertanz.de\/index.php?rest_route=%2Fwp%2Fv2%2Fcomments&post=3409"}],"version-history":[{"count":6,"href":"https:\/\/buechertanz.de\/index.php?rest_route=\/wp\/v2\/pages\/3409\/revisions"}],"predecessor-version":[{"id":4290,"href":"https:\/\/buechertanz.de\/index.php?rest_route=\/wp\/v2\/pages\/3409\/revisions\/4290"}],"wp:attachment":[{"href":"https:\/\/buechertanz.de\/index.php?rest_route=%2Fwp%2Fv2%2Fmedia&parent=3409"}],"curies":[{"name":"wp","href":"https:\/\/api.w.org\/{rel}","templated":true}]}}