{"id":3410,"date":"2022-06-30T09:26:35","date_gmt":"2022-06-30T08:26:35","guid":{"rendered":"http:\/\/buechertanz.de\/?page_id=3410"},"modified":"2022-06-30T10:24:48","modified_gmt":"2022-06-30T09:24:48","slug":"gelesen-mai-2022-2","status":"publish","type":"page","link":"https:\/\/buechertanz.de\/?page_id=3410","title":{"rendered":"Gelesen Juni 2022"},"content":{"rendered":"\n<p class=\"has-drop-cap has-small-font-size\">Hier findet ihr die B\u00fccher, die ich im\u00a0<strong>Juni 2022<\/strong>\u00a0gelesen habe \u2013 insgesamt sind es\u00a0<strong>elf B\u00fccher<\/strong>\u00a0mit\u00a0<strong>4.111<\/strong> <strong>Seiten<\/strong>. Falls es auf meinem Blog schon eine Rezension gibt, findet ihr diese, wenn ihr auf den Buchtitel oder das Cover in der Galerie klickt. Viel Spa\u00df beim Schm\u00f6kern.<\/p>\n\n\n\n<div class=\"wp-block-image is-style-rounded\"><figure class=\"aligncenter size-full is-resized\"><img loading=\"lazy\" decoding=\"async\" src=\"https:\/\/buechertanz.de\/wp-content\/uploads\/2022\/06\/06-Juni.jpg\" alt=\"\" class=\"wp-image-3422\" width=\"538\" height=\"536\" srcset=\"https:\/\/buechertanz.de\/wp-content\/uploads\/2022\/06\/06-Juni.jpg 644w, https:\/\/buechertanz.de\/wp-content\/uploads\/2022\/06\/06-Juni-300x300.jpg 300w, https:\/\/buechertanz.de\/wp-content\/uploads\/2022\/06\/06-Juni-150x150.jpg 150w\" sizes=\"auto, (max-width: 538px) 100vw, 538px\" \/><figcaption><em>Lesemonat Juni 2022: Elf B\u00fccher mit insgesamt 4.111 Seiten<\/em><\/figcaption><\/figure><\/div>\n\n\n\n<p class=\"has-small-font-size\">Den Lesemonat startete mit dem Buch <strong>&#8222;Wimmerholz&#8220;<\/strong> von Michael Paul &#8211; ein Buch welches mich ab der ersten Seite auf eine emotionale Achterbahnfahrt mitgenommen hat. Das ist Unterhaltung auf h\u00f6chsten Niveau, auch wenn es keine leichte Kost ist.<br>Der Juni stand ganz im Zeichen des Thron- Jubil\u00e4ums der Queen Elizabeth II. &#8211; dementsprechend auch mein Lesemonat:<br>Ich las das wunderbare Buch <strong>&#8222;Die vergessene Prinzessin&#8220; <\/strong>von Eva-Maria Bast, in welches ich v\u00f6llig abtauchen konnte. Die Geschichte hat mich \u00e4u\u00dferst gut unterhalten, allerdings fand ich es extrem schade, dass ein gro\u00dfer Teil des Lebens der Hauptprotagonistin nicht, beziehungsweise nur in ein paar wenigen S\u00e4tzen am Ende des Buches erz\u00e4hlt wird. Gerne h\u00e4tte ich einen Einblick in ihr gesamtes Leben gehabt.<br>Es folgte das Buch <strong>&#8222;Teatime mit Lillibet&#8220;<\/strong> von Wendy Holden, mit welchem ich eine richtig sch\u00f6ne Lesezeit hatte. Einige Szenen waren mir zwar etwas zu langatmig und ich kam auch nicht mit jeder Figur zu Hundert Prozent zurecht. Trotzdem m\u00f6chte ich euch dieses Buch sehr gerne weiter empfehlen.<br>Da ich mich noch nicht vom Englischen K\u00f6nigshaus verabschieden wollte, las ich das Buch <strong>&#8222;Der Prinz an ihrer Seite&#8220; <\/strong>von Fiona Harding. In dieses Buch kam ich zu Beginn etwas schlecht rein, was vielleicht daran lag, dass es im Pr\u00e4sens geschrieben ist. Nach dem ersten Drittel war ich dann aber in der Geschichte angekommen und ich habe wieder so einiges dazu gelernt und ich kann euch das Buch weiter empfehlen.<br>Ich sagte dem Englischen K\u00f6nigshaus erstmal &#8218;Goodbye&#8216; und las als n\u00e4chstes Buch<strong> &#8222;Der Geschichtenb\u00e4cker&#8220;<\/strong> von Carsten Henn. Die Hauptfigur Sofie machte es mir nicht immer leicht, sie zu m\u00f6gen. Doch auch bei diesem Buch sp\u00fcrt die Leidenschaft des Autors, Geschichten zu erz\u00e4hlen, die im Herzen bleiben. Eine ganz klare Leseempfehlung f\u00fcr eine Geschichte, die mich ber\u00fchrt und bewegt hat.<br>Danach ging ich auf Zeitreise in die Vergangenheit meiner Heimat: Der historische Roman <strong>&#8222;Am Galgenbuck&#8220; <\/strong>von Harald Gritzner konnte mich absolut \u00fcberzeugen. Auch wenn mich die vielen Zeitspr\u00fcnge zu Beginn des Buches etwa verwirrten, war es wunderbar zu lesen, wie sich alles zusammenf\u00fcgte und die Handlung sich fortw\u00e4hrend zuspitzte. Top!<br>Tja, und dann folgte ein Buch, welches ich r\u00fcckblickend als ein absolutes Highlight sehe: <strong><a rel=\"noreferrer noopener\" href=\"https:\/\/buechertanz.de\/?p=3372\" target=\"_blank\">&#8222;Minna &#8211; Kopf hoch, Schultern zur\u00fcck&#8220;<\/a> <\/strong>von Felicitas Fuchs. Dieses Buch hat mich mehr als begeistert&#8230; es hat mich umgehauen, mich tief ber\u00fchrt und bewegt. Das solltet ihr unbedingt lesen &#8211; ein grandioser Auftakt.<br>Im Anschluss las ich das Buch <strong><a rel=\"noreferrer noopener\" href=\"https:\/\/buechertanz.de\/?p=3380\" target=\"_blank\">&#8222;Bella Donna &#8211; Die Herrin von Mantua&#8220;<\/a><\/strong> von Catherine Aurel. Ich hatte ja gro\u00dfe Bedenken, ob ich wieder in die Geschichte reinfinde, da ich den ersten Teil vor \u00fcber einem Jahr gelesen habe. Diese Bedenken waren aber absolut unbegr\u00fcndet, da dieses Buch eine eigenst\u00e4ndige Geschichte erz\u00e4hlt und man den ersten Teil auch nicht zwingend gelesen haben muss. Eine sehr spannende Geschichte, in der Fiktion und Tatsachen wunderbar miteinander kombiniert werden. Absolut lesenswert.<br>Das Buch <strong>&#8222;1525 &#8211; Kampf der Freiheit&#8220; <\/strong>stand im Regal und immer wieder blieb mein Blick an diesem Buch h\u00e4ngen. Also musste ich es einfach lesen. V\u00f6llig gefangen sa\u00df ich auf unserem Sofa, las eine Seite nach der anderen und konnte einfach nicht mehr aufh\u00f6ren. Eine Lekt\u00fcre, die sich lohnt.<br>Direkt danach las ich das Buch <strong><a rel=\"noreferrer noopener\" href=\"https:\/\/buechertanz.de\/?p=3391\" target=\"_blank\">&#8222;Die Gl\u00fccksmalerin&#8220;<\/a> <\/strong>von Cristina Caboni. Eine absolut unvergessliche Geschichte, mit der sich die Autorin selbst \u00fcbertroffen hat und die ich noch lange in meinem Herzen tragen werde. <br>Den Lesemonat Juni 2022 schloss ich dann mit dem Literaturklassiker <strong>&#8222;Der Vorleser&#8220; <\/strong>von Bernhard Schlink ab. Ein d\u00fcnnes, aber sehr gehaltvolles Buch, welches mich sehr nachdenklich zur\u00fcckl\u00e4sst.<br><br>In dieser Galerie findet ihr alle B\u00fccher, die ich im Mai 2022 gelesen habe:<\/p>\n\n\n\n<figure class=\"wp-block-gallery has-nested-images columns-default is-cropped wp-block-gallery-1 is-layout-flex wp-block-gallery-is-layout-flex\">\n<figure class=\"wp-block-image size-large\"><img loading=\"lazy\" decoding=\"async\" width=\"178\" height=\"283\" data-id=\"3351\" src=\"https:\/\/buechertanz.de\/wp-content\/uploads\/2022\/06\/42-Wimmerholz.jpeg\" alt=\"\" class=\"wp-image-3351\"\/><\/figure>\n\n\n\n<figure class=\"wp-block-image size-large\"><img loading=\"lazy\" decoding=\"async\" width=\"468\" height=\"706\" data-id=\"3353\" src=\"https:\/\/buechertanz.de\/wp-content\/uploads\/2022\/06\/43-Die-vergessene-Prinzessin.jpg\" alt=\"\" class=\"wp-image-3353\" srcset=\"https:\/\/buechertanz.de\/wp-content\/uploads\/2022\/06\/43-Die-vergessene-Prinzessin.jpg 468w, https:\/\/buechertanz.de\/wp-content\/uploads\/2022\/06\/43-Die-vergessene-Prinzessin-199x300.jpg 199w\" sizes=\"auto, (max-width: 468px) 100vw, 468px\" \/><\/figure>\n\n\n\n<figure class=\"wp-block-image size-large\"><img loading=\"lazy\" decoding=\"async\" width=\"975\" height=\"1600\" data-id=\"3360\" src=\"https:\/\/buechertanz.de\/wp-content\/uploads\/2022\/06\/44-Teatime-mit-Lilibet.jpg\" alt=\"\" class=\"wp-image-3360\" srcset=\"https:\/\/buechertanz.de\/wp-content\/uploads\/2022\/06\/44-Teatime-mit-Lilibet.jpg 975w, https:\/\/buechertanz.de\/wp-content\/uploads\/2022\/06\/44-Teatime-mit-Lilibet-183x300.jpg 183w, https:\/\/buechertanz.de\/wp-content\/uploads\/2022\/06\/44-Teatime-mit-Lilibet-624x1024.jpg 624w, https:\/\/buechertanz.de\/wp-content\/uploads\/2022\/06\/44-Teatime-mit-Lilibet-768x1260.jpg 768w, https:\/\/buechertanz.de\/wp-content\/uploads\/2022\/06\/44-Teatime-mit-Lilibet-936x1536.jpg 936w\" sizes=\"auto, (max-width: 975px) 100vw, 975px\" \/><\/figure>\n\n\n\n<figure class=\"wp-block-image size-large\"><img loading=\"lazy\" decoding=\"async\" width=\"328\" height=\"500\" data-id=\"3362\" src=\"https:\/\/buechertanz.de\/wp-content\/uploads\/2022\/06\/45-Der-Prinz-an-ihrer-Seite.jpg\" alt=\"\" class=\"wp-image-3362\" srcset=\"https:\/\/buechertanz.de\/wp-content\/uploads\/2022\/06\/45-Der-Prinz-an-ihrer-Seite.jpg 328w, https:\/\/buechertanz.de\/wp-content\/uploads\/2022\/06\/45-Der-Prinz-an-ihrer-Seite-197x300.jpg 197w\" sizes=\"auto, (max-width: 328px) 100vw, 328px\" \/><\/figure>\n\n\n\n<figure class=\"wp-block-image size-large\"><img loading=\"lazy\" decoding=\"async\" width=\"175\" height=\"289\" data-id=\"3367\" src=\"https:\/\/buechertanz.de\/wp-content\/uploads\/2022\/06\/46-Der-Geschichtenbaecker.jpeg\" alt=\"\" class=\"wp-image-3367\"\/><\/figure>\n\n\n\n<figure class=\"wp-block-image size-large\"><img loading=\"lazy\" decoding=\"async\" width=\"363\" height=\"593\" data-id=\"3369\" src=\"https:\/\/buechertanz.de\/wp-content\/uploads\/2022\/06\/47-Am-Galgenbuck.jpg\" alt=\"\" class=\"wp-image-3369\" srcset=\"https:\/\/buechertanz.de\/wp-content\/uploads\/2022\/06\/47-Am-Galgenbuck.jpg 363w, https:\/\/buechertanz.de\/wp-content\/uploads\/2022\/06\/47-Am-Galgenbuck-184x300.jpg 184w\" sizes=\"auto, (max-width: 363px) 100vw, 363px\" \/><\/figure>\n\n\n\n<figure class=\"wp-block-image size-large\"><a href=\"https:\/\/buechertanz.de\/?p=3372\" target=\"_blank\" rel=\"noopener\"><img loading=\"lazy\" decoding=\"async\" width=\"1606\" height=\"2433\" data-id=\"3370\" src=\"https:\/\/buechertanz.de\/wp-content\/uploads\/2022\/06\/48-Minna-Kopf-hoch-Schultern-zurueck.jpg\" alt=\"\" class=\"wp-image-3370\" srcset=\"https:\/\/buechertanz.de\/wp-content\/uploads\/2022\/06\/48-Minna-Kopf-hoch-Schultern-zurueck.jpg 1606w, https:\/\/buechertanz.de\/wp-content\/uploads\/2022\/06\/48-Minna-Kopf-hoch-Schultern-zurueck-198x300.jpg 198w, https:\/\/buechertanz.de\/wp-content\/uploads\/2022\/06\/48-Minna-Kopf-hoch-Schultern-zurueck-676x1024.jpg 676w, https:\/\/buechertanz.de\/wp-content\/uploads\/2022\/06\/48-Minna-Kopf-hoch-Schultern-zurueck-768x1163.jpg 768w, https:\/\/buechertanz.de\/wp-content\/uploads\/2022\/06\/48-Minna-Kopf-hoch-Schultern-zurueck-1014x1536.jpg 1014w, https:\/\/buechertanz.de\/wp-content\/uploads\/2022\/06\/48-Minna-Kopf-hoch-Schultern-zurueck-1352x2048.jpg 1352w\" sizes=\"auto, (max-width: 1606px) 100vw, 1606px\" \/><\/a><\/figure>\n\n\n\n<figure class=\"wp-block-image size-large\"><a href=\"https:\/\/buechertanz.de\/?p=3380\" target=\"_blank\" rel=\"noopener\"><img loading=\"lazy\" decoding=\"async\" width=\"328\" height=\"500\" data-id=\"3381\" src=\"https:\/\/buechertanz.de\/wp-content\/uploads\/2022\/06\/49-Bella-Donna-Die-Herrin-von-Mantua.jpg\" alt=\"\" class=\"wp-image-3381\" srcset=\"https:\/\/buechertanz.de\/wp-content\/uploads\/2022\/06\/49-Bella-Donna-Die-Herrin-von-Mantua.jpg 328w, https:\/\/buechertanz.de\/wp-content\/uploads\/2022\/06\/49-Bella-Donna-Die-Herrin-von-Mantua-197x300.jpg 197w\" sizes=\"auto, (max-width: 328px) 100vw, 328px\" \/><\/a><\/figure>\n\n\n\n<figure class=\"wp-block-image size-large\"><a href=\"https:\/\/buechertanz.de\/?p=3391\" target=\"_blank\" rel=\"noopener\"><img loading=\"lazy\" decoding=\"async\" width=\"400\" height=\"600\" data-id=\"3393\" src=\"https:\/\/buechertanz.de\/wp-content\/uploads\/2022\/06\/51-Die-Gluecksmalerin.jpg\" alt=\"\" class=\"wp-image-3393\" srcset=\"https:\/\/buechertanz.de\/wp-content\/uploads\/2022\/06\/51-Die-Gluecksmalerin.jpg 400w, https:\/\/buechertanz.de\/wp-content\/uploads\/2022\/06\/51-Die-Gluecksmalerin-200x300.jpg 200w\" sizes=\"auto, (max-width: 400px) 100vw, 400px\" \/><\/a><\/figure>\n\n\n\n<figure class=\"wp-block-image size-large\"><img loading=\"lazy\" decoding=\"async\" width=\"322\" height=\"499\" data-id=\"3403\" src=\"https:\/\/buechertanz.de\/wp-content\/uploads\/2022\/06\/50-1525-Kampf-der-Freiheit.jpg\" alt=\"\" class=\"wp-image-3403\" srcset=\"https:\/\/buechertanz.de\/wp-content\/uploads\/2022\/06\/50-1525-Kampf-der-Freiheit.jpg 322w, https:\/\/buechertanz.de\/wp-content\/uploads\/2022\/06\/50-1525-Kampf-der-Freiheit-194x300.jpg 194w\" sizes=\"auto, (max-width: 322px) 100vw, 322px\" \/><\/figure>\n\n\n\n<figure class=\"wp-block-image size-large\"><img loading=\"lazy\" decoding=\"async\" width=\"314\" height=\"499\" data-id=\"3406\" src=\"https:\/\/buechertanz.de\/wp-content\/uploads\/2022\/06\/52-Der-Vorleser.jpg\" alt=\"\" class=\"wp-image-3406\" srcset=\"https:\/\/buechertanz.de\/wp-content\/uploads\/2022\/06\/52-Der-Vorleser.jpg 314w, https:\/\/buechertanz.de\/wp-content\/uploads\/2022\/06\/52-Der-Vorleser-189x300.jpg 189w\" sizes=\"auto, (max-width: 314px) 100vw, 314px\" \/><\/figure>\n<\/figure>\n\n\n\n<p class=\"has-small-font-size\">Danke an alle Autorinnen und Autoren f\u00fcr die wundersch\u00f6nen Lese-Stunden.<\/p>\n\n\n\n<p class=\"has-small-font-size\">Liebe Gr\u00fc\u00dfe,<\/p>\n\n\n\n<figure class=\"wp-block-image size-large is-resized\"><img loading=\"lazy\" decoding=\"async\" src=\"https:\/\/buechertanz.de\/wp-content\/uploads\/2022\/06\/Unterschrift-1024x404.jpg\" alt=\"\" class=\"wp-image-3355\" width=\"160\" height=\"63\" srcset=\"https:\/\/buechertanz.de\/wp-content\/uploads\/2022\/06\/Unterschrift-1024x404.jpg 1024w, https:\/\/buechertanz.de\/wp-content\/uploads\/2022\/06\/Unterschrift-300x118.jpg 300w, https:\/\/buechertanz.de\/wp-content\/uploads\/2022\/06\/Unterschrift-768x303.jpg 768w, https:\/\/buechertanz.de\/wp-content\/uploads\/2022\/06\/Unterschrift.jpg 1500w\" sizes=\"auto, (max-width: 160px) 100vw, 160px\" \/><\/figure>\n\n\n\n<div class=\"wp-block-image is-style-rounded\"><figure class=\"aligncenter size-full is-resized\"><img loading=\"lazy\" decoding=\"async\" src=\"https:\/\/buechertanz.de\/wp-content\/uploads\/2019\/03\/cropped-Blume-1.png\" alt=\"\" class=\"wp-image-2847\" width=\"133\" height=\"133\" srcset=\"https:\/\/buechertanz.de\/wp-content\/uploads\/2019\/03\/cropped-Blume-1.png 248w, https:\/\/buechertanz.de\/wp-content\/uploads\/2019\/03\/cropped-Blume-1-150x150.png 150w\" sizes=\"auto, (max-width: 133px) 100vw, 133px\" \/><\/figure><\/div>\n","protected":false},"excerpt":{"rendered":"<p>Hier findet ihr die B\u00fccher, die ich im\u00a0Juni 2022\u00a0gelesen habe \u2013 insgesamt sind es\u00a0elf B\u00fccher\u00a0mit\u00a04.111 Seiten. Falls es auf meinem Blog schon eine Rezension gibt, findet ihr diese, wenn ihr auf den Buchtitel oder das Cover in der Galerie klickt. Viel Spa\u00df beim Schm\u00f6kern. Den Lesemonat startete mit dem Buch &#8222;Wimmerholz&#8220; von Michael Paul &#8211; &hellip; <a href=\"https:\/\/buechertanz.de\/?page_id=3410\" class=\"more-link\"><span class=\"screen-reader-text\">Gelesen Juni 2022<\/span> weiterlesen<\/a><\/p>\n","protected":false},"author":2,"featured_media":0,"parent":0,"menu_order":0,"comment_status":"open","ping_status":"closed","template":"","meta":{"footnotes":""},"class_list":["post-3410","page","type-page","status-publish","hentry"],"_links":{"self":[{"href":"https:\/\/buechertanz.de\/index.php?rest_route=\/wp\/v2\/pages\/3410","targetHints":{"allow":["GET"]}}],"collection":[{"href":"https:\/\/buechertanz.de\/index.php?rest_route=\/wp\/v2\/pages"}],"about":[{"href":"https:\/\/buechertanz.de\/index.php?rest_route=\/wp\/v2\/types\/page"}],"author":[{"embeddable":true,"href":"https:\/\/buechertanz.de\/index.php?rest_route=\/wp\/v2\/users\/2"}],"replies":[{"embeddable":true,"href":"https:\/\/buechertanz.de\/index.php?rest_route=%2Fwp%2Fv2%2Fcomments&post=3410"}],"version-history":[{"count":3,"href":"https:\/\/buechertanz.de\/index.php?rest_route=\/wp\/v2\/pages\/3410\/revisions"}],"predecessor-version":[{"id":3424,"href":"https:\/\/buechertanz.de\/index.php?rest_route=\/wp\/v2\/pages\/3410\/revisions\/3424"}],"wp:attachment":[{"href":"https:\/\/buechertanz.de\/index.php?rest_route=%2Fwp%2Fv2%2Fmedia&parent=3410"}],"curies":[{"name":"wp","href":"https:\/\/api.w.org\/{rel}","templated":true}]}}