{"id":3548,"date":"2022-07-31T14:36:12","date_gmt":"2022-07-31T13:36:12","guid":{"rendered":"http:\/\/buechertanz.de\/?page_id=3548"},"modified":"2023-01-04T15:32:40","modified_gmt":"2023-01-04T14:32:40","slug":"neuzugaenge-juli-2022","status":"publish","type":"page","link":"https:\/\/buechertanz.de\/?page_id=3548","title":{"rendered":"Neuzug\u00e4nge Juli 2022"},"content":{"rendered":"\n<p class=\"has-drop-cap has-small-font-size\">Im<strong>\u00a0Juli 2022<\/strong>\u00a0sind insgesamt\u00a0<strong>21 B\u00fccher<\/strong>\u00a0hier eingezogen:<br>Neun neue B\u00fccher, sieben Rezensionsexemplare, zwei Gewinne\/ Geschenke und drei B\u00fccher aus einem \u00d6ffentlichen B\u00fccherschrank.<br>Falls es eine Rezension auf meinem Blog gibt, gelangt ihr mit einem Klick auf den Titel direkt bei der Rezension.<\/p>\n\n\n\n<div class=\"wp-block-media-text alignwide\"><figure class=\"wp-block-media-text__media\"><img loading=\"lazy\" decoding=\"async\" width=\"664\" height=\"663\" src=\"https:\/\/buechertanz.de\/wp-content\/uploads\/2022\/07\/07-Juli-Neue-Buecher.jpg\" alt=\"\" class=\"wp-image-3575 size-full\" srcset=\"https:\/\/buechertanz.de\/wp-content\/uploads\/2022\/07\/07-Juli-Neue-Buecher.jpg 664w, https:\/\/buechertanz.de\/wp-content\/uploads\/2022\/07\/07-Juli-Neue-Buecher-300x300.jpg 300w, https:\/\/buechertanz.de\/wp-content\/uploads\/2022\/07\/07-Juli-Neue-Buecher-150x150.jpg 150w\" sizes=\"auto, (max-width: 664px) 100vw, 664px\" \/><\/figure><div class=\"wp-block-media-text__content\">\n<p class=\"has-drop-cap has-small-font-size\"><strong>Neue B\u00fccher:<\/strong><\/p>\n\n\n\n<p><\/p>\n\n\n\n<ul class=\"has-small-font-size wp-block-list\"><li>Susanne Goga: <em>&#8222;Es geschah in Sch\u00f6neberg&#8220;<\/em><\/li><li>Clara Langenbach: <em>&#8222;Die Senfbl\u00fcten-Saga: Hoffnung im Herzen&#8220;<\/em><\/li><li>Linda Winterberg: <em>&#8222;Der Winzerhof &#8211; Tage des perlenden Gl\u00fccks&#8220;<\/em><\/li><li>Stefanie H. Martin: <em>&#8222;Die Liebenden von Bloomsbury &#8211; Virginia und die neue Zeit&#8220;<\/em><\/li><li>Miriam Georg: <em>&#8222;Das Tor zur Welt &#8211; Tr\u00e4ume&#8220;<\/em><\/li><li>Julia Freidank: <em>&#8222;Das Brauhaus an der Isar &#8211; Sturm der Zeit&#8220;<\/em><\/li><li>Elaine Winter: <em>&#8222;Modehaus Haynbach &#8211; Momente des Gl\u00fccks&#8220;<\/em><\/li><li>Natalie Jenner: <em>&#8222;Teatime im Jane-Austen-Club&#8220;<\/em><\/li><li> Eva Gr\u00fcbl:<em> &#8222;Botschafterin des Friedens&#8220;<br><\/em><\/li><\/ul>\n<\/div><\/div>\n\n\n\n<p>_<\/p>\n\n\n\n<div class=\"wp-block-media-text alignwide has-media-on-the-right\"><figure class=\"wp-block-media-text__media\"><img loading=\"lazy\" decoding=\"async\" width=\"714\" height=\"721\" src=\"https:\/\/buechertanz.de\/wp-content\/uploads\/2022\/07\/07-Juli-Rezis.jpg\" alt=\"\" class=\"wp-image-3576 size-full\" srcset=\"https:\/\/buechertanz.de\/wp-content\/uploads\/2022\/07\/07-Juli-Rezis.jpg 714w, https:\/\/buechertanz.de\/wp-content\/uploads\/2022\/07\/07-Juli-Rezis-297x300.jpg 297w, https:\/\/buechertanz.de\/wp-content\/uploads\/2022\/07\/07-Juli-Rezis-150x150.jpg 150w\" sizes=\"auto, (max-width: 714px) 100vw, 714px\" \/><\/figure><div class=\"wp-block-media-text__content\">\n<p class=\"has-drop-cap has-small-font-size\"><strong>Rezensionsexemplare:<\/strong><\/p>\n\n\n\n<p><\/p>\n\n\n\n<ul class=\"has-small-font-size wp-block-list\"><li>Harald Gritzner: <a rel=\"noreferrer noopener\" href=\"https:\/\/buechertanz.de\/?p=3469\" target=\"_blank\"><em>&#8222;Geheimnis um die wei\u00dfe Frau von Neuenfels&#8220;<\/em><\/a><\/li><li>Kristina Herzog: <a rel=\"noreferrer noopener\" href=\"https:\/\/buechertanz.de\/?p=3514\" target=\"_blank\"><em>&#8222;Was die Hoffnung bringt &#8211; Die Sternberg-Saga&#8220;<\/em><\/a><\/li><li>Romina Angeli: <a rel=\"noreferrer noopener\" href=\"https:\/\/buechertanz.de\/?p=3498\" target=\"_blank\"><em>&#8222;Wer zweimal stirbt, ist trotzdem tot&#8220;<\/em><\/a><\/li><li>Marie Adams: <em><a rel=\"noreferrer noopener\" href=\"https:\/\/buechertanz.de\/?p=3509\" target=\"_blank\">&#8222;Das Haus der Hebammen &#8211; Susannes Sehnsucht&#8220;<\/a> und  <a rel=\"noreferrer noopener\" href=\"https:\/\/buechertanz.de\/?p=3523\" target=\"_blank\">&#8222;Das Haus der Hebammen &#8211; Carolas Chance&#8220;<\/a><\/em><\/li><li>Lilly Bernstein: <em><a rel=\"noreferrer noopener\" href=\"https:\/\/buechertanz.de\/?p=3586\" target=\"_blank\">&#8222;Findelm\u00e4dchen &#8211; Aufbruch ins Gl\u00fcck&#8220;<\/a><\/em><\/li><li>Lilli Beck:<a rel=\"noreferrer noopener\" href=\"https:\/\/buechertanz.de\/?p=3542\" target=\"_blank\"><em> &#8222;Die Schwestern vom See&#8220;<\/em><\/a><\/li><\/ul>\n<\/div><\/div>\n\n\n\n<p>_<\/p>\n\n\n\n<div class=\"wp-block-media-text alignwide\"><figure class=\"wp-block-media-text__media\"><img loading=\"lazy\" decoding=\"async\" width=\"728\" height=\"725\" src=\"https:\/\/buechertanz.de\/wp-content\/uploads\/2022\/07\/07-Juli-Geschenke.jpg\" alt=\"\" class=\"wp-image-3577 size-full\" srcset=\"https:\/\/buechertanz.de\/wp-content\/uploads\/2022\/07\/07-Juli-Geschenke.jpg 728w, https:\/\/buechertanz.de\/wp-content\/uploads\/2022\/07\/07-Juli-Geschenke-300x300.jpg 300w, https:\/\/buechertanz.de\/wp-content\/uploads\/2022\/07\/07-Juli-Geschenke-150x150.jpg 150w\" sizes=\"auto, (max-width: 728px) 100vw, 728px\" \/><\/figure><div class=\"wp-block-media-text__content\">\n<p class=\"has-drop-cap has-small-font-size\"><strong>Gewinne\/ Geschenke:<\/strong><\/p>\n\n\n\n<p><\/p>\n\n\n\n<ul class=\"has-small-font-size wp-block-list\"><li>Pauline Lambert:<em> &#8222;Das Haus der D\u00fcfte&#8220;<\/em><\/li><li>Harald Gritzner:<em> &#8222;Der Hirschsprung im H\u00f6llental&#8220;<\/em><\/li><\/ul>\n<\/div><\/div>\n\n\n\n<p>_<\/p>\n\n\n\n<div class=\"wp-block-media-text alignwide has-media-on-the-right\"><figure class=\"wp-block-media-text__media\"><img loading=\"lazy\" decoding=\"async\" width=\"705\" height=\"704\" src=\"https:\/\/buechertanz.de\/wp-content\/uploads\/2022\/07\/07-Juli-Buecherschraenke.jpg\" alt=\"\" class=\"wp-image-3578 size-full\" srcset=\"https:\/\/buechertanz.de\/wp-content\/uploads\/2022\/07\/07-Juli-Buecherschraenke.jpg 705w, https:\/\/buechertanz.de\/wp-content\/uploads\/2022\/07\/07-Juli-Buecherschraenke-300x300.jpg 300w, https:\/\/buechertanz.de\/wp-content\/uploads\/2022\/07\/07-Juli-Buecherschraenke-150x150.jpg 150w\" sizes=\"auto, (max-width: 705px) 100vw, 705px\" \/><\/figure><div class=\"wp-block-media-text__content\">\n<p class=\"has-drop-cap has-small-font-size\"><strong>B\u00fccher aus \u00d6ffentlichen B\u00fccherschrank:<\/strong><\/p>\n\n\n\n<p><\/p>\n\n\n\n<ul class=\"has-small-font-size wp-block-list\"><li><em>Schwedische Volksm\u00e4rchen<\/em><\/li><li><em>Englische Volksm\u00e4rchen<\/em><\/li><li>Tilman R\u00f6hrig: <em>&#8222;Solang es Unrecht gibt&#8220;<\/em><\/li><\/ul>\n<\/div><\/div>\n\n\n\n<p>_<\/p>\n\n\n<div class=\"wp-block-image is-style-rounded\">\n<figure class=\"aligncenter size-full is-resized\"><img loading=\"lazy\" decoding=\"async\" src=\"https:\/\/buechertanz.de\/wp-content\/uploads\/2019\/03\/cropped-Blume-1.png\" alt=\"\" class=\"wp-image-2847\" width=\"121\" height=\"121\" srcset=\"https:\/\/buechertanz.de\/wp-content\/uploads\/2019\/03\/cropped-Blume-1.png 248w, https:\/\/buechertanz.de\/wp-content\/uploads\/2019\/03\/cropped-Blume-1-150x150.png 150w\" sizes=\"auto, (max-width: 121px) 100vw, 121px\" \/><\/figure><\/div>","protected":false},"excerpt":{"rendered":"<p>Im\u00a0Juli 2022\u00a0sind insgesamt\u00a021 B\u00fccher\u00a0hier eingezogen:Neun neue B\u00fccher, sieben Rezensionsexemplare, zwei Gewinne\/ Geschenke und drei B\u00fccher aus einem \u00d6ffentlichen B\u00fccherschrank.Falls es eine Rezension auf meinem Blog gibt, gelangt ihr mit einem Klick auf den Titel direkt bei der Rezension. Neue B\u00fccher: Susanne Goga: &#8222;Es geschah in Sch\u00f6neberg&#8220; Clara Langenbach: &#8222;Die Senfbl\u00fcten-Saga: Hoffnung im Herzen&#8220; Linda Winterberg: &hellip; <a href=\"https:\/\/buechertanz.de\/?page_id=3548\" class=\"more-link\"><span class=\"screen-reader-text\">Neuzug\u00e4nge Juli 2022<\/span> weiterlesen<\/a><\/p>\n","protected":false},"author":2,"featured_media":0,"parent":0,"menu_order":0,"comment_status":"open","ping_status":"closed","template":"","meta":{"footnotes":""},"class_list":["post-3548","page","type-page","status-publish","hentry"],"_links":{"self":[{"href":"https:\/\/buechertanz.de\/index.php?rest_route=\/wp\/v2\/pages\/3548","targetHints":{"allow":["GET"]}}],"collection":[{"href":"https:\/\/buechertanz.de\/index.php?rest_route=\/wp\/v2\/pages"}],"about":[{"href":"https:\/\/buechertanz.de\/index.php?rest_route=\/wp\/v2\/types\/page"}],"author":[{"embeddable":true,"href":"https:\/\/buechertanz.de\/index.php?rest_route=\/wp\/v2\/users\/2"}],"replies":[{"embeddable":true,"href":"https:\/\/buechertanz.de\/index.php?rest_route=%2Fwp%2Fv2%2Fcomments&post=3548"}],"version-history":[{"count":7,"href":"https:\/\/buechertanz.de\/index.php?rest_route=\/wp\/v2\/pages\/3548\/revisions"}],"predecessor-version":[{"id":4292,"href":"https:\/\/buechertanz.de\/index.php?rest_route=\/wp\/v2\/pages\/3548\/revisions\/4292"}],"wp:attachment":[{"href":"https:\/\/buechertanz.de\/index.php?rest_route=%2Fwp%2Fv2%2Fmedia&parent=3548"}],"curies":[{"name":"wp","href":"https:\/\/api.w.org\/{rel}","templated":true}]}}