{"id":3549,"date":"2022-07-31T14:36:13","date_gmt":"2022-07-31T13:36:13","guid":{"rendered":"http:\/\/buechertanz.de\/?page_id=3549"},"modified":"2022-07-31T15:40:47","modified_gmt":"2022-07-31T14:40:47","slug":"gelesen-juli-2022","status":"publish","type":"page","link":"https:\/\/buechertanz.de\/?page_id=3549","title":{"rendered":"Gelesen Juli 2022"},"content":{"rendered":"\n<p class=\"has-drop-cap has-small-font-size\">Hier findet ihr die B\u00fccher, die ich im&nbsp;<strong>Juli 2022<\/strong>&nbsp;gelesen habe \u2013 insgesamt sind es&nbsp;<strong>neun B\u00fccher<\/strong>&nbsp;mit&nbsp;<strong>3.320<\/strong>&nbsp;<strong>Seiten<\/strong>. Falls es auf meinem Blog schon eine Rezension gibt, findet ihr diese, wenn ihr auf den Buchtitel oder das Cover in der Galerie klickt. Viel Spa\u00df beim Schm\u00f6kern.<\/p>\n\n\n\n<div class=\"wp-block-image is-style-rounded\"><figure class=\"aligncenter size-full is-resized\"><img loading=\"lazy\" decoding=\"async\" src=\"https:\/\/buechertanz.de\/wp-content\/uploads\/2022\/07\/07-Juli_1.jpg\" alt=\"\" class=\"wp-image-3567\" width=\"398\" height=\"397\" srcset=\"https:\/\/buechertanz.de\/wp-content\/uploads\/2022\/07\/07-Juli_1.jpg 684w, https:\/\/buechertanz.de\/wp-content\/uploads\/2022\/07\/07-Juli_1-300x300.jpg 300w, https:\/\/buechertanz.de\/wp-content\/uploads\/2022\/07\/07-Juli_1-150x150.jpg 150w\" sizes=\"auto, (max-width: 398px) 100vw, 398px\" \/><figcaption><em>Lesemonat Juli 2022: Neun B\u00fccher und insgesamt 3.320 Seiten<\/em><\/figcaption><\/figure><\/div>\n\n\n\n<p class=\"has-small-font-size\">Den Lesemonat Juli 2022 startete ich mit einem Buch, welches ich mir im Mai 2022 gekauft habe: <strong>&#8222;Die Sammlerin der verlorenen W\u00f6rter&#8220;<\/strong> von Pip Williams. Diese ruhige und sehr unaufgeregte Geschichte zog mich nicht sofort in den Bann, konnte mich aber doch noch gut unterhalten. Ein Lieblingsbuch wird es aber definitiv nicht werden. <br>Es folgte das Buch <strong><a rel=\"noreferrer noopener\" href=\"https:\/\/buechertanz.de\/?p=3455\" target=\"_blank\">&#8222;Die Freundinnen vom Strandbad &#8211; Wellen des Schicksals&#8220;<\/a><\/strong> von Julie Heiland, welches ich immer wieder gerne in die H\u00e4nde nahm und dessen rasante Handlung mich v\u00f6llig gefangen nahm. Ich freue mich auf den zweiten Teil dieser wunderbaren Reihe, welcher bereits am 28. Juli erschienen ist, aber leider noch nicht hier eingezogen ist.<br>Mit meinen zwei T\u00f6chtern zusammen las ich das Buch<strong> &#8222;Der Hirschsprung im H\u00f6llental&#8220; <\/strong>von Harald Gritzner und wir waren von diesem wundervollen M\u00e4rchen total begeistert. Und weil es gerade so gut passte, las ich <strong><a rel=\"noreferrer noopener\" href=\"https:\/\/buechertanz.de\/?p=3469\" target=\"_blank\">&#8222;Geheimnis um die wei\u00dfe Frau von Neuenfels&#8220;<\/a><\/strong> &#8211; auch von Harald Gritzner. Das Buch besteht aus 128 Seiten, die ich am liebsten am St\u00fcck weggelesen h\u00e4tte. Von der ersten Seite zog mich diese Geschichte komplett in ihren Bann und sie entwickelte einen so enormen Sog, der mich nicht mehr losgelassen hat.<br>Mit <a rel=\"noreferrer noopener\" href=\"https:\/\/buechertanz.de\/?p=3514\" target=\"_blank\"><strong>&#8222;Was die Hoffnung bringt &#8211; Die Sternberg-Saga&#8220;<\/strong> <\/a> von Kristina Herzog folgte mein Monats-Highlight. Eine grandiose Fortsetzung, welche mir eine G\u00e4nsehaut nach der anderen beschert hat und ich euch auf jeden Fall sehr empfehlen m\u00f6chte. <br>Danach ging es mit der einzigartigen Walli auf Verbrecherjagd: <strong><a rel=\"noreferrer noopener\" href=\"https:\/\/buechertanz.de\/?p=3498\" target=\"_blank\">&#8222;Wer zweimal stirbt, ist trotzdem tot&#8220;<\/a><\/strong> von Romina Angeli. Einfach wunderbar, wie in dieser Krimireihe Spannung und Humor miteinander verbunden werden und die Handlung mit einzigartigen Figuren garniert wird.<br>Es folgten die zwei ersten B\u00e4nde einer Trilogie: <strong><a rel=\"noreferrer noopener\" href=\"https:\/\/buechertanz.de\/?p=3509\" target=\"_blank\">&#8222;Das Haus der Hebammen &#8211; Susannes Sehnsucht&#8220;<\/a><\/strong> und <strong><a rel=\"noreferrer noopener\" href=\"https:\/\/buechertanz.de\/?p=3523\" target=\"_blank\">&#8222;Das Haus der Hebammen &#8211; Carolas Chance&#8220;<\/a><\/strong> von Marie Adams. Was bin ich gl\u00fccklich, dass mich die Autorin selbst auf ihre Buchreihe aufmerksam gemacht hat &#8211; da w\u00e4re mir sonst ein wunderbares Lesevergn\u00fcgen entgangen. Ich konnte in beide Teile der Reihe komplett versinken und freue mich schon so sehr auf den dritten Teil und bin so gespannt, wie es weitergeht.<br><strong><a rel=\"noreferrer noopener\" href=\"https:\/\/buechertanz.de\/?p=3542\" target=\"_blank\">&#8222;Die Schwestern vom See&#8220;<\/a><\/strong> von Lilli Beck bildeten den Abschluss des sehr spannenden Lesemonats. Dieses Buch ist ein wunderbarer Auftakt einer vielversprechenden Reihe: Vor traumhafter Seekulisse erz\u00e4hlt Lilli Beck eine mitrei\u00dfende und ber\u00fchrende Geschichte, die mich mit mit ihren bezaubernden Charakteren absolut begeistern konnte und keine W\u00fcnsche offen gelassen hat.\u00a0<br><br>In dieser Galerie findet ihr alle B\u00fccher, welche ich im Juli 2022 gelesen habe:<\/p>\n\n\n\n<figure class=\"wp-block-gallery has-nested-images columns-default is-cropped wp-block-gallery-1 is-layout-flex wp-block-gallery-is-layout-flex\">\n<figure class=\"wp-block-image size-large\"><img loading=\"lazy\" decoding=\"async\" width=\"313\" height=\"500\" data-id=\"3448\" src=\"https:\/\/buechertanz.de\/wp-content\/uploads\/2022\/07\/53-Die-Sammlerin-der-verlorenen-Woerter.jpg\" alt=\"\" class=\"wp-image-3448\" srcset=\"https:\/\/buechertanz.de\/wp-content\/uploads\/2022\/07\/53-Die-Sammlerin-der-verlorenen-Woerter.jpg 313w, https:\/\/buechertanz.de\/wp-content\/uploads\/2022\/07\/53-Die-Sammlerin-der-verlorenen-Woerter-188x300.jpg 188w\" sizes=\"auto, (max-width: 313px) 100vw, 313px\" \/><\/figure>\n\n\n\n<figure class=\"wp-block-image size-large\"><a href=\"https:\/\/buechertanz.de\/?p=3455\" target=\"_blank\" rel=\"noopener\"><img loading=\"lazy\" decoding=\"async\" width=\"171\" height=\"266\" data-id=\"3451\" src=\"https:\/\/buechertanz.de\/wp-content\/uploads\/2022\/07\/54-Die-Freundinnen-vom-Strandbad-Wellen-des-Schicksals.jpg\" alt=\"\" class=\"wp-image-3451\"\/><\/a><\/figure>\n\n\n\n<figure class=\"wp-block-image size-large\"><img loading=\"lazy\" decoding=\"async\" width=\"200\" height=\"200\" data-id=\"3563\" src=\"https:\/\/buechertanz.de\/wp-content\/uploads\/2022\/07\/55-Der-Hirschsprung-im-Hoellental.jpg\" alt=\"\" class=\"wp-image-3563\" srcset=\"https:\/\/buechertanz.de\/wp-content\/uploads\/2022\/07\/55-Der-Hirschsprung-im-Hoellental.jpg 200w, https:\/\/buechertanz.de\/wp-content\/uploads\/2022\/07\/55-Der-Hirschsprung-im-Hoellental-150x150.jpg 150w\" sizes=\"auto, (max-width: 200px) 100vw, 200px\" \/><\/figure>\n\n\n\n<figure class=\"wp-block-image size-large\"><a href=\"https:\/\/buechertanz.de\/?p=3469\" target=\"_blank\" rel=\"noopener\"><img loading=\"lazy\" decoding=\"async\" width=\"304\" height=\"500\" data-id=\"3465\" src=\"https:\/\/buechertanz.de\/wp-content\/uploads\/2022\/07\/55-Geheimnis-um-die-weisse-Frau-von-Neuenfels.jpg\" alt=\"\" class=\"wp-image-3465\" srcset=\"https:\/\/buechertanz.de\/wp-content\/uploads\/2022\/07\/55-Geheimnis-um-die-weisse-Frau-von-Neuenfels.jpg 304w, https:\/\/buechertanz.de\/wp-content\/uploads\/2022\/07\/55-Geheimnis-um-die-weisse-Frau-von-Neuenfels-182x300.jpg 182w\" sizes=\"auto, (max-width: 304px) 100vw, 304px\" \/><\/a><\/figure>\n\n\n\n<figure class=\"wp-block-image size-large\"><a href=\"https:\/\/buechertanz.de\/?p=3514\" target=\"_blank\" rel=\"noopener\"><img loading=\"lazy\" decoding=\"async\" width=\"339\" height=\"499\" data-id=\"3487\" src=\"https:\/\/buechertanz.de\/wp-content\/uploads\/2022\/07\/56-Was-die-Hoffnung-bringt.jpg\" alt=\"\" class=\"wp-image-3487\" srcset=\"https:\/\/buechertanz.de\/wp-content\/uploads\/2022\/07\/56-Was-die-Hoffnung-bringt.jpg 339w, https:\/\/buechertanz.de\/wp-content\/uploads\/2022\/07\/56-Was-die-Hoffnung-bringt-204x300.jpg 204w\" sizes=\"auto, (max-width: 339px) 100vw, 339px\" \/><\/a><\/figure>\n\n\n\n<figure class=\"wp-block-image size-large\"><a href=\"https:\/\/buechertanz.de\/?p=3498\" target=\"_blank\" rel=\"noopener\"><img loading=\"lazy\" decoding=\"async\" width=\"470\" height=\"700\" data-id=\"3493\" src=\"https:\/\/buechertanz.de\/wp-content\/uploads\/2022\/07\/57-Wer-zweimal-stirbt-ist-trotzdem-tot.jpg\" alt=\"\" class=\"wp-image-3493\" srcset=\"https:\/\/buechertanz.de\/wp-content\/uploads\/2022\/07\/57-Wer-zweimal-stirbt-ist-trotzdem-tot.jpg 470w, https:\/\/buechertanz.de\/wp-content\/uploads\/2022\/07\/57-Wer-zweimal-stirbt-ist-trotzdem-tot-201x300.jpg 201w\" sizes=\"auto, (max-width: 470px) 100vw, 470px\" \/><\/a><\/figure>\n\n\n\n<figure class=\"wp-block-image size-large\"><a href=\"https:\/\/buechertanz.de\/?p=3509\" target=\"_blank\" rel=\"noopener\"><img loading=\"lazy\" decoding=\"async\" width=\"334\" height=\"500\" data-id=\"3505\" src=\"https:\/\/buechertanz.de\/wp-content\/uploads\/2022\/07\/58-Das-Haus-der-Hebammen-Susannes-Sehnsucht.jpg\" alt=\"\" class=\"wp-image-3505\" srcset=\"https:\/\/buechertanz.de\/wp-content\/uploads\/2022\/07\/58-Das-Haus-der-Hebammen-Susannes-Sehnsucht.jpg 334w, https:\/\/buechertanz.de\/wp-content\/uploads\/2022\/07\/58-Das-Haus-der-Hebammen-Susannes-Sehnsucht-200x300.jpg 200w\" sizes=\"auto, (max-width: 334px) 100vw, 334px\" \/><\/a><\/figure>\n\n\n\n<figure class=\"wp-block-image size-large\"><a href=\"https:\/\/buechertanz.de\/?p=3523\" target=\"_blank\" rel=\"noopener\"><img loading=\"lazy\" decoding=\"async\" width=\"350\" height=\"524\" data-id=\"3524\" src=\"https:\/\/buechertanz.de\/wp-content\/uploads\/2022\/07\/59-Das-Haus-der-Hebammen-Carolas-Chance-1.jpg\" alt=\"\" class=\"wp-image-3524\" srcset=\"https:\/\/buechertanz.de\/wp-content\/uploads\/2022\/07\/59-Das-Haus-der-Hebammen-Carolas-Chance-1.jpg 350w, https:\/\/buechertanz.de\/wp-content\/uploads\/2022\/07\/59-Das-Haus-der-Hebammen-Carolas-Chance-1-200x300.jpg 200w\" sizes=\"auto, (max-width: 350px) 100vw, 350px\" \/><\/a><\/figure>\n\n\n\n<figure class=\"wp-block-image size-large\"><a href=\"https:\/\/buechertanz.de\/?p=3542\" target=\"_blank\" rel=\"noopener\"><img loading=\"lazy\" decoding=\"async\" width=\"401\" height=\"600\" data-id=\"3537\" src=\"https:\/\/buechertanz.de\/wp-content\/uploads\/2022\/07\/60-Die-Schwestern-vom-See.jpeg\" alt=\"\" class=\"wp-image-3537\" srcset=\"https:\/\/buechertanz.de\/wp-content\/uploads\/2022\/07\/60-Die-Schwestern-vom-See.jpeg 401w, https:\/\/buechertanz.de\/wp-content\/uploads\/2022\/07\/60-Die-Schwestern-vom-See-201x300.jpeg 201w\" sizes=\"auto, (max-width: 401px) 100vw, 401px\" \/><\/a><\/figure>\n<\/figure>\n\n\n\n<p class=\"has-small-font-size\"><br>Danke an alle Autorinnen und Autoren f\u00fcr die wundersch\u00f6nen Lese-Stunden.<br><br>Liebe Gr\u00fc\u00dfe,<\/p>\n\n\n\n<figure class=\"wp-block-image size-large is-resized\"><img loading=\"lazy\" decoding=\"async\" src=\"https:\/\/buechertanz.de\/wp-content\/uploads\/2022\/06\/Unterschrift-1024x404.jpg\" alt=\"\" class=\"wp-image-3355\" width=\"165\" height=\"65\" srcset=\"https:\/\/buechertanz.de\/wp-content\/uploads\/2022\/06\/Unterschrift-1024x404.jpg 1024w, https:\/\/buechertanz.de\/wp-content\/uploads\/2022\/06\/Unterschrift-300x118.jpg 300w, https:\/\/buechertanz.de\/wp-content\/uploads\/2022\/06\/Unterschrift-768x303.jpg 768w, https:\/\/buechertanz.de\/wp-content\/uploads\/2022\/06\/Unterschrift.jpg 1500w\" sizes=\"auto, (max-width: 165px) 100vw, 165px\" \/><\/figure>\n\n\n\n<div class=\"wp-block-image is-style-rounded\"><figure class=\"aligncenter size-full is-resized\"><img loading=\"lazy\" decoding=\"async\" src=\"https:\/\/buechertanz.de\/wp-content\/uploads\/2019\/03\/cropped-Blume-1.png\" alt=\"\" class=\"wp-image-2847\" width=\"111\" height=\"111\" srcset=\"https:\/\/buechertanz.de\/wp-content\/uploads\/2019\/03\/cropped-Blume-1.png 248w, https:\/\/buechertanz.de\/wp-content\/uploads\/2019\/03\/cropped-Blume-1-150x150.png 150w\" sizes=\"auto, (max-width: 111px) 100vw, 111px\" \/><\/figure><\/div>\n","protected":false},"excerpt":{"rendered":"<p>Hier findet ihr die B\u00fccher, die ich im&nbsp;Juli 2022&nbsp;gelesen habe \u2013 insgesamt sind es&nbsp;neun B\u00fccher&nbsp;mit&nbsp;3.320&nbsp;Seiten. Falls es auf meinem Blog schon eine Rezension gibt, findet ihr diese, wenn ihr auf den Buchtitel oder das Cover in der Galerie klickt. Viel Spa\u00df beim Schm\u00f6kern. Den Lesemonat Juli 2022 startete ich mit einem Buch, welches ich mir &hellip; <a href=\"https:\/\/buechertanz.de\/?page_id=3549\" class=\"more-link\"><span class=\"screen-reader-text\">Gelesen Juli 2022<\/span> weiterlesen<\/a><\/p>\n","protected":false},"author":2,"featured_media":0,"parent":0,"menu_order":0,"comment_status":"open","ping_status":"closed","template":"","meta":{"footnotes":""},"class_list":["post-3549","page","type-page","status-publish","hentry"],"_links":{"self":[{"href":"https:\/\/buechertanz.de\/index.php?rest_route=\/wp\/v2\/pages\/3549","targetHints":{"allow":["GET"]}}],"collection":[{"href":"https:\/\/buechertanz.de\/index.php?rest_route=\/wp\/v2\/pages"}],"about":[{"href":"https:\/\/buechertanz.de\/index.php?rest_route=\/wp\/v2\/types\/page"}],"author":[{"embeddable":true,"href":"https:\/\/buechertanz.de\/index.php?rest_route=\/wp\/v2\/users\/2"}],"replies":[{"embeddable":true,"href":"https:\/\/buechertanz.de\/index.php?rest_route=%2Fwp%2Fv2%2Fcomments&post=3549"}],"version-history":[{"count":3,"href":"https:\/\/buechertanz.de\/index.php?rest_route=\/wp\/v2\/pages\/3549\/revisions"}],"predecessor-version":[{"id":3570,"href":"https:\/\/buechertanz.de\/index.php?rest_route=\/wp\/v2\/pages\/3549\/revisions\/3570"}],"wp:attachment":[{"href":"https:\/\/buechertanz.de\/index.php?rest_route=%2Fwp%2Fv2%2Fmedia&parent=3549"}],"curies":[{"name":"wp","href":"https:\/\/api.w.org\/{rel}","templated":true}]}}