{"id":3687,"date":"2022-08-30T10:07:53","date_gmt":"2022-08-30T09:07:53","guid":{"rendered":"https:\/\/buechertanz.de\/?page_id=3687"},"modified":"2023-01-04T15:37:05","modified_gmt":"2023-01-04T14:37:05","slug":"neuzugaenge-august-2022","status":"publish","type":"page","link":"https:\/\/buechertanz.de\/?page_id=3687","title":{"rendered":"Neuzug\u00e4nge August 2022"},"content":{"rendered":"\n<p class=\"has-drop-cap has-small-font-size\">Im<strong>\u00a0August 2022<\/strong>\u00a0sind insgesamt\u00a0<strong>16 B\u00fccher<\/strong>\u00a0hier eingezogen:<br>Neun neue B\u00fccher, f\u00fcnf Rezensionsexemplare und zwei B\u00fccher aus einem \u00d6ffentlichen B\u00fccherschrank.<br>Falls es eine Rezension auf meinem Blog gibt, gelangt ihr mit einem Klick auf den Titel direkt bei der Rezension.<\/p>\n\n\n\n<div class=\"wp-block-media-text alignwide\"><figure class=\"wp-block-media-text__media\"><img loading=\"lazy\" decoding=\"async\" width=\"1024\" height=\"1011\" src=\"https:\/\/buechertanz.de\/wp-content\/uploads\/2022\/08\/08-August-Neue-Buecher-1024x1011.jpg\" alt=\"\" class=\"wp-image-3710 size-full\" srcset=\"https:\/\/buechertanz.de\/wp-content\/uploads\/2022\/08\/08-August-Neue-Buecher-1024x1011.jpg 1024w, https:\/\/buechertanz.de\/wp-content\/uploads\/2022\/08\/08-August-Neue-Buecher-300x296.jpg 300w, https:\/\/buechertanz.de\/wp-content\/uploads\/2022\/08\/08-August-Neue-Buecher-768x759.jpg 768w, https:\/\/buechertanz.de\/wp-content\/uploads\/2022\/08\/08-August-Neue-Buecher.jpg 1055w\" sizes=\"auto, (max-width: 1024px) 100vw, 1024px\" \/><\/figure><div class=\"wp-block-media-text__content\">\n<p class=\"has-drop-cap has-small-font-size\"><strong>Neue B\u00fccher:<\/strong><\/p>\n\n\n\n<p><\/p>\n\n\n\n<ul class=\"has-small-font-size wp-block-list\"><li>Sybille Schr\u00f6dter: <em>&#8222;Schwestern f\u00fcrs Leben&#8220;<\/em><\/li><li>Susanne Goga: <em><a href=\"https:\/\/buechertanz.de\/?p=3212\" target=\"_blank\" rel=\"noreferrer noopener\">&#8222;Nachts am Askanischen Platz&#8220;<\/a><\/em><\/li><li>Claudia und Nadja Beinert: <em>&#8222;Marilyn und die Sterne von Hollywood&#8220;<\/em><\/li><li>Heidi Rehn: <em>&#8222;Die Frau des Blauen Reiter<\/em><\/li><li>Sina Beerwald: <em>&#8222;Das D\u00fcnencaf\u00e9&#8220;<\/em><\/li><li>Ingeborg Bachmann: <em>&#8222;Malina&#8220;<\/em><\/li><li>Petra Durst-Benning: <em><a rel=\"noreferrer noopener\" href=\"https:\/\/buechertanz.de\/?p=3653\" target=\"_blank\">&#8222;Die K\u00f6chin &#8211; Lebe deinen Traum&#8220;<\/a><\/em><\/li><li>Jennifer Robson: <em>&#8222;Der Stoff der Tr\u00e4ume&#8220;<\/em><\/li><li>Laura Baldini: <em>&#8222;Lehrerin einer neuen Zeit&#8220;<\/em><\/li><\/ul>\n<\/div><\/div>\n\n\n\n<p class=\"has-text-align-center\">_<\/p>\n\n\n\n<div class=\"wp-block-media-text alignwide has-media-on-the-right\"><figure class=\"wp-block-media-text__media\"><img loading=\"lazy\" decoding=\"async\" width=\"1024\" height=\"1024\" src=\"https:\/\/buechertanz.de\/wp-content\/uploads\/2022\/08\/08-August-Rezis-1024x1024.jpg\" alt=\"\" class=\"wp-image-3711 size-full\" srcset=\"https:\/\/buechertanz.de\/wp-content\/uploads\/2022\/08\/08-August-Rezis-1024x1024.jpg 1024w, https:\/\/buechertanz.de\/wp-content\/uploads\/2022\/08\/08-August-Rezis-300x300.jpg 300w, https:\/\/buechertanz.de\/wp-content\/uploads\/2022\/08\/08-August-Rezis-150x150.jpg 150w, https:\/\/buechertanz.de\/wp-content\/uploads\/2022\/08\/08-August-Rezis-768x768.jpg 768w, https:\/\/buechertanz.de\/wp-content\/uploads\/2022\/08\/08-August-Rezis.jpg 1049w\" sizes=\"auto, (max-width: 1024px) 100vw, 1024px\" \/><\/figure><div class=\"wp-block-media-text__content\">\n<p class=\"has-drop-cap has-small-font-size\"><strong>Rezensionsexemplare:<\/strong><\/p>\n\n\n\n<p><\/p>\n\n\n\n<ul class=\"has-small-font-size wp-block-list\"><li>Anne Stern: <em><a rel=\"noreferrer noopener\" href=\"https:\/\/buechertanz.de\/?p=3603\" target=\"_blank\">&#8222;Drei Tage im August&#8220;<\/a><\/em><\/li><li>Bettina Storks: <em><a rel=\"noreferrer noopener\" href=\"https:\/\/buechertanz.de\/?p=3614\" target=\"_blank\">&#8222;Die Poesie der Liebe&#8220;<\/a><\/em><\/li><li>Mina K\u00f6nig:<em><a rel=\"noreferrer noopener\" href=\"https:\/\/buechertanz.de\/?p=3633\" target=\"_blank\"> &#8222;Mademoiselle Oppenheim&#8220;<\/a><\/em><\/li><li>Lorna Cook:<em><a rel=\"noreferrer noopener\" href=\"https:\/\/buechertanz.de\/?p=3675\" target=\"_blank\"> &#8222;Der Mondscheinsee&#8220;<\/a><\/em><\/li><li>Julie Heiland: <em><a rel=\"noreferrer noopener\" href=\"https:\/\/buechertanz.de\/?p=3729\" target=\"_blank\">&#8222;Die Freundinnen vom Strandbad &#8211; Wogen der Freiheit&#8220;<\/a><br><\/em><\/li><\/ul>\n<\/div><\/div>\n\n\n\n<p class=\"has-text-align-center\">_<\/p>\n\n\n\n<div class=\"wp-block-media-text alignwide\"><figure class=\"wp-block-media-text__media\"><img loading=\"lazy\" decoding=\"async\" width=\"938\" height=\"936\" src=\"https:\/\/buechertanz.de\/wp-content\/uploads\/2022\/08\/08-August-Buecherschraenke.jpg\" alt=\"\" class=\"wp-image-3712 size-full\" srcset=\"https:\/\/buechertanz.de\/wp-content\/uploads\/2022\/08\/08-August-Buecherschraenke.jpg 938w, https:\/\/buechertanz.de\/wp-content\/uploads\/2022\/08\/08-August-Buecherschraenke-300x300.jpg 300w, https:\/\/buechertanz.de\/wp-content\/uploads\/2022\/08\/08-August-Buecherschraenke-150x150.jpg 150w, https:\/\/buechertanz.de\/wp-content\/uploads\/2022\/08\/08-August-Buecherschraenke-768x766.jpg 768w\" sizes=\"auto, (max-width: 938px) 100vw, 938px\" \/><\/figure><div class=\"wp-block-media-text__content\">\n<p class=\"has-drop-cap has-small-font-size\"><strong>\u00d6ffentlicher B\u00fccherschrank:<\/strong><\/p>\n\n\n\n<p><\/p>\n\n\n\n<ul class=\"has-small-font-size wp-block-list\"><li>Igor von Pecha: <em>&#8222;Die gro\u00dfe Liebe der Christina Maria<\/em><\/li><li>Simon Beckett: <em>&#8222;Der Hof&#8220;<\/em><\/li><\/ul>\n<\/div><\/div>\n\n\n\n<p class=\"has-text-align-left\">_<\/p>\n\n\n<div class=\"wp-block-image is-style-rounded\">\n<figure class=\"aligncenter size-full is-resized\"><img loading=\"lazy\" decoding=\"async\" src=\"https:\/\/buechertanz.de\/wp-content\/uploads\/2019\/03\/cropped-Blume-1.png\" alt=\"\" class=\"wp-image-2847\" width=\"88\" height=\"88\" srcset=\"https:\/\/buechertanz.de\/wp-content\/uploads\/2019\/03\/cropped-Blume-1.png 248w, https:\/\/buechertanz.de\/wp-content\/uploads\/2019\/03\/cropped-Blume-1-150x150.png 150w\" sizes=\"auto, (max-width: 88px) 100vw, 88px\" \/><\/figure><\/div>","protected":false},"excerpt":{"rendered":"<p>Im\u00a0August 2022\u00a0sind insgesamt\u00a016 B\u00fccher\u00a0hier eingezogen:Neun neue B\u00fccher, f\u00fcnf Rezensionsexemplare und zwei B\u00fccher aus einem \u00d6ffentlichen B\u00fccherschrank.Falls es eine Rezension auf meinem Blog gibt, gelangt ihr mit einem Klick auf den Titel direkt bei der Rezension. Neue B\u00fccher: Sybille Schr\u00f6dter: &#8222;Schwestern f\u00fcrs Leben&#8220; Susanne Goga: &#8222;Nachts am Askanischen Platz&#8220; Claudia und Nadja Beinert: &#8222;Marilyn und die &hellip; <a href=\"https:\/\/buechertanz.de\/?page_id=3687\" class=\"more-link\"><span class=\"screen-reader-text\">Neuzug\u00e4nge August 2022<\/span> weiterlesen<\/a><\/p>\n","protected":false},"author":2,"featured_media":0,"parent":0,"menu_order":0,"comment_status":"open","ping_status":"closed","template":"","meta":{"footnotes":""},"class_list":["post-3687","page","type-page","status-publish","hentry"],"_links":{"self":[{"href":"https:\/\/buechertanz.de\/index.php?rest_route=\/wp\/v2\/pages\/3687","targetHints":{"allow":["GET"]}}],"collection":[{"href":"https:\/\/buechertanz.de\/index.php?rest_route=\/wp\/v2\/pages"}],"about":[{"href":"https:\/\/buechertanz.de\/index.php?rest_route=\/wp\/v2\/types\/page"}],"author":[{"embeddable":true,"href":"https:\/\/buechertanz.de\/index.php?rest_route=\/wp\/v2\/users\/2"}],"replies":[{"embeddable":true,"href":"https:\/\/buechertanz.de\/index.php?rest_route=%2Fwp%2Fv2%2Fcomments&post=3687"}],"version-history":[{"count":10,"href":"https:\/\/buechertanz.de\/index.php?rest_route=\/wp\/v2\/pages\/3687\/revisions"}],"predecessor-version":[{"id":4294,"href":"https:\/\/buechertanz.de\/index.php?rest_route=\/wp\/v2\/pages\/3687\/revisions\/4294"}],"wp:attachment":[{"href":"https:\/\/buechertanz.de\/index.php?rest_route=%2Fwp%2Fv2%2Fmedia&parent=3687"}],"curies":[{"name":"wp","href":"https:\/\/api.w.org\/{rel}","templated":true}]}}