{"id":3688,"date":"2022-08-30T10:07:53","date_gmt":"2022-08-30T09:07:53","guid":{"rendered":"https:\/\/buechertanz.de\/?page_id=3688"},"modified":"2022-08-30T20:51:40","modified_gmt":"2022-08-30T19:51:40","slug":"gelesen-august-2022","status":"publish","type":"page","link":"https:\/\/buechertanz.de\/?page_id=3688","title":{"rendered":"Gelesen August 2022"},"content":{"rendered":"\n<p class=\"has-drop-cap has-small-font-size\">Hier findet ihr die B\u00fccher, die ich im&nbsp;<strong>August 2022<\/strong>&nbsp;gelesen habe \u2013 insgesamt sind es&nbsp;<strong>sieben B\u00fccher<\/strong>&nbsp;mit&nbsp;<strong>3.088<\/strong>&nbsp;<strong>Seiten<\/strong>. Falls es auf meinem Blog schon eine Rezension gibt, findet ihr diese, wenn ihr auf den Buchtitel klickt. Viel Spa\u00df beim Schm\u00f6kern.<\/p>\n\n\n<div class=\"wp-block-image is-style-rounded\">\n<figure class=\"aligncenter size-large is-resized\"><img loading=\"lazy\" decoding=\"async\" src=\"https:\/\/buechertanz.de\/wp-content\/uploads\/2022\/08\/08-August-1016x1024.jpg\" alt=\"\" class=\"wp-image-3705\" width=\"512\" height=\"516\" srcset=\"https:\/\/buechertanz.de\/wp-content\/uploads\/2022\/08\/08-August-1016x1024.jpg 1016w, https:\/\/buechertanz.de\/wp-content\/uploads\/2022\/08\/08-August-298x300.jpg 298w, https:\/\/buechertanz.de\/wp-content\/uploads\/2022\/08\/08-August-150x150.jpg 150w, https:\/\/buechertanz.de\/wp-content\/uploads\/2022\/08\/08-August-768x774.jpg 768w, https:\/\/buechertanz.de\/wp-content\/uploads\/2022\/08\/08-August.jpg 1059w\" sizes=\"auto, (max-width: 512px) 100vw, 512px\" \/><figcaption><em>Mein Lesemonat August: Sieben B\u00fccher mit insgesamt 3.088 Seiten<\/em><\/figcaption><\/figure><\/div>\n\n\n<p class=\"has-small-font-size\">Der Monat startete mit einem absoluten Highlight: <strong><a rel=\"noreferrer noopener\" href=\"https:\/\/buechertanz.de\/?p=3586\" target=\"_blank\">&#8222;Findelm\u00e4dchen &#8211; Aufbruch ins Gl\u00fcck&#8220;<\/a> <\/strong>von Lilly Bernstein, erschienen im Ullstein-Verlag. Ein Buch, welches mich von der ersten bis zur letzten Seite sehr ber\u00fchrt hat und ganz tief unter die Haut gegangen ist. Dieses Buch m\u00f6chte ich euch, wie auch den Vorg\u00e4nger &#8222;Tr\u00fcmmerm\u00e4dchen &#8211; Annas Traum vom Gl\u00fcck&#8220; , sehr ans Herz legen. Das sind B\u00fccher, die man niemals wieder vergisst.<br>Es folgte das Buch <strong>&#8222;Hilde Knef und das Lied des Lebens&#8220;<\/strong> von Maxine Wildner, erschienen im Insel Verlag, welches mich etwas zwiegespalten zur\u00fcckgelassen hat: Einerseits habe ich einiges \u00fcber das aufregende Leben der Hilde Knef erfahren, \u00fcber ihre H\u00f6hen und Tiefen. Aber: Irgendwie hat mich die Geschichte nicht v\u00f6llig in ihren Bann ziehen k\u00f6nnen. Es gibt einige Handlungsstr\u00e4nge, welche zwar zusammengef\u00fchrt wurden, doch ich kam des \u00d6fteren aus der Geschichte raus und konnte mich einfach nicht richtig in die Geschichte &#8218;fallen lassen&#8216;. <br>Das n\u00e4chste Highlight lie\u00df nicht lange auf sich warten: <strong><a rel=\"noreferrer noopener\" href=\"https:\/\/buechertanz.de\/?p=3603\" target=\"_blank\">&#8222;Drei Tage im August&#8220;<\/a><\/strong> von Anne Stern, erschienen im Aufbau Verlag. Was f\u00fcr eine wundersch\u00f6ne und vor allem unvergessliche Geschichte &#8211; so kraftvoll und gleichzeitig so ruhig erz\u00e4hlt. Anne Stern erz\u00e4hlt mit einer wunderbar bildhaften, teilweise melancholischen Stimme und sie hat damit mal wieder  mit ihrer Geschichten direkt den Weg in mein Herz gefunden. Und: Was war es f\u00fcr eine unglaubliche Freude, als ich Anne Stern einen Tag nach Beendigung des Buches, pers\u00f6nlich in Freiburg kennenlernen durfte. <br>Tja, und es folgte wieder ein Highlight: <strong><a rel=\"noreferrer noopener\" href=\"https:\/\/buechertanz.de\/?p=3614\" target=\"_blank\">&#8222;Die Poesie der Liebe &#8211; Ingeborg Bachmann &amp; Max Frisch&#8220;<\/a><\/strong> von der absolut unverwechselbaren Bettina Storks, erschienen im Aufbau Verlag. Mit diesem Buch hat sie eine liebevolle Hommage an die einzigarte Ingeborg Bachmann geschrieben. Ihre Begeisterung f\u00fcr diese Schriftstellerin ist auf jeder Seite sp\u00fcrbar und so ist \u201eDie Poesie der Liebe\u201c ein sehr ber\u00fchrender und perfekt recherchierter Roman, welcher keine W\u00fcnsche offen l\u00e4sst. Unbedingt lesen!<br>Und auch mein n\u00e4chstes Buch lie\u00df mich v\u00f6llig in vergangene Zeiten eintauchen: <strong><a rel=\"noreferrer noopener\" href=\"https:\/\/buechertanz.de\/?p=3633\" target=\"_blank\">&#8222;Mademoiselle Oppenheim &#8211; Sie liebte das Leben und erfand die moderne Kunst&#8220;<\/a><\/strong> von Mina K\u00f6nig, erschienen im Heyne Verlag. Ich konnte direkt eine enge Bindung zu der Hauptfigur Mereth Oppenheim aufbauen und sie f\u00fchlte sich direkt wie eine gute Freundin an. Als ich das Buch beendet hatte, war ich sehr traurig und wollte diese wundervolle Figur gar nicht mehr gehen lassen. <br>Mit <strong><a rel=\"noreferrer noopener\" href=\"https:\/\/buechertanz.de\/?p=3653\" target=\"_blank\">&#8222;Die K\u00f6chin &#8211; Lebe deinen Traum&#8220;<\/a><\/strong> von Petra Durst-Benning, erschienen im Blanvalet Verlag ging es weiter. Schon lange freute ich mich auf diesen Auftakt der neuen Buchreihe und ich wurde kein bisschen entt\u00e4uscht: Mit einer Hauptfigur, welche man einfach gerne haben muss, einem wunderbaren Thema und einem absolut tollen Handlungsort (S\u00fcdfrankreich) hat eine meiner Lieblingsautorinnen einfach alles richtig gemacht. <br>Mit <strong><a rel=\"noreferrer noopener\" href=\"https:\/\/buechertanz.de\/?p=3675\" target=\"_blank\">&#8222;Der Mondscheinsee&#8220;<\/a><\/strong> von Lorna Cook, erschienen im Penguin-Verlag, beendete ich meinen Lesemonat. Es ist ein absolut stimmiges und mitrei\u00dfendes Buch mit absolut authentischen Charakteren. Die Autorin erz\u00e4hlt wunderbar und versteht es, die Vergangenheit und die Gegenwart zusammen zu f\u00fchren und zu verbinden. Dieses stimmungsvolle, aber doch auch tiefgehende Buch ist ein absoluter Lesetipp.<\/p>\n\n\n\n<p class=\"has-small-font-size\">Es war ein sehr abwechslungsreicher Lesemonat, jedes gelesene Buch brachte mir sehr viel Freude und beste Unterhaltung. Ich m\u00f6chte mich ganz herzlich bei Bettina Storks, beim Aufbau Verlag, beim Heyne Verlag und beim Penguin Verlag f\u00fcr die Zusendung der Rezensionsexemplare bedanken. <\/p>\n\n\n\n<p class=\"has-small-font-size\">In dieser Galerie findet ihr alle B\u00fccher, welche ich im August 2022 gelesen habe (leider kann ich momentan keine Links mehr auf die Bilder legen): <\/p>\n\n\n\n<figure class=\"wp-block-gallery has-nested-images columns-default is-cropped wp-block-gallery-1 is-layout-flex wp-block-gallery-is-layout-flex\">\n<figure class=\"wp-block-image size-large is-style-default\"><img loading=\"lazy\" decoding=\"async\" width=\"385\" height=\"600\" data-id=\"3587\" src=\"https:\/\/buechertanz.de\/wp-content\/uploads\/2022\/08\/62-Findelmaedchen-Aufbruch-ins-Glueck.jpeg\" alt=\"\" class=\"wp-image-3587\" srcset=\"https:\/\/buechertanz.de\/wp-content\/uploads\/2022\/08\/62-Findelmaedchen-Aufbruch-ins-Glueck.jpeg 385w, https:\/\/buechertanz.de\/wp-content\/uploads\/2022\/08\/62-Findelmaedchen-Aufbruch-ins-Glueck-193x300.jpeg 193w\" sizes=\"auto, (max-width: 385px) 100vw, 385px\" \/><\/figure>\n\n\n\n<figure class=\"wp-block-image size-large\"><img loading=\"lazy\" decoding=\"async\" width=\"177\" height=\"284\" data-id=\"3597\" src=\"https:\/\/buechertanz.de\/wp-content\/uploads\/2022\/08\/63-Hilde-Knef-und-das-Lied-des-Lebens.jpeg\" alt=\"\" class=\"wp-image-3597\"\/><\/figure>\n\n\n\n<figure class=\"wp-block-image size-large\"><img loading=\"lazy\" decoding=\"async\" width=\"391\" height=\"600\" data-id=\"3599\" src=\"https:\/\/buechertanz.de\/wp-content\/uploads\/2022\/08\/64-Drei-Tage-im-August.jpeg\" alt=\"\" class=\"wp-image-3599\" srcset=\"https:\/\/buechertanz.de\/wp-content\/uploads\/2022\/08\/64-Drei-Tage-im-August.jpeg 391w, https:\/\/buechertanz.de\/wp-content\/uploads\/2022\/08\/64-Drei-Tage-im-August-196x300.jpeg 196w\" sizes=\"auto, (max-width: 391px) 100vw, 391px\" \/><\/figure>\n\n\n\n<figure class=\"wp-block-image size-large\"><img loading=\"lazy\" decoding=\"async\" width=\"600\" height=\"924\" data-id=\"3610\" src=\"https:\/\/buechertanz.de\/wp-content\/uploads\/2022\/08\/65-Die-Poesie-der-Liebe.jpg\" alt=\"\" class=\"wp-image-3610\" srcset=\"https:\/\/buechertanz.de\/wp-content\/uploads\/2022\/08\/65-Die-Poesie-der-Liebe.jpg 600w, https:\/\/buechertanz.de\/wp-content\/uploads\/2022\/08\/65-Die-Poesie-der-Liebe-195x300.jpg 195w\" sizes=\"auto, (max-width: 600px) 100vw, 600px\" \/><\/figure>\n\n\n\n<figure class=\"wp-block-image size-large\"><img loading=\"lazy\" decoding=\"async\" width=\"350\" height=\"530\" data-id=\"3630\" src=\"https:\/\/buechertanz.de\/wp-content\/uploads\/2022\/08\/66-Mademoiselle-Oppenheim.jpg\" alt=\"\" class=\"wp-image-3630\" srcset=\"https:\/\/buechertanz.de\/wp-content\/uploads\/2022\/08\/66-Mademoiselle-Oppenheim.jpg 350w, https:\/\/buechertanz.de\/wp-content\/uploads\/2022\/08\/66-Mademoiselle-Oppenheim-198x300.jpg 198w\" sizes=\"auto, (max-width: 350px) 100vw, 350px\" \/><\/figure>\n\n\n\n<figure class=\"wp-block-image size-large\"><img loading=\"lazy\" decoding=\"async\" width=\"350\" height=\"558\" data-id=\"3647\" src=\"https:\/\/buechertanz.de\/wp-content\/uploads\/2022\/08\/67-Die-Koechin-Lebe-deinen-Traum.jpg\" alt=\"\" class=\"wp-image-3647\" srcset=\"https:\/\/buechertanz.de\/wp-content\/uploads\/2022\/08\/67-Die-Koechin-Lebe-deinen-Traum.jpg 350w, https:\/\/buechertanz.de\/wp-content\/uploads\/2022\/08\/67-Die-Koechin-Lebe-deinen-Traum-188x300.jpg 188w\" sizes=\"auto, (max-width: 350px) 100vw, 350px\" \/><\/figure>\n\n\n\n<figure class=\"wp-block-image size-large\"><img loading=\"lazy\" decoding=\"async\" width=\"200\" height=\"317\" data-id=\"3669\" src=\"https:\/\/buechertanz.de\/wp-content\/uploads\/2022\/08\/68-Der-Mondscheinsee.jpeg\" alt=\"\" class=\"wp-image-3669\" srcset=\"https:\/\/buechertanz.de\/wp-content\/uploads\/2022\/08\/68-Der-Mondscheinsee.jpeg 200w, https:\/\/buechertanz.de\/wp-content\/uploads\/2022\/08\/68-Der-Mondscheinsee-189x300.jpeg 189w\" sizes=\"auto, (max-width: 200px) 100vw, 200px\" \/><\/figure>\n<\/figure>\n\n\n\n<p><\/p>\n\n\n\n<p class=\"has-small-font-size\">Danke an alle Autorinnen f\u00fcr diese wundersch\u00f6nen Lesestunden.<\/p>\n\n\n\n<p class=\"has-text-align-center has-small-font-size\">Liebe Gr\u00fc\u00dfe, <\/p>\n\n\n<div class=\"wp-block-image\">\n<figure class=\"aligncenter size-large is-resized\"><img loading=\"lazy\" decoding=\"async\" src=\"https:\/\/buechertanz.de\/wp-content\/uploads\/2022\/06\/Unterschrift-1024x404.jpg\" alt=\"\" class=\"wp-image-3355\" width=\"154\" height=\"61\" srcset=\"https:\/\/buechertanz.de\/wp-content\/uploads\/2022\/06\/Unterschrift-1024x404.jpg 1024w, https:\/\/buechertanz.de\/wp-content\/uploads\/2022\/06\/Unterschrift-300x118.jpg 300w, https:\/\/buechertanz.de\/wp-content\/uploads\/2022\/06\/Unterschrift-768x303.jpg 768w, https:\/\/buechertanz.de\/wp-content\/uploads\/2022\/06\/Unterschrift.jpg 1500w\" sizes=\"auto, (max-width: 154px) 100vw, 154px\" \/><\/figure><\/div>\n\n<div class=\"wp-block-image is-style-rounded\">\n<figure class=\"aligncenter size-full is-resized\"><img loading=\"lazy\" decoding=\"async\" src=\"https:\/\/buechertanz.de\/wp-content\/uploads\/2019\/03\/cropped-Blume-1.png\" alt=\"\" class=\"wp-image-2847\" width=\"104\" height=\"104\" srcset=\"https:\/\/buechertanz.de\/wp-content\/uploads\/2019\/03\/cropped-Blume-1.png 248w, https:\/\/buechertanz.de\/wp-content\/uploads\/2019\/03\/cropped-Blume-1-150x150.png 150w\" sizes=\"auto, (max-width: 104px) 100vw, 104px\" \/><\/figure><\/div>","protected":false},"excerpt":{"rendered":"<p>Hier findet ihr die B\u00fccher, die ich im&nbsp;August 2022&nbsp;gelesen habe \u2013 insgesamt sind es&nbsp;sieben B\u00fccher&nbsp;mit&nbsp;3.088&nbsp;Seiten. Falls es auf meinem Blog schon eine Rezension gibt, findet ihr diese, wenn ihr auf den Buchtitel klickt. Viel Spa\u00df beim Schm\u00f6kern. Der Monat startete mit einem absoluten Highlight: &#8222;Findelm\u00e4dchen &#8211; Aufbruch ins Gl\u00fcck&#8220; von Lilly Bernstein, erschienen im Ullstein-Verlag. &hellip; <a href=\"https:\/\/buechertanz.de\/?page_id=3688\" class=\"more-link\"><span class=\"screen-reader-text\">Gelesen August 2022<\/span> weiterlesen<\/a><\/p>\n","protected":false},"author":2,"featured_media":0,"parent":0,"menu_order":0,"comment_status":"open","ping_status":"closed","template":"","meta":{"footnotes":""},"class_list":["post-3688","page","type-page","status-publish","hentry"],"_links":{"self":[{"href":"https:\/\/buechertanz.de\/index.php?rest_route=\/wp\/v2\/pages\/3688","targetHints":{"allow":["GET"]}}],"collection":[{"href":"https:\/\/buechertanz.de\/index.php?rest_route=\/wp\/v2\/pages"}],"about":[{"href":"https:\/\/buechertanz.de\/index.php?rest_route=\/wp\/v2\/types\/page"}],"author":[{"embeddable":true,"href":"https:\/\/buechertanz.de\/index.php?rest_route=\/wp\/v2\/users\/2"}],"replies":[{"embeddable":true,"href":"https:\/\/buechertanz.de\/index.php?rest_route=%2Fwp%2Fv2%2Fcomments&post=3688"}],"version-history":[{"count":6,"href":"https:\/\/buechertanz.de\/index.php?rest_route=\/wp\/v2\/pages\/3688\/revisions"}],"predecessor-version":[{"id":3722,"href":"https:\/\/buechertanz.de\/index.php?rest_route=\/wp\/v2\/pages\/3688\/revisions\/3722"}],"wp:attachment":[{"href":"https:\/\/buechertanz.de\/index.php?rest_route=%2Fwp%2Fv2%2Fmedia&parent=3688"}],"curies":[{"name":"wp","href":"https:\/\/api.w.org\/{rel}","templated":true}]}}