{"id":3755,"date":"2022-09-30T15:35:27","date_gmt":"2022-09-30T14:35:27","guid":{"rendered":"https:\/\/buechertanz.de\/?page_id=3755"},"modified":"2023-01-04T15:44:09","modified_gmt":"2023-01-04T14:44:09","slug":"neuzugaenge-september-2022","status":"publish","type":"page","link":"https:\/\/buechertanz.de\/?page_id=3755","title":{"rendered":"Neuzug\u00e4nge September 2022"},"content":{"rendered":"\n<p class=\"has-small-font-size\">Im<strong>\u00a0September 2022<\/strong>\u00a0sind insgesamt\u00a0<strong>22 B\u00fccher<\/strong>\u00a0hier eingezogen:<br>F\u00fcnfzehn neue B\u00fccher, vier Rezensionsexemplare, zwei B\u00fccher aus einem \u00d6ffentlichen B\u00fccherschrank und ein Gewinn.<br>Falls es eine Rezension auf meinem Blog gibt, gelangt ihr mit einem Klick auf den Titel direkt bei der Rezension.<\/p>\n\n\n\n<div class=\"wp-block-media-text alignwide\"><figure class=\"wp-block-media-text__media\"><img loading=\"lazy\" decoding=\"async\" width=\"533\" height=\"590\" src=\"https:\/\/buechertanz.de\/wp-content\/uploads\/2022\/09\/09-September-Neue-Buecher.jpg\" alt=\"\" class=\"wp-image-3774 size-full\" srcset=\"https:\/\/buechertanz.de\/wp-content\/uploads\/2022\/09\/09-September-Neue-Buecher.jpg 533w, https:\/\/buechertanz.de\/wp-content\/uploads\/2022\/09\/09-September-Neue-Buecher-271x300.jpg 271w\" sizes=\"auto, (max-width: 533px) 100vw, 533px\" \/><\/figure><div class=\"wp-block-media-text__content\">\n<p class=\"has-drop-cap has-small-font-size\"><strong>Neue B\u00fccher:<\/strong><\/p>\n\n\n\n<p><\/p>\n\n\n\n<ul class=\"has-small-font-size wp-block-list\"><li>Hanna Caspian: <em>&#8222;Hinter dem hellen Schein&#8220;<\/em><\/li><li>Susanne Goga: <em><a rel=\"noreferrer noopener\" href=\"https:\/\/buechertanz.de\/?p=3223\" target=\"_blank\">&#8222;Der Ballhausm\u00f6rder&#8220;<\/a><\/em><\/li><li>Katharina Kramer <em>&#8222;Die Sprache des Lichts&#8220;<\/em><\/li><li>Claudius Cr\u00f6nert: <em>&#8222;Das ewige Licht von Notre Dame&#8220;<\/em><\/li><li>G\u00fcnther T\u00f6mmes: &#8222;Der Limonadenmann&#8220;<\/li><li>Charlotte Jacobi: <em>&#8222;Die Douglas-Schwestern &#8211; Das Paradies der D\u00fcfte&#8220;<\/em><\/li><li>Daniel Wolf: <em>&#8222;Im Bann des Adlers&#8220;<\/em><\/li><li>Paola Calvetti: <em>&#8222;Die Queen&#8220;<\/em><\/li><li>Brigitte Glaser: <em>&#8222;Kaiserstuhl&#8220;<\/em><\/li><li>Eva-Maria Bast: <em>&#8222;Vanilletage &#8211; Die Frauen der Backmanufaktur&#8220;<\/em><\/li><li> Yvonne Schymura: <em>&#8222;Vicki Baum &#8211; So herrlich lebendig&#8220;<\/em><\/li><li>Sonja Roos: <em>&#8222;Die Lavendeljahre&#8220;<\/em><\/li><li>Juliana Weinberg: <em><a rel=\"noreferrer noopener\" href=\"https:\/\/buechertanz.de\/?p=4125\" target=\"_blank\">&#8222;Gut Erlensee &#8211; Margaretas Traum&#8220;<\/a><\/em><\/li><li>Antonia Blum: <em>&#8222;Kinderklinik Wei\u00dfensee &#8211; Tage des Lichts&#8220;<\/em><\/li><li>Gabriele Sonnberger: <em>&#8222;Zeiten neuer Hoffnung &#8211; Eine b\u00f6hmische Familiensaga&#8220;<\/em><br><br><\/li><\/ul>\n<\/div><\/div>\n\n\n\n<p>_<\/p>\n\n\n\n<div class=\"wp-block-media-text alignwide has-media-on-the-right\"><figure class=\"wp-block-media-text__media\"><img loading=\"lazy\" decoding=\"async\" width=\"567\" height=\"564\" src=\"https:\/\/buechertanz.de\/wp-content\/uploads\/2022\/09\/09-September-Rezis.jpg\" alt=\"\" class=\"wp-image-3775 size-full\" srcset=\"https:\/\/buechertanz.de\/wp-content\/uploads\/2022\/09\/09-September-Rezis.jpg 567w, https:\/\/buechertanz.de\/wp-content\/uploads\/2022\/09\/09-September-Rezis-300x298.jpg 300w, https:\/\/buechertanz.de\/wp-content\/uploads\/2022\/09\/09-September-Rezis-150x150.jpg 150w\" sizes=\"auto, (max-width: 567px) 100vw, 567px\" \/><\/figure><div class=\"wp-block-media-text__content\">\n<p class=\"has-drop-cap has-small-font-size\"><strong>Rezensionsexemplare:<\/strong><\/p>\n\n\n\n<p><\/p>\n\n\n\n<ul class=\"has-small-font-size wp-block-list\"><li>Silke Elzner: <em><a rel=\"noreferrer noopener\" href=\"https:\/\/buechertanz.de\/?p=3745\" target=\"_blank\">&#8222;Die letzte Fehde an der Havel&#8220;<\/a><\/em><\/li><li>Julia Kr\u00f6hn: <em><a rel=\"noreferrer noopener\" href=\"https:\/\/buechertanz.de\/?p=3813\" target=\"_blank\">&#8222;Die Gedanken sind frei &#8211; Eine unerh\u00f6rte Liebe&#8220;<\/a><\/em><\/li><li>Marie Adams: <em><a rel=\"noreferrer noopener\" href=\"https:\/\/buechertanz.de\/?p=3782\" target=\"_blank\">&#8222;Das Haus der Hebammen &#8211; Ellas Entscheidung&#8220;<\/a><\/em><\/li><li>Romy Herold:<em><a rel=\"noreferrer noopener\" href=\"https:\/\/buechertanz.de\/?p=3851\" target=\"_blank\"> &#8222;Die Lebkuchen-Prinzessin&#8220;<\/a><\/em><\/li><\/ul>\n<\/div><\/div>\n\n\n\n<p>_<\/p>\n\n\n\n<div class=\"wp-block-media-text alignwide\"><figure class=\"wp-block-media-text__media\"><img loading=\"lazy\" decoding=\"async\" width=\"1024\" height=\"1012\" src=\"https:\/\/buechertanz.de\/wp-content\/uploads\/2022\/09\/09-September-Buecherschraenke-1024x1012.jpg\" alt=\"\" class=\"wp-image-3776 size-full\" srcset=\"https:\/\/buechertanz.de\/wp-content\/uploads\/2022\/09\/09-September-Buecherschraenke-1024x1012.jpg 1024w, https:\/\/buechertanz.de\/wp-content\/uploads\/2022\/09\/09-September-Buecherschraenke-300x296.jpg 300w, https:\/\/buechertanz.de\/wp-content\/uploads\/2022\/09\/09-September-Buecherschraenke-768x759.jpg 768w, https:\/\/buechertanz.de\/wp-content\/uploads\/2022\/09\/09-September-Buecherschraenke-1536x1518.jpg 1536w, https:\/\/buechertanz.de\/wp-content\/uploads\/2022\/09\/09-September-Buecherschraenke.jpg 1792w\" sizes=\"auto, (max-width: 1024px) 100vw, 1024px\" \/><\/figure><div class=\"wp-block-media-text__content\">\n<p class=\"has-drop-cap has-small-font-size\"><strong>\u00d6ffentlicher B\u00fccherschrank:<\/strong><\/p>\n\n\n\n<p><\/p>\n\n\n\n<ul class=\"has-small-font-size wp-block-list\"><li>G\u00fcnther Krenn: <em>&#8222;Romy Schneider &#8211; Die Biographie&#8220;<\/em><\/li><li>Ricarda Jordan:<em> &#8222;Der Eid der Kreuzritterin&#8220;<\/em><strong><br><\/strong><br><\/li><\/ul>\n<\/div><\/div>\n\n\n\n<p>_<\/p>\n\n\n\n<div class=\"wp-block-media-text alignwide has-media-on-the-right\"><figure class=\"wp-block-media-text__media\"><img loading=\"lazy\" decoding=\"async\" width=\"542\" height=\"542\" src=\"https:\/\/buechertanz.de\/wp-content\/uploads\/2022\/09\/09-September-Gewinne.jpg\" alt=\"\" class=\"wp-image-3777 size-full\" srcset=\"https:\/\/buechertanz.de\/wp-content\/uploads\/2022\/09\/09-September-Gewinne.jpg 542w, https:\/\/buechertanz.de\/wp-content\/uploads\/2022\/09\/09-September-Gewinne-300x300.jpg 300w, https:\/\/buechertanz.de\/wp-content\/uploads\/2022\/09\/09-September-Gewinne-150x150.jpg 150w\" sizes=\"auto, (max-width: 542px) 100vw, 542px\" \/><\/figure><div class=\"wp-block-media-text__content\">\n<p class=\"has-drop-cap has-small-font-size\"><strong>Gewinn:<\/strong><\/p>\n\n\n\n<p><\/p>\n\n\n\n<ul class=\"has-small-font-size wp-block-list\"><li>Ulrike Renk: <em>&#8222;Ulla und die Wege der Liebe &#8211; Eine Familie in Berlin&#8220;<br><\/em><\/li><\/ul>\n<\/div><\/div>\n\n\n\n<p>_<\/p>\n\n\n<div class=\"wp-block-image is-style-rounded\">\n<figure class=\"aligncenter size-full is-resized\"><img loading=\"lazy\" decoding=\"async\" src=\"https:\/\/buechertanz.de\/wp-content\/uploads\/2019\/03\/cropped-Blume-1.png\" alt=\"\" class=\"wp-image-2847\" width=\"149\" height=\"149\" srcset=\"https:\/\/buechertanz.de\/wp-content\/uploads\/2019\/03\/cropped-Blume-1.png 248w, https:\/\/buechertanz.de\/wp-content\/uploads\/2019\/03\/cropped-Blume-1-150x150.png 150w\" sizes=\"auto, (max-width: 149px) 100vw, 149px\" \/><\/figure><\/div>","protected":false},"excerpt":{"rendered":"<p>Im\u00a0September 2022\u00a0sind insgesamt\u00a022 B\u00fccher\u00a0hier eingezogen:F\u00fcnfzehn neue B\u00fccher, vier Rezensionsexemplare, zwei B\u00fccher aus einem \u00d6ffentlichen B\u00fccherschrank und ein Gewinn.Falls es eine Rezension auf meinem Blog gibt, gelangt ihr mit einem Klick auf den Titel direkt bei der Rezension. Neue B\u00fccher: Hanna Caspian: &#8222;Hinter dem hellen Schein&#8220; Susanne Goga: &#8222;Der Ballhausm\u00f6rder&#8220; Katharina Kramer &#8222;Die Sprache des Lichts&#8220; &hellip; <a href=\"https:\/\/buechertanz.de\/?page_id=3755\" class=\"more-link\"><span class=\"screen-reader-text\">Neuzug\u00e4nge September 2022<\/span> weiterlesen<\/a><\/p>\n","protected":false},"author":2,"featured_media":0,"parent":0,"menu_order":0,"comment_status":"open","ping_status":"closed","template":"","meta":{"footnotes":""},"class_list":["post-3755","page","type-page","status-publish","hentry"],"_links":{"self":[{"href":"https:\/\/buechertanz.de\/index.php?rest_route=\/wp\/v2\/pages\/3755","targetHints":{"allow":["GET"]}}],"collection":[{"href":"https:\/\/buechertanz.de\/index.php?rest_route=\/wp\/v2\/pages"}],"about":[{"href":"https:\/\/buechertanz.de\/index.php?rest_route=\/wp\/v2\/types\/page"}],"author":[{"embeddable":true,"href":"https:\/\/buechertanz.de\/index.php?rest_route=\/wp\/v2\/users\/2"}],"replies":[{"embeddable":true,"href":"https:\/\/buechertanz.de\/index.php?rest_route=%2Fwp%2Fv2%2Fcomments&post=3755"}],"version-history":[{"count":9,"href":"https:\/\/buechertanz.de\/index.php?rest_route=\/wp\/v2\/pages\/3755\/revisions"}],"predecessor-version":[{"id":4297,"href":"https:\/\/buechertanz.de\/index.php?rest_route=\/wp\/v2\/pages\/3755\/revisions\/4297"}],"wp:attachment":[{"href":"https:\/\/buechertanz.de\/index.php?rest_route=%2Fwp%2Fv2%2Fmedia&parent=3755"}],"curies":[{"name":"wp","href":"https:\/\/api.w.org\/{rel}","templated":true}]}}