{"id":3858,"date":"2022-10-31T13:35:07","date_gmt":"2022-10-31T12:35:07","guid":{"rendered":"https:\/\/buechertanz.de\/?page_id=3858"},"modified":"2023-11-29T21:53:26","modified_gmt":"2023-11-29T20:53:26","slug":"gelesen-oktober-2022","status":"publish","type":"page","link":"https:\/\/buechertanz.de\/?page_id=3858","title":{"rendered":"Gelesen Oktober 2022"},"content":{"rendered":"\n<p class=\"has-drop-cap has-small-font-size\">Hier findet ihr die B\u00fccher, die ich im&nbsp;<strong>Oktober 2022<\/strong>&nbsp;gelesen habe \u2013 insgesamt sind es&nbsp;<strong>f\u00fcnf B\u00fccher<\/strong>&nbsp;mit&nbsp;<strong>2.960<\/strong>&nbsp;<strong>Seiten<\/strong>. Falls es auf meinem Blog schon eine Rezension gibt, findet ihr diese, wenn ihr auf den Buchtitel klickt. Viel Spa\u00df beim Schm\u00f6kern<\/p>\n\n\n<div class=\"wp-block-image is-style-rounded\">\n<figure class=\"aligncenter size-full is-resized\"><img loading=\"lazy\" decoding=\"async\" width=\"566\" height=\"563\" src=\"https:\/\/buechertanz.de\/wp-content\/uploads\/2022\/10\/10-Oktober-.jpg\" alt=\"\" class=\"wp-image-3885\" style=\"width:430px;height:428px\" srcset=\"https:\/\/buechertanz.de\/wp-content\/uploads\/2022\/10\/10-Oktober-.jpg 566w, https:\/\/buechertanz.de\/wp-content\/uploads\/2022\/10\/10-Oktober--300x298.jpg 300w, https:\/\/buechertanz.de\/wp-content\/uploads\/2022\/10\/10-Oktober--150x150.jpg 150w\" sizes=\"auto, (max-width: 566px) 100vw, 566px\" \/><figcaption class=\"wp-element-caption\"><em>Mein Lesemonat Oktober 2022: F\u00fcnf B\u00fccher mit insgesamt 2960 Seiten<\/em><\/figcaption><\/figure><\/div>\n\n\n<p class=\"has-small-font-size\">Dieser Lesemonat stand ganz im Zeichen der Rezensionsexemplare: Ende September bekam ich gleich drei Neuerscheinungen vom wundervollen Blanvalet-Verlag zugesendet, welche ich unbedingt direkt lesen und auch rezensieren wollte.<\/p>\n\n\n\n<div class=\"wp-block-media-text alignwide is-vertically-aligned-center\" style=\"grid-template-columns:25% auto\"><figure class=\"wp-block-media-text__media\"><img loading=\"lazy\" decoding=\"async\" width=\"350\" height=\"524\" src=\"https:\/\/buechertanz.de\/wp-content\/uploads\/2022\/10\/74-Das-Haus-der-Hebammen-Ellas-Entscheidung.jpg\" alt=\"\" class=\"wp-image-3783 size-full\" srcset=\"https:\/\/buechertanz.de\/wp-content\/uploads\/2022\/10\/74-Das-Haus-der-Hebammen-Ellas-Entscheidung.jpg 350w, https:\/\/buechertanz.de\/wp-content\/uploads\/2022\/10\/74-Das-Haus-der-Hebammen-Ellas-Entscheidung-200x300.jpg 200w\" sizes=\"auto, (max-width: 350px) 100vw, 350px\" \/><\/figure><div class=\"wp-block-media-text__content\">\n<ul class=\"wp-block-list\">\n<li class=\"has-small-font-size\">Den Anfang machte <strong><a href=\"https:\/\/buechertanz.de\/?p=3782\" target=\"_blank\" rel=\"noreferrer noopener\">&#8222;Das Haus der Hebammen &#8211; Ellas Entscheidung&#8220;<\/a><\/strong>. Mit diesem finalen Teil endet diese Reihe, welche mich \u00fcber alle B\u00e4nde bestens unterhalten hat. Die Seiten flogen nur so dahin und am Ende verdr\u00fcckte ich doch ein Tr\u00e4nchen, da mir Abschiede von liebgewonnen Charakteren immer sehr schwer fallen.<\/li>\n<\/ul>\n<\/div><\/div>\n\n\n\n<p>_<\/p>\n\n\n\n<div class=\"wp-block-media-text alignwide has-media-on-the-right\" style=\"grid-template-columns:auto 20%\"><div class=\"wp-block-media-text__content\">\n<ul class=\"wp-block-list\">\n<li class=\"has-small-font-size\">Es folgte das Buch <strong><a href=\"https:\/\/buechertanz.de\/?p=3798\" target=\"_blank\" rel=\"noreferrer noopener\">&#8222;KaDeWe &#8211; Haus der Tr\u00e4ume&#8220;<\/a> <\/strong>von Marie Lacrosse &#8211; ein Buch, welches ich sehr gerne als Highlight bezeichnen m\u00f6chte. Es ist immer wieder faszinierend, wie die Autorin es schafft, geschichtlichen Stoff in eine so atemberaubende Geschichte zu packen, welche noch Wochen nach der Lekt\u00fcre nachklingt und absolut unvergessen bleibt. Dieses Buch solltet ihr euch auf keinen Fall entgehen lassen.<\/li>\n<\/ul>\n<\/div><figure class=\"wp-block-media-text__media\"><img loading=\"lazy\" decoding=\"async\" width=\"398\" height=\"608\" src=\"https:\/\/buechertanz.de\/wp-content\/uploads\/2022\/10\/75-KaDeWe-Haus-der-Traeume.jpg\" alt=\"\" class=\"wp-image-3792 size-full\" srcset=\"https:\/\/buechertanz.de\/wp-content\/uploads\/2022\/10\/75-KaDeWe-Haus-der-Traeume.jpg 398w, https:\/\/buechertanz.de\/wp-content\/uploads\/2022\/10\/75-KaDeWe-Haus-der-Traeume-196x300.jpg 196w\" sizes=\"auto, (max-width: 398px) 100vw, 398px\" \/><\/figure><\/div>\n\n\n\n<p>_<\/p>\n\n\n\n<div class=\"wp-block-media-text alignwide\" style=\"grid-template-columns:20% auto\"><figure class=\"wp-block-media-text__media\"><img loading=\"lazy\" decoding=\"async\" width=\"330\" height=\"500\" src=\"https:\/\/buechertanz.de\/wp-content\/uploads\/2022\/10\/76-Die-Gedanken-sind-frei-Eine-unerhoerte-Liebe.jpg\" alt=\"\" class=\"wp-image-3807 size-full\" srcset=\"https:\/\/buechertanz.de\/wp-content\/uploads\/2022\/10\/76-Die-Gedanken-sind-frei-Eine-unerhoerte-Liebe.jpg 330w, https:\/\/buechertanz.de\/wp-content\/uploads\/2022\/10\/76-Die-Gedanken-sind-frei-Eine-unerhoerte-Liebe-198x300.jpg 198w\" sizes=\"auto, (max-width: 330px) 100vw, 330px\" \/><\/figure><div class=\"wp-block-media-text__content\">\n<ul class=\"wp-block-list\">\n<li class=\"has-small-font-size\">Im Anschluss las ich das Buch <a href=\"https:\/\/buechertanz.de\/?p=3813\" target=\"_blank\" rel=\"noreferrer noopener\"><strong>&#8222;Die Gedanken sind frei<\/strong> <strong>&#8211; Eine unerh\u00f6rte Liebe&#8220;<\/strong><\/a><strong> <\/strong>von Julia Kr\u00f6hn. Auch wenn ich der Hauptfigur in diesem Roman nicht wirklich nahe kam, konnte ich ihr trotzdem nachf\u00fchlen. Mich haben aber vor allem die Geschichten der Nebenfiguren absolut begeistert, mitunter aber auch so fassungslos gemacht, dass ich das Buch immer mal wieder zur Seite legen musste. Eine sehr ergreifende Geschichte.<\/li>\n<\/ul>\n<\/div><\/div>\n\n\n\n<p>_<\/p>\n\n\n\n<div class=\"wp-block-media-text alignwide has-media-on-the-right\" style=\"grid-template-columns:auto 20%\"><div class=\"wp-block-media-text__content\">\n<ul class=\"wp-block-list\">\n<li class=\"has-small-font-size\">Mit <strong><a href=\"https:\/\/buechertanz.de\/?p=3825\" target=\"_blank\" rel=\"noreferrer noopener\">&#8222;Der Traumpalast &#8211; Bilder von Liebe und Macht&#8220;<\/a><\/strong> von Peter Prange ging es weiter. Vor etwa einem Jahr habe ich den ersten Band dieser Dilogie gelesen &#8211; und ich war sofort wieder zur\u00fcck in der Handlung. Eine Geschichte voller Geschichte und Geschichten, wunderbar erz\u00e4hlt und auf keiner Seite langweilig. Man kann erst wieder ruhig schlafen, wenn die letzte Seite beendet ist. Unbedingt lesen &#8211; aber bitte mit dem ersten Band beginnen!<strong> <\/strong><\/li>\n<\/ul>\n<\/div><figure class=\"wp-block-media-text__media\"><img loading=\"lazy\" decoding=\"async\" width=\"326\" height=\"500\" src=\"https:\/\/buechertanz.de\/wp-content\/uploads\/2022\/10\/77-Der-Traumpalast-Bilder-von-Liebe-und-Macht.jpg\" alt=\"\" class=\"wp-image-3819 size-full\" srcset=\"https:\/\/buechertanz.de\/wp-content\/uploads\/2022\/10\/77-Der-Traumpalast-Bilder-von-Liebe-und-Macht.jpg 326w, https:\/\/buechertanz.de\/wp-content\/uploads\/2022\/10\/77-Der-Traumpalast-Bilder-von-Liebe-und-Macht-196x300.jpg 196w\" sizes=\"auto, (max-width: 326px) 100vw, 326px\" \/><\/figure><\/div>\n\n\n\n<p>_<\/p>\n\n\n\n<div class=\"wp-block-media-text alignwide\" style=\"grid-template-columns:20% auto\"><figure class=\"wp-block-media-text__media\"><img loading=\"lazy\" decoding=\"async\" width=\"334\" height=\"500\" src=\"https:\/\/buechertanz.de\/wp-content\/uploads\/2022\/10\/78-Die-Lebkuchenprinzessin.jpg\" alt=\"\" class=\"wp-image-3843 size-full\" srcset=\"https:\/\/buechertanz.de\/wp-content\/uploads\/2022\/10\/78-Die-Lebkuchenprinzessin.jpg 334w, https:\/\/buechertanz.de\/wp-content\/uploads\/2022\/10\/78-Die-Lebkuchenprinzessin-200x300.jpg 200w\" sizes=\"auto, (max-width: 334px) 100vw, 334px\" \/><\/figure><div class=\"wp-block-media-text__content\">\n<ul class=\"wp-block-list\">\n<li class=\"has-small-font-size\"><strong><a href=\"https:\/\/buechertanz.de\/?p=3851\" target=\"_blank\" rel=\"noreferrer noopener\">&#8222;Die Lebkuchen-Prinzessin&#8220;<\/a><\/strong> von Romy Herold beendete meinen Lesemonat Oktober 2022. Ein Buch voller wohliger W\u00e4rme, D\u00fcften, k\u00f6stlichen Geschmack und ganz wunderbaren Figuren. Hier wird geschichtliches Wissen einfach unterhaltsam und h\u00f6chst interessant vermittelt. Top!<\/li>\n<\/ul>\n<\/div><\/div>\n\n\n\n<p>_<\/p>\n\n\n\n<p class=\"has-small-font-size\">Das war mein Lesemonat Oktober 2022. Da doch einige ordentliche &#8218;Schinken&#8216; dabei waren, sind es &#8217;nur&#8216; f\u00fcnf B\u00fccher geworden &#8211; doch sie alle haben mich bestens unterhalten.<br>Ich bedanke mich noch einmal an dieser Stelle ganz herzlich beim Blanvalet-Verlag, beim Goldmann-Verlag und dem Fischer-Scherz-Verlag f\u00fcr die Zusendung und Bereitstellung der B\u00fccher als Rezensionsexemplare. Und auch ein herzliches Dankesch\u00f6n an die Autorinnen und Autoren f\u00fcr die wunderbaren Lesestunden.<\/p>\n\n\n\n<p class=\"has-small-font-size\">Liebe Gr\u00fc\u00dfe, eure<\/p>\n\n\n\n<figure class=\"wp-block-image size-large is-resized\"><img loading=\"lazy\" decoding=\"async\" width=\"1024\" height=\"404\" src=\"https:\/\/buechertanz.de\/wp-content\/uploads\/2022\/06\/Unterschrift-1024x404.jpg\" alt=\"\" class=\"wp-image-3355\" style=\"width:183px;height:72px\" srcset=\"https:\/\/buechertanz.de\/wp-content\/uploads\/2022\/06\/Unterschrift-1024x404.jpg 1024w, https:\/\/buechertanz.de\/wp-content\/uploads\/2022\/06\/Unterschrift-300x118.jpg 300w, https:\/\/buechertanz.de\/wp-content\/uploads\/2022\/06\/Unterschrift-768x303.jpg 768w, https:\/\/buechertanz.de\/wp-content\/uploads\/2022\/06\/Unterschrift.jpg 1500w\" sizes=\"auto, (max-width: 1024px) 100vw, 1024px\" \/><\/figure>\n","protected":false},"excerpt":{"rendered":"<p>Hier findet ihr die B\u00fccher, die ich im&nbsp;Oktober 2022&nbsp;gelesen habe \u2013 insgesamt sind es&nbsp;f\u00fcnf B\u00fccher&nbsp;mit&nbsp;2.960&nbsp;Seiten. Falls es auf meinem Blog schon eine Rezension gibt, findet ihr diese, wenn ihr auf den Buchtitel klickt. Viel Spa\u00df beim Schm\u00f6kern Dieser Lesemonat stand ganz im Zeichen der Rezensionsexemplare: Ende September bekam ich gleich drei Neuerscheinungen vom wundervollen Blanvalet-Verlag &hellip; <a href=\"https:\/\/buechertanz.de\/?page_id=3858\" class=\"more-link\"><span class=\"screen-reader-text\">Gelesen Oktober 2022<\/span> weiterlesen<\/a><\/p>\n","protected":false},"author":2,"featured_media":0,"parent":0,"menu_order":0,"comment_status":"open","ping_status":"closed","template":"","meta":{"footnotes":""},"class_list":["post-3858","page","type-page","status-publish","hentry"],"_links":{"self":[{"href":"https:\/\/buechertanz.de\/index.php?rest_route=\/wp\/v2\/pages\/3858","targetHints":{"allow":["GET"]}}],"collection":[{"href":"https:\/\/buechertanz.de\/index.php?rest_route=\/wp\/v2\/pages"}],"about":[{"href":"https:\/\/buechertanz.de\/index.php?rest_route=\/wp\/v2\/types\/page"}],"author":[{"embeddable":true,"href":"https:\/\/buechertanz.de\/index.php?rest_route=\/wp\/v2\/users\/2"}],"replies":[{"embeddable":true,"href":"https:\/\/buechertanz.de\/index.php?rest_route=%2Fwp%2Fv2%2Fcomments&post=3858"}],"version-history":[{"count":5,"href":"https:\/\/buechertanz.de\/index.php?rest_route=\/wp\/v2\/pages\/3858\/revisions"}],"predecessor-version":[{"id":6467,"href":"https:\/\/buechertanz.de\/index.php?rest_route=\/wp\/v2\/pages\/3858\/revisions\/6467"}],"wp:attachment":[{"href":"https:\/\/buechertanz.de\/index.php?rest_route=%2Fwp%2Fv2%2Fmedia&parent=3858"}],"curies":[{"name":"wp","href":"https:\/\/api.w.org\/{rel}","templated":true}]}}