{"id":3983,"date":"2022-11-30T11:07:01","date_gmt":"2022-11-30T10:07:01","guid":{"rendered":"https:\/\/buechertanz.de\/?page_id=3983"},"modified":"2023-08-08T11:36:19","modified_gmt":"2023-08-08T10:36:19","slug":"gelesen-november-2022","status":"publish","type":"page","link":"https:\/\/buechertanz.de\/?page_id=3983","title":{"rendered":"Gelesen November 2022"},"content":{"rendered":"\n<p class=\"has-small-font-size\">Hier findet ihr die B\u00fccher, die ich im&nbsp;<strong>November 2022<\/strong>&nbsp;gelesen habe \u2013 insgesamt sind es&nbsp;<strong>sechs B\u00fccher<\/strong>&nbsp;mit&nbsp;genau <strong>3000&nbsp;Seiten<\/strong> geworden. Falls es auf meinem Blog schon eine Rezension gibt, findet ihr diese, wenn ihr auf den Buchtitel klickt. Viel Spa\u00df beim Schm\u00f6kern<\/p>\n\n\n<div class=\"wp-block-image is-style-default\">\n<figure class=\"aligncenter size-full\"><img loading=\"lazy\" decoding=\"async\" width=\"728\" height=\"728\" src=\"https:\/\/buechertanz.de\/wp-content\/uploads\/2022\/11\/11-November.jpg\" alt=\"\" class=\"wp-image-3996\" srcset=\"https:\/\/buechertanz.de\/wp-content\/uploads\/2022\/11\/11-November.jpg 728w, https:\/\/buechertanz.de\/wp-content\/uploads\/2022\/11\/11-November-300x300.jpg 300w, https:\/\/buechertanz.de\/wp-content\/uploads\/2022\/11\/11-November-150x150.jpg 150w\" sizes=\"auto, (max-width: 728px) 100vw, 728px\" \/><figcaption class=\"wp-element-caption\"><em>Mein Lesemonat November 2022: Sechs B\u00fccher mit insgesamt 3.000 Seiten<\/em><\/figcaption><\/figure><\/div>\n\n\n<p class=\"has-small-font-size\">Wie schon der Oktober 2022 stand auch der November 2022 ganz im Zeichen der Rezensionsexemplare. Einige von diesen kamen bereits im Oktober hier an, andere im November.  <br>Zeitlich bewegte ich mich im fr\u00fchen Mittelalter (11. Jahrhundert), im sp\u00e4ten Mittelalter (15. Jahrhundert) und im 20. Jahrhundert.<\/p>\n\n\n\n<p>_<\/p>\n\n\n\n<div class=\"wp-block-media-text alignwide\" style=\"grid-template-columns:20% auto\"><figure class=\"wp-block-media-text__media\"><img loading=\"lazy\" decoding=\"async\" width=\"321\" height=\"500\" src=\"https:\/\/buechertanz.de\/wp-content\/uploads\/2022\/11\/79-Fraeulein-Gold-Die-Rote-Insel.jpg\" alt=\"\" class=\"wp-image-3887 size-full\" srcset=\"https:\/\/buechertanz.de\/wp-content\/uploads\/2022\/11\/79-Fraeulein-Gold-Die-Rote-Insel.jpg 321w, https:\/\/buechertanz.de\/wp-content\/uploads\/2022\/11\/79-Fraeulein-Gold-Die-Rote-Insel-193x300.jpg 193w\" sizes=\"auto, (max-width: 321px) 100vw, 321px\" \/><\/figure><div class=\"wp-block-media-text__content\">\n<ul class=\"has-small-font-size wp-block-list\">\n<li>Den Anfang machte <a rel=\"noreferrer noopener\" href=\"https:\/\/buechertanz.de\/?p=3905\" target=\"_blank\">&#8222;Fr\u00e4ulein Gold &#8211; Die Rote Insel&#8220;<\/a> von Anne Stern. Diese Buchreihe hat es mir seit dem ersten Teil sehr angetan und ich warte stets voller Ungeduld auf die weiteren Teile der Reihe. <br>Hier kam ich Hulda Gold noch einmal sehr viel n\u00e4her und dazu gab es eine so spannende Handlung &#8211; ein unbedingter Lesetipp und ein absolutes Highlight!<\/li>\n<\/ul>\n<\/div><\/div>\n\n\n\n<p>_<\/p>\n\n\n\n<div class=\"wp-block-media-text alignwide has-media-on-the-right\" style=\"grid-template-columns:auto 20%\"><div class=\"wp-block-media-text__content\">\n<ul class=\"has-small-font-size wp-block-list\">\n<li>Es folgte <a rel=\"noreferrer noopener\" href=\"https:\/\/buechertanz.de\/?p=3899\" target=\"_blank\">&#8222;Die Bodensee-Saga &#8211; T\u00f6chter des Gl\u00fccks&#8220;<\/a> von Maria Nikolai. Dieses rundum perfekte Buch habe ich immer wieder gerne in die Hand genommen, da es alles vereint, was ich an Familiensagas liebe und sch\u00e4tze: Gro\u00dfe Gef\u00fchle, Spannung, Historie und abwechslungsreiche Charaktere mit einer authentischen Entwicklung. Ganz gro\u00dfes Kopfkino und ein lesenswerter zweiter Band einer tollen Buchreihe.<\/li>\n<\/ul>\n<\/div><figure class=\"wp-block-media-text__media\"><img loading=\"lazy\" decoding=\"async\" width=\"260\" height=\"390\" src=\"https:\/\/buechertanz.de\/wp-content\/uploads\/2022\/11\/80-Toechter-des-Gluecks-Die-Bodensee-Saga.jpg\" alt=\"\" class=\"wp-image-3894 size-full\" srcset=\"https:\/\/buechertanz.de\/wp-content\/uploads\/2022\/11\/80-Toechter-des-Gluecks-Die-Bodensee-Saga.jpg 260w, https:\/\/buechertanz.de\/wp-content\/uploads\/2022\/11\/80-Toechter-des-Gluecks-Die-Bodensee-Saga-200x300.jpg 200w\" sizes=\"auto, (max-width: 260px) 100vw, 260px\" \/><\/figure><\/div>\n\n\n\n<p>_<\/p>\n\n\n\n<div class=\"wp-block-media-text alignwide\" style=\"grid-template-columns:21% auto\"><figure class=\"wp-block-media-text__media\"><img loading=\"lazy\" decoding=\"async\" width=\"316\" height=\"500\" src=\"https:\/\/buechertanz.de\/wp-content\/uploads\/2022\/11\/81-Der-Eiserne-Herzog.jpg\" alt=\"\" class=\"wp-image-3912 size-full\" srcset=\"https:\/\/buechertanz.de\/wp-content\/uploads\/2022\/11\/81-Der-Eiserne-Herzog.jpg 316w, https:\/\/buechertanz.de\/wp-content\/uploads\/2022\/11\/81-Der-Eiserne-Herzog-190x300.jpg 190w\" sizes=\"auto, (max-width: 316px) 100vw, 316px\" \/><\/figure><div class=\"wp-block-media-text__content\">\n<ul class=\"has-small-font-size wp-block-list\">\n<li>Mit <a rel=\"noreferrer noopener\" href=\"https:\/\/buechertanz.de\/?p=3919\" target=\"_blank\">&#8222;Der eiserne Herzog&#8220;<\/a> von Ulf Schiewe sprang ich im Anschluss ganz weit zur\u00fcck in die Geschichte. Es ging ins 11. Jahrhundert nach Flandern, England und in die Normandie. Hier durfte ich erfahren, wie es zu der &#8218;Schlacht von Hastings&#8216; kommen konnte. Ulf Schiewe ist es gelungen, ein St\u00fcck Zeitgeschichte, welches fast 1000 Jahre zur\u00fcckliegt, \u00e4u\u00dferst bildhaft und authentisch zu beschreiben. Ein sehr guter historischer Roman, welcher mich mit seinen vielen und facettenreichen Figuren \u00fcberzeugen konnte und bis zuletzt \u00e4u\u00dferst spannungsgeladen erz\u00e4hlt wird. Sehr empfehlenswert!<\/li>\n<\/ul>\n<\/div><\/div>\n\n\n\n<p>_<\/p>\n\n\n\n<div class=\"wp-block-media-text alignwide has-media-on-the-right\" style=\"grid-template-columns:auto 22%\"><div class=\"wp-block-media-text__content\">\n<ul class=\"has-small-font-size wp-block-list\">\n<li>Es ging mit <a rel=\"noreferrer noopener\" href=\"https:\/\/buechertanz.de\/?p=3936\" target=\"_blank\">&#8222;Kinder des Aufbruchs&#8220;<\/a> von Claire Winter wieder zur\u00fcck ins 20. Jahrhundert, in die Zeit des Kalten Krieges.<br>Dies ist ein sehr atmosph\u00e4rischer Roman, mit ordentlich Spannung und Dramatik aber auch viel Emotionalit\u00e4t und Hoffnung und steht dem Vorg\u00e4ngerband in keiner Weise nach und konnte mich mit den spannungsgeladen historischen Hintergr\u00fcnden, der bildhaften Sprache und den facettenreichen Charakteren wieder komplett in den Bann ziehen. Absolut lesenswert!<\/li>\n<\/ul>\n<\/div><figure class=\"wp-block-media-text__media\"><img loading=\"lazy\" decoding=\"async\" width=\"472\" height=\"754\" src=\"https:\/\/buechertanz.de\/wp-content\/uploads\/2022\/11\/82-Kinder-des-Aufbruchs.jpg\" alt=\"\" class=\"wp-image-3927 size-full\" srcset=\"https:\/\/buechertanz.de\/wp-content\/uploads\/2022\/11\/82-Kinder-des-Aufbruchs.jpg 472w, https:\/\/buechertanz.de\/wp-content\/uploads\/2022\/11\/82-Kinder-des-Aufbruchs-188x300.jpg 188w\" sizes=\"auto, (max-width: 472px) 100vw, 472px\" \/><\/figure><\/div>\n\n\n\n<p>_<\/p>\n\n\n\n<div class=\"wp-block-media-text alignwide\" style=\"grid-template-columns:22% auto\"><figure class=\"wp-block-media-text__media\"><img loading=\"lazy\" decoding=\"async\" width=\"305\" height=\"499\" src=\"https:\/\/buechertanz.de\/wp-content\/uploads\/2022\/11\/83-Das-Laecheln-der-Imperia.jpg\" alt=\"\" class=\"wp-image-3944 size-full\" srcset=\"https:\/\/buechertanz.de\/wp-content\/uploads\/2022\/11\/83-Das-Laecheln-der-Imperia.jpg 305w, https:\/\/buechertanz.de\/wp-content\/uploads\/2022\/11\/83-Das-Laecheln-der-Imperia-183x300.jpg 183w\" sizes=\"auto, (max-width: 305px) 100vw, 305px\" \/><\/figure><div class=\"wp-block-media-text__content\">\n<ul class=\"has-small-font-size wp-block-list\">\n<li>Und wieder machte ich einen Sprung ins Mittelalter &#8211; dieses mal jedoch in das sp\u00e4te Mittelalter: <a href=\"https:\/\/buechertanz.de\/?p=3953\" target=\"_blank\" rel=\"noreferrer noopener\">&#8222;Das L\u00e4cheln der Imperia&#8220;<\/a> von Antje Windgassen. Ich mochte die farbenfrohen Figuren und konnte mich gut in die Geschichte und den spannenden geschichtlichen Hintergrund einf\u00fchlen. Allerdings verlief mir die Handlung mit unter etwas zu glatt, es gab fast keinerlei R\u00fcckschl\u00e4ge f\u00fcr die Figuren. Trotzdem: Dieser Roman ist eine spannende und interessante Zeitreise, hat mir sehr viel Wissen \u00fcber das Konzil in Konstanz und dessen Hintergr\u00fcnde vermittelt und ist ganz wunderbar zu lesen. Alles in allem kann ich euch das Buch guten Gewissens empfehlen.<\/li>\n<\/ul>\n<\/div><\/div>\n\n\n\n<p>_<\/p>\n\n\n\n<div class=\"wp-block-media-text alignwide has-media-on-the-right\" style=\"grid-template-columns:auto 23%\"><div class=\"wp-block-media-text__content\">\n<ul class=\"has-small-font-size wp-block-list\">\n<li>Den Abschluss des Lesemonats November bildete das Buch<a href=\"https:\/\/buechertanz.de\/?p=3973\" target=\"_blank\" rel=\"noreferrer noopener\"> &#8222;Dallmayr &#8211; Der Glanz einer neuen \u00c4ra<\/a>&#8220; von Lisa Graf. <br>Was f\u00fcr eine spannende und mitrei\u00dfende Geschichte \u2013 voller W\u00e4rme, Hoffnung, Tragik, Genuss und mit unvergesslichen Figuren. Eine sehr lesenswerte Fortsetzung, welche dem ersten Teil in Nichts nachsteht. Ein sehr lesenswertes und kurzweiliges Buch, welches ich euch sehr gerne empfehle.<br>Aber Achtung: Unbedingt den ersten Teil (<a href=\"https:\/\/buechertanz.de\/?p=2512\" target=\"_blank\" rel=\"noreferrer noopener\">&#8222;Dallmayr &#8211; Der Traum vom sch\u00f6nen Leben&#8220;<\/a>) zuerst lesen. <\/li>\n<\/ul>\n<\/div><figure class=\"wp-block-media-text__media\"><img loading=\"lazy\" decoding=\"async\" width=\"414\" height=\"632\" src=\"https:\/\/buechertanz.de\/wp-content\/uploads\/2022\/11\/84-Dallmayer-Der-Glanz-einer-neuen-Aera.jpg\" alt=\"\" class=\"wp-image-3965 size-full\" srcset=\"https:\/\/buechertanz.de\/wp-content\/uploads\/2022\/11\/84-Dallmayer-Der-Glanz-einer-neuen-Aera.jpg 414w, https:\/\/buechertanz.de\/wp-content\/uploads\/2022\/11\/84-Dallmayer-Der-Glanz-einer-neuen-Aera-197x300.jpg 197w\" sizes=\"auto, (max-width: 414px) 100vw, 414px\" \/><\/figure><\/div>\n\n\n\n<p>_<\/p>\n\n\n\n<p class=\"has-small-font-size\">Das war mein Lesemonat November 2022.<br>Ich bedanke mich noch einmal an dieser Stelle ganz herzlich beim Rowohlt Verlag, beim Penguin-Verlag, beim L\u00fcbbe-Verlag und beim S\u00fcdverlag f\u00fcr die Zusendung und Bereitstellung der B\u00fccher als Rezensionsexemplare. Und auch ein herzliches Dankesch\u00f6n an die Autorinnen und Autoren f\u00fcr die wunderbaren Lesestunden.<\/p>\n\n\n\n<p class=\"has-small-font-size\">Liebe Gr\u00fc\u00dfe, eure<\/p>\n\n\n\n<figure class=\"wp-block-image size-large is-resized\"><img loading=\"lazy\" decoding=\"async\" src=\"https:\/\/buechertanz.de\/wp-content\/uploads\/2022\/06\/Unterschrift-1024x404.jpg\" alt=\"\" class=\"wp-image-3355\" width=\"213\" height=\"84\" srcset=\"https:\/\/buechertanz.de\/wp-content\/uploads\/2022\/06\/Unterschrift-1024x404.jpg 1024w, https:\/\/buechertanz.de\/wp-content\/uploads\/2022\/06\/Unterschrift-300x118.jpg 300w, https:\/\/buechertanz.de\/wp-content\/uploads\/2022\/06\/Unterschrift-768x303.jpg 768w, https:\/\/buechertanz.de\/wp-content\/uploads\/2022\/06\/Unterschrift.jpg 1500w\" sizes=\"auto, (max-width: 213px) 100vw, 213px\" \/><\/figure>\n","protected":false},"excerpt":{"rendered":"<p>Hier findet ihr die B\u00fccher, die ich im&nbsp;November 2022&nbsp;gelesen habe \u2013 insgesamt sind es&nbsp;sechs B\u00fccher&nbsp;mit&nbsp;genau 3000&nbsp;Seiten geworden. Falls es auf meinem Blog schon eine Rezension gibt, findet ihr diese, wenn ihr auf den Buchtitel klickt. Viel Spa\u00df beim Schm\u00f6kern Wie schon der Oktober 2022 stand auch der November 2022 ganz im Zeichen der Rezensionsexemplare. Einige &hellip; <a href=\"https:\/\/buechertanz.de\/?page_id=3983\" class=\"more-link\"><span class=\"screen-reader-text\">Gelesen November 2022<\/span> weiterlesen<\/a><\/p>\n","protected":false},"author":2,"featured_media":0,"parent":0,"menu_order":0,"comment_status":"open","ping_status":"closed","template":"","meta":{"footnotes":""},"class_list":["post-3983","page","type-page","status-publish","hentry"],"_links":{"self":[{"href":"https:\/\/buechertanz.de\/index.php?rest_route=\/wp\/v2\/pages\/3983","targetHints":{"allow":["GET"]}}],"collection":[{"href":"https:\/\/buechertanz.de\/index.php?rest_route=\/wp\/v2\/pages"}],"about":[{"href":"https:\/\/buechertanz.de\/index.php?rest_route=\/wp\/v2\/types\/page"}],"author":[{"embeddable":true,"href":"https:\/\/buechertanz.de\/index.php?rest_route=\/wp\/v2\/users\/2"}],"replies":[{"embeddable":true,"href":"https:\/\/buechertanz.de\/index.php?rest_route=%2Fwp%2Fv2%2Fcomments&post=3983"}],"version-history":[{"count":6,"href":"https:\/\/buechertanz.de\/index.php?rest_route=\/wp\/v2\/pages\/3983\/revisions"}],"predecessor-version":[{"id":5628,"href":"https:\/\/buechertanz.de\/index.php?rest_route=\/wp\/v2\/pages\/3983\/revisions\/5628"}],"wp:attachment":[{"href":"https:\/\/buechertanz.de\/index.php?rest_route=%2Fwp%2Fv2%2Fmedia&parent=3983"}],"curies":[{"name":"wp","href":"https:\/\/api.w.org\/{rel}","templated":true}]}}