{"id":3984,"date":"2022-11-30T11:07:01","date_gmt":"2022-11-30T10:07:01","guid":{"rendered":"https:\/\/buechertanz.de\/?page_id=3984"},"modified":"2023-01-04T15:54:07","modified_gmt":"2023-01-04T14:54:07","slug":"neuzugaenge-november-2022","status":"publish","type":"page","link":"https:\/\/buechertanz.de\/?page_id=3984","title":{"rendered":"Neuzug\u00e4nge November 2022"},"content":{"rendered":"\n<p class=\"has-drop-cap has-small-font-size\">Im<strong>\u00a0November 2022<\/strong>\u00a0sind insgesamt\u00a0<strong>14 B\u00fccher<\/strong>\u00a0hier eingezogen:<br>F\u00fcnf neue B\u00fccher, vier Rezensionsexemplare, ein Buch aus einem \u00d6ffentlichen B\u00fccherschrank, ein Geschenk und drei B\u00fccher, die ich bei Gewinnspielen gewonnen habe.<br>Falls es eine Rezension auf meinem Blog gibt, gelangt ihr mit einem Klick auf den Titel direkt bei der Rezension.<\/p>\n\n\n\n<figure class=\"wp-block-image size-large is-style-default\"><img loading=\"lazy\" decoding=\"async\" width=\"1019\" height=\"1024\" src=\"https:\/\/buechertanz.de\/wp-content\/uploads\/2022\/11\/11-November-gesamt-1019x1024.jpg\" alt=\"\" class=\"wp-image-4001\" srcset=\"https:\/\/buechertanz.de\/wp-content\/uploads\/2022\/11\/11-November-gesamt-1019x1024.jpg 1019w, https:\/\/buechertanz.de\/wp-content\/uploads\/2022\/11\/11-November-gesamt-298x300.jpg 298w, https:\/\/buechertanz.de\/wp-content\/uploads\/2022\/11\/11-November-gesamt-150x150.jpg 150w, https:\/\/buechertanz.de\/wp-content\/uploads\/2022\/11\/11-November-gesamt-768x772.jpg 768w, https:\/\/buechertanz.de\/wp-content\/uploads\/2022\/11\/11-November-gesamt.jpg 1516w\" sizes=\"auto, (max-width: 1019px) 100vw, 1019px\" \/><figcaption><em>Meine neuen Seitlinge vom November 2022<\/em><\/figcaption><\/figure>\n\n\n\n<p>_<\/p>\n\n\n\n<div class=\"wp-block-media-text alignwide\"><figure class=\"wp-block-media-text__media\"><img loading=\"lazy\" decoding=\"async\" width=\"600\" height=\"600\" src=\"https:\/\/buechertanz.de\/wp-content\/uploads\/2022\/11\/11-November-Neue-Buecher.jpg\" alt=\"\" class=\"wp-image-4002 size-full\" srcset=\"https:\/\/buechertanz.de\/wp-content\/uploads\/2022\/11\/11-November-Neue-Buecher.jpg 600w, https:\/\/buechertanz.de\/wp-content\/uploads\/2022\/11\/11-November-Neue-Buecher-300x300.jpg 300w, https:\/\/buechertanz.de\/wp-content\/uploads\/2022\/11\/11-November-Neue-Buecher-150x150.jpg 150w\" sizes=\"auto, (max-width: 600px) 100vw, 600px\" \/><\/figure><div class=\"wp-block-media-text__content\">\n<p class=\"has-drop-cap has-small-font-size\"><strong>Neue B\u00fccher:<\/strong><\/p>\n\n\n\n<p><\/p>\n\n\n\n<ul class=\"has-small-font-size wp-block-list\"><li>Charlotte Roth: <em>&#8222;Die Wintergarten-Frauen: Der Traum beginnt&#8220;<\/em><\/li><li>Wendy Holden: <em>&#8222;Wallis &amp; Edward&#8220;<\/em><\/li><li>Anne Jacobs: <em>&#8222;Wiedersehen in der Tuchvilla&#8220;<\/em><\/li><li>Kristina L\u00fcding: <em>&#8222;Margarete Steiff&#8220;<\/em><\/li><li>Fenja L\u00fcders: <em>&#8222;Der Duft der weiten Welt&#8220;<\/em><\/li><\/ul>\n<\/div><\/div>\n\n\n\n<p>_<\/p>\n\n\n\n<div class=\"wp-block-media-text alignwide has-media-on-the-right\"><figure class=\"wp-block-media-text__media\"><img loading=\"lazy\" decoding=\"async\" width=\"668\" height=\"668\" src=\"https:\/\/buechertanz.de\/wp-content\/uploads\/2022\/11\/11-November-Rezis.jpg\" alt=\"\" class=\"wp-image-4003 size-full\" srcset=\"https:\/\/buechertanz.de\/wp-content\/uploads\/2022\/11\/11-November-Rezis.jpg 668w, https:\/\/buechertanz.de\/wp-content\/uploads\/2022\/11\/11-November-Rezis-300x300.jpg 300w, https:\/\/buechertanz.de\/wp-content\/uploads\/2022\/11\/11-November-Rezis-150x150.jpg 150w\" sizes=\"auto, (max-width: 668px) 100vw, 668px\" \/><\/figure><div class=\"wp-block-media-text__content\">\n<p class=\"has-drop-cap has-small-font-size\"><strong>Rezensionsexemplare:<\/strong><\/p>\n\n\n\n<p><\/p>\n\n\n\n<ul class=\"has-small-font-size wp-block-list\"><li>Anne Stern: <em><a rel=\"noreferrer noopener\" href=\"https:\/\/buechertanz.de\/?p=3905\" target=\"_blank\">&#8222;Fr\u00e4ulein Gold &#8211; Die Rote Insel&#8220;<\/a><\/em><\/li><li>Antje Windgassen: <em><a rel=\"noreferrer noopener\" href=\"https:\/\/buechertanz.de\/?p=3953\" target=\"_blank\">&#8222;Das L\u00e4cheln der Imperia&#8220;<\/a><\/em><\/li><li>Lisa Graf: <em><a rel=\"noreferrer noopener\" href=\"https:\/\/buechertanz.de\/?p=3973\" target=\"_blank\">&#8222;Dallmayr &#8211; Der Glanz einer neuen \u00c4ra&#8220;<\/a><\/em><\/li><li>Ana Pawlik:<em> &#8222;Die Welt im Nebel&#8220;<\/em><\/li><\/ul>\n<\/div><\/div>\n\n\n\n<p>_<\/p>\n\n\n\n<div class=\"wp-block-media-text alignwide\"><figure class=\"wp-block-media-text__media\"><img loading=\"lazy\" decoding=\"async\" width=\"677\" height=\"658\" src=\"https:\/\/buechertanz.de\/wp-content\/uploads\/2022\/11\/11-November-Buecherschrank-Geschenke-Gewinne.jpg\" alt=\"\" class=\"wp-image-4004 size-full\" srcset=\"https:\/\/buechertanz.de\/wp-content\/uploads\/2022\/11\/11-November-Buecherschrank-Geschenke-Gewinne.jpg 677w, https:\/\/buechertanz.de\/wp-content\/uploads\/2022\/11\/11-November-Buecherschrank-Geschenke-Gewinne-300x292.jpg 300w\" sizes=\"auto, (max-width: 677px) 100vw, 677px\" \/><\/figure><div class=\"wp-block-media-text__content\">\n<p class=\"has-drop-cap has-small-font-size\"><strong>\u00d6ffentlicher B\u00fccherschrank:<\/strong><\/p>\n\n\n\n<p><\/p>\n\n\n\n<ul class=\"has-small-font-size wp-block-list\"><li>Eric Walz: <em>&#8222;Die S\u00fcndenburg&#8220;<\/em><\/li><\/ul>\n\n\n\n<p class=\"has-drop-cap has-small-font-size\"><strong>Geschenk:<\/strong><\/p>\n\n\n\n<p><\/p>\n\n\n\n<ul class=\"has-small-font-size wp-block-list\"><li>Bettina Storks: <em>&#8222;Das Haus am Himmelsrand&#8220;<\/em><\/li><\/ul>\n\n\n\n<p class=\"has-drop-cap has-small-font-size\"><strong>Gewinne:<\/strong><\/p>\n\n\n\n<p><\/p>\n\n\n\n<ul class=\"has-small-font-size wp-block-list\"><li>Anne Gesthuysen: <em>&#8222;M\u00e4delsabend&#8220;<\/em><\/li><li>Matthias Brandt: <em>&#8222;Blackbird&#8220;<\/em><\/li><li>Lilli Beck: <em>&#8222;Wenn die Hoffnung erwacht&#8220;<\/em><\/li><\/ul>\n<\/div><\/div>\n\n\n\n<p>_<\/p>\n\n\n\n<p class=\"has-small-font-size\">Einige dieser wundersch\u00f6nen Neuzug\u00e4nge sind bereits gelesen, auf andere freue ich mich noch. <br>Ich bedanke mich bei der Autorin Ana Pawlik  und auch bei dem Rowohlt Verlag, bei dem S\u00fcdverlag und dem Penguin Verlag f\u00fcr die Rezensionsexemplare.<br>Bei Bettina Storks bedanke ich mich ganz herzlich f\u00fcr &#8222;Das Haus am Himmelsrand&#8220;, welches sie mir im Zuge ihrer Lesung am 16. November 2022 in Gundelfingen geschenkt hat.<br>Danke an Lilli Beck f\u00fcr &#8222;Wenn die Hoffnung erwacht&#8220;, welches ich bei einem Gewinnspiel auf Instagram gewonnen habe.<br>Die B\u00fccher &#8222;Blackbird&#8220; von Matthias Brand und &#8222;M\u00e4delsabend&#8220; von Anne Gesthuysen habe ich bei einem Fotowettbewerb der &#8222;Gundelfinger B\u00fccherstube&#8220; gewonnen. Vielen Dank!<\/p>\n\n\n\n<p class=\"has-small-font-size\">Herzlichen Gru\u00df, eure<\/p>\n\n\n\n<figure class=\"wp-block-image size-large is-resized\"><img loading=\"lazy\" decoding=\"async\" src=\"https:\/\/buechertanz.de\/wp-content\/uploads\/2022\/06\/Unterschrift-1024x404.jpg\" alt=\"\" class=\"wp-image-3355\" width=\"189\" height=\"74\" srcset=\"https:\/\/buechertanz.de\/wp-content\/uploads\/2022\/06\/Unterschrift-1024x404.jpg 1024w, https:\/\/buechertanz.de\/wp-content\/uploads\/2022\/06\/Unterschrift-300x118.jpg 300w, https:\/\/buechertanz.de\/wp-content\/uploads\/2022\/06\/Unterschrift-768x303.jpg 768w, https:\/\/buechertanz.de\/wp-content\/uploads\/2022\/06\/Unterschrift.jpg 1500w\" sizes=\"auto, (max-width: 189px) 100vw, 189px\" \/><\/figure>\n\n\n<div class=\"wp-block-image is-style-rounded\">\n<figure class=\"aligncenter size-full is-resized\"><img loading=\"lazy\" decoding=\"async\" src=\"https:\/\/buechertanz.de\/wp-content\/uploads\/2019\/03\/cropped-Blume-1.png\" alt=\"\" class=\"wp-image-2847\" width=\"207\" height=\"207\" srcset=\"https:\/\/buechertanz.de\/wp-content\/uploads\/2019\/03\/cropped-Blume-1.png 248w, https:\/\/buechertanz.de\/wp-content\/uploads\/2019\/03\/cropped-Blume-1-150x150.png 150w\" sizes=\"auto, (max-width: 207px) 100vw, 207px\" \/><\/figure><\/div>","protected":false},"excerpt":{"rendered":"<p>Im\u00a0November 2022\u00a0sind insgesamt\u00a014 B\u00fccher\u00a0hier eingezogen:F\u00fcnf neue B\u00fccher, vier Rezensionsexemplare, ein Buch aus einem \u00d6ffentlichen B\u00fccherschrank, ein Geschenk und drei B\u00fccher, die ich bei Gewinnspielen gewonnen habe.Falls es eine Rezension auf meinem Blog gibt, gelangt ihr mit einem Klick auf den Titel direkt bei der Rezension. _ Neue B\u00fccher: Charlotte Roth: &#8222;Die Wintergarten-Frauen: Der Traum beginnt&#8220; &hellip; <a href=\"https:\/\/buechertanz.de\/?page_id=3984\" class=\"more-link\"><span class=\"screen-reader-text\">Neuzug\u00e4nge November 2022<\/span> weiterlesen<\/a><\/p>\n","protected":false},"author":2,"featured_media":0,"parent":0,"menu_order":0,"comment_status":"open","ping_status":"closed","template":"","meta":{"footnotes":""},"class_list":["post-3984","page","type-page","status-publish","hentry"],"_links":{"self":[{"href":"https:\/\/buechertanz.de\/index.php?rest_route=\/wp\/v2\/pages\/3984","targetHints":{"allow":["GET"]}}],"collection":[{"href":"https:\/\/buechertanz.de\/index.php?rest_route=\/wp\/v2\/pages"}],"about":[{"href":"https:\/\/buechertanz.de\/index.php?rest_route=\/wp\/v2\/types\/page"}],"author":[{"embeddable":true,"href":"https:\/\/buechertanz.de\/index.php?rest_route=\/wp\/v2\/users\/2"}],"replies":[{"embeddable":true,"href":"https:\/\/buechertanz.de\/index.php?rest_route=%2Fwp%2Fv2%2Fcomments&post=3984"}],"version-history":[{"count":8,"href":"https:\/\/buechertanz.de\/index.php?rest_route=\/wp\/v2\/pages\/3984\/revisions"}],"predecessor-version":[{"id":4302,"href":"https:\/\/buechertanz.de\/index.php?rest_route=\/wp\/v2\/pages\/3984\/revisions\/4302"}],"wp:attachment":[{"href":"https:\/\/buechertanz.de\/index.php?rest_route=%2Fwp%2Fv2%2Fmedia&parent=3984"}],"curies":[{"name":"wp","href":"https:\/\/api.w.org\/{rel}","templated":true}]}}