{"id":4057,"date":"2022-12-30T15:52:57","date_gmt":"2022-12-30T14:52:57","guid":{"rendered":"https:\/\/buechertanz.de\/?page_id=4057"},"modified":"2023-01-30T23:57:31","modified_gmt":"2023-01-30T22:57:31","slug":"neuzugaenge-dezember-2022","status":"publish","type":"page","link":"https:\/\/buechertanz.de\/?page_id=4057","title":{"rendered":"Neuzug\u00e4nge Dezember 2022"},"content":{"rendered":"\n<p class=\"has-drop-cap has-small-font-size\">Im<strong>&nbsp;Dezember 2022<\/strong>&nbsp;sind insgesamt&nbsp;<strong>13 B\u00fccher<\/strong>&nbsp;hier eingezogen:<br>Acht neue B\u00fccher, vier Rezensionsexemplare und ein Geschenk, welches ich von der Autorin Petra Durst-Benning zugesendet bekommen habe.<br>Falls es eine Rezension auf meinem Blog gibt, gelangt ihr mit einem Klick auf den Titel direkt bei der Rezension.<\/p>\n\n\n\n<figure class=\"wp-block-image size-large\"><img loading=\"lazy\" decoding=\"async\" width=\"1019\" height=\"1024\" src=\"https:\/\/buechertanz.de\/wp-content\/uploads\/2022\/12\/12-Dezember-gesamt-1019x1024.jpg\" alt=\"\" class=\"wp-image-4093\" srcset=\"https:\/\/buechertanz.de\/wp-content\/uploads\/2022\/12\/12-Dezember-gesamt-1019x1024.jpg 1019w, https:\/\/buechertanz.de\/wp-content\/uploads\/2022\/12\/12-Dezember-gesamt-298x300.jpg 298w, https:\/\/buechertanz.de\/wp-content\/uploads\/2022\/12\/12-Dezember-gesamt-150x150.jpg 150w, https:\/\/buechertanz.de\/wp-content\/uploads\/2022\/12\/12-Dezember-gesamt-768x772.jpg 768w, https:\/\/buechertanz.de\/wp-content\/uploads\/2022\/12\/12-Dezember-gesamt.jpg 1516w\" sizes=\"auto, (max-width: 1019px) 100vw, 1019px\" \/><figcaption><em>Meine neuen Seitlinge vom Dezember 2022<\/em><\/figcaption><\/figure>\n\n\n\n<p>_<\/p>\n\n\n\n<div class=\"wp-block-media-text alignwide\" style=\"grid-template-columns:57% auto\"><figure class=\"wp-block-media-text__media\"><img loading=\"lazy\" decoding=\"async\" width=\"1010\" height=\"1010\" src=\"https:\/\/buechertanz.de\/wp-content\/uploads\/2022\/12\/12-Dezember-Neue-Buecher.jpg\" alt=\"\" class=\"wp-image-4094 size-full\" srcset=\"https:\/\/buechertanz.de\/wp-content\/uploads\/2022\/12\/12-Dezember-Neue-Buecher.jpg 1010w, https:\/\/buechertanz.de\/wp-content\/uploads\/2022\/12\/12-Dezember-Neue-Buecher-300x300.jpg 300w, https:\/\/buechertanz.de\/wp-content\/uploads\/2022\/12\/12-Dezember-Neue-Buecher-150x150.jpg 150w, https:\/\/buechertanz.de\/wp-content\/uploads\/2022\/12\/12-Dezember-Neue-Buecher-768x768.jpg 768w\" sizes=\"auto, (max-width: 1010px) 100vw, 1010px\" \/><\/figure><div class=\"wp-block-media-text__content\">\n<p class=\"has-drop-cap has-small-font-size\"><strong>Neue B\u00fccher:<\/strong><br><\/p>\n\n\n\n<p><\/p>\n\n\n\n<ul class=\"has-small-font-size wp-block-list\"><li>Charlotte Jacobi: <em>&#8222;Die Douglas Schwestern: Die Parf\u00fcmerie der Tr\u00e4ume&#8220;<\/em><\/li><li>Astrid Fritz: <em>&#8222;Der Totentanz zu Freiburg&#8220;<\/em><\/li><li>Ewald Arenz: <em>&#8222;Das Diamantenm\u00e4dchen&#8220;<\/em><\/li><li>Sabine Wei\u00df: <em>&#8222;Bl\u00fcte der Zeit&#8220;<\/em><\/li><li>Beate Maly: <em>&#8222;Elsas Gl\u00fcck<\/em>&#8222;<\/li><li>Peter Orontes: <em>&#8222;Das Siegel des Todes&#8220;<\/em><\/li><li>Julia Kelly: <em>&#8222;Der letzte Tanz der Deb\u00fctantin&#8220;<\/em><\/li><li>Joyce Carol Oates: <em>&#8222;Blond&#8220;<\/em><\/li><\/ul>\n<\/div><\/div>\n\n\n\n<p>_<\/p>\n\n\n\n<div class=\"wp-block-media-text alignwide has-media-on-the-right\"><figure class=\"wp-block-media-text__media\"><img loading=\"lazy\" decoding=\"async\" width=\"1024\" height=\"1024\" src=\"https:\/\/buechertanz.de\/wp-content\/uploads\/2022\/12\/12-Dezember-Rezis-und-Geschenke-1024x1024.jpg\" alt=\"\" class=\"wp-image-4095 size-full\" srcset=\"https:\/\/buechertanz.de\/wp-content\/uploads\/2022\/12\/12-Dezember-Rezis-und-Geschenke-1024x1024.jpg 1024w, https:\/\/buechertanz.de\/wp-content\/uploads\/2022\/12\/12-Dezember-Rezis-und-Geschenke-300x300.jpg 300w, https:\/\/buechertanz.de\/wp-content\/uploads\/2022\/12\/12-Dezember-Rezis-und-Geschenke-150x150.jpg 150w, https:\/\/buechertanz.de\/wp-content\/uploads\/2022\/12\/12-Dezember-Rezis-und-Geschenke-768x767.jpg 768w, https:\/\/buechertanz.de\/wp-content\/uploads\/2022\/12\/12-Dezember-Rezis-und-Geschenke.jpg 1285w\" sizes=\"auto, (max-width: 1024px) 100vw, 1024px\" \/><\/figure><div class=\"wp-block-media-text__content\">\n<p class=\"has-drop-cap has-small-font-size\"><strong>Rezensionsexemplare \/Geschenk:<\/strong><\/p>\n\n\n\n<p><\/p>\n\n\n\n<ul class=\"has-small-font-size wp-block-list\"><li>Harald Gritzner: <em>&#8222;Emil Eichh\u00f6rnlein und der leuchtende Stern&#8220;<\/em><\/li><li>Susanne Goga: <em><a rel=\"noreferrer noopener\" href=\"https:\/\/buechertanz.de\/?p=4045\" target=\"_blank\">&#8222;Glasgow Girls &#8211; Aufbruch in die Welt der Kunst&#8220;<\/a><\/em><\/li><li>Anna-Maria Caspari: <em>&#8222;Ginsterh\u00f6he&#8220;<\/em><\/li><li>Juliana Weinberg: <em><a href=\"https:\/\/buechertanz.de\/?p=4383\" target=\"_blank\" rel=\"noreferrer noopener\">&#8222;Gut Erlensee &#8211; C\u00e4cilias Erbe&#8220;<\/a><\/em><\/li><li>Petra Durst-Benning: <em>&#8222;Die Zarentochter&#8220;<\/em><\/li><\/ul>\n<\/div><\/div>\n\n\n\n<p>_<\/p>\n\n\n\n<p class=\"has-small-font-size\">Einige dieser wundersch\u00f6nen Neuzug\u00e4nge sind bereits gelesen, auf andere freue ich mich noch.<br>Ich bedanke mich bei den Autorinnen Juliana Weinberg und Petra Durst Benning, beim Diana-Verlag und dem Ullstein-Verlag und bei dem Autor Harald Gritzner f\u00fcr die Zusendung der B\u00fccher. <\/p>\n\n\n\n<p class=\"has-small-font-size\">Herzlichen Gru\u00df,<\/p>\n\n\n\n<figure class=\"wp-block-image size-large is-resized\"><img loading=\"lazy\" decoding=\"async\" src=\"https:\/\/buechertanz.de\/wp-content\/uploads\/2022\/06\/Unterschrift-1024x404.jpg\" alt=\"\" class=\"wp-image-3355\" width=\"208\" height=\"82\" srcset=\"https:\/\/buechertanz.de\/wp-content\/uploads\/2022\/06\/Unterschrift-1024x404.jpg 1024w, https:\/\/buechertanz.de\/wp-content\/uploads\/2022\/06\/Unterschrift-300x118.jpg 300w, https:\/\/buechertanz.de\/wp-content\/uploads\/2022\/06\/Unterschrift-768x303.jpg 768w, https:\/\/buechertanz.de\/wp-content\/uploads\/2022\/06\/Unterschrift.jpg 1500w\" sizes=\"auto, (max-width: 208px) 100vw, 208px\" \/><\/figure>\n\n\n<div class=\"wp-block-image is-style-rounded\">\n<figure class=\"aligncenter size-full is-resized\"><img loading=\"lazy\" decoding=\"async\" src=\"https:\/\/buechertanz.de\/wp-content\/uploads\/2019\/03\/cropped-Blume-1.png\" alt=\"\" class=\"wp-image-2847\" width=\"209\" height=\"209\" srcset=\"https:\/\/buechertanz.de\/wp-content\/uploads\/2019\/03\/cropped-Blume-1.png 248w, https:\/\/buechertanz.de\/wp-content\/uploads\/2019\/03\/cropped-Blume-1-150x150.png 150w\" sizes=\"auto, (max-width: 209px) 100vw, 209px\" \/><\/figure><\/div>","protected":false},"excerpt":{"rendered":"<p>Im&nbsp;Dezember 2022&nbsp;sind insgesamt&nbsp;13 B\u00fccher&nbsp;hier eingezogen:Acht neue B\u00fccher, vier Rezensionsexemplare und ein Geschenk, welches ich von der Autorin Petra Durst-Benning zugesendet bekommen habe.Falls es eine Rezension auf meinem Blog gibt, gelangt ihr mit einem Klick auf den Titel direkt bei der Rezension. _ Neue B\u00fccher: Charlotte Jacobi: &#8222;Die Douglas Schwestern: Die Parf\u00fcmerie der Tr\u00e4ume&#8220; Astrid Fritz: &hellip; <a href=\"https:\/\/buechertanz.de\/?page_id=4057\" class=\"more-link\"><span class=\"screen-reader-text\">Neuzug\u00e4nge Dezember 2022<\/span> weiterlesen<\/a><\/p>\n","protected":false},"author":2,"featured_media":0,"parent":0,"menu_order":0,"comment_status":"open","ping_status":"closed","template":"","meta":{"footnotes":""},"class_list":["post-4057","page","type-page","status-publish","hentry"],"_links":{"self":[{"href":"https:\/\/buechertanz.de\/index.php?rest_route=\/wp\/v2\/pages\/4057","targetHints":{"allow":["GET"]}}],"collection":[{"href":"https:\/\/buechertanz.de\/index.php?rest_route=\/wp\/v2\/pages"}],"about":[{"href":"https:\/\/buechertanz.de\/index.php?rest_route=\/wp\/v2\/types\/page"}],"author":[{"embeddable":true,"href":"https:\/\/buechertanz.de\/index.php?rest_route=\/wp\/v2\/users\/2"}],"replies":[{"embeddable":true,"href":"https:\/\/buechertanz.de\/index.php?rest_route=%2Fwp%2Fv2%2Fcomments&post=4057"}],"version-history":[{"count":8,"href":"https:\/\/buechertanz.de\/index.php?rest_route=\/wp\/v2\/pages\/4057\/revisions"}],"predecessor-version":[{"id":4462,"href":"https:\/\/buechertanz.de\/index.php?rest_route=\/wp\/v2\/pages\/4057\/revisions\/4462"}],"wp:attachment":[{"href":"https:\/\/buechertanz.de\/index.php?rest_route=%2Fwp%2Fv2%2Fmedia&parent=4057"}],"curies":[{"name":"wp","href":"https:\/\/api.w.org\/{rel}","templated":true}]}}