{"id":439,"date":"2019-03-06T21:04:20","date_gmt":"2019-03-06T20:04:20","guid":{"rendered":"http:\/\/buechertanz.de\/?page_id=439"},"modified":"2019-06-20T15:05:03","modified_gmt":"2019-06-20T14:05:03","slug":"februar-2019","status":"publish","type":"page","link":"https:\/\/buechertanz.de\/?page_id=439","title":{"rendered":"Gelesen Februar 2019"},"content":{"rendered":"\n<p class=\"has-drop-cap has-small-font-size\">Hier seht ihr die B\u00fccher, die ich im Februar 2019 gelesen habe und ihr bekommt einen ersten Eindruck. Die ausf\u00fchrlichen Rezensionen folgen.<br>Falls es eine Rezension auf meinem Blog gibt, gelangt ihr mit einem Klick auf den Titel direkt bei der Rezension. <br><\/p>\n\n\n\n<div class=\"wp-block-image\"><figure class=\"aligncenter is-resized\"><img loading=\"lazy\" decoding=\"async\" src=\"https:\/\/buechertanz.de\/wp-content\/uploads\/2019\/03\/IMG_20190306_202001687-1024x768.jpg\" alt=\"\" class=\"wp-image-452\" width=\"460\" height=\"345\" srcset=\"https:\/\/buechertanz.de\/wp-content\/uploads\/2019\/03\/IMG_20190306_202001687-1024x768.jpg 1024w, https:\/\/buechertanz.de\/wp-content\/uploads\/2019\/03\/IMG_20190306_202001687-300x225.jpg 300w, https:\/\/buechertanz.de\/wp-content\/uploads\/2019\/03\/IMG_20190306_202001687-768x576.jpg 768w\" sizes=\"auto, (max-width: 460px) 100vw, 460px\" \/><figcaption>Gelesene B\u00fccher im Februar 2019<br>&#8211; vier B\u00fccher<br>&#8211; 1.211 Seiten<\/figcaption><\/figure><\/div>\n\n\n\n<p class=\"has-small-font-size\">__<\/p>\n\n\n\n<p class=\"has-small-font-size\"><strong>Nora Elias: &#8222;Die Frauen der Familie Marquardt&#8220;<\/strong><br><strong>erschienen am 16. Juli<\/strong><br><strong>Goldmann, ISBN:978-3442486533<\/strong><br><br><strong>Klappentext: <br><\/strong> <em>&#8222;K\u00f6ln 1908: Caspar Marquardt herrscht in seinem Kaufhaus wie ein K\u00f6nig \u00fcber die Welt des Luxuskonsums. Da er keine S\u00f6hne hat, soll ein entfernter Verwandter sein Erbe werden \u2013 eine Provokation f\u00fcr seine \u00e4lteste Tochter Louisa, die das Gesch\u00e4ft gerne selbst f\u00fchren m\u00f6chte. Doch nicht nur ihr Schicksal ist mit dem Kaufhaus verbunden. W\u00e4hrend sich die kaprizi\u00f6se Sophie in einen Konkurrenten ihres Vaters verliebt, sucht die unehelich geborene Mathilda ihren Platz in der Gesellschaft. Folgenschwere Konflikte machen die Schwestern gleicherma\u00dfen zu Verb\u00fcndeten und Rivalinnen &#8230;&#8220;<\/em><br><br><strong>Mein Eindruck:<\/strong><br>Dieses Buch war mein Highlight in diesem Monat: Auf keiner Seite habe ich mich gelangweilt, ich muss noch sehr oft an die Geschichte und die Hauptfiguren zur\u00fcck denken. Ein wirklich gutes Buch! Und diese heftige Wendung am Schluss&#8230;!<\/p>\n\n\n\n<p class=\"has-small-font-size\">__<\/p>\n\n\n\n<p class=\"has-small-font-size\"><strong>Penelope Fitzgerald: &#8222;Die Buchhandlung&#8220;<\/strong><br><strong>erschienen am 08. Dezember 2014 <\/strong><br><strong>insel Taschenbuch, ISBN:<\/strong> <strong>978-3458360469<\/strong><br><br><strong>Klappentext:<br><\/strong><em>&#8222;In einem kleinen verschlafenen D\u00f6rfchen an der englischen K\u00fcste h\u00e4tte niemand daran gedacht, eine Buchhandlung zu er\u00f6ffnen &#8211; au\u00dfer Florence Green. Sie erwirbt dort ein Domizil f\u00fcr ihr Vorhaben und l\u00e4sst sich nicht auch von nichts und niemanden entmutigen.&#8220;<\/em><br><br><strong>Mein Eindruck:<\/strong><br>Durch die Verfilmung des Buches unter dem Titel &#8222;Der Buchladen der Florence Green&#8220; bin ich auf das Buch aufmerksam geworden. Wieder muss ich sagen: Das Buch ist deutlich besser als der Film &#8211; auch wenn der Film wirklich nicht schlecht ist! <br>Aber die Sprache von Penelope Fitzgerald ist so fein &#8211; und auch dieser versteckte Humor zwischen den Seiten. Wunderbar!<\/p>\n\n\n\n<p>__<\/p>\n\n\n\n<p class=\"has-small-font-size\"><strong>Susan Kay: &#8222;Die K\u00f6nigin&#8220;<\/strong><br><strong>erschienen am 01. Januar 1996 <\/strong><br><strong>Scherz, ISBN: 978-3502193555<\/strong><br><br><strong>Klappentext:<br><\/strong><em>&#8222;Dies ist der fesselnde Roman einer gro\u00dfen K\u00f6nigin und zugleich das Portrait einer Frau voller Leidenschaft, die im Zwiespalt steht zwischen Krone und pers\u00f6nlichem Empfinden; zwischen dem Machtstreben als Herrscherin \u00fcber ein wachsendes Weltreich und der Erf\u00fcllung weiblicher Sehnsucht.<\/em><br><em>Kaum jemals wurde Elisabet I. so menschlich dargestellt und ihrer Gef\u00fchlswelt so verst\u00e4ndlich gemacht wie in diesem gro\u00dfartigen Lebensroman.<\/em><br><em>Hier entsteht das Bild einer k\u00fchnen, liebenden und leidenden Frau; einer Frau, die eine au\u00dfergew\u00f6hnliche Ausstrahlung gehabt haben muss, vor allem auf M\u00e4nner, die sie bis ins Alter zu bezaubern vermochte. Die Beweggr\u00fcnde ihres oft zwielichtigen Handelns werden sichtbar und ihre politischen Schachz\u00fcge und ihre inneren K\u00e4mpfe ebenso spannend geschildert wie das glanzvollle Leben am Hof.&#8220;<\/em><br><br><strong>Mein Eindruck:<\/strong><br>Da ich im Februar den Film &#8222;Maria Stuart: K\u00f6nigin von Schottland&#8220; im Kino gesehen habe, musste ich dieses Buch einfach lesen. Es ist wirklich etwas ganz Besonderes: M\u00f6chtet ihr Elisabeth I. von Kindesbeinen an kennenlernen, ihren Lebensweg nachverfolgen, dann lest dieses Buch. Da ist wirklich alles drin!  Aber: Nimmt euch Zeit f\u00fcr dieses Buch &#8211; es ist Nichts, was man mal eben in 1-2 Tagen runterliest &#8211; ich habe 16 Tage gebraucht.<\/p>\n\n\n\n<p>__<\/p>\n\n\n\n<p class=\"has-small-font-size\"><strong>V\u00e9ronique Olmi: &#8222;Meeresrand&#8220;<\/strong><br><strong>erschienen am 01. August 2004<\/strong><br><strong>btb, ISBN:<\/strong>9<strong>78-3442732296 <\/strong><br><br><strong>Klappentext:<br><\/strong><em>&#8220; Einmal sollen ihre beiden S\u00f6hne das Meer sehen. Das hat sie sich fest vorgenommen. Es ist ihre erste Reise und die letzte. Eine Reise ins Herz der Verzweiflung.&#8220;<\/em><br><br><strong>Mein Eindruck:<\/strong><br>Zu dem Buch &#8222;Meeresrand&#8220; m\u00f6chte ich folgendes loswerden: Ich habe geweint. Es ist so traurig, so tragisch, so verst\u00f6rend. Auch wenn nur 125 Seiten d\u00fcnn &#8211; was f\u00fcr eine Geschichte.  <br>Auf dem Cover steht &#8222;Ein unvergessliches Buch!&#8220; &#8211; und genau so ist es. Vergessen werde ich dieses Buch nie. <br><\/p>\n\n\n\n<p>__<\/p>\n\n\n\n<p class=\"has-small-font-size\">Alle vier B\u00fccher sind keine Neuerscheinungen, da ich mal ein bisschen was von meinen SuB abbauen wollte. <\/p>\n\n\n\n<div class=\"wp-block-image\"><figure class=\"aligncenter is-resized\"><img loading=\"lazy\" decoding=\"async\" src=\"https:\/\/buechertanz.de\/wp-content\/uploads\/2019\/03\/Blume-1.png\" alt=\"\" class=\"wp-image-363\" width=\"166\" height=\"192\" srcset=\"https:\/\/buechertanz.de\/wp-content\/uploads\/2019\/03\/Blume-1.png 264w, https:\/\/buechertanz.de\/wp-content\/uploads\/2019\/03\/Blume-1-260x300.png 260w\" sizes=\"auto, (max-width: 166px) 100vw, 166px\" \/><\/figure><\/div>\n\n\n\n<p><br><br><br><br><\/p>\n","protected":false},"excerpt":{"rendered":"<p>Hier seht ihr die B\u00fccher, die ich im Februar 2019 gelesen habe und ihr bekommt einen ersten Eindruck. Die ausf\u00fchrlichen Rezensionen folgen.Falls es eine Rezension auf meinem Blog gibt, gelangt ihr mit einem Klick auf den Titel direkt bei der Rezension. __ Nora Elias: &#8222;Die Frauen der Familie Marquardt&#8220;erschienen am 16. JuliGoldmann, ISBN:978-3442486533 Klappentext: &#8222;K\u00f6ln &hellip; <a href=\"https:\/\/buechertanz.de\/?page_id=439\" class=\"more-link\"><span class=\"screen-reader-text\">Gelesen Februar 2019<\/span> weiterlesen<\/a><\/p>\n","protected":false},"author":2,"featured_media":0,"parent":0,"menu_order":0,"comment_status":"open","ping_status":"closed","template":"","meta":{"footnotes":""},"class_list":["post-439","page","type-page","status-publish","hentry"],"_links":{"self":[{"href":"https:\/\/buechertanz.de\/index.php?rest_route=\/wp\/v2\/pages\/439","targetHints":{"allow":["GET"]}}],"collection":[{"href":"https:\/\/buechertanz.de\/index.php?rest_route=\/wp\/v2\/pages"}],"about":[{"href":"https:\/\/buechertanz.de\/index.php?rest_route=\/wp\/v2\/types\/page"}],"author":[{"embeddable":true,"href":"https:\/\/buechertanz.de\/index.php?rest_route=\/wp\/v2\/users\/2"}],"replies":[{"embeddable":true,"href":"https:\/\/buechertanz.de\/index.php?rest_route=%2Fwp%2Fv2%2Fcomments&post=439"}],"version-history":[{"count":13,"href":"https:\/\/buechertanz.de\/index.php?rest_route=\/wp\/v2\/pages\/439\/revisions"}],"predecessor-version":[{"id":678,"href":"https:\/\/buechertanz.de\/index.php?rest_route=\/wp\/v2\/pages\/439\/revisions\/678"}],"wp:attachment":[{"href":"https:\/\/buechertanz.de\/index.php?rest_route=%2Fwp%2Fv2%2Fmedia&parent=439"}],"curies":[{"name":"wp","href":"https:\/\/api.w.org\/{rel}","templated":true}]}}