{"id":4436,"date":"2023-01-30T22:58:23","date_gmt":"2023-01-30T21:58:23","guid":{"rendered":"https:\/\/buechertanz.de\/?page_id=4436"},"modified":"2023-01-31T13:24:53","modified_gmt":"2023-01-31T12:24:53","slug":"gelesen-januar-2023","status":"publish","type":"page","link":"https:\/\/buechertanz.de\/?page_id=4436","title":{"rendered":"Gelesen Januar 2023"},"content":{"rendered":"\n<p class=\"has-drop-cap has-small-font-size\">Hier findet ihr die B\u00fccher, die ich im <strong>Januar 2023<\/strong>&nbsp;gelesen habe \u2013 insgesamt sind es&nbsp;<strong>sieben B\u00fccher<\/strong>&nbsp;mit&nbsp;<strong>3.440&nbsp;Seiten<\/strong>&nbsp;geworden. <br>Falls es auf meinem Blog schon eine Rezension gibt, findet ihr diese, wenn ihr auf den Buchtitel klickt. Viel Spa\u00df beim Schm\u00f6kern.<\/p>\n\n\n<div class=\"wp-block-image\">\n<figure class=\"aligncenter size-full\"><img loading=\"lazy\" decoding=\"async\" width=\"507\" height=\"516\" src=\"https:\/\/buechertanz.de\/wp-content\/uploads\/2023\/01\/01-Januar_komp.jpg\" alt=\"\" class=\"wp-image-4458\" srcset=\"https:\/\/buechertanz.de\/wp-content\/uploads\/2023\/01\/01-Januar_komp.jpg 507w, https:\/\/buechertanz.de\/wp-content\/uploads\/2023\/01\/01-Januar_komp-295x300.jpg 295w\" sizes=\"auto, (max-width: 507px) 100vw, 507px\" \/><figcaption><em>Meine Lesemonat Januar 2023: Sieben B\u00fccher mit insgesamt 3.440 Seiten<\/em><\/figcaption><\/figure><\/div>\n\n\n<p class=\"has-small-font-size\">Vier dieser B\u00fccher sind als Rezensionsexemplare zu mir gekommen, die anderen drei B\u00fccher habe ich mir selbst gekauft.<\/p>\n\n\n\n<p>_<\/p>\n\n\n\n<div class=\"wp-block-media-text alignwide\" style=\"grid-template-columns:21% auto\"><figure class=\"wp-block-media-text__media\"><img loading=\"lazy\" decoding=\"async\" width=\"336\" height=\"500\" src=\"https:\/\/buechertanz.de\/wp-content\/uploads\/2023\/01\/01-Bluete-der-Zeit.jpg\" alt=\"\" class=\"wp-image-4117 size-full\" srcset=\"https:\/\/buechertanz.de\/wp-content\/uploads\/2023\/01\/01-Bluete-der-Zeit.jpg 336w, https:\/\/buechertanz.de\/wp-content\/uploads\/2023\/01\/01-Bluete-der-Zeit-202x300.jpg 202w\" sizes=\"auto, (max-width: 336px) 100vw, 336px\" \/><\/figure><div class=\"wp-block-media-text__content\">\n<ul class=\"has-small-font-size wp-block-list\"><li>Mit <strong>&#8222;Die Bl\u00fcte der Zeit&#8220;<\/strong> startet ich in das Jahr 2023 und in den neuen Lesemonat &#8230; und es h\u00e4tte kein besserer Start sein k\u00f6nnen. Wie alle B\u00fccher von Sabine Wei\u00df ist auch dieser historische Roman ein absolut bildgewaltiger, atmosph\u00e4rischer und unglaublich gut recherchierter Roman der Spitzenklasse. Mit facettenreichen Figuren und Szenen, welche mir unter die Haut gingen, hat mich Sabine Wei\u00df bestens unterhalten. <\/li><\/ul>\n<\/div><\/div>\n\n\n\n<p>_<\/p>\n\n\n\n<div class=\"wp-block-media-text alignwide has-media-on-the-right\" style=\"grid-template-columns:auto 22%\"><figure class=\"wp-block-media-text__media\"><img loading=\"lazy\" decoding=\"async\" width=\"336\" height=\"500\" src=\"https:\/\/buechertanz.de\/wp-content\/uploads\/2023\/01\/02-Gut-Erlensee-Caecilias-Erbe.jpg\" alt=\"\" class=\"wp-image-4120 size-full\" srcset=\"https:\/\/buechertanz.de\/wp-content\/uploads\/2023\/01\/02-Gut-Erlensee-Caecilias-Erbe.jpg 336w, https:\/\/buechertanz.de\/wp-content\/uploads\/2023\/01\/02-Gut-Erlensee-Caecilias-Erbe-202x300.jpg 202w\" sizes=\"auto, (max-width: 336px) 100vw, 336px\" \/><\/figure><div class=\"wp-block-media-text__content\">\n<ul class=\"has-small-font-size wp-block-list\"><li>Weiter ging es mit der Fortsetzung einer Buchreihe, welche ich sehr gerne mag: <a rel=\"noreferrer noopener\" href=\"https:\/\/buechertanz.de\/?p=4383\" target=\"_blank\"><strong>&#8222;Gut Erlensee &#8211; C\u00e4cilias Erbe&#8220;<\/strong><\/a> von Juliana Weinberg. All die verschiedenen Figuren sind mir so sehr ans Herz gewachsen und ich freute mich so, sie alle wieder zu treffen. Am 25. Juli 2023 erscheint der dritte und damit letzte Teil dieser tollen Reihe, welche ich euch sehr ans Herz legen m\u00f6chte.<\/li><\/ul>\n<\/div><\/div>\n\n\n\n<p>_<\/p>\n\n\n\n<div class=\"wp-block-media-text alignwide\" style=\"grid-template-columns:23% auto\"><figure class=\"wp-block-media-text__media\"><img loading=\"lazy\" decoding=\"async\" width=\"674\" height=\"1024\" src=\"https:\/\/buechertanz.de\/wp-content\/uploads\/2023\/01\/03-Ginterhoehe-674x1024.jpeg\" alt=\"\" class=\"wp-image-4391 size-full\" srcset=\"https:\/\/buechertanz.de\/wp-content\/uploads\/2023\/01\/03-Ginterhoehe-674x1024.jpeg 674w, https:\/\/buechertanz.de\/wp-content\/uploads\/2023\/01\/03-Ginterhoehe-197x300.jpeg 197w, https:\/\/buechertanz.de\/wp-content\/uploads\/2023\/01\/03-Ginterhoehe-768x1167.jpeg 768w, https:\/\/buechertanz.de\/wp-content\/uploads\/2023\/01\/03-Ginterhoehe-1011x1536.jpeg 1011w, https:\/\/buechertanz.de\/wp-content\/uploads\/2023\/01\/03-Ginterhoehe.jpeg 1053w\" sizes=\"auto, (max-width: 674px) 100vw, 674px\" \/><\/figure><div class=\"wp-block-media-text__content\">\n<ul class=\"has-small-font-size wp-block-list\"><li>Es folgte ein absolutes Highlight: <strong><a rel=\"noreferrer noopener\" href=\"https:\/\/buechertanz.de\/?p=4397\" target=\"_blank\">&#8222;Ginsterh\u00f6he&#8220;<\/a> <\/strong>von Anna-Maria Caspari. Ein Buch, welches eine so mitrei\u00dfende, bedr\u00fcckende und niederschmetternde Geschichte erz\u00e4hlt, habe ich selten gelesen. Selten befand ich mich in einem solchen Wechselbad der Gef\u00fchle wieder und ich bin mir sicher, dass diese gro\u00dfe und unvergessliche Geschichte noch lange nachklingen wird.<\/li><\/ul>\n<\/div><\/div>\n\n\n\n<p>_<\/p>\n\n\n\n<div class=\"wp-block-media-text alignwide has-media-on-the-right\" style=\"grid-template-columns:auto 25%\"><figure class=\"wp-block-media-text__media\"><img loading=\"lazy\" decoding=\"async\" width=\"328\" height=\"500\" src=\"https:\/\/buechertanz.de\/wp-content\/uploads\/2023\/01\/04-Hanne-Die-Leute-gucken-schon.jpg\" alt=\"\" class=\"wp-image-4403 size-full\" srcset=\"https:\/\/buechertanz.de\/wp-content\/uploads\/2023\/01\/04-Hanne-Die-Leute-gucken-schon.jpg 328w, https:\/\/buechertanz.de\/wp-content\/uploads\/2023\/01\/04-Hanne-Die-Leute-gucken-schon-197x300.jpg 197w\" sizes=\"auto, (max-width: 328px) 100vw, 328px\" \/><\/figure><div class=\"wp-block-media-text__content\">\n<ul class=\"has-small-font-size wp-block-list\"><li>Und das n\u00e4chste Highlight stand schon in den Startl\u00f6chern: <a rel=\"noreferrer noopener\" href=\"https:\/\/buechertanz.de\/?p=4410\" target=\"_blank\"><strong>&#8222;Hanne &#8211; Die Leute gucken schon&#8220;<\/strong><\/a> von Felicitas Fuchs. Innerhalb von drei Tagen las &#8230; nein inhalierte ich dieses 600 Seiten starke Meisterwerk. Was f\u00fcr eine Geschichte, was f\u00fcr Figuren. Ja, lest diese Buchreihe &#8211; unbedingt!<\/li><\/ul>\n<\/div><\/div>\n\n\n\n<p>_<\/p>\n\n\n\n<div class=\"wp-block-media-text alignwide\" style=\"grid-template-columns:24% auto\"><figure class=\"wp-block-media-text__media\"><img loading=\"lazy\" decoding=\"async\" width=\"221\" height=\"346\" src=\"https:\/\/buechertanz.de\/wp-content\/uploads\/2023\/01\/05-Die-Dorfleherin-Zwischen-Liebe-und-Berufung.jpg\" alt=\"\" class=\"wp-image-4419 size-full\" srcset=\"https:\/\/buechertanz.de\/wp-content\/uploads\/2023\/01\/05-Die-Dorfleherin-Zwischen-Liebe-und-Berufung.jpg 221w, https:\/\/buechertanz.de\/wp-content\/uploads\/2023\/01\/05-Die-Dorfleherin-Zwischen-Liebe-und-Berufung-192x300.jpg 192w\" sizes=\"auto, (max-width: 221px) 100vw, 221px\" \/><\/figure><div class=\"wp-block-media-text__content\">\n<ul class=\"has-small-font-size wp-block-list\"><li>\u00dcber das Buch <strong>&#8222;Die Dorflehrerin &#8211; Zwischen Liebe und Berufung&#8220;<\/strong> von Bettina Seidl stolperte ich in der Lieblingsbuchhandlung. Und es passte wunderbar, da ich nach dem Buch &#8222;Gut Erlensee &#8211; C\u00e4cilias Erbe&#8220; noch mehr \u00fcber das Lehrerinnen-Leben des beginnenden 20. Jahrhunderts erfahren und lesen wollte. Es ist ein sehr atmosph\u00e4risches und lebhaftes Buch mit einer Hauptfigur, welche ich ab der ersten Seite in mein Herz geschlossen habe.<\/li><\/ul>\n<\/div><\/div>\n\n\n\n<p>_<\/p>\n\n\n\n<div class=\"wp-block-media-text alignwide has-media-on-the-right\" style=\"grid-template-columns:auto 24%\"><figure class=\"wp-block-media-text__media\"><img loading=\"lazy\" decoding=\"async\" width=\"350\" height=\"524\" src=\"https:\/\/buechertanz.de\/wp-content\/uploads\/2023\/01\/06-Die-Hofgaertnerin-Bluetenzauber.jpg\" alt=\"\" class=\"wp-image-4423 size-full\" srcset=\"https:\/\/buechertanz.de\/wp-content\/uploads\/2023\/01\/06-Die-Hofgaertnerin-Bluetenzauber.jpg 350w, https:\/\/buechertanz.de\/wp-content\/uploads\/2023\/01\/06-Die-Hofgaertnerin-Bluetenzauber-200x300.jpg 200w\" sizes=\"auto, (max-width: 350px) 100vw, 350px\" \/><\/figure><div class=\"wp-block-media-text__content\">\n<ul class=\"has-small-font-size wp-block-list\"><li><a rel=\"noreferrer noopener\" href=\"https:\/\/buechertanz.de\/?p=4426\" target=\"_blank\"><strong>&#8222;Die Hofg\u00e4rtnerin &#8211; Bl\u00fctenzauber&#8220;<\/strong><\/a> von Rena Rosenthal bildet den Abschluss einer Buchreihe, welche mich seit dem Jahr 2021 begleitet hat. Auch wenn in diesem wunderbar stimmigen Teil vieles, manchmal etwas zu viel passiert, konnte ich mich wieder in die Geschichte fallen lassen und einfach nur genie\u00dfen.<br>Nun hei\u00dft es schweren Herzens Abschied von all den liebgewonnen Figuren zu nehmen &#8211; sie werden alle immer in meinem Herzen bleiben.<br>Danke liebe Rena Rosenthal. <\/li><\/ul>\n<\/div><\/div>\n\n\n\n<p>_<\/p>\n\n\n\n<div class=\"wp-block-media-text alignwide\" style=\"grid-template-columns:26% auto\"><figure class=\"wp-block-media-text__media\"><img loading=\"lazy\" decoding=\"async\" width=\"383\" height=\"600\" src=\"https:\/\/buechertanz.de\/wp-content\/uploads\/2023\/01\/07-Die-Dorfleherin-Zwischen-Stille-und-Sturm.jpg\" alt=\"\" class=\"wp-image-4452 size-full\" srcset=\"https:\/\/buechertanz.de\/wp-content\/uploads\/2023\/01\/07-Die-Dorfleherin-Zwischen-Stille-und-Sturm.jpg 383w, https:\/\/buechertanz.de\/wp-content\/uploads\/2023\/01\/07-Die-Dorfleherin-Zwischen-Stille-und-Sturm-192x300.jpg 192w\" sizes=\"auto, (max-width: 383px) 100vw, 383px\" \/><\/figure><div class=\"wp-block-media-text__content\">\n<ul class=\"has-small-font-size wp-block-list\"><li>Den Abschluss fand der Lesemonat Januar 2023 mit dem zweiten und abschlie\u00dfenden Teil <strong>&#8222;Die Dorflehrerin &#8211; Zwischen Stille und Sturm&#8220;<\/strong> von Bettina Seidl. Ich musste diese wunderbare Hauptfigur Antonie einfach nochmal treffen. Eine absolute Leseempfehlung f\u00fcr euch. Spannend, emotional und ergreifend. Top!<\/li><\/ul>\n<\/div><\/div>\n\n\n\n<p>_<\/p>\n\n\n\n<p class=\"has-small-font-size\">Das war mein Lesemonat Januar 2023, welcher wieder sehr historisch gepr\u00e4gt war.<br>Ich bedanke mich noch einmal an dieser Stelle ganz herzlich bei Juliana Weinberg, dem Ullstein Verlag, dem Heyne Verlag und dem Penguin Verlag f\u00fcr die Zusendung und Bereitstellung der B\u00fccher als Rezensionsexemplare. Und auch ein herzliches Dankesch\u00f6n an die Autorinnen und Autoren f\u00fcr die wunderbaren Lesestunden. <\/p>\n\n\n\n<p class=\"has-small-font-size\">Liebe Gr\u00fc\u00dfe, eure<\/p>\n\n\n\n<figure class=\"wp-block-image size-large is-resized\"><img loading=\"lazy\" decoding=\"async\" src=\"https:\/\/buechertanz.de\/wp-content\/uploads\/2022\/06\/Unterschrift-1024x404.jpg\" alt=\"\" class=\"wp-image-3355\" width=\"213\" height=\"84\" srcset=\"https:\/\/buechertanz.de\/wp-content\/uploads\/2022\/06\/Unterschrift-1024x404.jpg 1024w, https:\/\/buechertanz.de\/wp-content\/uploads\/2022\/06\/Unterschrift-300x118.jpg 300w, https:\/\/buechertanz.de\/wp-content\/uploads\/2022\/06\/Unterschrift-768x303.jpg 768w, https:\/\/buechertanz.de\/wp-content\/uploads\/2022\/06\/Unterschrift.jpg 1500w\" sizes=\"auto, (max-width: 213px) 100vw, 213px\" \/><\/figure>\n","protected":false},"excerpt":{"rendered":"<p>Hier findet ihr die B\u00fccher, die ich im Januar 2023&nbsp;gelesen habe \u2013 insgesamt sind es&nbsp;sieben B\u00fccher&nbsp;mit&nbsp;3.440&nbsp;Seiten&nbsp;geworden. Falls es auf meinem Blog schon eine Rezension gibt, findet ihr diese, wenn ihr auf den Buchtitel klickt. Viel Spa\u00df beim Schm\u00f6kern. Vier dieser B\u00fccher sind als Rezensionsexemplare zu mir gekommen, die anderen drei B\u00fccher habe ich mir selbst &hellip; <a href=\"https:\/\/buechertanz.de\/?page_id=4436\" class=\"more-link\"><span class=\"screen-reader-text\">Gelesen Januar 2023<\/span> weiterlesen<\/a><\/p>\n","protected":false},"author":2,"featured_media":0,"parent":0,"menu_order":0,"comment_status":"open","ping_status":"closed","template":"","meta":{"footnotes":""},"class_list":["post-4436","page","type-page","status-publish","hentry"],"_links":{"self":[{"href":"https:\/\/buechertanz.de\/index.php?rest_route=\/wp\/v2\/pages\/4436","targetHints":{"allow":["GET"]}}],"collection":[{"href":"https:\/\/buechertanz.de\/index.php?rest_route=\/wp\/v2\/pages"}],"about":[{"href":"https:\/\/buechertanz.de\/index.php?rest_route=\/wp\/v2\/types\/page"}],"author":[{"embeddable":true,"href":"https:\/\/buechertanz.de\/index.php?rest_route=\/wp\/v2\/users\/2"}],"replies":[{"embeddable":true,"href":"https:\/\/buechertanz.de\/index.php?rest_route=%2Fwp%2Fv2%2Fcomments&post=4436"}],"version-history":[{"count":7,"href":"https:\/\/buechertanz.de\/index.php?rest_route=\/wp\/v2\/pages\/4436\/revisions"}],"predecessor-version":[{"id":4475,"href":"https:\/\/buechertanz.de\/index.php?rest_route=\/wp\/v2\/pages\/4436\/revisions\/4475"}],"wp:attachment":[{"href":"https:\/\/buechertanz.de\/index.php?rest_route=%2Fwp%2Fv2%2Fmedia&parent=4436"}],"curies":[{"name":"wp","href":"https:\/\/api.w.org\/{rel}","templated":true}]}}