{"id":4441,"date":"2023-01-30T22:59:30","date_gmt":"2023-01-30T21:59:30","guid":{"rendered":"https:\/\/buechertanz.de\/?page_id=4441"},"modified":"2023-06-30T11:21:04","modified_gmt":"2023-06-30T10:21:04","slug":"neuzugaenge-januar-2023","status":"publish","type":"page","link":"https:\/\/buechertanz.de\/?page_id=4441","title":{"rendered":"Neuzug\u00e4nge Januar 2023"},"content":{"rendered":"\n<p class=\"has-drop-cap has-small-font-size\">Im<strong>&nbsp;<\/strong>Januar 2023&nbsp;sind insgesamt&nbsp;<strong>23 B\u00fccher<\/strong>&nbsp;hier eingezogen:<br>Sechs neue B\u00fccher, f\u00fcnf Rezensionsexemplare, zehn Gewinnb\u00fccher und zwei B\u00fccher aus dem \u00f6ffentlichen B\u00fccherschrank.<br>Falls es eine Rezension auf meinem Blog gibt, gelangt ihr mit einem Klick auf den Titel direkt bei der Rezension.<\/p>\n\n\n<div class=\"wp-block-image\">\n<figure class=\"aligncenter size-full\"><img loading=\"lazy\" decoding=\"async\" width=\"507\" height=\"516\" src=\"https:\/\/buechertanz.de\/wp-content\/uploads\/2023\/01\/01-Januar-Gesamt_komp.jpg\" alt=\"\" class=\"wp-image-4464\" srcset=\"https:\/\/buechertanz.de\/wp-content\/uploads\/2023\/01\/01-Januar-Gesamt_komp.jpg 507w, https:\/\/buechertanz.de\/wp-content\/uploads\/2023\/01\/01-Januar-Gesamt_komp-295x300.jpg 295w\" sizes=\"auto, (max-width: 507px) 100vw, 507px\" \/><figcaption class=\"wp-element-caption\"><em>Meine neuen Seitlinge vom Januar 2023<\/em><\/figcaption><\/figure><\/div>\n\n\n<p>&#8211;<\/p>\n\n\n\n<div class=\"wp-block-media-text alignwide\"><figure class=\"wp-block-media-text__media\"><img loading=\"lazy\" decoding=\"async\" width=\"507\" height=\"516\" src=\"https:\/\/buechertanz.de\/wp-content\/uploads\/2023\/01\/01-Januar-Neue-Buecher_komp.jpg\" alt=\"\" class=\"wp-image-4465 size-full\" srcset=\"https:\/\/buechertanz.de\/wp-content\/uploads\/2023\/01\/01-Januar-Neue-Buecher_komp.jpg 507w, https:\/\/buechertanz.de\/wp-content\/uploads\/2023\/01\/01-Januar-Neue-Buecher_komp-295x300.jpg 295w\" sizes=\"auto, (max-width: 507px) 100vw, 507px\" \/><\/figure><div class=\"wp-block-media-text__content\">\n<p class=\"has-drop-cap has-small-font-size\"><strong>Neue B\u00fccher:<\/strong><\/p>\n\n\n\n<p><\/p>\n\n\n\n<ul class=\"has-small-font-size wp-block-list\">\n<li>Charlotte von Feyerabend: <em>&#8222;Caroline M\u00e4rklin&#8220;<\/em><\/li>\n\n\n\n<li>Bettina Seidl: <em>&#8222;Die Dorflehrerin &#8211; Zwischen Liebe und Berufung&#8220;<\/em> &amp; <em>&#8222;Die Dorflehrerin &#8211; Zwischen Stille und Sturm&#8220;<\/em><\/li>\n\n\n\n<li>Melanie Metzenthin: <em>&#8222;Mehr als die Gerechtigkeit&#8220;<\/em><\/li>\n\n\n\n<li>Linda Winterberg: <em>&#8222;Der Winzerhof &#8211; Die goldenen Jahre&#8220;<\/em><\/li>\n\n\n\n<li>Julie Marsh: <em>&#8222;Die Ladys von Somerset&#8220;<\/em><\/li>\n<\/ul>\n<\/div><\/div>\n\n\n\n<p>_<\/p>\n\n\n\n<div class=\"wp-block-media-text alignwide has-media-on-the-right\"><div class=\"wp-block-media-text__content\">\n<p class=\"has-drop-cap has-small-font-size\"><strong>Rezensionsexemplare:<\/strong><\/p>\n\n\n\n<p><\/p>\n\n\n\n<ul class=\"has-small-font-size wp-block-list\">\n<li>Felicitas Fuchs: <em><a rel=\"noreferrer noopener\" href=\"https:\/\/buechertanz.de\/?p=4410\" target=\"_blank\">&#8222;Hanne &#8211; Die Leute gucken schon&#8220;<\/a><\/em><\/li>\n\n\n\n<li>Rena Rosenthal: <em><a rel=\"noreferrer noopener\" href=\"https:\/\/buechertanz.de\/?p=4426\" target=\"_blank\">&#8222;Die Hofg\u00e4rtnerin &#8211; Bl\u00fctenzauber&#8220;<\/a><\/em><\/li>\n\n\n\n<li>Eva-Maria Bast: <em><a rel=\"noreferrer noopener\" href=\"https:\/\/buechertanz.de\/?p=4482\" target=\"_blank\">&#8222;Miss Bly und die Wette gegen Jules Verne&#8220;<\/a><\/em><\/li>\n\n\n\n<li>Julia Kr\u00f6hn: <em><a rel=\"noreferrer noopener\" href=\"https:\/\/buechertanz.de\/?p=4497\" target=\"_blank\">&#8222;Die Welt geh\u00f6rt uns &#8211; Eine unm\u00f6gliche Freiheit<\/a><\/em><\/li>\n\n\n\n<li>Matthias H\u00fcbener: <em><a href=\"https:\/\/buechertanz.de\/?p=4511\" target=\"_blank\" rel=\"noreferrer noopener\">&#8222;Die indische Kugel&#8220;<\/a><\/em><\/li>\n<\/ul>\n<\/div><figure class=\"wp-block-media-text__media\"><img loading=\"lazy\" decoding=\"async\" width=\"507\" height=\"516\" src=\"https:\/\/buechertanz.de\/wp-content\/uploads\/2023\/01\/01-Januar-Rezensionsexemplare_komp.jpg\" alt=\"\" class=\"wp-image-4466 size-full\" srcset=\"https:\/\/buechertanz.de\/wp-content\/uploads\/2023\/01\/01-Januar-Rezensionsexemplare_komp.jpg 507w, https:\/\/buechertanz.de\/wp-content\/uploads\/2023\/01\/01-Januar-Rezensionsexemplare_komp-295x300.jpg 295w\" sizes=\"auto, (max-width: 507px) 100vw, 507px\" \/><\/figure><\/div>\n\n\n\n<p>_<\/p>\n\n\n\n<div class=\"wp-block-media-text alignwide\"><figure class=\"wp-block-media-text__media\"><img loading=\"lazy\" decoding=\"async\" width=\"512\" height=\"512\" src=\"https:\/\/buechertanz.de\/wp-content\/uploads\/2023\/01\/01-Januar-Gewinne_komp.jpg\" alt=\"\" class=\"wp-image-4467 size-full\" srcset=\"https:\/\/buechertanz.de\/wp-content\/uploads\/2023\/01\/01-Januar-Gewinne_komp.jpg 512w, https:\/\/buechertanz.de\/wp-content\/uploads\/2023\/01\/01-Januar-Gewinne_komp-300x300.jpg 300w, https:\/\/buechertanz.de\/wp-content\/uploads\/2023\/01\/01-Januar-Gewinne_komp-150x150.jpg 150w\" sizes=\"auto, (max-width: 512px) 100vw, 512px\" \/><\/figure><div class=\"wp-block-media-text__content\">\n<p class=\"has-drop-cap has-small-font-size\"><strong>Gewinne:<\/strong><\/p>\n\n\n\n<p><\/p>\n\n\n\n<ul class=\"has-small-font-size wp-block-list\">\n<li>Oliver P\u00f6tzsch:<br><em>&#8222;Die Henkerstochter&#8220;<\/em>,<br><em>&#8222;Die Henkerstochter und der schwarze M\u00f6nch&#8220;,<br>&#8222;Die Henkerstochter und der K\u00f6nig der Bettler&#8220;,<br>&#8222;Der Hexer und die Henkerstochter&#8220;,<br>&#8222;Die Henkerstochter und der Teufel von Bamberg&#8220;,<br>&#8222;Die Henkerstochter und das Spiel des Todes&#8220;,<br>&#8222;Die Henkerstochter und der Rat der Zw\u00f6lf&#8220;,<br>&#8222;Die Henkerstochter und der Fluch der Pest&#8220;,<br>&#8222;Die Henkerstochter und die Schwarze Madonna&#8220;,<br>&#8222;Das Buch des Totengr\u00e4bers&#8220;<\/em><\/li>\n<\/ul>\n<\/div><\/div>\n\n\n\n<p>_<\/p>\n\n\n\n<div class=\"wp-block-media-text alignwide has-media-on-the-right\"><div class=\"wp-block-media-text__content\">\n<p class=\"has-drop-cap has-small-font-size\"><strong>\u00d6ffentlicher B\u00fccherschrank:<\/strong><\/p>\n\n\n\n<p><\/p>\n\n\n\n<ul class=\"has-small-font-size wp-block-list\">\n<li>Marie Brunntaler: <em>&#8222;Piz Pal\u00fc&#8220;<\/em><\/li>\n\n\n\n<li>Siegfried Lenz: <em>&#8222;Schweigeminute&#8220;<\/em><\/li>\n<\/ul>\n<\/div><figure class=\"wp-block-media-text__media\"><img loading=\"lazy\" decoding=\"async\" width=\"507\" height=\"516\" src=\"https:\/\/buechertanz.de\/wp-content\/uploads\/2023\/01\/01-Januar-Buecherschrank_komp.jpg\" alt=\"\" class=\"wp-image-4468 size-full\" srcset=\"https:\/\/buechertanz.de\/wp-content\/uploads\/2023\/01\/01-Januar-Buecherschrank_komp.jpg 507w, https:\/\/buechertanz.de\/wp-content\/uploads\/2023\/01\/01-Januar-Buecherschrank_komp-295x300.jpg 295w\" sizes=\"auto, (max-width: 507px) 100vw, 507px\" \/><\/figure><\/div>\n\n\n\n<p>_<\/p>\n\n\n\n<p class=\"has-small-font-size\">Einige dieser wundersch\u00f6nen Neuzug\u00e4nge sind bereits gelesen, auf andere freue ich mich noch.<br>Ich bedanke mich beim Heyne Verlag, beim Penguin Verlag, beim Blanvalet Verlag und beim \u00c4quatorkind Verlag f\u00fcr die Zusendung und Bereitstellung der B\u00fccher als Rezensionsexemplare. Und auch dem Ullstein-Verlag m\u00f6chte ich ganz herzlich f\u00fcr diesen Mega-Gewinn danken. Ich bin noch immer hin und weg. <\/p>\n\n\n\n<p class=\"has-small-font-size\">Liebe Gr\u00fc\u00dfe,<\/p>\n\n\n\n<figure class=\"wp-block-image size-large is-resized\"><img loading=\"lazy\" decoding=\"async\" src=\"https:\/\/buechertanz.de\/wp-content\/uploads\/2022\/06\/Unterschrift-1024x404.jpg\" alt=\"\" class=\"wp-image-3355\" width=\"223\" height=\"88\" srcset=\"https:\/\/buechertanz.de\/wp-content\/uploads\/2022\/06\/Unterschrift-1024x404.jpg 1024w, https:\/\/buechertanz.de\/wp-content\/uploads\/2022\/06\/Unterschrift-300x118.jpg 300w, https:\/\/buechertanz.de\/wp-content\/uploads\/2022\/06\/Unterschrift-768x303.jpg 768w, https:\/\/buechertanz.de\/wp-content\/uploads\/2022\/06\/Unterschrift.jpg 1500w\" sizes=\"auto, (max-width: 223px) 100vw, 223px\" \/><\/figure>\n","protected":false},"excerpt":{"rendered":"<p>Im&nbsp;Januar 2023&nbsp;sind insgesamt&nbsp;23 B\u00fccher&nbsp;hier eingezogen:Sechs neue B\u00fccher, f\u00fcnf Rezensionsexemplare, zehn Gewinnb\u00fccher und zwei B\u00fccher aus dem \u00f6ffentlichen B\u00fccherschrank.Falls es eine Rezension auf meinem Blog gibt, gelangt ihr mit einem Klick auf den Titel direkt bei der Rezension. &#8211; _ _ _ _ Einige dieser wundersch\u00f6nen Neuzug\u00e4nge sind bereits gelesen, auf andere freue ich mich noch.Ich &hellip; <a href=\"https:\/\/buechertanz.de\/?page_id=4441\" class=\"more-link\"><span class=\"screen-reader-text\">Neuzug\u00e4nge Januar 2023<\/span> weiterlesen<\/a><\/p>\n","protected":false},"author":2,"featured_media":0,"parent":0,"menu_order":0,"comment_status":"open","ping_status":"closed","template":"","meta":{"footnotes":""},"class_list":["post-4441","page","type-page","status-publish","hentry"],"_links":{"self":[{"href":"https:\/\/buechertanz.de\/index.php?rest_route=\/wp\/v2\/pages\/4441","targetHints":{"allow":["GET"]}}],"collection":[{"href":"https:\/\/buechertanz.de\/index.php?rest_route=\/wp\/v2\/pages"}],"about":[{"href":"https:\/\/buechertanz.de\/index.php?rest_route=\/wp\/v2\/types\/page"}],"author":[{"embeddable":true,"href":"https:\/\/buechertanz.de\/index.php?rest_route=\/wp\/v2\/users\/2"}],"replies":[{"embeddable":true,"href":"https:\/\/buechertanz.de\/index.php?rest_route=%2Fwp%2Fv2%2Fcomments&post=4441"}],"version-history":[{"count":7,"href":"https:\/\/buechertanz.de\/index.php?rest_route=\/wp\/v2\/pages\/4441\/revisions"}],"predecessor-version":[{"id":5331,"href":"https:\/\/buechertanz.de\/index.php?rest_route=\/wp\/v2\/pages\/4441\/revisions\/5331"}],"wp:attachment":[{"href":"https:\/\/buechertanz.de\/index.php?rest_route=%2Fwp%2Fv2%2Fmedia&parent=4441"}],"curies":[{"name":"wp","href":"https:\/\/api.w.org\/{rel}","templated":true}]}}