{"id":4555,"date":"2023-02-28T11:21:03","date_gmt":"2023-02-28T10:21:03","guid":{"rendered":"https:\/\/buechertanz.de\/?page_id=4555"},"modified":"2023-03-30T16:18:12","modified_gmt":"2023-03-30T15:18:12","slug":"neuzugaenge-februar-2023","status":"publish","type":"page","link":"https:\/\/buechertanz.de\/?page_id=4555","title":{"rendered":"Neuzug\u00e4nge Februar 2023"},"content":{"rendered":"\n<p class=\"has-drop-cap has-small-font-size\">Im<strong>\u00a0<\/strong>Februar 2023\u00a0sind insgesamt\u00a0<strong>acht B\u00fccher<\/strong>\u00a0hier eingezogen:<br>F\u00fcnf neue B\u00fccher, zwei Rezensionsexemplare und ein Buch aus dem \u00f6ffentlichen B\u00fccherschrank.<br>Falls es eine Rezension auf meinem Blog gibt, gelangt ihr mit einem Klick auf den Titel direkt bei der Rezension.<\/p>\n\n\n<div class=\"wp-block-image\">\n<figure class=\"aligncenter size-full\"><img loading=\"lazy\" decoding=\"async\" width=\"511\" height=\"511\" src=\"https:\/\/buechertanz.de\/wp-content\/uploads\/2023\/02\/02-Februar_komp-1.jpg\" alt=\"\" class=\"wp-image-4574\" srcset=\"https:\/\/buechertanz.de\/wp-content\/uploads\/2023\/02\/02-Februar_komp-1.jpg 511w, https:\/\/buechertanz.de\/wp-content\/uploads\/2023\/02\/02-Februar_komp-1-300x300.jpg 300w, https:\/\/buechertanz.de\/wp-content\/uploads\/2023\/02\/02-Februar_komp-1-150x150.jpg 150w\" sizes=\"auto, (max-width: 511px) 100vw, 511px\" \/><figcaption><em>Meine neuen Seitlinge vom Februar 2023<\/em><\/figcaption><\/figure><\/div>\n\n\n<p>_<\/p>\n\n\n\n<p class=\"has-drop-cap has-small-font-size\"><strong>Neue B\u00fccher:<\/strong><\/p>\n\n\n\n<p><\/p>\n\n\n\n<ul class=\"has-small-font-size wp-block-list\"><li>Katharina Fuchs:<em> &#8222;Unser kostbares Leben&#8220;<\/em><\/li><li>Ulrike Fuchs: <em>&#8222;Reporterin f\u00fcr eine bessere Welt&#8220;<\/em><\/li><li>Agnes Imhof:<em> &#8222;Die geniale Rebellin&#8220;<\/em><\/li><li>Eva-Maria Bast: <em>&#8222;Zuckerjahre&#8220;<\/em><\/li><li>Charlotte Jacobi: <em>&#8222;Das Haus der Perlen &#8211; Schimmern der Hoffnung&#8220;<\/em><\/li><\/ul>\n\n\n\n<p><\/p>\n\n\n\n<p class=\"has-drop-cap has-small-font-size\"><strong>Rezensionsexemplare:<\/strong><\/p>\n\n\n\n<p><\/p>\n\n\n\n<ul class=\"has-small-font-size wp-block-list\"><li>Kerstin Groeper: <a href=\"https:\/\/buechertanz.de\/?p=4531\" target=\"_blank\" rel=\"noreferrer noopener\"><em>&#8222;Brennnesseln schmecken nur im Fr\u00fchling&#8220;<\/em><\/a><\/li><li>Arabella Meran:<a href=\"https:\/\/buechertanz.de\/?p=4546\" target=\"_blank\" rel=\"noreferrer noopener\"><em> &#8222;Das Lachen der Pinguine&#8220;<\/em><\/a><\/li><\/ul>\n\n\n\n<p><\/p>\n\n\n\n<p class=\"has-drop-cap has-small-font-size\">\u00d6ffentlicher B\u00fccherschrank:<\/p>\n\n\n\n<p><\/p>\n\n\n\n<ul class=\"has-small-font-size wp-block-list\"><li>Annette Gro\u00dfbongardt &amp;&nbsp;Johannes Saltzwedel: <br><em>&#8222;Leben im Mittelalter: Der Alltag von Rittern, M\u00f6nchen, Bauern und Kaufleuten&#8220;<\/em><\/li><\/ul>\n\n\n\n<p>_<\/p>\n\n\n\n<p class=\"has-small-font-size\">Einige dieser wundersch\u00f6nen Neuzug\u00e4nge sind bereits gelesen, auf andere freue ich mich noch.<br>Ich bedanke mich herzlich bei Kerstin Groeper und Arabella Meran f\u00fcr die Zusendung und Bereitstellung ihrer B\u00fccher als Rezensionsexemplare.<\/p>\n\n\n\n<p class=\"has-small-font-size\">Liebe Gr\u00fc\u00dfe,<\/p>\n\n\n\n<figure class=\"wp-block-image size-large is-resized\"><img loading=\"lazy\" decoding=\"async\" src=\"https:\/\/buechertanz.de\/wp-content\/uploads\/2022\/06\/Unterschrift-1024x404.jpg\" alt=\"\" class=\"wp-image-3355\" width=\"211\" height=\"83\" srcset=\"https:\/\/buechertanz.de\/wp-content\/uploads\/2022\/06\/Unterschrift-1024x404.jpg 1024w, https:\/\/buechertanz.de\/wp-content\/uploads\/2022\/06\/Unterschrift-300x118.jpg 300w, https:\/\/buechertanz.de\/wp-content\/uploads\/2022\/06\/Unterschrift-768x303.jpg 768w, https:\/\/buechertanz.de\/wp-content\/uploads\/2022\/06\/Unterschrift.jpg 1500w\" sizes=\"auto, (max-width: 211px) 100vw, 211px\" \/><\/figure>\n","protected":false},"excerpt":{"rendered":"<p>Im\u00a0Februar 2023\u00a0sind insgesamt\u00a0acht B\u00fccher\u00a0hier eingezogen:F\u00fcnf neue B\u00fccher, zwei Rezensionsexemplare und ein Buch aus dem \u00f6ffentlichen B\u00fccherschrank.Falls es eine Rezension auf meinem Blog gibt, gelangt ihr mit einem Klick auf den Titel direkt bei der Rezension. _ Neue B\u00fccher: Katharina Fuchs: &#8222;Unser kostbares Leben&#8220; Ulrike Fuchs: &#8222;Reporterin f\u00fcr eine bessere Welt&#8220; Agnes Imhof: &#8222;Die geniale Rebellin&#8220; &hellip; <a href=\"https:\/\/buechertanz.de\/?page_id=4555\" class=\"more-link\"><span class=\"screen-reader-text\">Neuzug\u00e4nge Februar 2023<\/span> weiterlesen<\/a><\/p>\n","protected":false},"author":2,"featured_media":0,"parent":0,"menu_order":0,"comment_status":"open","ping_status":"closed","template":"","meta":{"footnotes":""},"class_list":["post-4555","page","type-page","status-publish","hentry"],"_links":{"self":[{"href":"https:\/\/buechertanz.de\/index.php?rest_route=\/wp\/v2\/pages\/4555","targetHints":{"allow":["GET"]}}],"collection":[{"href":"https:\/\/buechertanz.de\/index.php?rest_route=\/wp\/v2\/pages"}],"about":[{"href":"https:\/\/buechertanz.de\/index.php?rest_route=\/wp\/v2\/types\/page"}],"author":[{"embeddable":true,"href":"https:\/\/buechertanz.de\/index.php?rest_route=\/wp\/v2\/users\/2"}],"replies":[{"embeddable":true,"href":"https:\/\/buechertanz.de\/index.php?rest_route=%2Fwp%2Fv2%2Fcomments&post=4555"}],"version-history":[{"count":6,"href":"https:\/\/buechertanz.de\/index.php?rest_route=\/wp\/v2\/pages\/4555\/revisions"}],"predecessor-version":[{"id":4836,"href":"https:\/\/buechertanz.de\/index.php?rest_route=\/wp\/v2\/pages\/4555\/revisions\/4836"}],"wp:attachment":[{"href":"https:\/\/buechertanz.de\/index.php?rest_route=%2Fwp%2Fv2%2Fmedia&parent=4555"}],"curies":[{"name":"wp","href":"https:\/\/api.w.org\/{rel}","templated":true}]}}