{"id":4556,"date":"2023-02-28T11:21:03","date_gmt":"2023-02-28T10:21:03","guid":{"rendered":"https:\/\/buechertanz.de\/?page_id=4556"},"modified":"2023-11-29T21:42:13","modified_gmt":"2023-11-29T20:42:13","slug":"gelesen-februar-2023","status":"publish","type":"page","link":"https:\/\/buechertanz.de\/?page_id=4556","title":{"rendered":"Gelesen Februar 2023"},"content":{"rendered":"\n<p class=\"has-drop-cap has-small-font-size\">Hier findet ihr die B\u00fccher, die ich im&nbsp;<strong>Februar 2023<\/strong>&nbsp;gelesen habe \u2013 insgesamt sind es&nbsp;<strong>f\u00fcnf B\u00fccher<\/strong>&nbsp;mit&nbsp;<strong>2.391&nbsp;Seiten<\/strong>&nbsp;geworden. <br>Falls es auf meinem Blog schon eine Rezension gibt, findet ihr diese, wenn ihr auf den Buchtitel klickt. Viel Spa\u00df beim Schm\u00f6kern.<\/p>\n\n\n<div class=\"wp-block-image\">\n<figure class=\"aligncenter size-full\"><img loading=\"lazy\" decoding=\"async\" width=\"511\" height=\"511\" src=\"https:\/\/buechertanz.de\/wp-content\/uploads\/2023\/02\/02-Februar_komp.jpg\" alt=\"\" class=\"wp-image-4571\" srcset=\"https:\/\/buechertanz.de\/wp-content\/uploads\/2023\/02\/02-Februar_komp.jpg 511w, https:\/\/buechertanz.de\/wp-content\/uploads\/2023\/02\/02-Februar_komp-300x300.jpg 300w, https:\/\/buechertanz.de\/wp-content\/uploads\/2023\/02\/02-Februar_komp-150x150.jpg 150w\" sizes=\"auto, (max-width: 511px) 100vw, 511px\" \/><figcaption class=\"wp-element-caption\"><em>Meine Lesemonat Februar 2023: F\u00fcnf B\u00fccher mit insgesamt 2.391 Seiten<\/em><\/figcaption><\/figure><\/div>\n\n\n<p class=\"has-small-font-size\">All diese B\u00fccher sind als Rezensionsexemplare zu mir gekommen. Zu den jeweiligen Rezensionen gelangt ihr, wenn ihr auf den unterstrichenen Buchtitel klickt.<\/p>\n\n\n\n<p>_<\/p>\n\n\n\n<div class=\"wp-block-media-text alignwide\" style=\"grid-template-columns:21% auto\"><figure class=\"wp-block-media-text__media\"><img loading=\"lazy\" decoding=\"async\" width=\"316\" height=\"500\" src=\"https:\/\/buechertanz.de\/wp-content\/uploads\/2023\/02\/08-Miss-Bly-und-die-Wette-gegen-Jules-Verne.jpg\" alt=\"\" class=\"wp-image-4476 size-full\" srcset=\"https:\/\/buechertanz.de\/wp-content\/uploads\/2023\/02\/08-Miss-Bly-und-die-Wette-gegen-Jules-Verne.jpg 316w, https:\/\/buechertanz.de\/wp-content\/uploads\/2023\/02\/08-Miss-Bly-und-die-Wette-gegen-Jules-Verne-190x300.jpg 190w\" sizes=\"auto, (max-width: 316px) 100vw, 316px\" \/><\/figure><div class=\"wp-block-media-text__content\">\n<ul class=\"wp-block-list\">\n<li class=\"has-small-font-size\">Der Lesemonat Februar 2023 begann mit einem absolut umwerfenden Buch: <strong><a href=\"https:\/\/buechertanz.de\/?p=4482\" target=\"_blank\" rel=\"noreferrer noopener\">&#8222;Miss Bly und die Wette gegen Jules Verne&#8220;<\/a><\/strong> von Eva-Maria Bast. Mit ihrem wundersch\u00f6nen Sprachstil, ihrem immensen Wissen, ihren pers\u00f6nlichen Eindr\u00fccken, ihrer sympathischen Hauptfigur und vielen anderen authentischen Figuren, hat mich die Autorin mit auf eine farbenpr\u00e4chtige, spannende und emotionale Weltreise genommen. Ein absolut empfehlenswerter Roman, der mich von der ersten bis zur letzten Seite bestens unterhalten hat und dessen Handlung man sich einfach fallen lassen kann. Top!<\/li>\n<\/ul>\n<\/div><\/div>\n\n\n\n<p>_<\/p>\n\n\n\n<div class=\"wp-block-media-text alignwide has-media-on-the-right\" style=\"grid-template-columns:auto 24%\"><div class=\"wp-block-media-text__content\">\n<ul class=\"wp-block-list\">\n<li class=\"has-small-font-size\">Es folgte der zweite Band einer Dilogie: <strong><a href=\"https:\/\/buechertanz.de\/?p=4497\" target=\"_blank\" rel=\"noreferrer noopener\">&#8222;Die Welt geh\u00f6rt uns &#8211; Eine unm\u00f6gliche Freiheit&#8220;<\/a><\/strong> von Julia Kr\u00f6hn. Dies ist ein sehr guter Abschluss einer \u00e4u\u00dferst stimmungsvollen Dilogie, die mich sehr begeistert hat. Mit ihrem poetischen Sprachstil, ihren akribisch recherchierten Hintergr\u00fcnden, ihrem gro\u00dfen geschichtlichen Wissen, einer spannenden Handlung und ihren lebensechten Charakteren, bietet Julia Kr\u00f6hn mit dieser Reihe alles, was das Leserherz begehrt. Absolut empfehlens- und lesenswert!<\/li>\n<\/ul>\n<\/div><figure class=\"wp-block-media-text__media\"><img loading=\"lazy\" decoding=\"async\" width=\"330\" height=\"500\" src=\"https:\/\/buechertanz.de\/wp-content\/uploads\/2023\/02\/09-Die-Welt-gehoert-uns-Eine-unmoegliche-Freiheit.jpg\" alt=\"\" class=\"wp-image-4492 size-full\" srcset=\"https:\/\/buechertanz.de\/wp-content\/uploads\/2023\/02\/09-Die-Welt-gehoert-uns-Eine-unmoegliche-Freiheit.jpg 330w, https:\/\/buechertanz.de\/wp-content\/uploads\/2023\/02\/09-Die-Welt-gehoert-uns-Eine-unmoegliche-Freiheit-198x300.jpg 198w\" sizes=\"auto, (max-width: 330px) 100vw, 330px\" \/><\/figure><\/div>\n\n\n\n<p>_<\/p>\n\n\n\n<div class=\"wp-block-media-text alignwide\" style=\"grid-template-columns:23% auto\"><figure class=\"wp-block-media-text__media\"><img loading=\"lazy\" decoding=\"async\" width=\"200\" height=\"320\" src=\"https:\/\/buechertanz.de\/wp-content\/uploads\/2023\/02\/10-Die-indische-Kugel.jpeg\" alt=\"\" class=\"wp-image-4509 size-full\" srcset=\"https:\/\/buechertanz.de\/wp-content\/uploads\/2023\/02\/10-Die-indische-Kugel.jpeg 200w, https:\/\/buechertanz.de\/wp-content\/uploads\/2023\/02\/10-Die-indische-Kugel-188x300.jpeg 188w\" sizes=\"auto, (max-width: 200px) 100vw, 200px\" \/><\/figure><div class=\"wp-block-media-text__content\">\n<ul class=\"wp-block-list\">\n<li class=\"has-small-font-size\">Dieses Buch, welches mich im Januar \u00fcberraschend erreichte &#8211; konnte mich v\u00f6llig begeistern: <strong><a href=\"https:\/\/buechertanz.de\/?p=4511\" target=\"_blank\" rel=\"noreferrer noopener\">&#8222;Die indische Kugel&#8220;<\/a><\/strong> von Matthias H\u00fcbener.<br>Eine Geschichte, die einfach alles hat, was ich mir w\u00fcnsche: Spannung, Tiefgang, Weisheiten. Komplexit\u00e4t , Historie, lebensechte Figuren , Atmosph\u00e4re und alles garniert mit einem sehr eindrucksvollen und brillanten Sprachstil. Absolut lesenswert und ein ganz gro\u00dfer Lese-Tipp.<\/li>\n<\/ul>\n<\/div><\/div>\n\n\n\n<p>_<\/p>\n\n\n\n<div class=\"wp-block-media-text alignwide has-media-on-the-right\" style=\"grid-template-columns:auto 24%\"><div class=\"wp-block-media-text__content\">\n<ul class=\"wp-block-list\">\n<li class=\"has-small-font-size\">Auch dieses Buch erreichte mich \u00fcberraschend: <strong><a href=\"https:\/\/buechertanz.de\/?p=4531\" target=\"_blank\" rel=\"noreferrer noopener\">\u201eBrennnesseln schmecken nur im Fr\u00fchling\u201c<\/a><\/strong> von Kerstin Groeper.<br>Es ist ein sehr beeindruckendes Buch, welches mich mit den zahlreichen und liebevoll gezeichneten Figuren und deren ergreifenden Schicksalen sehr bewegt hat. Viele geschichtliche Themen werden in die Geschichte integriert und verst\u00e4ndlich, aber auch beeindruckend vermittelt. Absolut lesenswert!<\/li>\n<\/ul>\n<\/div><figure class=\"wp-block-media-text__media\"><img loading=\"lazy\" decoding=\"async\" width=\"226\" height=\"346\" src=\"https:\/\/buechertanz.de\/wp-content\/uploads\/2023\/02\/11-Brennnesseln-schmecken-nur-im-Fruehling.jpg\" alt=\"\" class=\"wp-image-4523 size-full\" srcset=\"https:\/\/buechertanz.de\/wp-content\/uploads\/2023\/02\/11-Brennnesseln-schmecken-nur-im-Fruehling.jpg 226w, https:\/\/buechertanz.de\/wp-content\/uploads\/2023\/02\/11-Brennnesseln-schmecken-nur-im-Fruehling-196x300.jpg 196w\" sizes=\"auto, (max-width: 226px) 100vw, 226px\" \/><\/figure><\/div>\n\n\n\n<p>_<\/p>\n\n\n\n<div class=\"wp-block-media-text alignwide\" style=\"grid-template-columns:24% auto\"><figure class=\"wp-block-media-text__media\"><img loading=\"lazy\" decoding=\"async\" width=\"421\" height=\"621\" src=\"https:\/\/buechertanz.de\/wp-content\/uploads\/2023\/02\/12-Das-Lachen-der-Pinguine.jpg\" alt=\"\" class=\"wp-image-4542 size-full\" srcset=\"https:\/\/buechertanz.de\/wp-content\/uploads\/2023\/02\/12-Das-Lachen-der-Pinguine.jpg 421w, https:\/\/buechertanz.de\/wp-content\/uploads\/2023\/02\/12-Das-Lachen-der-Pinguine-203x300.jpg 203w\" sizes=\"auto, (max-width: 421px) 100vw, 421px\" \/><\/figure><div class=\"wp-block-media-text__content\">\n<ul class=\"wp-block-list\">\n<li class=\"has-small-font-size\">Mit <strong><a href=\"https:\/\/buechertanz.de\/?p=4546\" target=\"_blank\" rel=\"noreferrer noopener\">&#8222;Das Lachen der Pinguine&#8220;<\/a><\/strong> von Arabella Meran habe ich ein sehr stimmiges, aber auch stimmungsvolles Buch gelesen, welches zum Mitf\u00fchlen und Nachdenken anregt. Dazu konnten mich die sehr facettenreichen und klischeefreien Figuren mit ihren vielf\u00e4ltigen Geschichten und Hintergr\u00fcnden sehr \u00fcberzeugen. Auch die geschichtlichen Hintergr\u00fcnde und Themen sind sehr gut und intensiv herausgearbeitet. Eine absolute Lese-Empfehlung f\u00fcr dieses bewegende und emotionale Roman-Deb\u00fct.<\/li>\n<\/ul>\n<\/div><\/div>\n\n\n\n<p>_<\/p>\n\n\n\n<p class=\"has-small-font-size\">Dies war mein (nicht ganz so umfangreicher) Lesemonat Februar 2023. Ich m\u00f6chte mich ganz herzlich f\u00fcr die Rezensionsexemplare bedanken: Danke an den Blanvalet Verlag, den \u00c4quatorkind Verlag, an Kerstin Groeper und an Arabella Meran. Und ein herzliches Dankesch\u00f6n an alle Autoren und Autorinnen f\u00fcr die wunderbaren und inspirierenden Lesestunden.<\/p>\n\n\n\n<p class=\"has-small-font-size\">Liebe Gr\u00fc\u00dfe,<\/p>\n\n\n\n<figure class=\"wp-block-image size-large is-resized\"><img loading=\"lazy\" decoding=\"async\" width=\"1024\" height=\"404\" src=\"https:\/\/buechertanz.de\/wp-content\/uploads\/2022\/06\/Unterschrift-1024x404.jpg\" alt=\"\" class=\"wp-image-3355\" style=\"width:175px;height:69px\" srcset=\"https:\/\/buechertanz.de\/wp-content\/uploads\/2022\/06\/Unterschrift-1024x404.jpg 1024w, https:\/\/buechertanz.de\/wp-content\/uploads\/2022\/06\/Unterschrift-300x118.jpg 300w, https:\/\/buechertanz.de\/wp-content\/uploads\/2022\/06\/Unterschrift-768x303.jpg 768w, https:\/\/buechertanz.de\/wp-content\/uploads\/2022\/06\/Unterschrift.jpg 1500w\" sizes=\"auto, (max-width: 1024px) 100vw, 1024px\" \/><\/figure>\n","protected":false},"excerpt":{"rendered":"<p>Hier findet ihr die B\u00fccher, die ich im&nbsp;Februar 2023&nbsp;gelesen habe \u2013 insgesamt sind es&nbsp;f\u00fcnf B\u00fccher&nbsp;mit&nbsp;2.391&nbsp;Seiten&nbsp;geworden. Falls es auf meinem Blog schon eine Rezension gibt, findet ihr diese, wenn ihr auf den Buchtitel klickt. Viel Spa\u00df beim Schm\u00f6kern. All diese B\u00fccher sind als Rezensionsexemplare zu mir gekommen. Zu den jeweiligen Rezensionen gelangt ihr, wenn ihr auf &hellip; <a href=\"https:\/\/buechertanz.de\/?page_id=4556\" class=\"more-link\"><span class=\"screen-reader-text\">Gelesen Februar 2023<\/span> weiterlesen<\/a><\/p>\n","protected":false},"author":2,"featured_media":0,"parent":0,"menu_order":0,"comment_status":"open","ping_status":"closed","template":"","meta":{"footnotes":""},"class_list":["post-4556","page","type-page","status-publish","hentry"],"_links":{"self":[{"href":"https:\/\/buechertanz.de\/index.php?rest_route=\/wp\/v2\/pages\/4556","targetHints":{"allow":["GET"]}}],"collection":[{"href":"https:\/\/buechertanz.de\/index.php?rest_route=\/wp\/v2\/pages"}],"about":[{"href":"https:\/\/buechertanz.de\/index.php?rest_route=\/wp\/v2\/types\/page"}],"author":[{"embeddable":true,"href":"https:\/\/buechertanz.de\/index.php?rest_route=\/wp\/v2\/users\/2"}],"replies":[{"embeddable":true,"href":"https:\/\/buechertanz.de\/index.php?rest_route=%2Fwp%2Fv2%2Fcomments&post=4556"}],"version-history":[{"count":4,"href":"https:\/\/buechertanz.de\/index.php?rest_route=\/wp\/v2\/pages\/4556\/revisions"}],"predecessor-version":[{"id":6453,"href":"https:\/\/buechertanz.de\/index.php?rest_route=\/wp\/v2\/pages\/4556\/revisions\/6453"}],"wp:attachment":[{"href":"https:\/\/buechertanz.de\/index.php?rest_route=%2Fwp%2Fv2%2Fmedia&parent=4556"}],"curies":[{"name":"wp","href":"https:\/\/api.w.org\/{rel}","templated":true}]}}