{"id":4597,"date":"2023-03-13T15:21:48","date_gmt":"2023-03-13T14:21:48","guid":{"rendered":"https:\/\/buechertanz.de\/?page_id=4597"},"modified":"2023-05-09T17:57:22","modified_gmt":"2023-05-09T16:57:22","slug":"die-autorin","status":"publish","type":"page","link":"https:\/\/buechertanz.de\/?page_id=4597","title":{"rendered":"Die Autorin"},"content":{"rendered":"\n<p class=\"has-drop-cap has-small-font-size\">Hier findet ihr alles, was ihr \u00fcber die Autorin Petra Durst-Benning und ihr gesamtes belletristisches Werk wissen m\u00fcsst: <\/p>\n\n\n\n<ul class=\"has-small-font-size wp-block-list\"><li><a href=\"https:\/\/buechertanz.de\/?page_id=4598\" target=\"_blank\" rel=\"noreferrer noopener\">Biografie<\/a><\/li><li><a href=\"https:\/\/buechertanz.de\/?page_id=4737\" target=\"_blank\" rel=\"noreferrer noopener\">B\u00fccher<\/a><\/li><li><a href=\"https:\/\/buechertanz.de\/?page_id=4599\" target=\"_blank\" rel=\"noreferrer noopener\">Interview<\/a><\/li><\/ul>\n\n\n<div class=\"wp-block-image is-style-rounded\">\n<figure class=\"aligncenter size-large is-resized\"><img loading=\"lazy\" decoding=\"async\" src=\"https:\/\/buechertanz.de\/wp-content\/uploads\/2023\/03\/received_1310198366195933-768x1024.jpeg\" alt=\"\" class=\"wp-image-4782\" width=\"323\" height=\"431\" srcset=\"https:\/\/buechertanz.de\/wp-content\/uploads\/2023\/03\/received_1310198366195933-768x1024.jpeg 768w, https:\/\/buechertanz.de\/wp-content\/uploads\/2023\/03\/received_1310198366195933-225x300.jpeg 225w, https:\/\/buechertanz.de\/wp-content\/uploads\/2023\/03\/received_1310198366195933-1152x1536.jpeg 1152w, https:\/\/buechertanz.de\/wp-content\/uploads\/2023\/03\/received_1310198366195933.jpeg 1536w\" sizes=\"auto, (max-width: 323px) 100vw, 323px\" \/><figcaption><em>(c) Foto by Petra Durst-Benning<\/em><\/figcaption><\/figure><\/div>\n\n\n<p class=\"has-small-font-size\">Viel Spa\u00df beim St\u00f6bern, eure<\/p>\n\n\n\n<figure class=\"wp-block-image size-large is-resized\"><img loading=\"lazy\" decoding=\"async\" src=\"https:\/\/buechertanz.de\/wp-content\/uploads\/2022\/06\/Unterschrift-1024x404.jpg\" alt=\"\" class=\"wp-image-3355\" width=\"221\" height=\"87\" srcset=\"https:\/\/buechertanz.de\/wp-content\/uploads\/2022\/06\/Unterschrift-1024x404.jpg 1024w, https:\/\/buechertanz.de\/wp-content\/uploads\/2022\/06\/Unterschrift-300x118.jpg 300w, https:\/\/buechertanz.de\/wp-content\/uploads\/2022\/06\/Unterschrift-768x303.jpg 768w, https:\/\/buechertanz.de\/wp-content\/uploads\/2022\/06\/Unterschrift.jpg 1500w\" sizes=\"auto, (max-width: 221px) 100vw, 221px\" \/><\/figure>\n\n\n<div class=\"wp-block-image is-style-rounded\">\n<figure class=\"aligncenter size-full is-resized\"><img loading=\"lazy\" decoding=\"async\" src=\"https:\/\/buechertanz.de\/wp-content\/uploads\/2019\/03\/cropped-Blume-1.png\" alt=\"\" class=\"wp-image-2847\" width=\"124\" height=\"124\" srcset=\"https:\/\/buechertanz.de\/wp-content\/uploads\/2019\/03\/cropped-Blume-1.png 248w, https:\/\/buechertanz.de\/wp-content\/uploads\/2019\/03\/cropped-Blume-1-150x150.png 150w\" sizes=\"auto, (max-width: 124px) 100vw, 124px\" \/><\/figure><\/div>","protected":false},"excerpt":{"rendered":"<p>Hier findet ihr alles, was ihr \u00fcber die Autorin Petra Durst-Benning und ihr gesamtes belletristisches Werk wissen m\u00fcsst: Biografie B\u00fccher Interview Viel Spa\u00df beim St\u00f6bern, eure<\/p>\n","protected":false},"author":2,"featured_media":0,"parent":0,"menu_order":0,"comment_status":"open","ping_status":"closed","template":"","meta":{"footnotes":""},"class_list":["post-4597","page","type-page","status-publish","hentry"],"_links":{"self":[{"href":"https:\/\/buechertanz.de\/index.php?rest_route=\/wp\/v2\/pages\/4597","targetHints":{"allow":["GET"]}}],"collection":[{"href":"https:\/\/buechertanz.de\/index.php?rest_route=\/wp\/v2\/pages"}],"about":[{"href":"https:\/\/buechertanz.de\/index.php?rest_route=\/wp\/v2\/types\/page"}],"author":[{"embeddable":true,"href":"https:\/\/buechertanz.de\/index.php?rest_route=\/wp\/v2\/users\/2"}],"replies":[{"embeddable":true,"href":"https:\/\/buechertanz.de\/index.php?rest_route=%2Fwp%2Fv2%2Fcomments&post=4597"}],"version-history":[{"count":5,"href":"https:\/\/buechertanz.de\/index.php?rest_route=\/wp\/v2\/pages\/4597\/revisions"}],"predecessor-version":[{"id":4989,"href":"https:\/\/buechertanz.de\/index.php?rest_route=\/wp\/v2\/pages\/4597\/revisions\/4989"}],"wp:attachment":[{"href":"https:\/\/buechertanz.de\/index.php?rest_route=%2Fwp%2Fv2%2Fmedia&parent=4597"}],"curies":[{"name":"wp","href":"https:\/\/api.w.org\/{rel}","templated":true}]}}