{"id":4599,"date":"2023-03-13T15:21:48","date_gmt":"2023-03-13T14:21:48","guid":{"rendered":"https:\/\/buechertanz.de\/?page_id=4599"},"modified":"2023-03-27T21:21:18","modified_gmt":"2023-03-27T20:21:18","slug":"interview","status":"publish","type":"page","link":"https:\/\/buechertanz.de\/?page_id=4599","title":{"rendered":"Interview"},"content":{"rendered":"\n<p class=\"has-drop-cap has-small-font-size\">Im M\u00e4rz 2023 durfte ich unserer lieben Petra Durst-Benning einige Fragen zusenden, welche sie mir freundlicherweise beantwortet hat &#8211; herzlichen Dank daf\u00fcr. <br>Ich w\u00fcnsche euch ganz viel Spa\u00df mit diesem Interview. Beachtet aber bitte, dass das Copyright der beiden verwendeten Fotos ausschlie\u00dflich bei Petra Durst-Benning liegt.<\/p>\n\n\n\n<div class=\"wp-block-media-text alignwide\" style=\"grid-template-columns:37% auto\"><figure class=\"wp-block-media-text__media\"><img loading=\"lazy\" decoding=\"async\" width=\"600\" height=\"900\" src=\"https:\/\/buechertanz.de\/wp-content\/uploads\/2023\/03\/received_599530601699181.jpeg\" alt=\"\" class=\"wp-image-4771 size-full\" srcset=\"https:\/\/buechertanz.de\/wp-content\/uploads\/2023\/03\/received_599530601699181.jpeg 600w, https:\/\/buechertanz.de\/wp-content\/uploads\/2023\/03\/received_599530601699181-200x300.jpeg 200w\" sizes=\"auto, (max-width: 600px) 100vw, 600px\" \/><\/figure><div class=\"wp-block-media-text__content\">\n<p class=\"has-small-font-size\"><strong>01. Du hast im Jahr 1996 deinen ersten Roman \u201eDie Silberdistel\u201c ver\u00f6ffentlicht. Dieser ist, auch mit neuen Cover, noch immer im Handel erh\u00e4ltlich. Das ist im eher schnelllebigen Buchhandel sehr ungew\u00f6hnlich. Wie f\u00fchlst du dich mit dieser herausragenden Stellung?<\/strong><\/p>\n\n\n\n<p class=\"has-small-font-size\">Petra: <em>&#8222;Alle meine Romane sind Longseller und das freut mich unglaublich. Im Laufe meiner fast 27 Jahren habe ich so viele AutorInnen kommen und gehen sehen &#8211; da empfinde ich wirklich gro\u00dfe Dankbarkeit daf\u00fcr, dass die Leser noch immer Freude an mir und meinen Romanen haben!&#8220;<\/em><\/p>\n<\/div><\/div>\n\n\n\n<p class=\"has-small-font-size\"><strong>02. Insgesamt 27 B\u00fccher hast du bereits geschrieben und ver\u00f6ffentlicht. Hast du unter deinen B\u00fcchern einen Favoriten? Wenn ja, welchen und warum?<\/strong><\/p>\n\n\n\n<p class=\"has-small-font-size\">Petra: <em>&#8222;Im Grunde genommen k\u00f6nnte ich zu jedem Buch nicht nur eine, sondern gleich mehrere ganz pers\u00f6nliche Geschichten erz\u00e4hlen. Denn alle meine Themen begeistern mich, manche Themen begleiten mich schon ein Lebenlang, sei es das Thema &#8222;Historische Fotografien&#8220; oder die Glasbl\u00e4serei oder S\u00fcdfrankreich, wo ich jahrelang ein Haus hatte. Von daher kann ich gar nicht sagen, welches Buch mein Liebling ist &#8211; das w\u00e4re fast so, als w\u00fcrdest du eine Mutter fragen, welches Kind ihr denn das liebste w\u00e4re &#8230;&#8220;<\/em><\/p>\n\n\n\n<p class=\"has-small-font-size\"><strong>03. Wie kamst du damals zum Schreiben? Wer oder was hat dich dazu gebracht?<\/strong><\/p>\n\n\n\n<p class=\"has-small-font-size\">Petra: &#8222;<em>Ich geh\u00f6re zu denen, die schon in der Schule gern Aufs\u00e4tze geschrieben haben &#8211; w\u00e4hrend mein Sitznachbar nach zwei Seiten fertig war, schrieb ich noch eine Seite und noch eine &#8230; Zu einer Zeit, wo andere Frauen Kinder bekommen, habe ich dann angefangen, B\u00fccher zu schreiben und zu ver\u00f6ffentlichen.<\/em>&#8222;<\/p>\n\n\n\n<p class=\"has-small-font-size\"><strong>04. Wie sieht dein Schreib-Alltag aus? Wann und wo schreibst du?<\/strong><\/p>\n\n\n\n<p class=\"has-small-font-size\">Petra: <em>&#8222;So ein Autorenalltag ist meist nicht so glamour\u00f6s, wie man glaubt. Ich schreibe t\u00e4glich mehrere Stunden, habe dabei aber die Freiheit, mir auszusuchen, wann und wo ich das mache. Da ich keine Vielschreiberin bin, sondern auch noch das Leben genie\u00dfen m\u00f6chte, schreibe ich pro Jahr nur ein Buch. Das meiste Schreibpensum lege ich in die Wintermonate, so dass ich im Sommer viel Freizeit habe.&#8220;<\/em><\/p>\n\n\n\n<p class=\"has-small-font-size\"><strong>05. Was ist f\u00fcr dich der gr\u00f6\u00dfte St\u00f6rfaktor beim Schreiben?<\/strong><\/p>\n\n\n\n<p class=\"has-small-font-size\">Petra: <em>&#8222;Mich st\u00f6rt beim Schreiben rein gar nichts. Weder ein Presslufthammer auf der Nachbarbaustelle, noch laute Musik, noch meine Hunde oder Kinder oder sonst was. Wenn ich schreibe, dann schreibe ich. Ich brauche auch keine besondere Umgebung, kann im kleinsten K\u00e4mmerchen schreiben. Trotzdem mache ich es mir immer sch\u00f6n an meinem Arbeitsplatz: Mit Blumen, Kerze, sauberer Tastatur &#8211; wenn ich sehe, wie Leute ihre versabberten Tastaturen posten, graust es mich!&#8220;<\/em><\/p>\n\n\n\n<p class=\"has-small-font-size\"><strong>06. Wie steht deine Familie zum Schreiben?<\/strong><\/p>\n\n\n\n<p class=\"has-small-font-size\"><em>Petra: &#8222;Ich glaube, meiner Familie ist es echt egal, was ich schreibe. Die wissen: Wenn Petra was macht, dann macht sie es mit Herzblut! Und sie ist gl\u00fccklich dabei. Das ist ihnen wichtig, sonst nichts.&#8220;<\/em><\/p>\n\n\n\n<p class=\"has-small-font-size\"><strong>07. Wo und wie findest du die Ideen und Themen f\u00fcr deine Geschichten?<\/strong><\/p>\n\n\n\n<p class=\"has-small-font-size\"><em>Petra: &#8222;Manche Themen begleiten mich ein Leben lang, entwickeln sich durch meine eigenen Leidenschaften und Erfahrungen. Andere Themen &#8222;springen&#8220; mich regelrecht ein. Ein Gedankenflash &#8211; und zack! &#8211; ist eine Idee da. Doch ob ein Roman draus wird, entscheidet sich erst viel sp\u00e4ter am Ende eines Prozesses &#8211; aber das zu beschreiben, w\u00fcrde den Rahmen jetzt sprengen.&#8220;<\/em><\/p>\n\n\n\n<p class=\"has-small-font-size\"><strong>08. An welches Thema\/ an welche Epoche traust du dich nicht ran? Warum?<\/strong><\/p>\n\n\n\n<p class=\"has-small-font-size\">Petra: <em>&#8222;Ich traue mich nicht an den zweiten Weltkrieg heran, das w\u00fcrde zu gro\u00dfe Wunden bei mir aufrei\u00dfen. Mein Urgro\u00dfvater wurde im KZ umgebracht, beide Gro\u00dfv\u00e4ter starben als junge M\u00e4nner im Krieg, dazu Flucht, Vertreibung &#8230; Nein danke.&#8220;<\/em><\/p>\n\n\n\n<div class=\"wp-block-media-text alignwide has-media-on-the-right\"><figure class=\"wp-block-media-text__media\"><img loading=\"lazy\" decoding=\"async\" width=\"800\" height=\"612\" src=\"https:\/\/buechertanz.de\/wp-content\/uploads\/2023\/03\/received_149161978038704.jpeg\" alt=\"\" class=\"wp-image-4772 size-full\" srcset=\"https:\/\/buechertanz.de\/wp-content\/uploads\/2023\/03\/received_149161978038704.jpeg 800w, https:\/\/buechertanz.de\/wp-content\/uploads\/2023\/03\/received_149161978038704-300x230.jpeg 300w, https:\/\/buechertanz.de\/wp-content\/uploads\/2023\/03\/received_149161978038704-768x588.jpeg 768w\" sizes=\"auto, (max-width: 800px) 100vw, 800px\" \/><\/figure><div class=\"wp-block-media-text__content\">\n<p class=\"has-small-font-size\"><strong>09. Wie wichtig ist dir der Kontakt zu andern Autoren\/ Autorinnen und zu Leser\/ Leserinnen?<\/strong><\/p>\n\n\n\n<p class=\"has-small-font-size\">Petra: <em>&#8222;Der Kontakt zu meinen LeserInnen ist mir unglaublich wichtig, ich w\u00fcrde das gar nicht &#8222;Kontakt&#8220; nennen, sondern eine \u00fcber viele Jahre gewachsene, ganz stabile und vertrauensvolle Beziehung. Ich bekomme sehr oft auch private Post, kleine Geschenke, sch\u00f6ne Postkarten. Manchmal schreiben mir Leser auch, wenn sie Sorgen haben. Ich bin keine Psychologin und habe auch nicht unbegrenzt Zeit, aber ich versuche immer, ein offenes Ohr zu haben.<br>Ich habe auch Kontakt zu AutorINNen, aber in wesentlich geringerem Ma\u00dfe. Mich inspirieren K\u00fcnstler und Menschen aus anderen Bereichen! Ein Klempner trifft sich ja auch nicht nur mit Klempnern. Und ein Dachdecker hat auch andere Kontakte als nur die zu anderen Dachdeckern.&#8220;<\/em><\/p>\n<\/div><\/div>\n\n\n\n<p class=\"has-small-font-size\"><strong>10. Nach \u00fcber 12 Jahren hat &#8222;Die Russische Herzogin&#8220; ein neues Cover bekommen. Wie gef\u00e4llt es dir?<\/strong><\/p>\n\n\n\n<p class=\"has-small-font-size\">Petra: <em>&#8222;Ich liebe es!!!&#8220;<\/em><\/p>\n\n\n\n<p class=\"has-small-font-size\"><strong>11. Erz\u00e4hl etwas \u00fcber den Prozess des neuen Cover. Wie ist es entstanden? Kam der Verlag auf dich zu und sagte: \u201eSo, wir brauchen ein neues Cover.\u201c ? Wie sehr warst du in den Findungs- und Gestaltungsprozess mit eingebunden?<\/strong><\/p>\n\n\n\n<p class=\"has-small-font-size\">Petra: &#8222;<em>Die Ullstein Buchverlage pflegen meine so genannte &#8222;Backlist&#8220;, also die Liste meiner \u00e4lteren B\u00fccher sehr gut. Alle paar Jahre gibt es eine Neuauflage. In die Covergestaltung werde ich mit eingebunden &#8211; bei der Zarentochter-Trilogie habe ich mir Frauenportraits gew\u00fcnscht mit einer extremen N\u00e4he. So dass einen das Gesicht quasi vom Cover anspringt. Und genau das hat der Grafiker perfekt hinbekommen.<\/em>&#8222;<\/p>\n\n\n\n<p class=\"has-small-font-size\"><strong>12. Magst du deine bisherigen und \u00e4lteren B\u00fccher immer noch sehr gerne? Oder denkst du, gerade bei Neuauflagen: \u201eUff, das h\u00e4tte ich anders schreiben m\u00fcssen\/ k\u00f6nnen\u2026\u201c?<\/strong><\/p>\n\n\n\n<p class=\"has-small-font-size\">Petra: <em>&#8222;Jedes Buch spiegelt stets auch eine Lebensphase von mir. Ich wei\u00df noch genau, wie ich mich beim &#8222;Kartografen&#8220; oder bei der &#8222;Glasbl\u00e4serin&#8220; gef\u00fchlt habe. Ich wei\u00df, dass ich eine ganz besonders intensive Zeit erlebt habe, als ich an &#8222;Antonias Wille&#8220; schrieb. Von daher mag ich meine Oldies so, wie sie sind!&#8220;<\/em><\/p>\n\n\n\n<p class=\"has-small-font-size\"><strong>13. Wie haben die Lebensgeschichten von Olga und Wera dein Leben beeinflusst?<\/strong><\/p>\n\n\n\n<p class=\"has-small-font-size\">Petra: <em>&#8222;Diese starken Frauen, die das Beste aus ihrem Leben machten &#8211; egal, wie schwierig die Umst\u00e4nde auch waren &#8211; sind wie Vorbilder f\u00fcr mich. Nicht jammern, sondern tun! Kein Selbstmitleid, daf\u00fcr an andere denken! Und wenn man Sorgen hat und Schmerzen und Seelenqual, dann diese auch mal mit sich selbst ausmachen anstatt immer gleich andere zutexten!&#8220;<\/em><\/p>\n\n\n\n<p class=\"has-small-font-size\"><strong>14. Was ist das sch\u00f6nste Erlebnis, welches du mit dem Buch \u201eDie russische Herzogin\u201c verbindest?<\/strong><\/p>\n\n\n\n<p class=\"has-small-font-size\">Petra:<em> &#8222;Bei den damaligen Lesungen kamen viele Menschen auf mich zu, die entweder mit den Wera-Heimen oder einer anderen Wohlt\u00e4tigkeitsorganisation, die Wera ins Leben gerufen hatte, zu tun hatten. Dass Weras Geist weiterlebt &#8211; das finde ich grandios!&#8220;<\/em><\/p>\n\n\n\n<p class=\"has-small-font-size\"><strong>15. Momentan sind historische Romane sehr in Mode, welche im 20. Jahrhundert spielen. K\u00e4me es f\u00fcr dich in Frage, auch \u00fcber die letzte Zarenfamilie zu schreiben?<\/strong><\/p>\n\n\n\n<p class=\"has-small-font-size\">Petra: <em>&#8222;Ich gucke doch nie, was modern ist ;-). Ich schreib immer das, was mir mein tiefstes Innerstes r\u00e4t.&#8220;<\/em><\/p>\n\n\n\n<p class=\"has-small-font-size\"><strong>16. Wie wichtig ist die \u201eVor Ort Recherche\u201c f\u00fcr dich?<\/strong><\/p>\n\n\n\n<p class=\"has-small-font-size\">Petra: <em>&#8222;Ohne geht es einfach nicht. Ein paar Klicks im Internet m\u00f6gen f\u00fcr ein nettes Geschichtchen reichen &#8211; aber f\u00fcr einen richtig satten Roman mit viel szenischer Dichte gewiss nicht.&#8220;<\/em><\/p>\n\n\n\n<p class=\"has-small-font-size\"><strong>17. Welches Buch liegt bei dir gerade auf dem Nachttisch?<\/strong><\/p>\n\n\n\n<p class=\"has-small-font-size\">Petra: <em>&#8220; &gt;&gt;Chasing slow&lt;&lt; von Erin Loechner.&#8220;<\/em><\/p>\n\n\n\n<p class=\"has-small-font-size\">Vielen Dank liebe Petra f\u00fcr diese interessanten Einblicke in dein Autorinnenleben.<br>Hier gibt es noch mehr wissenswertes \u00fcber Petra Durst-Benning:<\/p>\n\n\n\n<ul class=\"has-small-font-size wp-block-list\"><li><a rel=\"noreferrer noopener\" href=\"https:\/\/buechertanz.de\/?page_id=4598\" target=\"_blank\">Eine kurze Biografie der Autorin<\/a><\/li><li><a rel=\"noreferrer noopener\" href=\"https:\/\/buechertanz.de\/?page_id=4737\" target=\"_blank\">Eine \u00dcbersicht \u00fcber ihre bisherigen B\u00fccher<\/a><\/li><li><a href=\"https:\/\/www.durst-benning.de\" target=\"_blank\" rel=\"noreferrer noopener\">Homepage der Autorin<\/a><\/li><\/ul>\n\n\n\n<p class=\"has-small-font-size\">Liebe Gr\u00fc\u00dfe, eure<\/p>\n\n\n\n<figure class=\"wp-block-image size-large is-resized\"><img loading=\"lazy\" decoding=\"async\" src=\"https:\/\/buechertanz.de\/wp-content\/uploads\/2022\/06\/Unterschrift-1024x404.jpg\" alt=\"\" class=\"wp-image-3355\" width=\"206\" height=\"81\" srcset=\"https:\/\/buechertanz.de\/wp-content\/uploads\/2022\/06\/Unterschrift-1024x404.jpg 1024w, https:\/\/buechertanz.de\/wp-content\/uploads\/2022\/06\/Unterschrift-300x118.jpg 300w, https:\/\/buechertanz.de\/wp-content\/uploads\/2022\/06\/Unterschrift-768x303.jpg 768w, https:\/\/buechertanz.de\/wp-content\/uploads\/2022\/06\/Unterschrift.jpg 1500w\" sizes=\"auto, (max-width: 206px) 100vw, 206px\" \/><\/figure>\n\n\n<div class=\"wp-block-image is-style-rounded\">\n<figure class=\"aligncenter size-full is-resized\"><img loading=\"lazy\" decoding=\"async\" src=\"https:\/\/buechertanz.de\/wp-content\/uploads\/2019\/03\/cropped-Blume-1.png\" alt=\"\" class=\"wp-image-2847\" width=\"149\" height=\"149\" srcset=\"https:\/\/buechertanz.de\/wp-content\/uploads\/2019\/03\/cropped-Blume-1.png 248w, https:\/\/buechertanz.de\/wp-content\/uploads\/2019\/03\/cropped-Blume-1-150x150.png 150w\" sizes=\"auto, (max-width: 149px) 100vw, 149px\" \/><\/figure><\/div>","protected":false},"excerpt":{"rendered":"<p>Im M\u00e4rz 2023 durfte ich unserer lieben Petra Durst-Benning einige Fragen zusenden, welche sie mir freundlicherweise beantwortet hat &#8211; herzlichen Dank daf\u00fcr. Ich w\u00fcnsche euch ganz viel Spa\u00df mit diesem Interview. Beachtet aber bitte, dass das Copyright der beiden verwendeten Fotos ausschlie\u00dflich bei Petra Durst-Benning liegt. 01. Du hast im Jahr 1996 deinen ersten Roman &hellip; <a href=\"https:\/\/buechertanz.de\/?page_id=4599\" class=\"more-link\"><span class=\"screen-reader-text\">Interview<\/span> weiterlesen<\/a><\/p>\n","protected":false},"author":2,"featured_media":0,"parent":0,"menu_order":0,"comment_status":"open","ping_status":"closed","template":"","meta":{"footnotes":""},"class_list":["post-4599","page","type-page","status-publish","hentry"],"_links":{"self":[{"href":"https:\/\/buechertanz.de\/index.php?rest_route=\/wp\/v2\/pages\/4599","targetHints":{"allow":["GET"]}}],"collection":[{"href":"https:\/\/buechertanz.de\/index.php?rest_route=\/wp\/v2\/pages"}],"about":[{"href":"https:\/\/buechertanz.de\/index.php?rest_route=\/wp\/v2\/types\/page"}],"author":[{"embeddable":true,"href":"https:\/\/buechertanz.de\/index.php?rest_route=\/wp\/v2\/users\/2"}],"replies":[{"embeddable":true,"href":"https:\/\/buechertanz.de\/index.php?rest_route=%2Fwp%2Fv2%2Fcomments&post=4599"}],"version-history":[{"count":5,"href":"https:\/\/buechertanz.de\/index.php?rest_route=\/wp\/v2\/pages\/4599\/revisions"}],"predecessor-version":[{"id":4775,"href":"https:\/\/buechertanz.de\/index.php?rest_route=\/wp\/v2\/pages\/4599\/revisions\/4775"}],"wp:attachment":[{"href":"https:\/\/buechertanz.de\/index.php?rest_route=%2Fwp%2Fv2%2Fmedia&parent=4599"}],"curies":[{"name":"wp","href":"https:\/\/api.w.org\/{rel}","templated":true}]}}