{"id":4602,"date":"2023-03-13T15:21:48","date_gmt":"2023-03-13T14:21:48","guid":{"rendered":"https:\/\/buechertanz.de\/?page_id=4602"},"modified":"2023-03-27T21:41:18","modified_gmt":"2023-03-27T20:41:18","slug":"bibliographische-angaben","status":"publish","type":"page","link":"https:\/\/buechertanz.de\/?page_id=4602","title":{"rendered":"Bibliografische Angaben"},"content":{"rendered":"\n<p class=\"has-drop-cap has-small-font-size\">Hier findet ihr die bibliografischen Angaben zu <strong>&#8222;Die russische Herzogin&#8220;<\/strong> von Petra Durst-Benning. Da das Buch in mehreren Ausgaben erschienen ist, habe ich euch diese hier mit allen verf\u00fcgbaren Informationen zusammengestellt.<br>F\u00e4llt es euch auch so schwer zu entscheiden, welche die sch\u00f6nste Ausgabe ist?<br><br>Viele weitere Infos gibt es auf der Homepage der Autorin:<a rel=\"noreferrer noopener\" href=\"https:\/\/www.durst-benning.de\" target=\"_blank\"> https:\/\/www.durst-benning.de<\/a><\/p>\n\n\n\n<p>_<\/p>\n\n\n\n<ul class=\"has-medium-font-size wp-block-list\"><li><strong>Klappentext:<br><\/strong><\/li><\/ul>\n\n\n\n<p class=\"has-small-font-size\">\u201e<em>Die russische Gro\u00dff\u00fcrstin Wera ist fast noch ein Kind, als sie 1863 ihre Familie und ihre Heimat verlassen muss. Der Zar schickt seine wilde, rebellische Nichte zu seiner Schwester nach Deutschland, zu K\u00f6nigin Olga von W\u00fcrttemberg. Die kinderlose Olga nimmt Wera freudig bei sich auf \u2013 sie will aus ihr eine gesellschaftsf\u00e4hige junge Dame machen, die auf jedem Parkett gl\u00e4nz. Doch Wera will keine w\u00fcrdige Gro\u00dff\u00fcrstin sein, sie will lernen, ein gl\u00fccklicher Mensch zu sein. Und dann verliebt sie sich &#8230;\u201c<\/em><\/p>\n\n\n\n<p>_<\/p>\n\n\n\n<ul class=\"has-medium-font-size wp-block-list\"><li><strong>Ausgaben:<\/strong><\/li><\/ul>\n\n\n\n<div class=\"wp-block-columns is-layout-flex wp-container-core-columns-is-layout-9d6595d7 wp-block-columns-is-layout-flex\">\n<div class=\"wp-block-column is-layout-flow wp-block-column-is-layout-flow\">\n<figure class=\"wp-block-image size-full\"><img loading=\"lazy\" decoding=\"async\" width=\"263\" height=\"419\" src=\"https:\/\/buechertanz.de\/wp-content\/uploads\/2023\/03\/Die-russische-Herzogin-HC.jpg\" alt=\"\" class=\"wp-image-4662\" srcset=\"https:\/\/buechertanz.de\/wp-content\/uploads\/2023\/03\/Die-russische-Herzogin-HC.jpg 263w, https:\/\/buechertanz.de\/wp-content\/uploads\/2023\/03\/Die-russische-Herzogin-HC-188x300.jpg 188w\" sizes=\"auto, (max-width: 263px) 100vw, 263px\" \/><figcaption><em><strong>Hardcover<\/strong>:<\/em><br><strong>ET:<\/strong> 08. September 2010<br><strong>Verlag:<\/strong> List<br><strong>Seitenzahl:<\/strong> 512 Seiten<br><strong>ISBN:<\/strong> 978-3-471-35028-7<\/figcaption><\/figure>\n<\/div>\n\n\n\n<div class=\"wp-block-column is-layout-flow wp-block-column-is-layout-flow\">\n<figure class=\"wp-block-image size-full\"><img loading=\"lazy\" decoding=\"async\" width=\"316\" height=\"499\" src=\"https:\/\/buechertanz.de\/wp-content\/uploads\/2023\/03\/Die-russische-Herzogin-TB.jpg\" alt=\"\" class=\"wp-image-4663\" srcset=\"https:\/\/buechertanz.de\/wp-content\/uploads\/2023\/03\/Die-russische-Herzogin-TB.jpg 316w, https:\/\/buechertanz.de\/wp-content\/uploads\/2023\/03\/Die-russische-Herzogin-TB-190x300.jpg 190w\" sizes=\"auto, (max-width: 316px) 100vw, 316px\" \/><figcaption><strong><em>Taschenbuch:<\/em><\/strong><br><strong>ET:<\/strong> 17. Februar 2012<br><strong>Verlag:<\/strong> Ullstein<br><strong>Seitenanzahl:<\/strong> 512 Seiten<br><strong>ISBN:<\/strong> 978-3-548-28399-9<\/figcaption><\/figure>\n<\/div>\n\n\n\n<div class=\"wp-block-column is-layout-flow wp-block-column-is-layout-flow\">\n<figure class=\"wp-block-image size-full\"><img loading=\"lazy\" decoding=\"async\" width=\"416\" height=\"648\" src=\"https:\/\/buechertanz.de\/wp-content\/uploads\/2023\/03\/Die-russische-Herzogin_Neuausgabe.jpg\" alt=\"\" class=\"wp-image-4664\" srcset=\"https:\/\/buechertanz.de\/wp-content\/uploads\/2023\/03\/Die-russische-Herzogin_Neuausgabe.jpg 416w, https:\/\/buechertanz.de\/wp-content\/uploads\/2023\/03\/Die-russische-Herzogin_Neuausgabe-193x300.jpg 193w\" sizes=\"auto, (max-width: 416px) 100vw, 416px\" \/><figcaption><strong>Taschenbuch Neuauflage:<\/strong><br><strong>ET: <\/strong>M\u00e4rz 2023<br><strong>Verlag:<\/strong> Ullstein <br><strong>Seitenzahl:<\/strong> 512<br><strong>ISBN:<\/strong> 978-3-548-06555-7<br><strong>Preis:<\/strong> 13,99\u20ac<\/figcaption><\/figure>\n<\/div>\n<\/div>\n\n\n\n<div class=\"wp-block-columns is-layout-flex wp-container-core-columns-is-layout-9d6595d7 wp-block-columns-is-layout-flex\">\n<div class=\"wp-block-column is-layout-flow wp-block-column-is-layout-flow\">\n<figure class=\"wp-block-image size-full is-resized\"><img loading=\"lazy\" decoding=\"async\" src=\"https:\/\/buechertanz.de\/wp-content\/uploads\/2023\/03\/Die-russische-Herzogin_Weltbild-Ausgabe.jpg\" alt=\"\" class=\"wp-image-4665\" width=\"205\" height=\"338\"\/><figcaption><strong><em>Softcover Lizenzausgabe: <br><\/em>ET: <\/strong>Januar 2011<br><strong>Verlag:<\/strong> Weltbild<br><strong>ISBN: <\/strong>978-3-86800825-8<\/figcaption><\/figure>\n<\/div>\n\n\n\n<div class=\"wp-block-column is-layout-flow wp-block-column-is-layout-flow\">\n<figure class=\"wp-block-image size-full\"><img loading=\"lazy\" decoding=\"async\" width=\"500\" height=\"500\" src=\"https:\/\/buechertanz.de\/wp-content\/uploads\/2023\/03\/Die-russische-Herzogin_Hoerbuch.jpg\" alt=\"\" class=\"wp-image-4666\" srcset=\"https:\/\/buechertanz.de\/wp-content\/uploads\/2023\/03\/Die-russische-Herzogin_Hoerbuch.jpg 500w, https:\/\/buechertanz.de\/wp-content\/uploads\/2023\/03\/Die-russische-Herzogin_Hoerbuch-300x300.jpg 300w, https:\/\/buechertanz.de\/wp-content\/uploads\/2023\/03\/Die-russische-Herzogin_Hoerbuch-150x150.jpg 150w\" sizes=\"auto, (max-width: 500px) 100vw, 500px\" \/><figcaption><em><strong>H\u00f6rbuch:<\/strong><br><\/em><strong>ET: <\/strong>Februar 2011<br><strong>Verlag: <\/strong>H\u00f6rbuch Hamburg<br><strong>ISBN:<\/strong> 978-3-899-03334-2<\/figcaption><\/figure>\n<\/div>\n\n\n\n<div class=\"wp-block-column is-layout-flow wp-block-column-is-layout-flow\">\n<figure class=\"wp-block-image size-full\"><img loading=\"lazy\" decoding=\"async\" width=\"400\" height=\"335\" src=\"https:\/\/buechertanz.de\/wp-content\/uploads\/2023\/03\/Die-russische-Herzogin_Weltbild-Ausgabe_Hoerbuch.jpg\" alt=\"\" class=\"wp-image-4667\" srcset=\"https:\/\/buechertanz.de\/wp-content\/uploads\/2023\/03\/Die-russische-Herzogin_Weltbild-Ausgabe_Hoerbuch.jpg 400w, https:\/\/buechertanz.de\/wp-content\/uploads\/2023\/03\/Die-russische-Herzogin_Weltbild-Ausgabe_Hoerbuch-300x251.jpg 300w\" sizes=\"auto, (max-width: 400px) 100vw, 400px\" \/><figcaption><em><strong>H\u00f6rbuch<\/strong>:<\/em><br><strong>Verlag: <\/strong>Weltbild<\/figcaption><\/figure>\n<\/div>\n<\/div>\n\n\n\n<p>_<\/p>\n\n\n\n<ul class=\"has-medium-font-size wp-block-list\"><li><strong>Weitere Titel der Reihe:<\/strong><\/li><\/ul>\n\n\n\n<p class=\"has-small-font-size\"><strong>01. &#8222;Die Zuckerb\u00e4ckerin&#8220;<\/strong><br><br><strong>Klappentext: <\/strong><br><em>&#8222;Die Zarentochter Katharina wird 1815 mit dem w\u00fcrttembergischen K\u00f6nig Wilhelm verheiratet. Sie f\u00fchlt sich fremd in Stuttgart, bis sie den lebhaften Schwestern Eleonore und Sonia begegnet. Die beiden leben in \u00e4rmlichen Verh\u00e4ltnissen, kennen Hunger und Zur\u00fcckweisung. Katharina holt sie als M\u00e4gde ins Schloss, und die drei ungleichen Frauen halten den Hof in Atem. Eleonore bl\u00fcht auf und beginnt, das Handwerk der Zuckerb\u00e4ckerin zu erlernen. Bald mischen sich Liebe, Verrat und Intrigen unter die s\u00fc\u00dfen D\u00fcfte.&#8220;<\/em><br><br><strong>Ausgaben:<\/strong><\/p>\n\n\n\n<div class=\"wp-block-columns is-layout-flex wp-container-core-columns-is-layout-9d6595d7 wp-block-columns-is-layout-flex\">\n<div class=\"wp-block-column is-layout-flow wp-block-column-is-layout-flow\">\n<figure class=\"wp-block-image size-full is-resized\"><img loading=\"lazy\" decoding=\"async\" src=\"https:\/\/buechertanz.de\/wp-content\/uploads\/2023\/03\/Die-Zuckerbaeckerin_01.jpg\" alt=\"\" class=\"wp-image-4668\" width=\"144\" height=\"229\"\/><figcaption><strong>Hardcover<\/strong><\/figcaption><\/figure>\n<\/div>\n\n\n\n<div class=\"wp-block-column is-layout-flow wp-block-column-is-layout-flow\">\n<figure class=\"wp-block-image size-full is-resized\"><img loading=\"lazy\" decoding=\"async\" src=\"https:\/\/buechertanz.de\/wp-content\/uploads\/2023\/03\/Die-Zuckerbaeckerin_02.jpg\" alt=\"\" class=\"wp-image-4669\" width=\"149\" height=\"222\"\/><figcaption><strong>Taschenbuch<\/strong><\/figcaption><\/figure>\n<\/div>\n\n\n\n<div class=\"wp-block-column is-layout-flow wp-block-column-is-layout-flow\">\n<figure class=\"wp-block-image size-full is-resized\"><img loading=\"lazy\" decoding=\"async\" src=\"https:\/\/buechertanz.de\/wp-content\/uploads\/2023\/03\/Die-Zuckerbaeckerin_Neuauflage.jpg\" alt=\"\" class=\"wp-image-4670\" width=\"141\" height=\"219\" srcset=\"https:\/\/buechertanz.de\/wp-content\/uploads\/2023\/03\/Die-Zuckerbaeckerin_Neuauflage.jpg 222w, https:\/\/buechertanz.de\/wp-content\/uploads\/2023\/03\/Die-Zuckerbaeckerin_Neuauflage-192x300.jpg 192w\" sizes=\"auto, (max-width: 141px) 100vw, 141px\" \/><figcaption><strong>Neuausgabe Taschenbuch<\/strong><\/figcaption><\/figure>\n<\/div>\n<\/div>\n\n\n\n<p class=\"has-small-font-size\"><strong>02. &#8222;Die Zarentochter&#8220;<\/strong><br><br><strong>Klappentext:<\/strong><br><em>&#8222;Der Zarenhof in Petersburg, 1840er. Die junge Gro\u00dff\u00fcrstin Olga muss den Erwartungen ihres Vaters gerecht werden und eine gute Partie machen. Doch ihr Herz will etwas anderes als die hohe Diplomatie, sie wei\u00df, dass der goldene K\u00e4fig ihr nicht genug ist. &nbsp;Sie findet ihre gro\u00dfe Liebe, aber das politische Kalk\u00fcl der K\u00f6nigsh\u00e4user nimmt auf Gef\u00fchle keine R\u00fccksicht. Ein ergreifender Roman \u00fcber die Liebe und das Leben \u2013 und \u00fcber eine junge Frau, die allen Widerst\u00e4nden zum Trotz ihr Gl\u00fcck findet.&#8220;<\/em><\/p>\n\n\n\n<div class=\"wp-block-columns is-layout-flex wp-container-core-columns-is-layout-9d6595d7 wp-block-columns-is-layout-flex\">\n<div class=\"wp-block-column is-layout-flow wp-block-column-is-layout-flow\">\n<figure class=\"wp-block-image size-full is-resized\"><img loading=\"lazy\" decoding=\"async\" src=\"https:\/\/buechertanz.de\/wp-content\/uploads\/2023\/03\/51sssOYAwBL._SY264_BO1204203200_QL40_ML2_.jpg\" alt=\"\" class=\"wp-image-4671\" width=\"172\" height=\"272\"\/><figcaption><strong>Hardcover <\/strong><\/figcaption><\/figure>\n<\/div>\n\n\n\n<div class=\"wp-block-column is-layout-flow wp-block-column-is-layout-flow\">\n<figure class=\"wp-block-image size-full is-resized\"><img loading=\"lazy\" decoding=\"async\" src=\"https:\/\/buechertanz.de\/wp-content\/uploads\/2023\/03\/Die-Zarentochter-Neuauflage.jpg\" alt=\"\" class=\"wp-image-4672\" width=\"167\" height=\"260\" srcset=\"https:\/\/buechertanz.de\/wp-content\/uploads\/2023\/03\/Die-Zarentochter-Neuauflage.jpg 222w, https:\/\/buechertanz.de\/wp-content\/uploads\/2023\/03\/Die-Zarentochter-Neuauflage-192x300.jpg 192w\" sizes=\"auto, (max-width: 167px) 100vw, 167px\" \/><figcaption><strong>Neuausgabe Taschenbuch<\/strong><\/figcaption><\/figure>\n<\/div>\n<\/div>\n\n\n\n<p>_<\/p>\n\n\n\n<ul class=\"wp-block-list\"><li><strong>Anmerkungen:<\/strong><\/li><\/ul>\n\n\n\n<p class=\"has-small-font-size\">Auch wenn es sich um eine Trilogie handelt, k\u00f6nnen die Teile unabh\u00e4ngig voneinander gelesen werden. Ich empfehle aber immer grunds\u00e4tzlich eine Buchreihe auch als solche zu lesen, gerade der zweite Band &#8222;Die Zarentochter und der dritte Band &#8222;Die russische Herzogin&#8220; nehmen immer wieder Bezug zueinander und sollten nacheinander gelesen werden.<br>Ich finde es sehr sch\u00f6n, dass die drei B\u00fccher nun mit ihren neuen Covern auch optisch als Reihe erkennbar sind. <\/p>\n\n\n\n<p>_ <\/p>\n\n\n\n<p class=\"has-small-font-size\">Liebe Gr\u00fc\u00dfe, eure<\/p>\n\n\n\n<figure class=\"wp-block-image size-large is-resized\"><img loading=\"lazy\" decoding=\"async\" src=\"https:\/\/buechertanz.de\/wp-content\/uploads\/2022\/06\/Unterschrift-1024x404.jpg\" alt=\"\" class=\"wp-image-3355\" width=\"226\" height=\"89\" srcset=\"https:\/\/buechertanz.de\/wp-content\/uploads\/2022\/06\/Unterschrift-1024x404.jpg 1024w, https:\/\/buechertanz.de\/wp-content\/uploads\/2022\/06\/Unterschrift-300x118.jpg 300w, https:\/\/buechertanz.de\/wp-content\/uploads\/2022\/06\/Unterschrift-768x303.jpg 768w, https:\/\/buechertanz.de\/wp-content\/uploads\/2022\/06\/Unterschrift.jpg 1500w\" sizes=\"auto, (max-width: 226px) 100vw, 226px\" \/><\/figure>\n\n\n<div class=\"wp-block-image is-style-rounded\">\n<figure class=\"aligncenter size-full is-resized\"><img loading=\"lazy\" decoding=\"async\" src=\"https:\/\/buechertanz.de\/wp-content\/uploads\/2019\/03\/cropped-Blume-1.png\" alt=\"\" class=\"wp-image-2847\" width=\"137\" height=\"137\" srcset=\"https:\/\/buechertanz.de\/wp-content\/uploads\/2019\/03\/cropped-Blume-1.png 248w, https:\/\/buechertanz.de\/wp-content\/uploads\/2019\/03\/cropped-Blume-1-150x150.png 150w\" sizes=\"auto, (max-width: 137px) 100vw, 137px\" \/><\/figure><\/div>","protected":false},"excerpt":{"rendered":"<p>Hier findet ihr die bibliografischen Angaben zu &#8222;Die russische Herzogin&#8220; von Petra Durst-Benning. Da das Buch in mehreren Ausgaben erschienen ist, habe ich euch diese hier mit allen verf\u00fcgbaren Informationen zusammengestellt.F\u00e4llt es euch auch so schwer zu entscheiden, welche die sch\u00f6nste Ausgabe ist? Viele weitere Infos gibt es auf der Homepage der Autorin: https:\/\/www.durst-benning.de _ &hellip; <a href=\"https:\/\/buechertanz.de\/?page_id=4602\" class=\"more-link\"><span class=\"screen-reader-text\">Bibliografische Angaben<\/span> weiterlesen<\/a><\/p>\n","protected":false},"author":2,"featured_media":0,"parent":0,"menu_order":0,"comment_status":"open","ping_status":"closed","template":"","meta":{"footnotes":""},"class_list":["post-4602","page","type-page","status-publish","hentry"],"_links":{"self":[{"href":"https:\/\/buechertanz.de\/index.php?rest_route=\/wp\/v2\/pages\/4602","targetHints":{"allow":["GET"]}}],"collection":[{"href":"https:\/\/buechertanz.de\/index.php?rest_route=\/wp\/v2\/pages"}],"about":[{"href":"https:\/\/buechertanz.de\/index.php?rest_route=\/wp\/v2\/types\/page"}],"author":[{"embeddable":true,"href":"https:\/\/buechertanz.de\/index.php?rest_route=\/wp\/v2\/users\/2"}],"replies":[{"embeddable":true,"href":"https:\/\/buechertanz.de\/index.php?rest_route=%2Fwp%2Fv2%2Fcomments&post=4602"}],"version-history":[{"count":8,"href":"https:\/\/buechertanz.de\/index.php?rest_route=\/wp\/v2\/pages\/4602\/revisions"}],"predecessor-version":[{"id":4795,"href":"https:\/\/buechertanz.de\/index.php?rest_route=\/wp\/v2\/pages\/4602\/revisions\/4795"}],"wp:attachment":[{"href":"https:\/\/buechertanz.de\/index.php?rest_route=%2Fwp%2Fv2%2Fmedia&parent=4602"}],"curies":[{"name":"wp","href":"https:\/\/api.w.org\/{rel}","templated":true}]}}