{"id":4604,"date":"2023-03-13T15:21:49","date_gmt":"2023-03-13T14:21:49","guid":{"rendered":"https:\/\/buechertanz.de\/?page_id=4604"},"modified":"2023-07-03T13:29:37","modified_gmt":"2023-07-03T12:29:37","slug":"figuren","status":"publish","type":"page","link":"https:\/\/buechertanz.de\/?page_id=4604","title":{"rendered":"Wera Konstantinowna Romanowa"},"content":{"rendered":"\n<div class=\"wp-block-media-text alignwide\" style=\"grid-template-columns:34% auto\"><figure class=\"wp-block-media-text__media\"><img loading=\"lazy\" decoding=\"async\" width=\"731\" height=\"1024\" src=\"https:\/\/buechertanz.de\/wp-content\/uploads\/2023\/05\/Stammbaum-Ausschnitt_komp-731x1024.jpg\" alt=\"\" class=\"wp-image-4971 size-full\" srcset=\"https:\/\/buechertanz.de\/wp-content\/uploads\/2023\/05\/Stammbaum-Ausschnitt_komp-731x1024.jpg 731w, https:\/\/buechertanz.de\/wp-content\/uploads\/2023\/05\/Stammbaum-Ausschnitt_komp-214x300.jpg 214w, https:\/\/buechertanz.de\/wp-content\/uploads\/2023\/05\/Stammbaum-Ausschnitt_komp-768x1075.jpg 768w, https:\/\/buechertanz.de\/wp-content\/uploads\/2023\/05\/Stammbaum-Ausschnitt_komp-1097x1536.jpg 1097w, https:\/\/buechertanz.de\/wp-content\/uploads\/2023\/05\/Stammbaum-Ausschnitt_komp-1463x2048.jpg 1463w, https:\/\/buechertanz.de\/wp-content\/uploads\/2023\/05\/Stammbaum-Ausschnitt_komp-scaled.jpg 1828w\" sizes=\"auto, (max-width: 731px) 100vw, 731px\" \/><\/figure><div class=\"wp-block-media-text__content\">\n<p class=\"has-small-font-size\">Wera wurde am 16. Februar 1854 in Sankt Petersburg als Tochter des Gro\u00dff\u00fcrsten&nbsp;Konstantin Nikolajewitsch Romanow (ein j\u00fcngerer Bruder von K\u00f6nigin Olga von W\u00fcrttemberg) und der Gro\u00dff\u00fcrstin&nbsp;Alexandra von Russland geboren. Sie war das dritte von insgesamt sechs Kindern und hatte einen gro\u00dfen Bruder namens Nikolai und eine gro\u00dfe Schwester namens Olga.<br>Mit neun Jahren wurde Wera zu ihrer Patentante Olga und deren Mann Karl nach Stuttgart gegeben. Angeblich soll sie an einem &#8217;nervlichen Leiden&#8216; gelitten haben, von welchem sie sich im S\u00fcden erholen sollte.<br>Im Jahr 1871 adoptierten Olga und Karl die mittlerweile 17j\u00e4hrige Wera.<\/p>\n<\/div><\/div>\n\n\n\n<p class=\"has-small-font-size\"><br>Am 08. Mai 1874 heiratete Wera den Herzog\u00a0Eugen von W\u00fcrttemberg, mit welchem sie drei gemeinsame Kinder bekam. Nach nur drei Jahren Ehe verstarb Eugen v\u00f6llig unerwartet und Wera blieb, obwohl gerade erst 22 Jahre alt, ihr ganzes weiteres Leben unverheiratet. <br>Nach dem Tod ihres Mannes zog Wera zu ihrer Tante und Adoptivmutter Olga in die Villa Berg.<br>In der Bev\u00f6lkerung war Wera sehr beliebt, sie unterst\u00fctze \u00fcber 30 verschiedene soziale und kulturelle Einrichtungen, welche teilweise noch bis heute von Bedeutung sind:<br>Unter anderen gr\u00fcndete sie das <em>&#8222;<strong>Weraheim<\/strong><\/em>&#8220; . Ein aufsehenerregender Kindermord einer verzweifelten jungen Mutter veranlasste Wera zu dieser Gr\u00fcndung. Das urspr\u00fcnglich an anderer Stelle errichtete &#8222;<em>Weraheim<\/em>&#8220; bietet noch heute M\u00fcttern mit ihren Kindern Unterkunft und Betreuung an &#8211; mittlerweile gibt es dort auch eine Babyklappe.  <br>1874 stiftete Wera die  &#8222;<strong>Kleinkinderanstalt Werapflege<\/strong>&#8220; zur Betreuung vernachl\u00e4ssigter Kinder arbeitender Frauen. Diese Anstalt erf\u00fcllte, mit Unterbrechungen, fast 100 Jahre ihre Bestimmung, seit 1974 befand sich in dem Geb\u00e4ude die \u201eWerkstatt f\u00fcr Ton und T\u00f6ne, Konzerte und Kurse\u201c. Seit 2009 finden in dem Haus nur noch k\u00fcnstlerische Kurse statt. <br>Das <em>&#8222;<strong>Wera-Haus<\/strong>&#8222;<\/em>\u00a0ist ein Geb\u00e4ude in dem Stuttgarter Stadtteil\u00a0Berg und wurde ebenfalls von Wera gestiftet.  Es beherbergte urspr\u00fcnglich eine Kleinkinderschule, ein Gasthaus und ein Gesellenheim. Seit 1977 ist in dem Geb\u00e4ude eine Krankengymnastikschule untergebracht. <br>Auf Weras Anregung wurde die russische Kirche<strong> <\/strong>&#8222;<strong><em>St.-Nikolaus-Kathedrale Stuttgart<\/em><\/strong>&#8220; gebaut. Sie stiftete zudem den Bewohnern im Stuttgarter Osten 1899 unweit der Villa Berg eine einfache Wanderkirche. 1911 stiftete sie sogar einen Neubau &#8211; die <em>&#8222;<strong>Heilandskirche<\/strong><\/em>&#8220; . <br>Im Jahr 1909 trat sie in die evangelische Landeskirche W\u00fcrttembergs\u00a0\u00fcber. <br>Mit nur 58 Jahren starb Wera am 11. April 1912 in Stuttgart, nachdem sie im Jahr zuvor einen Schlaganfall erlitten hatte. Ihre letzte Ruhe fand sie, wie auch ihr Mann, in der\u00a0Schlosskirche\u00a0im\u00a0Alten Schloss\u00a0in Stuttgart. <br><br>Im Buch &#8222;Die russische Herzogin&#8220; lernt der Leser\/ die Leserin Wera als neunj\u00e4hriges M\u00e4dchen kennen. Sie ist sehr energiegeladen und raubt ihrer Tante mit ihrem au\u00dferordentlichen Temperament den ein oder anderen Nerv. Heutzutage bek\u00e4me Wera h\u00f6chstwahrscheinlich die Diagnose ADS und\/ oder ADHS. Nur lange Spazierg\u00e4nge bringen sie zur Ruhe.<br>Sie ist aber auch ein Kind, welches \u00c4ngsten &#8211; vor allem Verlust\u00e4ngsten &#8211; ausgesetzt ist. Von ihren Eltern nach Stuttgart gegeben, macht sie sich zu Beginn noch Hoffnungen, schnell wieder nach Russland zur\u00fcckkehren zu k\u00f6nnen. Doch sie wird immer und immer wieder bitter entt\u00e4uscht und f\u00fchlt sich versto\u00dfen.<br>W\u00e4hrend des Buches entwickelt sich Wera von einem teils \u00fcberm\u00fctigen M\u00e4dchen zu einer jungen Frau und Mutter, welche genau wei\u00df, was sie will und was nicht. <br>Ein Charakter, welcher mich immer wieder begeistert und somit unvergessen bleibt.<\/p>\n\n\n<div class=\"wp-block-image is-style-rounded\">\n<figure class=\"aligncenter size-full is-resized\"><img loading=\"lazy\" decoding=\"async\" src=\"https:\/\/buechertanz.de\/wp-content\/uploads\/2019\/03\/cropped-Blume-1.png\" alt=\"\" class=\"wp-image-2847\" width=\"124\" height=\"124\" srcset=\"https:\/\/buechertanz.de\/wp-content\/uploads\/2019\/03\/cropped-Blume-1.png 248w, https:\/\/buechertanz.de\/wp-content\/uploads\/2019\/03\/cropped-Blume-1-150x150.png 150w\" sizes=\"auto, (max-width: 124px) 100vw, 124px\" \/><\/figure><\/div>","protected":false},"excerpt":{"rendered":"<p>Wera wurde am 16. Februar 1854 in Sankt Petersburg als Tochter des Gro\u00dff\u00fcrsten&nbsp;Konstantin Nikolajewitsch Romanow (ein j\u00fcngerer Bruder von K\u00f6nigin Olga von W\u00fcrttemberg) und der Gro\u00dff\u00fcrstin&nbsp;Alexandra von Russland geboren. Sie war das dritte von insgesamt sechs Kindern und hatte einen gro\u00dfen Bruder namens Nikolai und eine gro\u00dfe Schwester namens Olga.Mit neun Jahren wurde Wera zu &hellip; <a href=\"https:\/\/buechertanz.de\/?page_id=4604\" class=\"more-link\"><span class=\"screen-reader-text\">Wera Konstantinowna Romanowa<\/span> weiterlesen<\/a><\/p>\n","protected":false},"author":2,"featured_media":0,"parent":0,"menu_order":0,"comment_status":"open","ping_status":"closed","template":"","meta":{"footnotes":""},"class_list":["post-4604","page","type-page","status-publish","hentry"],"_links":{"self":[{"href":"https:\/\/buechertanz.de\/index.php?rest_route=\/wp\/v2\/pages\/4604","targetHints":{"allow":["GET"]}}],"collection":[{"href":"https:\/\/buechertanz.de\/index.php?rest_route=\/wp\/v2\/pages"}],"about":[{"href":"https:\/\/buechertanz.de\/index.php?rest_route=\/wp\/v2\/types\/page"}],"author":[{"embeddable":true,"href":"https:\/\/buechertanz.de\/index.php?rest_route=\/wp\/v2\/users\/2"}],"replies":[{"embeddable":true,"href":"https:\/\/buechertanz.de\/index.php?rest_route=%2Fwp%2Fv2%2Fcomments&post=4604"}],"version-history":[{"count":13,"href":"https:\/\/buechertanz.de\/index.php?rest_route=\/wp\/v2\/pages\/4604\/revisions"}],"predecessor-version":[{"id":5371,"href":"https:\/\/buechertanz.de\/index.php?rest_route=\/wp\/v2\/pages\/4604\/revisions\/5371"}],"wp:attachment":[{"href":"https:\/\/buechertanz.de\/index.php?rest_route=%2Fwp%2Fv2%2Fmedia&parent=4604"}],"curies":[{"name":"wp","href":"https:\/\/api.w.org\/{rel}","templated":true}]}}