{"id":4607,"date":"2023-03-13T15:21:49","date_gmt":"2023-03-13T14:21:49","guid":{"rendered":"https:\/\/buechertanz.de\/?page_id=4607"},"modified":"2023-07-03T13:48:24","modified_gmt":"2023-07-03T12:48:24","slug":"zitate","status":"publish","type":"page","link":"https:\/\/buechertanz.de\/?page_id=4607","title":{"rendered":"Zitate"},"content":{"rendered":"\n<p class=\"has-drop-cap has-small-font-size\">Hier findet ihr immer wieder einzelne Zitate aus dem Buch &#8222;Die russische Herzogin&#8220;, welche ich graphisch etwas aufarbeite. Viel Vergn\u00fcgen.<\/p>\n\n\n\n<p class=\"has-small-font-size\">Liebe Gr\u00fc\u00dfe, <\/p>\n\n\n\n<figure class=\"wp-block-image size-large is-resized\"><img loading=\"lazy\" decoding=\"async\" src=\"https:\/\/buechertanz.de\/wp-content\/uploads\/2022\/06\/Unterschrift-1024x404.jpg\" alt=\"\" class=\"wp-image-3355\" width=\"124\" height=\"48\" srcset=\"https:\/\/buechertanz.de\/wp-content\/uploads\/2022\/06\/Unterschrift-1024x404.jpg 1024w, https:\/\/buechertanz.de\/wp-content\/uploads\/2022\/06\/Unterschrift-300x118.jpg 300w, https:\/\/buechertanz.de\/wp-content\/uploads\/2022\/06\/Unterschrift-768x303.jpg 768w, https:\/\/buechertanz.de\/wp-content\/uploads\/2022\/06\/Unterschrift.jpg 1500w\" sizes=\"auto, (max-width: 124px) 100vw, 124px\" \/><\/figure>\n\n\n\n<p class=\"has-text-align-center\">_ _ _<\/p>\n\n\n\n<ul class=\"wp-block-list\">\n<li class=\"has-small-font-size\"><strong>Viertes Zitat im Juni 2023<\/strong><\/li>\n<\/ul>\n\n\n\n<div class=\"wp-block-media-text alignwide has-media-on-the-right\"><div class=\"wp-block-media-text__content\">\n<p class=\"has-text-align-center has-text-color has-small-font-size\" style=\"color:#676767\"><em>&#8222;Um die Liebe kann man nicht k\u00e4mpfen. Wenn mich das Leben eines gelehrt hat, dann das. [&#8230;] Liebe bekommt man geschenkt.&#8220;<\/em><br><strong>[S. 476] <\/strong><\/p>\n\n\n\n<p class=\"has-small-font-size\">In dieser Szene steht K\u00f6nigin Olga von W\u00fcrttemberg im Mittelpunkt. Ihre Ehe mit K\u00f6nig Karl ist alles andere als harmonisch und sie wird sich dar\u00fcber klar: Die wahre Liebe verbindet sie beiden nicht. <\/p>\n<\/div><figure class=\"wp-block-media-text__media\"><img loading=\"lazy\" decoding=\"async\" width=\"1024\" height=\"1021\" src=\"https:\/\/buechertanz.de\/wp-content\/uploads\/2023\/07\/Zitat-4_komp-1024x1021.jpg\" alt=\"\" class=\"wp-image-5374 size-full\" srcset=\"https:\/\/buechertanz.de\/wp-content\/uploads\/2023\/07\/Zitat-4_komp-1024x1021.jpg 1024w, https:\/\/buechertanz.de\/wp-content\/uploads\/2023\/07\/Zitat-4_komp-300x300.jpg 300w, https:\/\/buechertanz.de\/wp-content\/uploads\/2023\/07\/Zitat-4_komp-150x150.jpg 150w, https:\/\/buechertanz.de\/wp-content\/uploads\/2023\/07\/Zitat-4_komp-768x766.jpg 768w, https:\/\/buechertanz.de\/wp-content\/uploads\/2023\/07\/Zitat-4_komp-1536x1531.jpg 1536w, https:\/\/buechertanz.de\/wp-content\/uploads\/2023\/07\/Zitat-4_komp-2048x2041.jpg 2048w\" sizes=\"auto, (max-width: 1024px) 100vw, 1024px\" \/><\/figure><\/div>\n\n\n\n<p class=\"has-text-align-center\">_ _ _ <\/p>\n\n\n\n<ul class=\"wp-block-list\">\n<li class=\"has-small-font-size\"><strong>Drittes Zitat Mai 2023<\/strong>:<\/li>\n<\/ul>\n\n\n\n<div class=\"wp-block-media-text alignwide\"><figure class=\"wp-block-media-text__media\"><img loading=\"lazy\" decoding=\"async\" width=\"1024\" height=\"1015\" src=\"https:\/\/buechertanz.de\/wp-content\/uploads\/2023\/05\/Zitat-3_komp-1024x1015.jpg\" alt=\"\" class=\"wp-image-5123 size-full\" srcset=\"https:\/\/buechertanz.de\/wp-content\/uploads\/2023\/05\/Zitat-3_komp-1024x1015.jpg 1024w, https:\/\/buechertanz.de\/wp-content\/uploads\/2023\/05\/Zitat-3_komp-300x297.jpg 300w, https:\/\/buechertanz.de\/wp-content\/uploads\/2023\/05\/Zitat-3_komp-150x150.jpg 150w, https:\/\/buechertanz.de\/wp-content\/uploads\/2023\/05\/Zitat-3_komp-768x761.jpg 768w, https:\/\/buechertanz.de\/wp-content\/uploads\/2023\/05\/Zitat-3_komp-1536x1523.jpg 1536w, https:\/\/buechertanz.de\/wp-content\/uploads\/2023\/05\/Zitat-3_komp.jpg 2048w\" sizes=\"auto, (max-width: 1024px) 100vw, 1024px\" \/><\/figure><div class=\"wp-block-media-text__content\">\n<p class=\"has-text-align-center has-text-color has-small-font-size\" style=\"color:#676767\"><em>&#8222;Es war l\u00e4sterlich von ihr gewesen, st\u00e4ndig zu beweinen, was nicht mehr war. Sie w\u00fcrde vielmehr dankbar sein f\u00fcr das, was war. Das, was war &#8230; Ein sch\u00f6ner, tr\u00f6stlicher Gedanke.&#8220;<\/em><br><strong>[S. 470\/ 471]<\/strong><\/p>\n\n\n\n<p class=\"has-small-font-size\">Wera hat eine schwere Zeit mit vielen Schicksalsschl\u00e4gen hinter sich. Sie erkennt, dass ihr Leben wieder weitergehen muss und \u00e4ndert ihren Blickwinkel. <\/p>\n<\/div><\/div>\n\n\n\n<p class=\"has-text-align-center\">_ _ _ <\/p>\n\n\n\n<ul class=\"wp-block-list\">\n<li class=\"has-small-font-size\"><strong>Zweites Zitat Mai 2023:<\/strong><\/li>\n<\/ul>\n\n\n\n<div class=\"wp-block-media-text alignwide has-media-on-the-right\"><div class=\"wp-block-media-text__content\">\n<p class=\"has-text-align-center has-text-color has-small-font-size\" style=\"color:#676767\"><em>&#8222;Deshalb sage ich dir ja: Mach dich frei von der Meinung anderer! Lebe dein Leben. Und h\u00f6re nicht auf die, die glauben, alles besser zu wissen. Es geht um dich und dein Gl\u00fcck.&#8220;<br><\/em><strong>[S. 363]<\/strong><\/p>\n\n\n\n<p class=\"has-small-font-size\">W\u00e4hrend eines Sparziergangs durch den Botanischen Garten, unterhalten sich Wera und ihr Ziehvater Karl. Wera hat Angst davor, was die Menschen \u00fcber sie und ihre Entscheidungen denken. <\/p>\n<\/div><figure class=\"wp-block-media-text__media\"><img loading=\"lazy\" decoding=\"async\" width=\"1024\" height=\"1015\" src=\"https:\/\/buechertanz.de\/wp-content\/uploads\/2023\/05\/Zitat-2_komp-1024x1015.jpg\" alt=\"\" class=\"wp-image-4979 size-full\" srcset=\"https:\/\/buechertanz.de\/wp-content\/uploads\/2023\/05\/Zitat-2_komp-1024x1015.jpg 1024w, https:\/\/buechertanz.de\/wp-content\/uploads\/2023\/05\/Zitat-2_komp-300x297.jpg 300w, https:\/\/buechertanz.de\/wp-content\/uploads\/2023\/05\/Zitat-2_komp-150x150.jpg 150w, https:\/\/buechertanz.de\/wp-content\/uploads\/2023\/05\/Zitat-2_komp-768x761.jpg 768w, https:\/\/buechertanz.de\/wp-content\/uploads\/2023\/05\/Zitat-2_komp-1536x1522.jpg 1536w, https:\/\/buechertanz.de\/wp-content\/uploads\/2023\/05\/Zitat-2_komp-2048x2030.jpg 2048w\" sizes=\"auto, (max-width: 1024px) 100vw, 1024px\" \/><\/figure><\/div>\n\n\n\n<p class=\"has-text-align-center\">_ _ _ <\/p>\n\n\n\n<ul class=\"wp-block-list\">\n<li class=\"has-small-font-size\"><strong>Erstes Zitat April 2023:<\/strong><\/li>\n<\/ul>\n\n\n\n<div class=\"wp-block-media-text alignwide\"><figure class=\"wp-block-media-text__media\"><img loading=\"lazy\" decoding=\"async\" width=\"1024\" height=\"986\" src=\"https:\/\/buechertanz.de\/wp-content\/uploads\/2023\/04\/Zitat-1_komp-1024x986.jpg\" alt=\"\" class=\"wp-image-4876 size-full\" srcset=\"https:\/\/buechertanz.de\/wp-content\/uploads\/2023\/04\/Zitat-1_komp-1024x986.jpg 1024w, https:\/\/buechertanz.de\/wp-content\/uploads\/2023\/04\/Zitat-1_komp-300x289.jpg 300w, https:\/\/buechertanz.de\/wp-content\/uploads\/2023\/04\/Zitat-1_komp-768x740.jpg 768w, https:\/\/buechertanz.de\/wp-content\/uploads\/2023\/04\/Zitat-1_komp-1536x1479.jpg 1536w, https:\/\/buechertanz.de\/wp-content\/uploads\/2023\/04\/Zitat-1_komp-2048x1972.jpg 2048w\" sizes=\"auto, (max-width: 1024px) 100vw, 1024px\" \/><\/figure><div class=\"wp-block-media-text__content\">\n<p class=\"has-text-align-center has-text-color has-small-font-size\" style=\"color:#676767\"><em>&#8222;Denn in Wahrheit haben wir gar nicht \u00fcber Edelsteine gesprochen, sondern \u00fcber die Verschiedenartigkeit von uns Menschen. Nicht jeder Mensch gl\u00e4nzt beim ersten Hinsehen, bei manchen muss man einen zweiten und dritten Blick wagen, um seine Sch\u00f6nheit zu erkennen.<\/em><br><strong>[Seite 244]<\/strong><\/p>\n\n\n\n<p class=\"has-small-font-size\">In dieser Szene unterh\u00e4lt sich Wera mit ihrer Tante Olga. Wera wird von anderen Menschen oft als nicht sch\u00f6n, manchmal sogar als h\u00e4sslich bezeichnet. Olga gibt daraufhin ihrer Patentochter eine so sch\u00f6ne Lebensweisheit mit auf den Weg.<\/p>\n<\/div><\/div>\n\n\n\n<p class=\"has-text-align-center\">_ _ _ <\/p>\n\n\n<div class=\"wp-block-image is-style-rounded\">\n<figure class=\"aligncenter size-full is-resized\"><img loading=\"lazy\" decoding=\"async\" src=\"https:\/\/buechertanz.de\/wp-content\/uploads\/2019\/03\/cropped-Blume-1.png\" alt=\"\" class=\"wp-image-2847\" width=\"124\" height=\"124\" srcset=\"https:\/\/buechertanz.de\/wp-content\/uploads\/2019\/03\/cropped-Blume-1.png 248w, https:\/\/buechertanz.de\/wp-content\/uploads\/2019\/03\/cropped-Blume-1-150x150.png 150w\" sizes=\"auto, (max-width: 124px) 100vw, 124px\" \/><\/figure><\/div>","protected":false},"excerpt":{"rendered":"<p>Hier findet ihr immer wieder einzelne Zitate aus dem Buch &#8222;Die russische Herzogin&#8220;, welche ich graphisch etwas aufarbeite. Viel Vergn\u00fcgen. Liebe Gr\u00fc\u00dfe, _ _ _ &#8222;Um die Liebe kann man nicht k\u00e4mpfen. Wenn mich das Leben eines gelehrt hat, dann das. [&#8230;] Liebe bekommt man geschenkt.&#8220;[S. 476] In dieser Szene steht K\u00f6nigin Olga von W\u00fcrttemberg &hellip; <a href=\"https:\/\/buechertanz.de\/?page_id=4607\" class=\"more-link\"><span class=\"screen-reader-text\">Zitate<\/span> weiterlesen<\/a><\/p>\n","protected":false},"author":2,"featured_media":0,"parent":0,"menu_order":0,"comment_status":"open","ping_status":"closed","template":"","meta":{"footnotes":""},"class_list":["post-4607","page","type-page","status-publish","hentry"],"_links":{"self":[{"href":"https:\/\/buechertanz.de\/index.php?rest_route=\/wp\/v2\/pages\/4607","targetHints":{"allow":["GET"]}}],"collection":[{"href":"https:\/\/buechertanz.de\/index.php?rest_route=\/wp\/v2\/pages"}],"about":[{"href":"https:\/\/buechertanz.de\/index.php?rest_route=\/wp\/v2\/types\/page"}],"author":[{"embeddable":true,"href":"https:\/\/buechertanz.de\/index.php?rest_route=\/wp\/v2\/users\/2"}],"replies":[{"embeddable":true,"href":"https:\/\/buechertanz.de\/index.php?rest_route=%2Fwp%2Fv2%2Fcomments&post=4607"}],"version-history":[{"count":11,"href":"https:\/\/buechertanz.de\/index.php?rest_route=\/wp\/v2\/pages\/4607\/revisions"}],"predecessor-version":[{"id":5377,"href":"https:\/\/buechertanz.de\/index.php?rest_route=\/wp\/v2\/pages\/4607\/revisions\/5377"}],"wp:attachment":[{"href":"https:\/\/buechertanz.de\/index.php?rest_route=%2Fwp%2Fv2%2Fmedia&parent=4607"}],"curies":[{"name":"wp","href":"https:\/\/api.w.org\/{rel}","templated":true}]}}