{"id":4608,"date":"2023-03-13T15:21:49","date_gmt":"2023-03-13T14:21:49","guid":{"rendered":"https:\/\/buechertanz.de\/?page_id=4608"},"modified":"2023-07-03T14:22:03","modified_gmt":"2023-07-03T13:22:03","slug":"lesung-september-2010","status":"publish","type":"page","link":"https:\/\/buechertanz.de\/?page_id=4608","title":{"rendered":"Lesung September 2010"},"content":{"rendered":"\n<p class=\"has-drop-cap has-small-font-size\">Vor etwa 13 Jahren habe ich Petra Durst-Benning das erste Mal live getroffen. Wir hatten schon viel Kontakt in dem damaligen &#8222;Literarischen Salon&#8220; &#8211; dem Fanforum von der Autorin (welches es nicht mehr in der Form gibt, daf\u00fcr aber als Facebook-Gruppe). <br>Die Lesung fand im &#8218;Deutschen Tagebucharchiv&#8216; in Emmendingen (<a rel=\"noreferrer noopener\" href=\"https:\/\/tagebucharchiv.de\" target=\"_blank\">https:\/\/tagebucharchiv.de<\/a>) statt &#8211; in einem wundersch\u00f6nen herrschaftlichen Raum mit hohen Decken und Kronleuchter. <\/p>\n\n\n<div class=\"wp-block-image\">\n<figure class=\"aligncenter size-large is-resized\"><img loading=\"lazy\" decoding=\"async\" src=\"https:\/\/buechertanz.de\/wp-content\/uploads\/2023\/07\/DSC01802_komp-1024x768.jpg\" alt=\"\" class=\"wp-image-5379\" width=\"512\" height=\"384\" srcset=\"https:\/\/buechertanz.de\/wp-content\/uploads\/2023\/07\/DSC01802_komp-1024x768.jpg 1024w, https:\/\/buechertanz.de\/wp-content\/uploads\/2023\/07\/DSC01802_komp-300x225.jpg 300w, https:\/\/buechertanz.de\/wp-content\/uploads\/2023\/07\/DSC01802_komp-768x576.jpg 768w, https:\/\/buechertanz.de\/wp-content\/uploads\/2023\/07\/DSC01802_komp-1536x1152.jpg 1536w, https:\/\/buechertanz.de\/wp-content\/uploads\/2023\/07\/DSC01802_komp-2048x1536.jpg 2048w\" sizes=\"auto, (max-width: 512px) 100vw, 512px\" \/><\/figure><\/div>\n\n\n<p class=\"has-small-font-size\">Petra und ich haben uns vor diesem Saal getroffen und ich war ordentlich nerv\u00f6s. Mit ihrer freundlichen Art (&#8222;Haaallooo Chrissy und haaallooo Freund von Chrissy!&#8220;) lockerte sie die Stimmung sofort auf und \u00fcberreichte mir als kleines Geschenk: Ein wundersch\u00f6n gestaltetes Postkartenset mit den sch\u00f6nsten Gedichten von Wera. Auch Lesezeichen durfte ich jede Menge mitnehmen.<\/p>\n\n\n\n<div class=\"wp-block-media-text alignwide\"><figure class=\"wp-block-media-text__media\"><img loading=\"lazy\" decoding=\"async\" width=\"1024\" height=\"768\" src=\"https:\/\/buechertanz.de\/wp-content\/uploads\/2023\/07\/DSC01800_1_komp-1024x768.jpg\" alt=\"\" class=\"wp-image-5380 size-full\" srcset=\"https:\/\/buechertanz.de\/wp-content\/uploads\/2023\/07\/DSC01800_1_komp-1024x768.jpg 1024w, https:\/\/buechertanz.de\/wp-content\/uploads\/2023\/07\/DSC01800_1_komp-300x225.jpg 300w, https:\/\/buechertanz.de\/wp-content\/uploads\/2023\/07\/DSC01800_1_komp-768x576.jpg 768w, https:\/\/buechertanz.de\/wp-content\/uploads\/2023\/07\/DSC01800_1_komp-1536x1152.jpg 1536w, https:\/\/buechertanz.de\/wp-content\/uploads\/2023\/07\/DSC01800_1_komp-2048x1536.jpg 2048w\" sizes=\"auto, (max-width: 1024px) 100vw, 1024px\" \/><\/figure><div class=\"wp-block-media-text__content\">\n<p class=\"has-small-font-size\">Dann ging die Lesung los. Der Saal hatte sich gut gef\u00fcllt und wir nahmen in der ersten Reihe Platz. Petra stellte den ersten Teil &#8222;Die Zarentochter&#8220; noch einmal kurz vor, um dann auf &#8222;Die russische Herzogin&#8220; umzuschwenken und die beiden Geschichten miteinander zu verbinden.<\/p>\n<\/div><\/div>\n\n\n\n<p class=\"has-small-font-size\">Mit ihrer angenehmen Stimme las Petra Durst-Benning einige Buchstellen vor und nahm mit passenden Betonungen alle Menschen im Saal mit an den Stuttgarter K\u00f6nigshof. W\u00e4hrend einige Szenen f\u00fcr Lachen im Publikum sorgten, wurde es bei einigen bedr\u00fcckenden Szenen dann doch still.  <\/p>\n\n\n\n<div class=\"wp-block-media-text alignwide has-media-on-the-right\"><div class=\"wp-block-media-text__content\">\n<p class=\"has-small-font-size\">Mir blieben aber vor allem die Szenen mit der kleinen Wera in Erinnerung. In diesen Szenen wirbelt sie die Welt der Erwachsenen ordentlich durcheinander und sorgte damit immer wieder f\u00fcr heitere Momente im Publikum. <\/p>\n<\/div><figure class=\"wp-block-media-text__media\"><img loading=\"lazy\" decoding=\"async\" width=\"1024\" height=\"768\" src=\"https:\/\/buechertanz.de\/wp-content\/uploads\/2023\/07\/DSC01805_komp-1024x768.jpg\" alt=\"\" class=\"wp-image-5381 size-full\" srcset=\"https:\/\/buechertanz.de\/wp-content\/uploads\/2023\/07\/DSC01805_komp-1024x768.jpg 1024w, https:\/\/buechertanz.de\/wp-content\/uploads\/2023\/07\/DSC01805_komp-300x225.jpg 300w, https:\/\/buechertanz.de\/wp-content\/uploads\/2023\/07\/DSC01805_komp-768x576.jpg 768w, https:\/\/buechertanz.de\/wp-content\/uploads\/2023\/07\/DSC01805_komp-1536x1152.jpg 1536w, https:\/\/buechertanz.de\/wp-content\/uploads\/2023\/07\/DSC01805_komp-2048x1536.jpg 2048w\" sizes=\"auto, (max-width: 1024px) 100vw, 1024px\" \/><\/figure><\/div>\n\n\n\n<p class=\"has-small-font-size\">Petra zeigte und noch ein paar der B\u00fccher, welche sie als Recherche-Material nutzte und beantworte im Anschluss noch die Fragen aus dem Publikum. <br>Damit endete ein sehr interessanter, spannender und lehrreicher Abend.  <br>F\u00fcr meinen Freund (heute ist er mein Mann) war es die erste Lesung und auch er genoss diesen kurzweiligen und interessanten Abend sehr. <\/p>\n\n\n\n<p class=\"has-small-font-size\">Liebe Petra: Etwa drei Jahre sp\u00e4ter sahen wir uns wieder &#8211; in Lenzkirch zu einer Lesung aus &#8222;Antonias Wille&#8220;.<\/p>\n\n\n\n<p class=\"has-small-font-size\">Liebe Gr\u00fc\u00dfe,<\/p>\n\n\n\n<figure class=\"wp-block-image size-large is-resized\"><img loading=\"lazy\" decoding=\"async\" src=\"https:\/\/buechertanz.de\/wp-content\/uploads\/2023\/06\/Unterschrift-1024x404.jpg\" alt=\"\" class=\"wp-image-5276\" width=\"175\" height=\"69\" srcset=\"https:\/\/buechertanz.de\/wp-content\/uploads\/2023\/06\/Unterschrift-1024x404.jpg 1024w, https:\/\/buechertanz.de\/wp-content\/uploads\/2023\/06\/Unterschrift-300x118.jpg 300w, https:\/\/buechertanz.de\/wp-content\/uploads\/2023\/06\/Unterschrift-768x303.jpg 768w, https:\/\/buechertanz.de\/wp-content\/uploads\/2023\/06\/Unterschrift.jpg 1500w\" sizes=\"auto, (max-width: 175px) 100vw, 175px\" \/><\/figure>\n\n\n<div class=\"wp-block-image is-style-rounded\">\n<figure class=\"aligncenter size-full is-resized\"><img loading=\"lazy\" decoding=\"async\" src=\"https:\/\/buechertanz.de\/wp-content\/uploads\/2023\/06\/Blume.png\" alt=\"\" class=\"wp-image-5274\" width=\"66\" height=\"76\" srcset=\"https:\/\/buechertanz.de\/wp-content\/uploads\/2023\/06\/Blume.png 264w, https:\/\/buechertanz.de\/wp-content\/uploads\/2023\/06\/Blume-260x300.png 260w\" sizes=\"auto, (max-width: 66px) 100vw, 66px\" \/><\/figure><\/div>","protected":false},"excerpt":{"rendered":"<p>Vor etwa 13 Jahren habe ich Petra Durst-Benning das erste Mal live getroffen. Wir hatten schon viel Kontakt in dem damaligen &#8222;Literarischen Salon&#8220; &#8211; dem Fanforum von der Autorin (welches es nicht mehr in der Form gibt, daf\u00fcr aber als Facebook-Gruppe). Die Lesung fand im &#8218;Deutschen Tagebucharchiv&#8216; in Emmendingen (https:\/\/tagebucharchiv.de) statt &#8211; in einem wundersch\u00f6nen &hellip; <a href=\"https:\/\/buechertanz.de\/?page_id=4608\" class=\"more-link\"><span class=\"screen-reader-text\">Lesung September 2010<\/span> weiterlesen<\/a><\/p>\n","protected":false},"author":2,"featured_media":0,"parent":0,"menu_order":0,"comment_status":"open","ping_status":"closed","template":"","meta":{"footnotes":""},"class_list":["post-4608","page","type-page","status-publish","hentry"],"_links":{"self":[{"href":"https:\/\/buechertanz.de\/index.php?rest_route=\/wp\/v2\/pages\/4608","targetHints":{"allow":["GET"]}}],"collection":[{"href":"https:\/\/buechertanz.de\/index.php?rest_route=\/wp\/v2\/pages"}],"about":[{"href":"https:\/\/buechertanz.de\/index.php?rest_route=\/wp\/v2\/types\/page"}],"author":[{"embeddable":true,"href":"https:\/\/buechertanz.de\/index.php?rest_route=\/wp\/v2\/users\/2"}],"replies":[{"embeddable":true,"href":"https:\/\/buechertanz.de\/index.php?rest_route=%2Fwp%2Fv2%2Fcomments&post=4608"}],"version-history":[{"count":3,"href":"https:\/\/buechertanz.de\/index.php?rest_route=\/wp\/v2\/pages\/4608\/revisions"}],"predecessor-version":[{"id":5382,"href":"https:\/\/buechertanz.de\/index.php?rest_route=\/wp\/v2\/pages\/4608\/revisions\/5382"}],"wp:attachment":[{"href":"https:\/\/buechertanz.de\/index.php?rest_route=%2Fwp%2Fv2%2Fmedia&parent=4608"}],"curies":[{"name":"wp","href":"https:\/\/api.w.org\/{rel}","templated":true}]}}