{"id":4609,"date":"2023-03-13T15:21:49","date_gmt":"2023-03-13T14:21:49","guid":{"rendered":"https:\/\/buechertanz.de\/?page_id=4609"},"modified":"2025-04-29T22:25:57","modified_gmt":"2025-04-29T21:25:57","slug":"gewinnspiele","status":"publish","type":"page","link":"https:\/\/buechertanz.de\/?page_id=4609","title":{"rendered":"Gewinnspiele"},"content":{"rendered":"\n<p class=\"has-drop-cap has-small-font-size\">Hier gibt es, in unregelm\u00e4\u00dfigen Abst\u00e4nden, etwas zu gewinnen. Klickt dazu einfach auf das aktuelle Gewinnspiel. <br>Also ran an die Tastatur und mitgemacht. Viel Gl\u00fcck. <\/p>\n\n\n\n<p class=\"has-small-font-size\">Eure <\/p>\n\n\n\n<figure class=\"wp-block-image size-large is-resized\"><img loading=\"lazy\" decoding=\"async\" width=\"1024\" height=\"404\" src=\"https:\/\/buechertanz.de\/wp-content\/uploads\/2022\/06\/Unterschrift-1024x404.jpg\" alt=\"\" class=\"wp-image-3355\" style=\"width:193px;height:76px\" srcset=\"https:\/\/buechertanz.de\/wp-content\/uploads\/2022\/06\/Unterschrift-1024x404.jpg 1024w, https:\/\/buechertanz.de\/wp-content\/uploads\/2022\/06\/Unterschrift-300x118.jpg 300w, https:\/\/buechertanz.de\/wp-content\/uploads\/2022\/06\/Unterschrift-768x303.jpg 768w, https:\/\/buechertanz.de\/wp-content\/uploads\/2022\/06\/Unterschrift.jpg 1500w\" sizes=\"auto, (max-width: 1024px) 100vw, 1024px\" \/><\/figure>\n\n\n\n<p class=\"has-text-align-center\">_ _ _ <\/p>\n\n\n\n<div class=\"wp-block-media-text alignwide\" style=\"grid-template-columns:30% auto\"><figure class=\"wp-block-media-text__media\"><a href=\"https:\/\/buechertanz.de\/?page_id=5074\"><img loading=\"lazy\" decoding=\"async\" width=\"1024\" height=\"1015\" src=\"https:\/\/buechertanz.de\/wp-content\/uploads\/2023\/05\/03-Gewinnspiel-Mai_komp-1024x1015.jpg\" alt=\"\" class=\"wp-image-5082 size-full\" srcset=\"https:\/\/buechertanz.de\/wp-content\/uploads\/2023\/05\/03-Gewinnspiel-Mai_komp-1024x1015.jpg 1024w, https:\/\/buechertanz.de\/wp-content\/uploads\/2023\/05\/03-Gewinnspiel-Mai_komp-300x297.jpg 300w, https:\/\/buechertanz.de\/wp-content\/uploads\/2023\/05\/03-Gewinnspiel-Mai_komp-150x150.jpg 150w, https:\/\/buechertanz.de\/wp-content\/uploads\/2023\/05\/03-Gewinnspiel-Mai_komp-768x761.jpg 768w, https:\/\/buechertanz.de\/wp-content\/uploads\/2023\/05\/03-Gewinnspiel-Mai_komp-1536x1522.jpg 1536w, https:\/\/buechertanz.de\/wp-content\/uploads\/2023\/05\/03-Gewinnspiel-Mai_komp-2048x2030.jpg 2048w\" sizes=\"auto, (max-width: 1024px) 100vw, 1024px\" \/><\/a><\/figure><div class=\"wp-block-media-text__content\">\n<ul id=\"block-9b1847ff-794e-4f2a-8ae3-f125a5b0e3e4\" class=\"wp-block-list has-small-font-size\">\n<li><a href=\"https:\/\/buechertanz.de\/?page_id=5074\" target=\"_blank\" rel=\"noreferrer noopener\"><strong>Drittes Gewinnspiel:<\/strong> Lief vom 16.05.2023 bis einschlie\u00dflich 21.05.2023<\/a><br>&#8211; BEENDET<\/li>\n<\/ul>\n<\/div><\/div>\n\n\n\n<p class=\"has-text-align-center has-small-font-size\">_ _ _<\/p>\n\n\n\n<div class=\"wp-block-media-text alignwide\" style=\"grid-template-columns:30% auto\"><figure class=\"wp-block-media-text__media\"><img loading=\"lazy\" decoding=\"async\" width=\"1024\" height=\"1007\" src=\"https:\/\/buechertanz.de\/wp-content\/uploads\/2023\/04\/02-Gewinnspiel-April_komp-1024x1007.jpg\" alt=\"\" class=\"wp-image-4892 size-full\" srcset=\"https:\/\/buechertanz.de\/wp-content\/uploads\/2023\/04\/02-Gewinnspiel-April_komp-1024x1007.jpg 1024w, https:\/\/buechertanz.de\/wp-content\/uploads\/2023\/04\/02-Gewinnspiel-April_komp-300x295.jpg 300w, https:\/\/buechertanz.de\/wp-content\/uploads\/2023\/04\/02-Gewinnspiel-April_komp-768x755.jpg 768w, https:\/\/buechertanz.de\/wp-content\/uploads\/2023\/04\/02-Gewinnspiel-April_komp-1536x1510.jpg 1536w, https:\/\/buechertanz.de\/wp-content\/uploads\/2023\/04\/02-Gewinnspiel-April_komp-2048x2014.jpg 2048w\" sizes=\"auto, (max-width: 1024px) 100vw, 1024px\" \/><\/figure><div class=\"wp-block-media-text__content\">\n<ul id=\"block-b423ff80-8a45-4016-8699-817c717301aa\" class=\"wp-block-list has-small-font-size\">\n<li><a href=\"https:\/\/buechertanz.de\/?page_id=4885\" target=\"_blank\" rel=\"noreferrer noopener\"><strong>Zweites Gewinnspiel: <\/strong>Lief vom 18.04.2023 bis einschlie\u00dflich 23.04.2023<\/a><br>&#8211; BEENDET<\/li>\n<\/ul>\n<\/div><\/div>\n\n\n\n<p class=\"has-text-align-center\">_ _ _ <\/p>\n\n\n\n<div class=\"wp-block-media-text alignwide\" style=\"grid-template-columns:30% auto\"><figure class=\"wp-block-media-text__media\"><img loading=\"lazy\" decoding=\"async\" width=\"513\" height=\"510\" src=\"https:\/\/buechertanz.de\/wp-content\/uploads\/2023\/03\/Gewinnspiel-Maerz_komp.jpg\" alt=\"\" class=\"wp-image-4715 size-full\" srcset=\"https:\/\/buechertanz.de\/wp-content\/uploads\/2023\/03\/Gewinnspiel-Maerz_komp.jpg 513w, https:\/\/buechertanz.de\/wp-content\/uploads\/2023\/03\/Gewinnspiel-Maerz_komp-300x298.jpg 300w, https:\/\/buechertanz.de\/wp-content\/uploads\/2023\/03\/Gewinnspiel-Maerz_komp-150x150.jpg 150w\" sizes=\"auto, (max-width: 513px) 100vw, 513px\" \/><\/figure><div class=\"wp-block-media-text__content\">\n<ul id=\"block-9b33a7e7-4908-495c-aa0a-02b374c2be7f\" class=\"wp-block-list has-small-font-size\">\n<li><a href=\"https:\/\/buechertanz.de\/?page_id=4684\" target=\"_blank\" rel=\"noreferrer noopener\"><strong>Erstes Gewinnspiel<\/strong>: Lief vom 14.03.2023 bis einschlie\u00dflich 24.03.2023<\/a><br>&#8211; BEENDET<\/li>\n<\/ul>\n<\/div><\/div>\n\n\n\n<p class=\"has-text-align-center\">_ _ _ <\/p>\n\n\n<div class=\"wp-block-image is-style-rounded\">\n<figure class=\"aligncenter size-full is-resized\"><img loading=\"lazy\" decoding=\"async\" width=\"248\" height=\"248\" src=\"https:\/\/buechertanz.de\/wp-content\/uploads\/2019\/03\/cropped-Blume-1.png\" alt=\"\" class=\"wp-image-2847\" style=\"width:163px;height:163px\" srcset=\"https:\/\/buechertanz.de\/wp-content\/uploads\/2019\/03\/cropped-Blume-1.png 248w, https:\/\/buechertanz.de\/wp-content\/uploads\/2019\/03\/cropped-Blume-1-150x150.png 150w\" sizes=\"auto, (max-width: 248px) 100vw, 248px\" \/><\/figure><\/div>","protected":false},"excerpt":{"rendered":"<p>Hier gibt es, in unregelm\u00e4\u00dfigen Abst\u00e4nden, etwas zu gewinnen. Klickt dazu einfach auf das aktuelle Gewinnspiel. Also ran an die Tastatur und mitgemacht. Viel Gl\u00fcck. Eure _ _ _ _ _ _ _ _ _ _ _ _<\/p>\n","protected":false},"author":2,"featured_media":0,"parent":0,"menu_order":0,"comment_status":"open","ping_status":"closed","template":"","meta":{"footnotes":""},"class_list":["post-4609","page","type-page","status-publish","hentry"],"_links":{"self":[{"href":"https:\/\/buechertanz.de\/index.php?rest_route=\/wp\/v2\/pages\/4609","targetHints":{"allow":["GET"]}}],"collection":[{"href":"https:\/\/buechertanz.de\/index.php?rest_route=\/wp\/v2\/pages"}],"about":[{"href":"https:\/\/buechertanz.de\/index.php?rest_route=\/wp\/v2\/types\/page"}],"author":[{"embeddable":true,"href":"https:\/\/buechertanz.de\/index.php?rest_route=\/wp\/v2\/users\/2"}],"replies":[{"embeddable":true,"href":"https:\/\/buechertanz.de\/index.php?rest_route=%2Fwp%2Fv2%2Fcomments&post=4609"}],"version-history":[{"count":25,"href":"https:\/\/buechertanz.de\/index.php?rest_route=\/wp\/v2\/pages\/4609\/revisions"}],"predecessor-version":[{"id":8814,"href":"https:\/\/buechertanz.de\/index.php?rest_route=\/wp\/v2\/pages\/4609\/revisions\/8814"}],"wp:attachment":[{"href":"https:\/\/buechertanz.de\/index.php?rest_route=%2Fwp%2Fv2%2Fmedia&parent=4609"}],"curies":[{"name":"wp","href":"https:\/\/api.w.org\/{rel}","templated":true}]}}