{"id":465,"date":"2019-03-06T23:10:02","date_gmt":"2019-03-06T22:10:02","guid":{"rendered":"http:\/\/buechertanz.de\/?page_id=465"},"modified":"2023-01-04T13:44:52","modified_gmt":"2023-01-04T12:44:52","slug":"neuzugaenge-maerz-2019","status":"publish","type":"page","link":"https:\/\/buechertanz.de\/?page_id=465","title":{"rendered":"Neuzug\u00e4nge M\u00e4rz 2019"},"content":{"rendered":"\n<p class=\"has-drop-cap has-small-font-size\">Im M\u00e4rz sind 27 neue B\u00fccher eingezogen, davon sind 14 aus dem \u00f6ffentlichen B\u00fccherschrank.<br>Falls es eine Rezension auf meinem Blog gibt, gelangt ihr mit einem Klick auf den Titel direkt bei der Rezension. <\/p>\n\n\n<div class=\"wp-block-image\">\n<figure class=\"aligncenter is-resized\"><img loading=\"lazy\" decoding=\"async\" src=\"https:\/\/buechertanz.de\/wp-content\/uploads\/2019\/03\/IMG_20190305_211504394-768x1024.jpg\" alt=\"\" class=\"wp-image-478\" width=\"299\" height=\"398\" srcset=\"https:\/\/buechertanz.de\/wp-content\/uploads\/2019\/03\/IMG_20190305_211504394-768x1024.jpg 768w, https:\/\/buechertanz.de\/wp-content\/uploads\/2019\/03\/IMG_20190305_211504394-225x300.jpg 225w\" sizes=\"auto, (max-width: 299px) 100vw, 299px\" \/><\/figure><\/div>\n\n\n<p class=\"has-small-font-size\">_<\/p>\n\n\n\n<p class=\"has-drop-cap has-small-font-size\"><strong>Neue B\u00fccher:<\/strong><\/p>\n\n\n\n<p><\/p>\n\n\n\n<ul class=\"has-small-font-size wp-block-list\"><li>Carmen Korn: <br><em>&#8222;Zeiten des Aufbruchs&#8220;<\/em><\/li><li>Michel Bussi: <br><em>&#8222;Die Frau mit dem roten Schal&#8220;<\/em> und <em>&#8222;Das verlorene Kind&#8220;<\/em><\/li><li>Volker Mertens <br><em>&#8222;Liebespaare im Mittelalter&#8220;<\/em><\/li><li>Meinrad Braun: <br><em>&#8222;Die abenteuerliche Reise des Pieter van Ackeren in die neue Welt&#8220;<\/em><\/li><li>Jo Baker: <br><em>&#8222;Im Hause Longbourn&#8220;<\/em><\/li><li>Vera Buck: <br><em>&#8222;Runa&#8220;<\/em><\/li><li>Marie Lamballe: <br><em>&#8222;Caf\u00e9 Engel &#8211; Eine neue Zeit&#8220;<\/em><\/li><li>Katrin Tempel: <br><em>&#8222;Das Novemberm\u00e4dchen&#8220;<\/em><\/li><li>Charlotte Roth: <br><em>&#8222;Wir sehen uns unter den Linden&#8220;<\/em><\/li><li>Daniel Speck: <br><em>&#8222;Bella Germania&#8220;<\/em><\/li><li>Titus M\u00fcller: <br><em>&#8222;Berlin Feuerland&#8220;<\/em><\/li><li>Charles Dickens: <br><em>&#8222;David Copperfield&#8220;<\/em><\/li><\/ul>\n\n\n\n<p class=\"has-small-font-size\">_<\/p>\n\n\n\n<p class=\"has-drop-cap has-small-font-size\"><strong>\u00d6ffentlicher B\u00fccherschrank:<\/strong><\/p>\n\n\n\n<p><\/p>\n\n\n\n<ul class=\"has-small-font-size wp-block-list\"><li>Katja Maybach: <br><em>&#8222;Der Mut zur Freiheit&#8220;<\/em> und <em>&#8222;Die Nacht der Frauen&#8220; <\/em><\/li><li>David Safier: <br><em>&#8222;Traumprinz&#8220;<\/em><\/li><li>Theodor Storm: <br><em>&#8222;Der Schimmelreiter und andere Novellen&#8220;<\/em><\/li><li>Christine N\u00f6stlinger: <br><em>&#8222;Maik\u00e4fer flieg&#8220;<\/em><\/li><li>Fynn: <br><em>&#8222;Hallo Mister Gott, hier spricht Anna&#8220;<\/em><\/li><li>Cecelia Ahern: <br><em>&#8222;Ein Moment f\u00fcrs Leben&#8220;<\/em><\/li><li>Antoine de Saint-Exup\u00e9ry: <br><em>&#8222;Flug nach Arras&#8220;<\/em><\/li><li>Tobsha Learner: <br><em>&#8222;Die Hexe von K\u00f6ln&#8220;<\/em><\/li><li>Sue Monk Kidd: <br><em>&#8222;Die Erfindung der Fl\u00fcgel&#8220; <\/em><\/li><li>Jason F. Wright: <br><em>&#8222;Die Mittwochsbriefe&#8220;<\/em><\/li><li>Julie Orringer: <br><em>&#8222;Die unsichtbare Br\u00fccke&#8220;<\/em><\/li><li>Merc\u00e9 Rodoreda: <br><em>&#8222;Der Garten \u00fcber dem Meer&#8220;<\/em><\/li><li>Anne Enright: <br><em>&#8222;Das Familientreffen&#8220;<\/em><\/li><\/ul>\n\n\n\n<p>_<\/p>\n\n\n\n<p class=\"has-small-font-size\"><br><br><\/p>\n\n\n<div class=\"wp-block-image\">\n<figure class=\"aligncenter is-resized\"><img loading=\"lazy\" decoding=\"async\" src=\"https:\/\/buechertanz.de\/wp-content\/uploads\/2019\/03\/Blume-1.png\" alt=\"\" class=\"wp-image-363\" width=\"192\" height=\"222\" srcset=\"https:\/\/buechertanz.de\/wp-content\/uploads\/2019\/03\/Blume-1.png 264w, https:\/\/buechertanz.de\/wp-content\/uploads\/2019\/03\/Blume-1-260x300.png 260w\" sizes=\"auto, (max-width: 192px) 100vw, 192px\" \/><\/figure><\/div>\n\n\n<p><br><br><br><\/p>\n","protected":false},"excerpt":{"rendered":"<p>Im M\u00e4rz sind 27 neue B\u00fccher eingezogen, davon sind 14 aus dem \u00f6ffentlichen B\u00fccherschrank.Falls es eine Rezension auf meinem Blog gibt, gelangt ihr mit einem Klick auf den Titel direkt bei der Rezension. _ Neue B\u00fccher: Carmen Korn: &#8222;Zeiten des Aufbruchs&#8220; Michel Bussi: &#8222;Die Frau mit dem roten Schal&#8220; und &#8222;Das verlorene Kind&#8220; Volker Mertens &hellip; <a href=\"https:\/\/buechertanz.de\/?page_id=465\" class=\"more-link\"><span class=\"screen-reader-text\">Neuzug\u00e4nge M\u00e4rz 2019<\/span> weiterlesen<\/a><\/p>\n","protected":false},"author":2,"featured_media":0,"parent":0,"menu_order":0,"comment_status":"open","ping_status":"closed","template":"","meta":{"footnotes":""},"class_list":["post-465","page","type-page","status-publish","hentry"],"_links":{"self":[{"href":"https:\/\/buechertanz.de\/index.php?rest_route=\/wp\/v2\/pages\/465","targetHints":{"allow":["GET"]}}],"collection":[{"href":"https:\/\/buechertanz.de\/index.php?rest_route=\/wp\/v2\/pages"}],"about":[{"href":"https:\/\/buechertanz.de\/index.php?rest_route=\/wp\/v2\/types\/page"}],"author":[{"embeddable":true,"href":"https:\/\/buechertanz.de\/index.php?rest_route=\/wp\/v2\/users\/2"}],"replies":[{"embeddable":true,"href":"https:\/\/buechertanz.de\/index.php?rest_route=%2Fwp%2Fv2%2Fcomments&post=465"}],"version-history":[{"count":10,"href":"https:\/\/buechertanz.de\/index.php?rest_route=\/wp\/v2\/pages\/465\/revisions"}],"predecessor-version":[{"id":4232,"href":"https:\/\/buechertanz.de\/index.php?rest_route=\/wp\/v2\/pages\/465\/revisions\/4232"}],"wp:attachment":[{"href":"https:\/\/buechertanz.de\/index.php?rest_route=%2Fwp%2Fv2%2Fmedia&parent=465"}],"curies":[{"name":"wp","href":"https:\/\/api.w.org\/{rel}","templated":true}]}}