{"id":4655,"date":"2023-03-13T21:35:43","date_gmt":"2023-03-13T20:35:43","guid":{"rendered":"https:\/\/buechertanz.de\/?page_id=4655"},"modified":"2023-03-27T21:42:07","modified_gmt":"2023-03-27T20:42:07","slug":"das-neue-cover","status":"publish","type":"page","link":"https:\/\/buechertanz.de\/?page_id=4655","title":{"rendered":"Das neue Cover"},"content":{"rendered":"\n<p class=\"has-drop-cap has-small-font-size\">Nun ist es endlich so weit und ich darf euch das neue Cover von &#8222;Die russische Herzogin&#8220; pr\u00e4sentieren:<\/p>\n\n\n\n<p><\/p>\n\n\n<div class=\"wp-block-image is-style-rounded\">\n<figure class=\"aligncenter size-full is-resized\"><img loading=\"lazy\" decoding=\"async\" src=\"https:\/\/buechertanz.de\/wp-content\/uploads\/2023\/03\/03-Cover-Enthuellung.jpg\" alt=\"\" class=\"wp-image-4676\" width=\"502\" height=\"502\" srcset=\"https:\/\/buechertanz.de\/wp-content\/uploads\/2023\/03\/03-Cover-Enthuellung.jpg 659w, https:\/\/buechertanz.de\/wp-content\/uploads\/2023\/03\/03-Cover-Enthuellung-300x300.jpg 300w, https:\/\/buechertanz.de\/wp-content\/uploads\/2023\/03\/03-Cover-Enthuellung-150x150.jpg 150w\" sizes=\"auto, (max-width: 502px) 100vw, 502px\" \/><figcaption><em>Links: Das neue Cover, rechts das bisherige Cover<\/em><\/figcaption><\/figure><\/div>\n\n\n<p class=\"has-small-font-size\">Ich mag beide Cover sehr gerne &#8211; das bisherige ist halt einfach vertraut. Bei der Neuausgabe mag ich diesen tiefen und sinnigen Blick der jungen Frau &#8211; sie schaut dem Betrachter\/ der Betrachterin direkt ins Herz. Dahingegen scheint der Blick der Frau des bisherigen Cover etwas distanzierter. <br>Was meint ihr?<br>Welches Cover gef\u00e4llt euch besser? Ich bin gespannt auf eure Antworten.<br><br>Liebe Gr\u00fc\u00dfe, eure <\/p>\n\n\n\n<figure class=\"wp-block-image size-large is-resized\"><img loading=\"lazy\" decoding=\"async\" src=\"https:\/\/buechertanz.de\/wp-content\/uploads\/2022\/06\/Unterschrift-1024x404.jpg\" alt=\"\" class=\"wp-image-3355\" width=\"207\" height=\"81\" srcset=\"https:\/\/buechertanz.de\/wp-content\/uploads\/2022\/06\/Unterschrift-1024x404.jpg 1024w, https:\/\/buechertanz.de\/wp-content\/uploads\/2022\/06\/Unterschrift-300x118.jpg 300w, https:\/\/buechertanz.de\/wp-content\/uploads\/2022\/06\/Unterschrift-768x303.jpg 768w, https:\/\/buechertanz.de\/wp-content\/uploads\/2022\/06\/Unterschrift.jpg 1500w\" sizes=\"auto, (max-width: 207px) 100vw, 207px\" \/><\/figure>\n\n\n<div class=\"wp-block-image is-style-rounded\">\n<figure class=\"aligncenter size-full is-resized\"><img loading=\"lazy\" decoding=\"async\" src=\"https:\/\/buechertanz.de\/wp-content\/uploads\/2019\/03\/cropped-Blume-1.png\" alt=\"\" class=\"wp-image-2847\" width=\"130\" height=\"130\" srcset=\"https:\/\/buechertanz.de\/wp-content\/uploads\/2019\/03\/cropped-Blume-1.png 248w, https:\/\/buechertanz.de\/wp-content\/uploads\/2019\/03\/cropped-Blume-1-150x150.png 150w\" sizes=\"auto, (max-width: 130px) 100vw, 130px\" \/><\/figure><\/div>","protected":false},"excerpt":{"rendered":"<p>Nun ist es endlich so weit und ich darf euch das neue Cover von &#8222;Die russische Herzogin&#8220; pr\u00e4sentieren: Ich mag beide Cover sehr gerne &#8211; das bisherige ist halt einfach vertraut. Bei der Neuausgabe mag ich diesen tiefen und sinnigen Blick der jungen Frau &#8211; sie schaut dem Betrachter\/ der Betrachterin direkt ins Herz. Dahingegen &hellip; <a href=\"https:\/\/buechertanz.de\/?page_id=4655\" class=\"more-link\"><span class=\"screen-reader-text\">Das neue Cover<\/span> weiterlesen<\/a><\/p>\n","protected":false},"author":2,"featured_media":0,"parent":0,"menu_order":0,"comment_status":"open","ping_status":"closed","template":"","meta":{"footnotes":""},"class_list":["post-4655","page","type-page","status-publish","hentry"],"_links":{"self":[{"href":"https:\/\/buechertanz.de\/index.php?rest_route=\/wp\/v2\/pages\/4655","targetHints":{"allow":["GET"]}}],"collection":[{"href":"https:\/\/buechertanz.de\/index.php?rest_route=\/wp\/v2\/pages"}],"about":[{"href":"https:\/\/buechertanz.de\/index.php?rest_route=\/wp\/v2\/types\/page"}],"author":[{"embeddable":true,"href":"https:\/\/buechertanz.de\/index.php?rest_route=\/wp\/v2\/users\/2"}],"replies":[{"embeddable":true,"href":"https:\/\/buechertanz.de\/index.php?rest_route=%2Fwp%2Fv2%2Fcomments&post=4655"}],"version-history":[{"count":3,"href":"https:\/\/buechertanz.de\/index.php?rest_route=\/wp\/v2\/pages\/4655\/revisions"}],"predecessor-version":[{"id":4796,"href":"https:\/\/buechertanz.de\/index.php?rest_route=\/wp\/v2\/pages\/4655\/revisions\/4796"}],"wp:attachment":[{"href":"https:\/\/buechertanz.de\/index.php?rest_route=%2Fwp%2Fv2%2Fmedia&parent=4655"}],"curies":[{"name":"wp","href":"https:\/\/api.w.org\/{rel}","templated":true}]}}