{"id":466,"date":"2019-03-06T23:10:02","date_gmt":"2019-03-06T22:10:02","guid":{"rendered":"http:\/\/buechertanz.de\/?page_id=466"},"modified":"2023-01-04T13:44:29","modified_gmt":"2023-01-04T12:44:29","slug":"neuzugaenge-februar-2019","status":"publish","type":"page","link":"https:\/\/buechertanz.de\/?page_id=466","title":{"rendered":"Neuzug\u00e4nge Februar 2019"},"content":{"rendered":"\n<p class=\"has-drop-cap has-small-font-size\">Im Februar sind 32 B\u00fccher eingezogen. <br>14 B\u00fccher aus dem \u00f6ffentlichen B\u00fccherschrank, 14 neue B\u00fccher vier geschenkte\/ gewonnene haben den Weg in mein B\u00fccherregal gefunden.<br>Falls es eine Rezension auf meinem Blog gibt, gelangt ihr mit einem Klick auf den Titel direkt bei der Rezension. <br><\/p>\n\n\n<div class=\"wp-block-image\">\n<figure class=\"aligncenter is-resized\"><img loading=\"lazy\" decoding=\"async\" src=\"https:\/\/buechertanz.de\/wp-content\/uploads\/2019\/03\/IMG_20190306_225740337-2-1024x768.jpg\" alt=\"\" class=\"wp-image-483\" width=\"312\" height=\"233\" srcset=\"https:\/\/buechertanz.de\/wp-content\/uploads\/2019\/03\/IMG_20190306_225740337-2-1024x768.jpg 1024w, https:\/\/buechertanz.de\/wp-content\/uploads\/2019\/03\/IMG_20190306_225740337-2-300x225.jpg 300w, https:\/\/buechertanz.de\/wp-content\/uploads\/2019\/03\/IMG_20190306_225740337-2-768x576.jpg 768w\" sizes=\"auto, (max-width: 312px) 100vw, 312px\" \/><\/figure><\/div>\n\n\n<p>_<\/p>\n\n\n\n<p class=\"has-drop-cap has-small-font-size\"><strong>Neue B\u00fccher: <\/strong><\/p>\n\n\n\n<p><\/p>\n\n\n\n<ul class=\"has-small-font-size wp-block-list\"><li>Rebecca Martin: <br><em>&#8222;Die vergessene Freundin&#8220;<\/em><\/li><li>Petra Oelker: <br><em>&#8222;Emmas Reise&#8220;<\/em><\/li><li>Tracy Chevalier: <br><em>&#8222;Der Ruf der B\u00e4ume&#8220;<\/em><\/li><li>Manfred Fl\u00fcgge: <br><em>&#8222;Das Jahrhundert der Manns&#8220;<\/em><\/li><li>Erika Swyler: <br><em>&#8222;Das Geheimnis der Schwimmerin&#8220;<\/em><\/li><li>Teresa Simon: <br><em>&#8222;Die Fliedertochter&#8220;<\/em><\/li><li>Jojo Moyes: <br><em>&#8222;Im Schatten das Licht&#8220;<\/em><\/li><li>Elizabeth Freemantle: <br><em>&#8222;Die Rivalin der K\u00f6nigin&#8220;<\/em><\/li><li>Donna Tartt: <br><em>&#8222;Der Distelfink<\/em><\/li><li>Penny Vincenzi: <br><em>&#8222;Die St\u00fcrme der Zeit&#8220;<\/em><\/li><li>Lucinda Riley:  <br><em>&#8222;Der verbotene Liebesbrief&#8220; <\/em><\/li><li>Hanna Caspian: <br><em>&#8222;Gut Greifennau &#8211; Morgenr\u00f6te&#8220;<\/em><\/li><li>Mac P. Lorne: <br><em>&#8222;Der Sohn des L\u00f6wen&#8220;<\/em><\/li><li>Tobias Hill: <br><em>&#8222;Die Spur der Rubine&#8220;  <\/em><br><\/li><\/ul>\n\n\n\n<p>_ <\/p>\n\n\n\n<p class=\"has-drop-cap has-small-font-size\"><strong>\u00d6ffentlicher B\u00fccherschrank:<\/strong><\/p>\n\n\n\n<p><\/p>\n\n\n\n<ul class=\"has-small-font-size wp-block-list\"><li>Lesley Turney:<br><em>&#8222;Das Dornenhaus<\/em><\/li><li>Dagmar Trodler:<br><em>&#8222;Die Waldgr\u00e4fin&#8220;<\/em><\/li><li>Simon Beckett:<br><em>&#8222;Die Chemie des Todes&#8220;<\/em><\/li><li>Tanja Kinkel:<br><em>&#8222;Unter dem Zwillingsstern&#8220;<\/em><\/li><li>Bill Bryson:<br><em>&#8222;Eine kurze Geschichte von fast allem&#8220;<\/em><\/li><li>Wolfram Fleischhauer:<br><em>&#8222;Das Buch, in dem die Welt verschwand&#8220;<\/em><\/li><li>Eliza Graham:<br><em>&#8222;Die Antwort des Windes&#8220;<\/em><\/li><li>Susanna Kraus:<br><em>&#8222;Der Knochenpoet&#8220;<\/em><\/li><li>Erich K\u00e4stner:<br><em>&#8222;Emil und die drei Zwillinge&#8220;<\/em><\/li><li>Joy Fielding:<br><em>&#8222;Lauf Jane, lauf!&#8220;<\/em><\/li><li>Anna Enquist:<br><em>&#8222;Letzte Reise&#8220;<\/em><\/li><li>V\u00e9ronique Olmi:<br><em>&#8222;Meeresrand&#8220;<\/em><\/li><li>Paul Auster:<br><em>&#8222;Das Buch der Illusionen&#8220;<\/em><\/li><li>Mike Greenberg:<br><em>&#8222;Was uns gl\u00fccklich macht&#8220;<\/em><\/li><\/ul>\n\n\n\n<p>_<\/p>\n\n\n\n<p class=\"has-drop-cap has-small-font-size\"><strong>Gewinne und Geschenke<\/strong><\/p>\n\n\n\n<p><\/p>\n\n\n\n<ul class=\"has-small-font-size wp-block-list\"><li>Julia Kr\u00f6hn:<br><em>&#8222;Das Modehaus &#8211; T\u00f6chter einer neuen Zeit&#8220;<\/em><\/li><li>Sarah Lark:<br><em>&#8222;Eine Hoffnung am Ende der Welt&#8220;<\/em><\/li><li>Penny Vincenzi:<br><em>&#8222;Die Stunde des Schicksals&#8220;<\/em><\/li><li>Lucinda Riley:<br><em>&#8222;Die Schattenschwester&#8220;<\/em><\/li><\/ul>\n\n\n\n<p>_<\/p>\n\n\n<div class=\"wp-block-image\">\n<figure class=\"aligncenter is-resized\"><img loading=\"lazy\" decoding=\"async\" src=\"https:\/\/buechertanz.de\/wp-content\/uploads\/2019\/03\/Blume-1.png\" alt=\"\" class=\"wp-image-363\" width=\"196\" height=\"226\" srcset=\"https:\/\/buechertanz.de\/wp-content\/uploads\/2019\/03\/Blume-1.png 264w, https:\/\/buechertanz.de\/wp-content\/uploads\/2019\/03\/Blume-1-260x300.png 260w\" sizes=\"auto, (max-width: 196px) 100vw, 196px\" \/><\/figure><\/div>\n\n\n<p><br><br><br><\/p>\n","protected":false},"excerpt":{"rendered":"<p>Im Februar sind 32 B\u00fccher eingezogen. 14 B\u00fccher aus dem \u00f6ffentlichen B\u00fccherschrank, 14 neue B\u00fccher vier geschenkte\/ gewonnene haben den Weg in mein B\u00fccherregal gefunden.Falls es eine Rezension auf meinem Blog gibt, gelangt ihr mit einem Klick auf den Titel direkt bei der Rezension. _ Neue B\u00fccher: Rebecca Martin: &#8222;Die vergessene Freundin&#8220; Petra Oelker: &#8222;Emmas &hellip; <a href=\"https:\/\/buechertanz.de\/?page_id=466\" class=\"more-link\"><span class=\"screen-reader-text\">Neuzug\u00e4nge Februar 2019<\/span> weiterlesen<\/a><\/p>\n","protected":false},"author":2,"featured_media":0,"parent":0,"menu_order":0,"comment_status":"open","ping_status":"closed","template":"","meta":{"footnotes":""},"class_list":["post-466","page","type-page","status-publish","hentry"],"_links":{"self":[{"href":"https:\/\/buechertanz.de\/index.php?rest_route=\/wp\/v2\/pages\/466","targetHints":{"allow":["GET"]}}],"collection":[{"href":"https:\/\/buechertanz.de\/index.php?rest_route=\/wp\/v2\/pages"}],"about":[{"href":"https:\/\/buechertanz.de\/index.php?rest_route=\/wp\/v2\/types\/page"}],"author":[{"embeddable":true,"href":"https:\/\/buechertanz.de\/index.php?rest_route=\/wp\/v2\/users\/2"}],"replies":[{"embeddable":true,"href":"https:\/\/buechertanz.de\/index.php?rest_route=%2Fwp%2Fv2%2Fcomments&post=466"}],"version-history":[{"count":14,"href":"https:\/\/buechertanz.de\/index.php?rest_route=\/wp\/v2\/pages\/466\/revisions"}],"predecessor-version":[{"id":4231,"href":"https:\/\/buechertanz.de\/index.php?rest_route=\/wp\/v2\/pages\/466\/revisions\/4231"}],"wp:attachment":[{"href":"https:\/\/buechertanz.de\/index.php?rest_route=%2Fwp%2Fv2%2Fmedia&parent=466"}],"curies":[{"name":"wp","href":"https:\/\/api.w.org\/{rel}","templated":true}]}}