{"id":4684,"date":"2023-03-13T23:07:40","date_gmt":"2023-03-13T22:07:40","guid":{"rendered":"https:\/\/buechertanz.de\/?page_id=4684"},"modified":"2023-03-27T21:35:57","modified_gmt":"2023-03-27T20:35:57","slug":"gewinnspiel-maerz-2023","status":"publish","type":"page","link":"https:\/\/buechertanz.de\/?page_id=4684","title":{"rendered":"Gewinnspiel M\u00e4rz 2023"},"content":{"rendered":"\n<p class=\"has-drop-cap has-small-font-size\">Gewinne ein von Petra Durst-Benning signiertes Taschenbuch von &#8222;Die russische Herzogin&#8220; und zus\u00e4tzlich eine signierte Postkarte und ein Lesezeichen.<\/p>\n\n\n\n<p class=\"has-small-font-size\"><strong>Dieses Gewinnspiel ist bereits beendet!<\/strong><\/p>\n\n\n\n<div class=\"wp-block-media-text alignwide is-vertically-aligned-center\"><figure class=\"wp-block-media-text__media\"><img loading=\"lazy\" decoding=\"async\" width=\"513\" height=\"510\" src=\"https:\/\/buechertanz.de\/wp-content\/uploads\/2023\/03\/Gewinnspiel-Maerz_komp.jpg\" alt=\"\" class=\"wp-image-4715 size-full\" srcset=\"https:\/\/buechertanz.de\/wp-content\/uploads\/2023\/03\/Gewinnspiel-Maerz_komp.jpg 513w, https:\/\/buechertanz.de\/wp-content\/uploads\/2023\/03\/Gewinnspiel-Maerz_komp-300x298.jpg 300w, https:\/\/buechertanz.de\/wp-content\/uploads\/2023\/03\/Gewinnspiel-Maerz_komp-150x150.jpg 150w\" sizes=\"auto, (max-width: 513px) 100vw, 513px\" \/><\/figure><div class=\"wp-block-media-text__content\">\n<p><strong>Frage:<\/strong><\/p>\n\n\n\n<p><p class=\"has-dark-gray-color has-text-color has-background has-small-font-size\" style=\"background-color:#ca8cab\"><strong>Welche Ausgabe von &#8222;Die russische Herzogin magst du pers\u00f6nlich am liebsten und warum? <\/strong><\/p>   <p class=\"has-small-font-size\">(Nicht sicher, was es f\u00fcr Ausgaben gibt? Schau mal hier vorbei: <a rel=\"noreferrer noopener\" href=\"https:\/\/buechertanz.de\/?page_id=4602\" target=\"_blank\">https:\/\/buechertanz.de\/?page_id=4602<\/a>)<\/p> <br><\/p>\n<\/div><\/div>\n\n\n\n<p style=\"font-size:16px\"><strong>Regeln und Teilnahmebedingungen:<\/strong><\/p>\n\n\n\n<p class=\"has-small-font-size\">&#8211; <strong>Beginn des Gewinnspiels: <\/strong><br>~ Dienstag, 14. M\u00e4rz 2023<br>&#8211; <strong>Ende des Gewinnspiels:<\/strong> <br>~ Freitag, 24. M\u00e4rz, 22Uhr<br>&#8211; <strong>Auslosung: <\/strong><br>~ Samstag, 25. M\u00e4rz <br><strong>&#8211; Weitere Teilnahmebedingungen: <\/strong><br>~ Der Rechtsweg ist ausgeschlossen.<br>~ Du bist mindestens 18 Jahre alt.<strong><br><\/strong>~ Antworten bitte hier in die Kommentare.<br>~ Du kannst zus\u00e4tzlich auf Facebook und Instagram mitmachen &#8211; damit erh\u00f6ht sich deine Losanzahl und deine Gewinnchance.<br>~ Antworten bitte nur von in Deutschland wohnenden Personen. Da ich das Buch auf eigene Kosten verschicken muss, kann und m\u00f6chte ich den Versand in die Schweiz und in andere L\u00e4nder nicht finanzieren.<br>~ Nach Ende des Gewinnspiels schreibe ich euch an und bitte um eure Adresse. Diese Adresse wird NICHT gespeichert und\/ oder f\u00fcr andere Zwecke genutzt. <br>~ Eine Auszahlung des Gewinns ist ausgeschlossen.<br>~ Mit der Teilnahme am Gewinnspiel und des senden deines Kommentares, erkl\u00e4rst du dich mit den Teilnahmebedingungen einverstanden und versicherst, dass du die<strong><a rel=\"noreferrer noopener\" href=\"https:\/\/buechertanz.de\/?page_id=44\" target=\"_blank\"> Datenschutzhinweise<\/a><\/strong> gelesen und verstanden hast und diese akzeptierst.<br>~ Es gibt kein Recht auf den Gewinn, es entscheidet allein das Los.<br>~ Reine Gewinnspiel-Accounts sind von der Teilnahme ausgeschlossen.<\/p>\n\n\n\n<p class=\"has-small-font-size\">Viel Spa\u00df, viel Gl\u00fcck und liebe Gr\u00fc\u00dfe, <\/p>\n\n\n\n<figure class=\"wp-block-image size-large is-resized\"><img loading=\"lazy\" decoding=\"async\" src=\"https:\/\/buechertanz.de\/wp-content\/uploads\/2022\/06\/Unterschrift-1024x404.jpg\" alt=\"\" class=\"wp-image-3355\" width=\"225\" height=\"89\" srcset=\"https:\/\/buechertanz.de\/wp-content\/uploads\/2022\/06\/Unterschrift-1024x404.jpg 1024w, https:\/\/buechertanz.de\/wp-content\/uploads\/2022\/06\/Unterschrift-300x118.jpg 300w, https:\/\/buechertanz.de\/wp-content\/uploads\/2022\/06\/Unterschrift-768x303.jpg 768w, https:\/\/buechertanz.de\/wp-content\/uploads\/2022\/06\/Unterschrift.jpg 1500w\" sizes=\"auto, (max-width: 225px) 100vw, 225px\" \/><\/figure>\n\n\n<div class=\"wp-block-image is-style-rounded\">\n<figure class=\"aligncenter size-full is-resized\"><img loading=\"lazy\" decoding=\"async\" src=\"https:\/\/buechertanz.de\/wp-content\/uploads\/2019\/03\/cropped-Blume-1.png\" alt=\"\" class=\"wp-image-2847\" width=\"123\" height=\"123\" srcset=\"https:\/\/buechertanz.de\/wp-content\/uploads\/2019\/03\/cropped-Blume-1.png 248w, https:\/\/buechertanz.de\/wp-content\/uploads\/2019\/03\/cropped-Blume-1-150x150.png 150w\" sizes=\"auto, (max-width: 123px) 100vw, 123px\" \/><\/figure><\/div>","protected":false},"excerpt":{"rendered":"<p>Gewinne ein von Petra Durst-Benning signiertes Taschenbuch von &#8222;Die russische Herzogin&#8220; und zus\u00e4tzlich eine signierte Postkarte und ein Lesezeichen. Dieses Gewinnspiel ist bereits beendet! Frage: Welche Ausgabe von &#8222;Die russische Herzogin magst du pers\u00f6nlich am liebsten und warum? (Nicht sicher, was es f\u00fcr Ausgaben gibt? Schau mal hier vorbei: https:\/\/buechertanz.de\/?page_id=4602) Regeln und Teilnahmebedingungen: &#8211; Beginn &hellip; <a href=\"https:\/\/buechertanz.de\/?page_id=4684\" class=\"more-link\"><span class=\"screen-reader-text\">Gewinnspiel M\u00e4rz 2023<\/span> weiterlesen<\/a><\/p>\n","protected":false},"author":2,"featured_media":0,"parent":0,"menu_order":0,"comment_status":"closed","ping_status":"closed","template":"","meta":{"footnotes":""},"class_list":["post-4684","page","type-page","status-publish","hentry"],"_links":{"self":[{"href":"https:\/\/buechertanz.de\/index.php?rest_route=\/wp\/v2\/pages\/4684","targetHints":{"allow":["GET"]}}],"collection":[{"href":"https:\/\/buechertanz.de\/index.php?rest_route=\/wp\/v2\/pages"}],"about":[{"href":"https:\/\/buechertanz.de\/index.php?rest_route=\/wp\/v2\/types\/page"}],"author":[{"embeddable":true,"href":"https:\/\/buechertanz.de\/index.php?rest_route=\/wp\/v2\/users\/2"}],"replies":[{"embeddable":true,"href":"https:\/\/buechertanz.de\/index.php?rest_route=%2Fwp%2Fv2%2Fcomments&post=4684"}],"version-history":[{"count":12,"href":"https:\/\/buechertanz.de\/index.php?rest_route=\/wp\/v2\/pages\/4684\/revisions"}],"predecessor-version":[{"id":4790,"href":"https:\/\/buechertanz.de\/index.php?rest_route=\/wp\/v2\/pages\/4684\/revisions\/4790"}],"wp:attachment":[{"href":"https:\/\/buechertanz.de\/index.php?rest_route=%2Fwp%2Fv2%2Fmedia&parent=4684"}],"curies":[{"name":"wp","href":"https:\/\/api.w.org\/{rel}","templated":true}]}}