{"id":4737,"date":"2023-03-19T19:34:46","date_gmt":"2023-03-19T18:34:46","guid":{"rendered":"https:\/\/buechertanz.de\/?page_id=4737"},"modified":"2023-08-09T18:54:37","modified_gmt":"2023-08-09T17:54:37","slug":"buecher","status":"publish","type":"page","link":"https:\/\/buechertanz.de\/?page_id=4737","title":{"rendered":"B\u00fccher"},"content":{"rendered":"\n<p class=\"has-drop-cap has-small-font-size\">Petra Durst-Benning hat insgesamt 27 Romane ver\u00f6ffentlicht. Dies sind 22 historische und f\u00fcnf zeitgen\u00f6ssische Romane.<\/p>\n\n\n\n<figure class=\"wp-block-image size-full is-style-default\"><img loading=\"lazy\" decoding=\"async\" width=\"902\" height=\"290\" src=\"https:\/\/buechertanz.de\/wp-content\/uploads\/2023\/03\/Im-Regal_komp.jpg\" alt=\"\" class=\"wp-image-4750\" srcset=\"https:\/\/buechertanz.de\/wp-content\/uploads\/2023\/03\/Im-Regal_komp.jpg 902w, https:\/\/buechertanz.de\/wp-content\/uploads\/2023\/03\/Im-Regal_komp-300x96.jpg 300w, https:\/\/buechertanz.de\/wp-content\/uploads\/2023\/03\/Im-Regal_komp-768x247.jpg 768w\" sizes=\"auto, (max-width: 902px) 100vw, 902px\" \/><figcaption class=\"wp-element-caption\"><em>Das Gesamtwerk der Autorin im Regal<\/em><\/figcaption><\/figure>\n\n\n\n<p class=\"has-small-font-size\">Hier findet ihr alle bisherigen B\u00fccher in der \u00dcbersicht und dem Erscheinungsjahr. Beachtet bitte, dass einige B\u00fccher mit unterschiedlichen Covern und Titeln erschienen sind. Ich habe euch meine jeweiligen Ausgaben fotografiert, welche sich bei mir im Regal befinden:<\/p>\n\n\n\n<p>_<\/p>\n\n\n\n<div class=\"wp-block-media-text alignwide\"><figure class=\"wp-block-media-text__media\"><img loading=\"lazy\" decoding=\"async\" width=\"512\" height=\"511\" src=\"https:\/\/buechertanz.de\/wp-content\/uploads\/2023\/03\/Einzelromane_komp.jpg\" alt=\"\" class=\"wp-image-4752 size-full\" srcset=\"https:\/\/buechertanz.de\/wp-content\/uploads\/2023\/03\/Einzelromane_komp.jpg 512w, https:\/\/buechertanz.de\/wp-content\/uploads\/2023\/03\/Einzelromane_komp-300x300.jpg 300w, https:\/\/buechertanz.de\/wp-content\/uploads\/2023\/03\/Einzelromane_komp-150x150.jpg 150w\" sizes=\"auto, (max-width: 512px) 100vw, 512px\" \/><\/figure><div class=\"wp-block-media-text__content\">\n<ul class=\"has-small-font-size wp-block-list\">\n<li><strong>Einzelromane<\/strong>:<br><br>&#8211; <em>&#8222;Die Silberdistel&#8220;<\/em> &#8211; 1996<br>&#8211; <em>&#8222;Die Liebe des Kartographen&#8220;<\/em> &#8211; 1998<br>&#8211; <em>&#8222;Die Salzbaronin&#8220;<\/em> &#8211; 2000<br>&#8211; <em>&#8222;Antonias Wille&#8220;<\/em> &#8211; 2003<br>&#8211; <em>&#8222;Mein Findelhund&#8220;<\/em> &#8211; 2011<br>&#8211; \u201e<em>Winterwind\u201c <\/em>&#8211; 2014<\/li>\n<\/ul>\n<\/div><\/div>\n\n\n\n<p>_<\/p>\n\n\n\n<div class=\"wp-block-media-text alignwide\"><figure class=\"wp-block-media-text__media\"><img loading=\"lazy\" decoding=\"async\" width=\"512\" height=\"512\" src=\"https:\/\/buechertanz.de\/wp-content\/uploads\/2023\/03\/Die-Glasblaeserin-Trilogie_komp.jpg\" alt=\"\" class=\"wp-image-4753 size-full\" srcset=\"https:\/\/buechertanz.de\/wp-content\/uploads\/2023\/03\/Die-Glasblaeserin-Trilogie_komp.jpg 512w, https:\/\/buechertanz.de\/wp-content\/uploads\/2023\/03\/Die-Glasblaeserin-Trilogie_komp-300x300.jpg 300w, https:\/\/buechertanz.de\/wp-content\/uploads\/2023\/03\/Die-Glasblaeserin-Trilogie_komp-150x150.jpg 150w\" sizes=\"auto, (max-width: 512px) 100vw, 512px\" \/><\/figure><div class=\"wp-block-media-text__content\">\n<ul class=\"has-small-font-size wp-block-list\">\n<li><strong>Die Glasbl\u00e4serinnen-Trilogie:<br><\/strong><br>&#8211; <em>&#8222;Die Glasbl\u00e4serin&#8220; <\/em>&#8211; 2000<br>&#8211; <em>&#8222;Die Amerikanerin&#8220; <\/em>&#8211; 2003<br>&#8211;<em> &#8222;Das gl\u00e4serne Paradies&#8220;<\/em> &#8211; 2006<\/li>\n<\/ul>\n<\/div><\/div>\n\n\n\n<p>_<\/p>\n\n\n\n<div class=\"wp-block-media-text alignwide\"><figure class=\"wp-block-media-text__media\"><img loading=\"lazy\" decoding=\"async\" width=\"512\" height=\"512\" src=\"https:\/\/buechertanz.de\/wp-content\/uploads\/2023\/03\/Die-Samenhaendlerin-Saga_komp.jpg\" alt=\"\" class=\"wp-image-4754 size-full\" srcset=\"https:\/\/buechertanz.de\/wp-content\/uploads\/2023\/03\/Die-Samenhaendlerin-Saga_komp.jpg 512w, https:\/\/buechertanz.de\/wp-content\/uploads\/2023\/03\/Die-Samenhaendlerin-Saga_komp-300x300.jpg 300w, https:\/\/buechertanz.de\/wp-content\/uploads\/2023\/03\/Die-Samenhaendlerin-Saga_komp-150x150.jpg 150w\" sizes=\"auto, (max-width: 512px) 100vw, 512px\" \/><\/figure><div class=\"wp-block-media-text__content\">\n<ul class=\"has-small-font-size wp-block-list\">\n<li><strong>Die Samenh\u00e4ndlerin-Saga:<\/strong><br><br>&#8211; <em>&#8222;Die Samenh\u00e4ndlerin&#8220; <\/em>&#8211; 2005<br>&#8211; <em>&#8222;Das Blumenorakel&#8220;<\/em> bzw. <em>&#8222;Floras Traum&#8220;<\/em> &#8211; 2008<\/li>\n<\/ul>\n<\/div><\/div>\n\n\n\n<p>_<\/p>\n\n\n\n<div class=\"wp-block-media-text alignwide\"><figure class=\"wp-block-media-text__media\"><img loading=\"lazy\" decoding=\"async\" width=\"512\" height=\"511\" src=\"https:\/\/buechertanz.de\/wp-content\/uploads\/2023\/03\/Die-Zarentochter-Saga_komp.jpg\" alt=\"\" class=\"wp-image-4755 size-full\" srcset=\"https:\/\/buechertanz.de\/wp-content\/uploads\/2023\/03\/Die-Zarentochter-Saga_komp.jpg 512w, https:\/\/buechertanz.de\/wp-content\/uploads\/2023\/03\/Die-Zarentochter-Saga_komp-300x300.jpg 300w, https:\/\/buechertanz.de\/wp-content\/uploads\/2023\/03\/Die-Zarentochter-Saga_komp-150x150.jpg 150w\" sizes=\"auto, (max-width: 512px) 100vw, 512px\" \/><\/figure><div class=\"wp-block-media-text__content\">\n<ul class=\"has-small-font-size wp-block-list\">\n<li><strong>Die Zarentochter-Saga:<\/strong><br><br>&#8211; <em>&#8222;Die Zuckerb\u00e4ckerin&#8220; &#8211; <\/em>1999<br>&#8211; <em>&#8222;Die Zarentochter&#8220; <\/em>&#8211; 2009<br>&#8211; <em>&#8222;Die russische Herzogin&#8220; <\/em>&#8211; 2010<\/li>\n<\/ul>\n<\/div><\/div>\n\n\n\n<p>_<\/p>\n\n\n\n<div class=\"wp-block-media-text alignwide\"><figure class=\"wp-block-media-text__media\"><img loading=\"lazy\" decoding=\"async\" width=\"512\" height=\"511\" src=\"https:\/\/buechertanz.de\/wp-content\/uploads\/2023\/03\/Die-Jahrhundertwind-Saga_komp.jpg\" alt=\"\" class=\"wp-image-4756 size-full\" srcset=\"https:\/\/buechertanz.de\/wp-content\/uploads\/2023\/03\/Die-Jahrhundertwind-Saga_komp.jpg 512w, https:\/\/buechertanz.de\/wp-content\/uploads\/2023\/03\/Die-Jahrhundertwind-Saga_komp-300x300.jpg 300w, https:\/\/buechertanz.de\/wp-content\/uploads\/2023\/03\/Die-Jahrhundertwind-Saga_komp-150x150.jpg 150w\" sizes=\"auto, (max-width: 512px) 100vw, 512px\" \/><\/figure><div class=\"wp-block-media-text__content\">\n<ul class=\"has-small-font-size wp-block-list\">\n<li><strong>Die Jahrhundertwind-Trilogie:<\/strong><br><br>&#8211; <em>&#8222;Solang die Welt noch schl\u00e4ft&#8220; <\/em>&#8211; 2012<br>&#8211; <em>&#8222;Die Champagnerk\u00f6nigin&#8220; &#8211; <\/em>2013<br>&#8211; <em>&#8222;Bella Clara&#8220; <\/em>&#8211; 2015<\/li>\n<\/ul>\n<\/div><\/div>\n\n\n\n<p>_<\/p>\n\n\n\n<div class=\"wp-block-media-text alignwide\"><figure class=\"wp-block-media-text__media\"><img loading=\"lazy\" decoding=\"async\" width=\"512\" height=\"511\" src=\"https:\/\/buechertanz.de\/wp-content\/uploads\/2023\/03\/Die-Maierhofen-Reihe_komp.jpg\" alt=\"\" class=\"wp-image-4757 size-full\" srcset=\"https:\/\/buechertanz.de\/wp-content\/uploads\/2023\/03\/Die-Maierhofen-Reihe_komp.jpg 512w, https:\/\/buechertanz.de\/wp-content\/uploads\/2023\/03\/Die-Maierhofen-Reihe_komp-300x300.jpg 300w, https:\/\/buechertanz.de\/wp-content\/uploads\/2023\/03\/Die-Maierhofen-Reihe_komp-150x150.jpg 150w\" sizes=\"auto, (max-width: 512px) 100vw, 512px\" \/><\/figure><div class=\"wp-block-media-text__content\">\n<ul class=\"has-small-font-size wp-block-list\">\n<li><strong>Die Maierhofen-Reihe:<\/strong><br><br>&#8211; <em>&#8222;Kr\u00e4uter der Provinz&#8220; <\/em>&#8211; 2015<br>&#8211; <em>&#8222;Das Weihnachtsdorf&#8220; <\/em>&#8211; 2016<br>&#8211; <em>&#8222;Die Bl\u00fctensammlerin&#8220; <\/em>&#8211; 2016<br>&#8211; <em>&#8222;Sp\u00e4tsommerliebe&#8220; <\/em>&#8211; 2018<\/li>\n<\/ul>\n<\/div><\/div>\n\n\n\n<p>_<\/p>\n\n\n\n<div class=\"wp-block-media-text alignwide\"><figure class=\"wp-block-media-text__media\"><img loading=\"lazy\" decoding=\"async\" width=\"512\" height=\"512\" src=\"https:\/\/buechertanz.de\/wp-content\/uploads\/2023\/03\/Die-Fotografinnen-Saga_komp.jpg\" alt=\"\" class=\"wp-image-4758 size-full\" srcset=\"https:\/\/buechertanz.de\/wp-content\/uploads\/2023\/03\/Die-Fotografinnen-Saga_komp.jpg 512w, https:\/\/buechertanz.de\/wp-content\/uploads\/2023\/03\/Die-Fotografinnen-Saga_komp-300x300.jpg 300w, https:\/\/buechertanz.de\/wp-content\/uploads\/2023\/03\/Die-Fotografinnen-Saga_komp-150x150.jpg 150w\" sizes=\"auto, (max-width: 512px) 100vw, 512px\" \/><\/figure><div class=\"wp-block-media-text__content\">\n<ul class=\"has-small-font-size wp-block-list\">\n<li><strong>Die Fotografinnen-Saga:<\/strong><br><br>&#8211; <em>&#8222;Die Fotografin &#8211; Am Anfang des Weges&#8220; <\/em>&#8211; 2018<br>&#8211; <em>&#8222;Die Fotografin &#8211; Die Zeit der Entscheidung&#8220; <\/em>&#8211; 2019<br>&#8211; <em>&#8222;Die Fotografin &#8211; Die Welt von morgen&#8220; <\/em>&#8211; 2020<br>&#8211; <em>&#8222;Die Fotografin &#8211; Die Stunde der Sehnsucht&#8220; <\/em>&#8211; 2020<br>&#8211; <em>&#8222;Die Fotografin &#8211; Das Ende der Stille&#8220; <\/em>&#8211; 2021<\/li>\n<\/ul>\n<\/div><\/div>\n\n\n\n<p>_<\/p>\n\n\n\n<div class=\"wp-block-media-text alignwide\"><figure class=\"wp-block-media-text__media\"><img loading=\"lazy\" decoding=\"async\" width=\"512\" height=\"511\" src=\"https:\/\/buechertanz.de\/wp-content\/uploads\/2023\/03\/Die-Koechinnen-Saga_komp.jpg\" alt=\"\" class=\"wp-image-4759 size-full\" srcset=\"https:\/\/buechertanz.de\/wp-content\/uploads\/2023\/03\/Die-Koechinnen-Saga_komp.jpg 512w, https:\/\/buechertanz.de\/wp-content\/uploads\/2023\/03\/Die-Koechinnen-Saga_komp-300x300.jpg 300w, https:\/\/buechertanz.de\/wp-content\/uploads\/2023\/03\/Die-Koechinnen-Saga_komp-150x150.jpg 150w\" sizes=\"auto, (max-width: 512px) 100vw, 512px\" \/><\/figure><div class=\"wp-block-media-text__content\">\n<ul class=\"has-small-font-size wp-block-list\">\n<li><strong>Die K\u00f6chinnen Trilogie:<\/strong><br><br>&#8211; <em>&#8222;Die K\u00f6chin &#8211; Lebe deinen Traum&#8220;<\/em> bzw. <em>&#8222;Die K\u00f6chin &#8211; Gro\u00dfe Tr\u00e4ume, kleine Siege&#8220;<\/em> &#8211; 2022<br>&#8211; <em>&#8222;Die K\u00f6chin &#8211; Alte Hoffnung, neue Wege&#8220;<\/em> &#8211; 2023<\/li>\n<\/ul>\n<\/div><\/div>\n\n\n\n<p>_<\/p>\n\n\n<div class=\"wp-block-image is-style-rounded\">\n<figure class=\"aligncenter size-full is-resized\"><img loading=\"lazy\" decoding=\"async\" src=\"https:\/\/buechertanz.de\/wp-content\/uploads\/2023\/03\/Der-Turm_komp.jpg\" alt=\"\" class=\"wp-image-4760\" width=\"368\" height=\"367\" srcset=\"https:\/\/buechertanz.de\/wp-content\/uploads\/2023\/03\/Der-Turm_komp.jpg 512w, https:\/\/buechertanz.de\/wp-content\/uploads\/2023\/03\/Der-Turm_komp-300x300.jpg 300w, https:\/\/buechertanz.de\/wp-content\/uploads\/2023\/03\/Der-Turm_komp-150x150.jpg 150w\" sizes=\"auto, (max-width: 368px) 100vw, 368px\" \/><figcaption class=\"wp-element-caption\"><em>Ein sehr imposanter Turm <\/em><\/figcaption><\/figure><\/div>\n\n\n<ul class=\"has-small-font-size wp-block-list\">\n<li><a href=\"https:\/\/buechertanz.de\/?page_id=4598\" target=\"_blank\" rel=\"noreferrer noopener\">Hier<\/a>&nbsp;findet ihr eine kurze Biographie der Autorin<\/li>\n\n\n\n<li><a rel=\"noreferrer noopener\" href=\"https:\/\/buechertanz.de\/?page_id=4599\" target=\"_blank\">Hier<\/a>&nbsp;findet ihr ein exklusives Interview<\/li>\n<\/ul>\n\n\n\n<p class=\"has-small-font-size\">Alles Liebe, eure<\/p>\n\n\n\n<figure class=\"wp-block-image size-large is-resized\"><img loading=\"lazy\" decoding=\"async\" src=\"https:\/\/buechertanz.de\/wp-content\/uploads\/2022\/06\/Unterschrift-1024x404.jpg\" alt=\"\" class=\"wp-image-3355\" width=\"219\" height=\"86\" srcset=\"https:\/\/buechertanz.de\/wp-content\/uploads\/2022\/06\/Unterschrift-1024x404.jpg 1024w, https:\/\/buechertanz.de\/wp-content\/uploads\/2022\/06\/Unterschrift-300x118.jpg 300w, https:\/\/buechertanz.de\/wp-content\/uploads\/2022\/06\/Unterschrift-768x303.jpg 768w, https:\/\/buechertanz.de\/wp-content\/uploads\/2022\/06\/Unterschrift.jpg 1500w\" sizes=\"auto, (max-width: 219px) 100vw, 219px\" \/><\/figure>\n\n\n<div class=\"wp-block-image is-style-rounded\">\n<figure class=\"aligncenter size-full is-resized\"><img loading=\"lazy\" decoding=\"async\" src=\"https:\/\/buechertanz.de\/wp-content\/uploads\/2019\/03\/cropped-Blume-1.png\" alt=\"\" class=\"wp-image-2847\" width=\"151\" height=\"151\" srcset=\"https:\/\/buechertanz.de\/wp-content\/uploads\/2019\/03\/cropped-Blume-1.png 248w, https:\/\/buechertanz.de\/wp-content\/uploads\/2019\/03\/cropped-Blume-1-150x150.png 150w\" sizes=\"auto, (max-width: 151px) 100vw, 151px\" \/><\/figure><\/div>","protected":false},"excerpt":{"rendered":"<p>Petra Durst-Benning hat insgesamt 27 Romane ver\u00f6ffentlicht. Dies sind 22 historische und f\u00fcnf zeitgen\u00f6ssische Romane. Hier findet ihr alle bisherigen B\u00fccher in der \u00dcbersicht und dem Erscheinungsjahr. Beachtet bitte, dass einige B\u00fccher mit unterschiedlichen Covern und Titeln erschienen sind. Ich habe euch meine jeweiligen Ausgaben fotografiert, welche sich bei mir im Regal befinden: _ _ &hellip; <a href=\"https:\/\/buechertanz.de\/?page_id=4737\" class=\"more-link\"><span class=\"screen-reader-text\">B\u00fccher<\/span> weiterlesen<\/a><\/p>\n","protected":false},"author":2,"featured_media":0,"parent":0,"menu_order":0,"comment_status":"open","ping_status":"closed","template":"","meta":{"footnotes":""},"class_list":["post-4737","page","type-page","status-publish","hentry"],"_links":{"self":[{"href":"https:\/\/buechertanz.de\/index.php?rest_route=\/wp\/v2\/pages\/4737","targetHints":{"allow":["GET"]}}],"collection":[{"href":"https:\/\/buechertanz.de\/index.php?rest_route=\/wp\/v2\/pages"}],"about":[{"href":"https:\/\/buechertanz.de\/index.php?rest_route=\/wp\/v2\/types\/page"}],"author":[{"embeddable":true,"href":"https:\/\/buechertanz.de\/index.php?rest_route=\/wp\/v2\/users\/2"}],"replies":[{"embeddable":true,"href":"https:\/\/buechertanz.de\/index.php?rest_route=%2Fwp%2Fv2%2Fcomments&post=4737"}],"version-history":[{"count":6,"href":"https:\/\/buechertanz.de\/index.php?rest_route=\/wp\/v2\/pages\/4737\/revisions"}],"predecessor-version":[{"id":5673,"href":"https:\/\/buechertanz.de\/index.php?rest_route=\/wp\/v2\/pages\/4737\/revisions\/5673"}],"wp:attachment":[{"href":"https:\/\/buechertanz.de\/index.php?rest_route=%2Fwp%2Fv2%2Fmedia&parent=4737"}],"curies":[{"name":"wp","href":"https:\/\/api.w.org\/{rel}","templated":true}]}}