{"id":4817,"date":"2023-03-30T15:18:32","date_gmt":"2023-03-30T14:18:32","guid":{"rendered":"https:\/\/buechertanz.de\/?page_id=4817"},"modified":"2023-12-16T10:01:38","modified_gmt":"2023-12-16T09:01:38","slug":"gelesen-maerz-2023","status":"publish","type":"page","link":"https:\/\/buechertanz.de\/?page_id=4817","title":{"rendered":"Gelesen M\u00e4rz 2023"},"content":{"rendered":"\n<p class=\"has-drop-cap has-small-font-size\">Hier findet ihr die B\u00fccher, die ich im&nbsp;<strong>M\u00e4rz 2023<\/strong>&nbsp;gelesen habe \u2013 insgesamt sind es&nbsp;<strong>sieben B\u00fccher<\/strong>&nbsp;mit&nbsp;<strong>3.184&nbsp;Seiten<\/strong>&nbsp;geworden.<br>Falls es auf meinem Blog schon eine Rezension gibt, findet ihr diese, wenn ihr auf den Buchtitel klickt. Viel Spa\u00df beim Schm\u00f6kern.<\/p>\n\n\n<div class=\"wp-block-image is-resized\">\n<figure class=\"aligncenter size-large\"><img loading=\"lazy\" decoding=\"async\" width=\"1024\" height=\"1024\" src=\"https:\/\/buechertanz.de\/wp-content\/uploads\/2023\/03\/03-Maerz_komp-1024x1024.jpg\" alt=\"\" class=\"wp-image-4834\" srcset=\"https:\/\/buechertanz.de\/wp-content\/uploads\/2023\/03\/03-Maerz_komp-1024x1024.jpg 1024w, https:\/\/buechertanz.de\/wp-content\/uploads\/2023\/03\/03-Maerz_komp-300x300.jpg 300w, https:\/\/buechertanz.de\/wp-content\/uploads\/2023\/03\/03-Maerz_komp-150x150.jpg 150w, https:\/\/buechertanz.de\/wp-content\/uploads\/2023\/03\/03-Maerz_komp-768x768.jpg 768w, https:\/\/buechertanz.de\/wp-content\/uploads\/2023\/03\/03-Maerz_komp-1536x1536.jpg 1536w, https:\/\/buechertanz.de\/wp-content\/uploads\/2023\/03\/03-Maerz_komp-2048x2048.jpg 2048w\" sizes=\"auto, (max-width: 1024px) 100vw, 1024px\" \/><figcaption class=\"wp-element-caption\"><em>Mein Lesemonat M\u00e4rz 2023: Sieben B\u00fccher mit insgesamt 3.184 Seiten<\/em><\/figcaption><\/figure><\/div>\n\n\n<p>_<\/p>\n\n\n\n<div class=\"wp-block-media-text alignwide\" style=\"grid-template-columns:22% auto\"><figure class=\"wp-block-media-text__media\"><img loading=\"lazy\" decoding=\"async\" width=\"679\" height=\"1024\" src=\"https:\/\/buechertanz.de\/wp-content\/uploads\/2023\/03\/13-Reporterin-fuer-eine-bessere-Welt-679x1024.jpeg\" alt=\"\" class=\"wp-image-4592 size-full\" srcset=\"https:\/\/buechertanz.de\/wp-content\/uploads\/2023\/03\/13-Reporterin-fuer-eine-bessere-Welt-679x1024.jpeg 679w, https:\/\/buechertanz.de\/wp-content\/uploads\/2023\/03\/13-Reporterin-fuer-eine-bessere-Welt-199x300.jpeg 199w, https:\/\/buechertanz.de\/wp-content\/uploads\/2023\/03\/13-Reporterin-fuer-eine-bessere-Welt-768x1158.jpeg 768w, https:\/\/buechertanz.de\/wp-content\/uploads\/2023\/03\/13-Reporterin-fuer-eine-bessere-Welt.jpeg 796w\" sizes=\"auto, (max-width: 679px) 100vw, 679px\" \/><\/figure><div class=\"wp-block-media-text__content\">\n<ul class=\"wp-block-list\">\n<li class=\"has-small-font-size\">Wie auch schon der Februar 2023 begann auch der Monat M\u00e4rz mit der wunderbaren Nellie Bly: <strong>&#8222;Reporterin f\u00fcr eine bessere Welt&#8220;<\/strong> von Ulrike Fuchs, erschienen im Piper Verlag, war mein erstes Buch im M\u00e4rz. So viel Gutes hatte ich im Vorfeld von diesem Buch geh\u00f6rt und gelesen &#8211; und ich wurde nicht entt\u00e4uscht. Ein sehr ber\u00fchrendes Buch.<\/li>\n<\/ul>\n<\/div><\/div>\n\n\n\n<p>_<\/p>\n\n\n\n<div class=\"wp-block-media-text alignwide has-media-on-the-right\" style=\"grid-template-columns:auto 22%\"><div class=\"wp-block-media-text__content\">\n<ul class=\"wp-block-list\">\n<li class=\"has-small-font-size\">Auch von <strong>&#8222;Die Bibliothek der Hoffnung&#8220;<\/strong> von Kate Thompson hatte ich schon so einiges Gutes geh\u00f6rt &#8211; und auch wurde ich auf keiner Seite entt\u00e4uscht. Bereits nach den ersten beiden Kapiteln wurde mir klar, dass ich da ein absolutes Highlight in den H\u00e4nden halte. Mitrei\u00dfend, bewegend, dramatisch, hoffnungsvoll, spannend, traurig, lehrreich und vor allem atmosph\u00e4risch. Die Autorin vermittelt den Zauber des Lesens und der B\u00fccher auf eine sehr eindrucksvolle und unvergessliche Art und Weise. Lasst euch diesen Buchschatz nicht entgehen. Top!<\/li>\n<\/ul>\n<\/div><figure class=\"wp-block-media-text__media\"><img loading=\"lazy\" decoding=\"async\" width=\"200\" height=\"311\" src=\"https:\/\/buechertanz.de\/wp-content\/uploads\/2023\/03\/14-Die-Bibliothek-der-Hoffnung.jpeg\" alt=\"\" class=\"wp-image-4594 size-full\" srcset=\"https:\/\/buechertanz.de\/wp-content\/uploads\/2023\/03\/14-Die-Bibliothek-der-Hoffnung.jpeg 200w, https:\/\/buechertanz.de\/wp-content\/uploads\/2023\/03\/14-Die-Bibliothek-der-Hoffnung-193x300.jpeg 193w\" sizes=\"auto, (max-width: 200px) 100vw, 200px\" \/><\/figure><\/div>\n\n\n\n<p>_<\/p>\n\n\n\n<div class=\"wp-block-media-text alignwide\" style=\"grid-template-columns:22% auto\"><figure class=\"wp-block-media-text__media\"><img loading=\"lazy\" decoding=\"async\" width=\"416\" height=\"648\" src=\"https:\/\/buechertanz.de\/wp-content\/uploads\/2023\/03\/Die-russische-Herzogin_Neuausgabe.jpg\" alt=\"\" class=\"wp-image-4664 size-full\" srcset=\"https:\/\/buechertanz.de\/wp-content\/uploads\/2023\/03\/Die-russische-Herzogin_Neuausgabe.jpg 416w, https:\/\/buechertanz.de\/wp-content\/uploads\/2023\/03\/Die-russische-Herzogin_Neuausgabe-193x300.jpg 193w\" sizes=\"auto, (max-width: 416px) 100vw, 416px\" \/><\/figure><div class=\"wp-block-media-text__content\">\n<ul class=\"wp-block-list\">\n<li class=\"has-small-font-size\">Im Zuge meines Amtes als offizielle Buchbotschafterin f\u00fcr die Autorin Petra Durst-Benning habe ich das Buch <strong>&#8222;Die russische Herzogin&#8220; <\/strong>noch einmal gelesen. Und ich bin noch genau so begeistert, wie vor 12 Jahren, als ich dieses Meisterwerk zum ersten Mal lesen durfte. Top!<\/li>\n<\/ul>\n<\/div><\/div>\n\n\n\n<p>_<\/p>\n\n\n\n<div class=\"wp-block-media-text alignwide has-media-on-the-right\" style=\"grid-template-columns:auto 22%\"><div class=\"wp-block-media-text__content\">\n<ul class=\"wp-block-list\">\n<li class=\"has-small-font-size\">Mit<strong><a href=\"https:\/\/buechertanz.de\/?p=4727\" target=\"_blank\" rel=\"noreferrer noopener\"> &#8222;Die Reporterin &#8211; Zwischen den Zeilen&#8220;<\/a><\/strong> von Teresa Simon folgte das erste Rezensionsexemplar f\u00fcr diesen Monat. Lange haben wir auf neuen Lesestoff dieser Ausnahme-Autorin gewartet &#8230; und das Warten hat sich gelohnt. Ein sehr stimmungsvoller Roman \u00fcber Tr\u00e4ume, Freundschaft und Liebe, welcher mich ab der ersten Seite gepackt hat und mich direkt mit in die Vergangenheit genommen hat.<\/li>\n<\/ul>\n<\/div><figure class=\"wp-block-media-text__media\"><img loading=\"lazy\" decoding=\"async\" width=\"350\" height=\"550\" src=\"https:\/\/buechertanz.de\/wp-content\/uploads\/2023\/03\/16-Die-Reporterin-Zwischen-den-Zeilen.jpg\" alt=\"\" class=\"wp-image-4728 size-full\" srcset=\"https:\/\/buechertanz.de\/wp-content\/uploads\/2023\/03\/16-Die-Reporterin-Zwischen-den-Zeilen.jpg 350w, https:\/\/buechertanz.de\/wp-content\/uploads\/2023\/03\/16-Die-Reporterin-Zwischen-den-Zeilen-191x300.jpg 191w\" sizes=\"auto, (max-width: 350px) 100vw, 350px\" \/><\/figure><\/div>\n\n\n\n<p>_<\/p>\n\n\n\n<div class=\"wp-block-media-text alignwide\" style=\"grid-template-columns:22% auto\"><figure class=\"wp-block-media-text__media\"><img loading=\"lazy\" decoding=\"async\" width=\"321\" height=\"500\" src=\"https:\/\/buechertanz.de\/wp-content\/uploads\/2023\/03\/17-Das-Haus-der-Perlen-Schimmern-der-Hoffnung.jpg\" alt=\"\" class=\"wp-image-4768 size-full\" srcset=\"https:\/\/buechertanz.de\/wp-content\/uploads\/2023\/03\/17-Das-Haus-der-Perlen-Schimmern-der-Hoffnung.jpg 321w, https:\/\/buechertanz.de\/wp-content\/uploads\/2023\/03\/17-Das-Haus-der-Perlen-Schimmern-der-Hoffnung-193x300.jpg 193w\" sizes=\"auto, (max-width: 321px) 100vw, 321px\" \/><\/figure><div class=\"wp-block-media-text__content\">\n<ul class=\"wp-block-list\">\n<li class=\"has-small-font-size\">Auf das Buch <strong>&#8222;Das Haus der Perlen &#8211; Schimmern der Hoffnung&#8220;<\/strong> von Charlotte Jacobi war ich auch schon sehr gespannt. Ich liebe diese Reihe jetzt schon so sehr.  Ein wundersch\u00f6nes Lesevergn\u00fcgen, ein Buch zum drin versinken &#8211; absolute Leseempfehlung.<\/li>\n<\/ul>\n<\/div><\/div>\n\n\n\n<p>_<\/p>\n\n\n\n<div class=\"wp-block-media-text alignwide has-media-on-the-right\" style=\"grid-template-columns:auto 22%\"><div class=\"wp-block-media-text__content\">\n<ul class=\"wp-block-list\">\n<li class=\"has-small-font-size\">Es folgte das Buch<strong> &#8222;Das Kaufhaus &#8211; Zeit der Sehnsucht&#8220;<\/strong> von Susanne von Berg. Ein absoluter Spontankauf, welcher sich aber doch als kleines Sch\u00e4tzchen entpuppte. Es ist eine leichte Lekt\u00fcre mit ganz wundervollen Charakteren. Auch wenn der gesellschaftliche Teil etwas vernachl\u00e4ssigt wird, konnte mich die Geschichte um Flora und ihren Verlobten und wie die Beiden sich ihren Lebenstraum erf\u00fcllen, sehr gut unterhalten.<br>Ein gr\u00f6\u00dferer Kritikpunkt ist allerdings, dass es kein Personenregister und auch kein historisches Nachwort gibt. Meiner Meinung nach, ist das ein Muss in historischen Romanen, da ich gerne erfahre, was und wer auf Fakten beruht. Schade! Das mindert meinen eigentlich guten Gesamteindruck.<\/li>\n<\/ul>\n<\/div><figure class=\"wp-block-media-text__media\"><img loading=\"lazy\" decoding=\"async\" width=\"392\" height=\"600\" src=\"https:\/\/buechertanz.de\/wp-content\/uploads\/2023\/03\/18-Das-Kaufhaus-Zeit-der-Sehnsucht.jpeg\" alt=\"\" class=\"wp-image-4800 size-full\" srcset=\"https:\/\/buechertanz.de\/wp-content\/uploads\/2023\/03\/18-Das-Kaufhaus-Zeit-der-Sehnsucht.jpeg 392w, https:\/\/buechertanz.de\/wp-content\/uploads\/2023\/03\/18-Das-Kaufhaus-Zeit-der-Sehnsucht-196x300.jpeg 196w\" sizes=\"auto, (max-width: 392px) 100vw, 392px\" \/><\/figure><\/div>\n\n\n\n<p>_<\/p>\n\n\n\n<div class=\"wp-block-media-text alignwide\" style=\"grid-template-columns:22% auto\"><figure class=\"wp-block-media-text__media\"><img loading=\"lazy\" decoding=\"async\" width=\"320\" height=\"510\" src=\"https:\/\/buechertanz.de\/wp-content\/uploads\/2023\/03\/19-Glueckstoechter-Einfach-leben.jpg\" alt=\"\" class=\"wp-image-4801 size-full\" srcset=\"https:\/\/buechertanz.de\/wp-content\/uploads\/2023\/03\/19-Glueckstoechter-Einfach-leben.jpg 320w, https:\/\/buechertanz.de\/wp-content\/uploads\/2023\/03\/19-Glueckstoechter-Einfach-leben-188x300.jpg 188w\" sizes=\"auto, (max-width: 320px) 100vw, 320px\" \/><\/figure><div class=\"wp-block-media-text__content\">\n<ul class=\"wp-block-list\">\n<li class=\"has-small-font-size\">Das letzte Buch im Lesemonat M\u00e4rz war <strong><a href=\"https:\/\/buechertanz.de\/?p=4808\">&#8222;Gl\u00fcckst\u00f6chter &#8211; Einfach leben&#8220;<\/a><\/strong> von Stephanie Schuster. Es ist ein sehr stimmungsvoller Reihen-Auftakt und ich habe das Buch immer wieder gerne in die Hand genommen \u2013 auch wenn ich zu Beginn etwas Probleme hatte, mich richtig in die Geschichte einzufinden und vor allem in die vielf\u00e4ltigen Charaktere einzuf\u00fchlen. Ich bin sehr gespannt, wie sich die Verbindung der beiden Hauptfiguren in den weiteren B\u00e4nden weiterentwickeln wird und freue mich schon so auf den zweiten Band, welcher im Fr\u00fchjahr 2024 erscheinen soll. Ein sehr empfehlenswertes Buch, welches mich bestens unterhalten hat.<\/li>\n<\/ul>\n<\/div><\/div>\n\n\n\n<p>_<\/p>\n\n\n\n<p class=\"has-small-font-size\">So, das war mein Lesemonat M\u00e4rz 2023 mit dem ich sehr zufrieden bin. Ich bedanke mich ganz herzlich beim Heyne-Verlag und bei den S. Fischer Verlagen f\u00fcr die Zusendung und Bereitstellung der Rezensionsexemplare. Und herzlichen Dank an alle Autorinnen und Autoren f\u00fcr eure tollen B\u00fccher und Geschichten, welche mir wundervolle Lesestunden geschenkt und meinen Horizont erweitert haben.<br><br><br>Liebste Gr\u00fc\u00dfe, eure<\/p>\n\n\n\n<figure class=\"wp-block-image size-large is-resized\"><img loading=\"lazy\" decoding=\"async\" width=\"1024\" height=\"404\" src=\"https:\/\/buechertanz.de\/wp-content\/uploads\/2022\/06\/Unterschrift-1024x404.jpg\" alt=\"\" class=\"wp-image-3355\" style=\"width:225px;height:89px\" srcset=\"https:\/\/buechertanz.de\/wp-content\/uploads\/2022\/06\/Unterschrift-1024x404.jpg 1024w, https:\/\/buechertanz.de\/wp-content\/uploads\/2022\/06\/Unterschrift-300x118.jpg 300w, https:\/\/buechertanz.de\/wp-content\/uploads\/2022\/06\/Unterschrift-768x303.jpg 768w, https:\/\/buechertanz.de\/wp-content\/uploads\/2022\/06\/Unterschrift.jpg 1500w\" sizes=\"auto, (max-width: 1024px) 100vw, 1024px\" \/><\/figure>\n","protected":false},"excerpt":{"rendered":"<p>Hier findet ihr die B\u00fccher, die ich im&nbsp;M\u00e4rz 2023&nbsp;gelesen habe \u2013 insgesamt sind es&nbsp;sieben B\u00fccher&nbsp;mit&nbsp;3.184&nbsp;Seiten&nbsp;geworden.Falls es auf meinem Blog schon eine Rezension gibt, findet ihr diese, wenn ihr auf den Buchtitel klickt. Viel Spa\u00df beim Schm\u00f6kern. _ _ _ _ _ _ _ _ So, das war mein Lesemonat M\u00e4rz 2023 mit dem ich sehr &hellip; <a href=\"https:\/\/buechertanz.de\/?page_id=4817\" class=\"more-link\"><span class=\"screen-reader-text\">Gelesen M\u00e4rz 2023<\/span> weiterlesen<\/a><\/p>\n","protected":false},"author":2,"featured_media":0,"parent":0,"menu_order":0,"comment_status":"open","ping_status":"closed","template":"","meta":{"footnotes":""},"class_list":["post-4817","page","type-page","status-publish","hentry"],"_links":{"self":[{"href":"https:\/\/buechertanz.de\/index.php?rest_route=\/wp\/v2\/pages\/4817","targetHints":{"allow":["GET"]}}],"collection":[{"href":"https:\/\/buechertanz.de\/index.php?rest_route=\/wp\/v2\/pages"}],"about":[{"href":"https:\/\/buechertanz.de\/index.php?rest_route=\/wp\/v2\/types\/page"}],"author":[{"embeddable":true,"href":"https:\/\/buechertanz.de\/index.php?rest_route=\/wp\/v2\/users\/2"}],"replies":[{"embeddable":true,"href":"https:\/\/buechertanz.de\/index.php?rest_route=%2Fwp%2Fv2%2Fcomments&post=4817"}],"version-history":[{"count":8,"href":"https:\/\/buechertanz.de\/index.php?rest_route=\/wp\/v2\/pages\/4817\/revisions"}],"predecessor-version":[{"id":6542,"href":"https:\/\/buechertanz.de\/index.php?rest_route=\/wp\/v2\/pages\/4817\/revisions\/6542"}],"wp:attachment":[{"href":"https:\/\/buechertanz.de\/index.php?rest_route=%2Fwp%2Fv2%2Fmedia&parent=4817"}],"curies":[{"name":"wp","href":"https:\/\/api.w.org\/{rel}","templated":true}]}}