{"id":4818,"date":"2023-03-30T15:18:32","date_gmt":"2023-03-30T14:18:32","guid":{"rendered":"https:\/\/buechertanz.de\/?page_id=4818"},"modified":"2023-04-05T11:32:53","modified_gmt":"2023-04-05T10:32:53","slug":"neuzugaenge-maerz-2023","status":"publish","type":"page","link":"https:\/\/buechertanz.de\/?page_id=4818","title":{"rendered":"Neuzug\u00e4nge M\u00e4rz 2023"},"content":{"rendered":"\n<p class=\"has-small-font-size\">Im M\u00e4rz 2023&nbsp;sind insgesamt&nbsp;<strong>zw\u00f6lf  B\u00fccher<\/strong>&nbsp;hier eingezogen:<br>Sechs neue B\u00fccher, drei Rezensionsexemplare, ein Geschenk und zwei B\u00fccher dem \u00f6ffentlichen B\u00fccherschrank.<br>Falls es eine Rezension auf meinem Blog gibt, gelangt ihr mit einem Klick auf den Titel direkt bei der Rezension.<\/p>\n\n\n<div class=\"wp-block-image\">\n<figure class=\"aligncenter size-large is-resized\"><img loading=\"lazy\" decoding=\"async\" src=\"https:\/\/buechertanz.de\/wp-content\/uploads\/2023\/03\/03-Maerz_komp-1-1024x1024.jpg\" alt=\"\" class=\"wp-image-4838\" width=\"499\" height=\"499\" srcset=\"https:\/\/buechertanz.de\/wp-content\/uploads\/2023\/03\/03-Maerz_komp-1-1024x1024.jpg 1024w, https:\/\/buechertanz.de\/wp-content\/uploads\/2023\/03\/03-Maerz_komp-1-300x300.jpg 300w, https:\/\/buechertanz.de\/wp-content\/uploads\/2023\/03\/03-Maerz_komp-1-150x150.jpg 150w, https:\/\/buechertanz.de\/wp-content\/uploads\/2023\/03\/03-Maerz_komp-1-768x768.jpg 768w, https:\/\/buechertanz.de\/wp-content\/uploads\/2023\/03\/03-Maerz_komp-1-1536x1536.jpg 1536w, https:\/\/buechertanz.de\/wp-content\/uploads\/2023\/03\/03-Maerz_komp-1-2048x2048.jpg 2048w\" sizes=\"auto, (max-width: 499px) 100vw, 499px\" \/><figcaption><em>Meine neuen Seitlinge vom M\u00e4rz 2023<\/em><\/figcaption><\/figure><\/div>\n\n\n<p>_<\/p>\n\n\n\n<p class=\"has-drop-cap has-small-font-size\"><strong>Neue B\u00fccher:<\/strong><\/p>\n\n\n\n<p><\/p>\n\n\n\n<ul class=\"has-small-font-size wp-block-list\"><li>Juliane Stadler: <em>&#8222;Krone des Himmels&#8220;<\/em><\/li><li>Hanna Caspian: <em>&#8222;Schloss Liebenberg &#8211; Hinter dem falschen Glanz&#8220;<\/em><\/li><li>Kate Thompson: <em>&#8222;Die Bibliothek der Hoffnung&#8220;<\/em><\/li><li>Susanne von Berg: <em>&#8222;Das Kaufhaus &#8211; Zeit der Sehnsucht&#8220;<\/em><\/li><li>Ulrike Renk:<em> &#8222;Eine Familie in Berlin &#8211; Fine und die Zeit der Ver\u00e4nderung&#8220;<\/em><\/li><li>Noah Martin:<em> &#8222;Florentia &#8211; Im Glanz der Medici&#8220;<\/em><\/li><\/ul>\n\n\n\n<p class=\"has-drop-cap has-small-font-size\"><strong>Rezensionsexemplare:<\/strong><\/p>\n\n\n\n<p><\/p>\n\n\n\n<ul class=\"has-small-font-size wp-block-list\"><li>Teresa Simon:<em> <a rel=\"noreferrer noopener\" href=\"https:\/\/buechertanz.de\/?p=4727\" target=\"_blank\">&#8222;Die Reporterin &#8211; Zwischen den Zeilen&#8220;<\/a><\/em><\/li><li>Stephanie Schuster: <em><a rel=\"noreferrer noopener\" href=\"https:\/\/buechertanz.de\/?p=4808\" target=\"_blank\">&#8222;Gl\u00fcckst\u00f6chter &#8211; Einfach leben&#8220;<\/a><\/em><\/li><li>Caren Benedikt: <em><a href=\"https:\/\/buechertanz.de\/?p=4861\" target=\"_blank\" rel=\"noreferrer noopener\">&#8222;Club Paradies &#8211; Im Glanz der Macht&#8220;<\/a><\/em><\/li><\/ul>\n\n\n\n<p class=\"has-drop-cap has-small-font-size\"><strong>Geschenk:<\/strong><\/p>\n\n\n\n<p><\/p>\n\n\n\n<ul class=\"has-small-font-size wp-block-list\"><li>Petra Durst-Benning: <em>&#8222;Die russische Herzogin&#8220;<\/em><\/li><\/ul>\n\n\n\n<p class=\"has-drop-cap has-small-font-size\"><strong>\u00d6ffentlicher B\u00fccherschrank:<\/strong><\/p>\n\n\n\n<p><\/p>\n\n\n\n<ul class=\"has-small-font-size wp-block-list\"><li>Anna Hope: <em>&#8222;F\u00fcnf Tage im November&#8220;<\/em><\/li><li>Katherine Webb: <em>&#8222;Besuch aus ferner Zeit&#8220;<\/em><\/li><\/ul>\n\n\n\n<p>_<\/p>\n\n\n\n<p class=\"has-small-font-size\">Einige dieser B\u00fccher sind bereits gelesen, auf die anderen darf ich mich noch freuen. Ich bedanke mich ganz herzlich beim Heyne Verlag, bei den S. Fischer Verlagen und beim Blanvalet Verlag f\u00fcr die Zusendung der B\u00fccher als Rezensionsexemplare. Bei Petra Durst-Benning bedanke ich mich ganz herzlich f\u00fcr das Exemplar von &#8222;Die russische Herzogin&#8220;. <br><br>Liebe Gr\u00fc\u00dfe, eure<\/p>\n\n\n\n<figure class=\"wp-block-image size-large is-resized\"><img loading=\"lazy\" decoding=\"async\" src=\"https:\/\/buechertanz.de\/wp-content\/uploads\/2022\/06\/Unterschrift-1024x404.jpg\" alt=\"\" class=\"wp-image-3355\" width=\"205\" height=\"81\" srcset=\"https:\/\/buechertanz.de\/wp-content\/uploads\/2022\/06\/Unterschrift-1024x404.jpg 1024w, https:\/\/buechertanz.de\/wp-content\/uploads\/2022\/06\/Unterschrift-300x118.jpg 300w, https:\/\/buechertanz.de\/wp-content\/uploads\/2022\/06\/Unterschrift-768x303.jpg 768w, https:\/\/buechertanz.de\/wp-content\/uploads\/2022\/06\/Unterschrift.jpg 1500w\" sizes=\"auto, (max-width: 205px) 100vw, 205px\" \/><\/figure>\n","protected":false},"excerpt":{"rendered":"<p>Im M\u00e4rz 2023&nbsp;sind insgesamt&nbsp;zw\u00f6lf B\u00fccher&nbsp;hier eingezogen:Sechs neue B\u00fccher, drei Rezensionsexemplare, ein Geschenk und zwei B\u00fccher dem \u00f6ffentlichen B\u00fccherschrank.Falls es eine Rezension auf meinem Blog gibt, gelangt ihr mit einem Klick auf den Titel direkt bei der Rezension. _ Neue B\u00fccher: Juliane Stadler: &#8222;Krone des Himmels&#8220; Hanna Caspian: &#8222;Schloss Liebenberg &#8211; Hinter dem falschen Glanz&#8220; Kate &hellip; <a href=\"https:\/\/buechertanz.de\/?page_id=4818\" class=\"more-link\"><span class=\"screen-reader-text\">Neuzug\u00e4nge M\u00e4rz 2023<\/span> weiterlesen<\/a><\/p>\n","protected":false},"author":2,"featured_media":0,"parent":0,"menu_order":0,"comment_status":"open","ping_status":"closed","template":"","meta":{"footnotes":""},"class_list":["post-4818","page","type-page","status-publish","hentry"],"_links":{"self":[{"href":"https:\/\/buechertanz.de\/index.php?rest_route=\/wp\/v2\/pages\/4818","targetHints":{"allow":["GET"]}}],"collection":[{"href":"https:\/\/buechertanz.de\/index.php?rest_route=\/wp\/v2\/pages"}],"about":[{"href":"https:\/\/buechertanz.de\/index.php?rest_route=\/wp\/v2\/types\/page"}],"author":[{"embeddable":true,"href":"https:\/\/buechertanz.de\/index.php?rest_route=\/wp\/v2\/users\/2"}],"replies":[{"embeddable":true,"href":"https:\/\/buechertanz.de\/index.php?rest_route=%2Fwp%2Fv2%2Fcomments&post=4818"}],"version-history":[{"count":5,"href":"https:\/\/buechertanz.de\/index.php?rest_route=\/wp\/v2\/pages\/4818\/revisions"}],"predecessor-version":[{"id":4869,"href":"https:\/\/buechertanz.de\/index.php?rest_route=\/wp\/v2\/pages\/4818\/revisions\/4869"}],"wp:attachment":[{"href":"https:\/\/buechertanz.de\/index.php?rest_route=%2Fwp%2Fv2%2Fmedia&parent=4818"}],"curies":[{"name":"wp","href":"https:\/\/api.w.org\/{rel}","templated":true}]}}