{"id":4885,"date":"2023-04-18T12:50:38","date_gmt":"2023-04-18T11:50:38","guid":{"rendered":"https:\/\/buechertanz.de\/?page_id=4885"},"modified":"2023-05-16T14:20:06","modified_gmt":"2023-05-16T13:20:06","slug":"gewinnspiel-april-2023","status":"publish","type":"page","link":"https:\/\/buechertanz.de\/?page_id=4885","title":{"rendered":"Gewinnspiel April 2023"},"content":{"rendered":"\n<p class=\"has-drop-cap has-small-font-size\">Diesen Monat verlose ich drei kleine Fan-Sets, bestehend aus einer Autogrammkarte, einen Lesezeichen und einen Aufkleber.<br>Ihr m\u00f6chtet ein Set gewinnen? Beantwortet mir gerne die Fragen in den Kommentaren und ihr springt in den Lostopf.<br><br><strong>Dieses Gewinnspiel ist bereits beendet!<\/strong><\/p>\n\n\n\n<div class=\"wp-block-media-text alignwide\"><figure class=\"wp-block-media-text__media\"><img loading=\"lazy\" decoding=\"async\" width=\"1024\" height=\"1007\" src=\"https:\/\/buechertanz.de\/wp-content\/uploads\/2023\/04\/02-Gewinnspiel-April_komp-1024x1007.jpg\" alt=\"\" class=\"wp-image-4892 size-full\" srcset=\"https:\/\/buechertanz.de\/wp-content\/uploads\/2023\/04\/02-Gewinnspiel-April_komp-1024x1007.jpg 1024w, https:\/\/buechertanz.de\/wp-content\/uploads\/2023\/04\/02-Gewinnspiel-April_komp-300x295.jpg 300w, https:\/\/buechertanz.de\/wp-content\/uploads\/2023\/04\/02-Gewinnspiel-April_komp-768x755.jpg 768w, https:\/\/buechertanz.de\/wp-content\/uploads\/2023\/04\/02-Gewinnspiel-April_komp-1536x1510.jpg 1536w, https:\/\/buechertanz.de\/wp-content\/uploads\/2023\/04\/02-Gewinnspiel-April_komp-2048x2014.jpg 2048w\" sizes=\"auto, (max-width: 1024px) 100vw, 1024px\" \/><\/figure><div class=\"wp-block-media-text__content\">\n<p class=\"has-background has-small-font-size\" style=\"background-color:#f4d83e\"><strong>Welches Buch von Petra Durst-Benning ist dein Lieblingsbuch? Und warum?<\/strong><\/p>\n<\/div><\/div>\n\n\n\n<p style=\"font-size:16px\"><strong>Regeln und Teilnahmebedingungen:<\/strong><\/p>\n\n\n\n<p class=\"has-small-font-size\">&#8211; <strong>Beginn des Gewinnspiels: <\/strong><br>~ Dienstag, 18. April 2023<br>&#8211; <strong>Ende des Gewinnspiels:<\/strong> <br>~ Sonntag, 23. April 2023, 22Uhr<br>&#8211; <strong>Auslosung: <\/strong><br>~ Montag, 24. April  2023<br><strong>&#8211; Weitere Teilnahmebedingungen: <\/strong><br>~ Pro Person nur ein Set.<br>~ Der Rechtsweg ist ausgeschlossen.<br>~ Du bist mindestens 18 Jahre alt.<strong><br><\/strong>~ Antworten bitte hier in die Kommentare.<br>~ Du kannst zus\u00e4tzlich auf Facebook und Instagram mitmachen &#8211; damit erh\u00f6ht sich deine Losanzahl und deine Gewinnchance.<br>~ Nach Ende des Gewinnspiels schreibe ich euch an und bitte um eure Adresse. Diese Adresse wird NICHT gespeichert und\/ oder f\u00fcr andere Zwecke genutzt. <br>~ Eine Auszahlung des Gewinns ist ausgeschlossen.<br>~ Mit der Teilnahme am Gewinnspiel und des senden deines Kommentares, erkl\u00e4rst du dich mit den Teilnahmebedingungen einverstanden und versicherst, dass du die<strong><a rel=\"noreferrer noopener\" href=\"https:\/\/buechertanz.de\/?page_id=44\" target=\"_blank\"> Datenschutzhinweise<\/a><\/strong> gelesen und verstanden hast und diese akzeptierst.<br>~ Es gibt kein Recht auf den Gewinn, es entscheidet allein das Los.<br>~ Reine Gewinnspiel-Accounts sind von der Teilnahme ausgeschlossen.<\/p>\n\n\n\n<p class=\"has-small-font-size\">Viel Spa\u00df, viel Gl\u00fcck und liebe Gr\u00fc\u00dfe, <\/p>\n\n\n\n<figure class=\"wp-block-image size-large is-resized\"><img loading=\"lazy\" decoding=\"async\" src=\"https:\/\/buechertanz.de\/wp-content\/uploads\/2022\/06\/Unterschrift-1024x404.jpg\" alt=\"\" class=\"wp-image-3355\" width=\"196\" height=\"77\" srcset=\"https:\/\/buechertanz.de\/wp-content\/uploads\/2022\/06\/Unterschrift-1024x404.jpg 1024w, https:\/\/buechertanz.de\/wp-content\/uploads\/2022\/06\/Unterschrift-300x118.jpg 300w, https:\/\/buechertanz.de\/wp-content\/uploads\/2022\/06\/Unterschrift-768x303.jpg 768w, https:\/\/buechertanz.de\/wp-content\/uploads\/2022\/06\/Unterschrift.jpg 1500w\" sizes=\"auto, (max-width: 196px) 100vw, 196px\" \/><\/figure>\n\n\n<div class=\"wp-block-image is-style-rounded\">\n<figure class=\"aligncenter size-full is-resized\"><img loading=\"lazy\" decoding=\"async\" src=\"https:\/\/buechertanz.de\/wp-content\/uploads\/2019\/03\/cropped-Blume-1.png\" alt=\"\" class=\"wp-image-2847\" width=\"124\" height=\"124\" srcset=\"https:\/\/buechertanz.de\/wp-content\/uploads\/2019\/03\/cropped-Blume-1.png 248w, https:\/\/buechertanz.de\/wp-content\/uploads\/2019\/03\/cropped-Blume-1-150x150.png 150w\" sizes=\"auto, (max-width: 124px) 100vw, 124px\" \/><\/figure><\/div>","protected":false},"excerpt":{"rendered":"<p>Diesen Monat verlose ich drei kleine Fan-Sets, bestehend aus einer Autogrammkarte, einen Lesezeichen und einen Aufkleber.Ihr m\u00f6chtet ein Set gewinnen? Beantwortet mir gerne die Fragen in den Kommentaren und ihr springt in den Lostopf. Dieses Gewinnspiel ist bereits beendet! Welches Buch von Petra Durst-Benning ist dein Lieblingsbuch? Und warum? Regeln und Teilnahmebedingungen: &#8211; Beginn des &hellip; <a href=\"https:\/\/buechertanz.de\/?page_id=4885\" class=\"more-link\"><span class=\"screen-reader-text\">Gewinnspiel April 2023<\/span> weiterlesen<\/a><\/p>\n","protected":false},"author":2,"featured_media":0,"parent":0,"menu_order":0,"comment_status":"open","ping_status":"closed","template":"","meta":{"footnotes":""},"class_list":["post-4885","page","type-page","status-publish","hentry"],"_links":{"self":[{"href":"https:\/\/buechertanz.de\/index.php?rest_route=\/wp\/v2\/pages\/4885","targetHints":{"allow":["GET"]}}],"collection":[{"href":"https:\/\/buechertanz.de\/index.php?rest_route=\/wp\/v2\/pages"}],"about":[{"href":"https:\/\/buechertanz.de\/index.php?rest_route=\/wp\/v2\/types\/page"}],"author":[{"embeddable":true,"href":"https:\/\/buechertanz.de\/index.php?rest_route=\/wp\/v2\/users\/2"}],"replies":[{"embeddable":true,"href":"https:\/\/buechertanz.de\/index.php?rest_route=%2Fwp%2Fv2%2Fcomments&post=4885"}],"version-history":[{"count":5,"href":"https:\/\/buechertanz.de\/index.php?rest_route=\/wp\/v2\/pages\/4885\/revisions"}],"predecessor-version":[{"id":5081,"href":"https:\/\/buechertanz.de\/index.php?rest_route=\/wp\/v2\/pages\/4885\/revisions\/5081"}],"wp:attachment":[{"href":"https:\/\/buechertanz.de\/index.php?rest_route=%2Fwp%2Fv2%2Fmedia&parent=4885"}],"curies":[{"name":"wp","href":"https:\/\/api.w.org\/{rel}","templated":true}]}}