{"id":4916,"date":"2023-04-29T12:34:05","date_gmt":"2023-04-29T11:34:05","guid":{"rendered":"https:\/\/buechertanz.de\/?page_id=4916"},"modified":"2023-12-16T10:01:12","modified_gmt":"2023-12-16T09:01:12","slug":"gelesen-april-2023","status":"publish","type":"page","link":"https:\/\/buechertanz.de\/?page_id=4916","title":{"rendered":"Gelesen April 2023"},"content":{"rendered":"\n<p class=\"has-drop-cap has-small-font-size\">Hier findet ihr die B\u00fccher, die ich im<strong> April 2023<\/strong>&nbsp;gelesen habe \u2013 insgesamt sind es&nbsp;<strong>neun B\u00fccher<\/strong>&nbsp;mit&nbsp;<strong>3.362&nbsp;Seiten<\/strong>&nbsp;geworden.<br>Falls es auf meinem Blog schon eine Rezension gibt, findet ihr diese, wenn ihr auf den Buchtitel klickt. Viel Spa\u00df beim Schm\u00f6kern.<\/p>\n\n\n<div class=\"wp-block-image is-resized\">\n<figure class=\"aligncenter size-large\"><img loading=\"lazy\" decoding=\"async\" width=\"1024\" height=\"1024\" src=\"https:\/\/buechertanz.de\/wp-content\/uploads\/2023\/04\/04-April_komp-1024x1024.jpg\" alt=\"\" class=\"wp-image-4940\" srcset=\"https:\/\/buechertanz.de\/wp-content\/uploads\/2023\/04\/04-April_komp-1024x1024.jpg 1024w, https:\/\/buechertanz.de\/wp-content\/uploads\/2023\/04\/04-April_komp-300x300.jpg 300w, https:\/\/buechertanz.de\/wp-content\/uploads\/2023\/04\/04-April_komp-150x150.jpg 150w, https:\/\/buechertanz.de\/wp-content\/uploads\/2023\/04\/04-April_komp-768x768.jpg 768w, https:\/\/buechertanz.de\/wp-content\/uploads\/2023\/04\/04-April_komp-1536x1536.jpg 1536w, https:\/\/buechertanz.de\/wp-content\/uploads\/2023\/04\/04-April_komp-2048x2048.jpg 2048w\" sizes=\"auto, (max-width: 1024px) 100vw, 1024px\" \/><figcaption class=\"wp-element-caption\"><em>Mein Lesemonat April 2023: Neun B\u00fccher mit insgesamt 3.362 Seiten<\/em><\/figcaption><\/figure><\/div>\n\n\n<p>_<\/p>\n\n\n\n<div class=\"wp-block-media-text alignwide\" style=\"grid-template-columns:22% auto\"><figure class=\"wp-block-media-text__media\"><img loading=\"lazy\" decoding=\"async\" width=\"350\" height=\"534\" src=\"https:\/\/buechertanz.de\/wp-content\/uploads\/2023\/04\/20-Club-Paradies-Im-Glanz-der-Macht-.jpg\" alt=\"\" class=\"wp-image-4855 size-full\" srcset=\"https:\/\/buechertanz.de\/wp-content\/uploads\/2023\/04\/20-Club-Paradies-Im-Glanz-der-Macht-.jpg 350w, https:\/\/buechertanz.de\/wp-content\/uploads\/2023\/04\/20-Club-Paradies-Im-Glanz-der-Macht--197x300.jpg 197w\" sizes=\"auto, (max-width: 350px) 100vw, 350px\" \/><\/figure><div class=\"wp-block-media-text__content\">\n<ul class=\"wp-block-list\">\n<li class=\"has-small-font-size\">Ich begann meinen Lesemonat April mit einem Rezensionsexemplar, welches bereits im M\u00e4rz hier eingezogen ist und auf das ich mich schon sehr freute: <strong><a href=\"https:\/\/buechertanz.de\/?p=4861\" target=\"_blank\" rel=\"noreferrer noopener\">&#8222;Club Paradies &#8211; Im Glanz der Macht&#8220;<\/a> <\/strong>von Caren Benedikt. Dies ist ein sehr spannender, fesselnder und unterhaltsamer Auftakt einer neuen Buchreihe. Mit facettenreichen Figuren und einer auf ein finales Ende zulaufenden Handlung konnte mich das Buch v\u00f6llig in seinen Bann ziehen und die \u00fcber 500 Buchseiten waren im Nu gelesen. Unbedingte Leseempfehlung! <\/li>\n<\/ul>\n<\/div><\/div>\n\n\n\n<p>_<\/p>\n\n\n\n<div class=\"wp-block-media-text alignwide has-media-on-the-right\" style=\"grid-template-columns:auto 22%\"><div class=\"wp-block-media-text__content\">\n<ul class=\"wp-block-list\">\n<li class=\"has-small-font-size\">Mit gro\u00dfer Freude und Dankbarkeit durfte ich das Buch <strong><a href=\"https:\/\/buechertanz.de\/?p=5055\" target=\"_blank\" rel=\"noreferrer noopener\">&#8222;Die Trostbriefschreiberin&#8220;<\/a><\/strong> von Michael Paul vorab als eBook lesen. Das Buch erscheint am 12. Mai 2023, deshalb darf ich euch noch nicht zu viel dar\u00fcber verraten &#8211; aber eines schon: Dieses Buch hat mich tief bewegt. Merkt es euch unbedingt vor. Ein ganz wichtiges Buch.<\/li>\n<\/ul>\n<\/div><figure class=\"wp-block-media-text__media\"><img loading=\"lazy\" decoding=\"async\" width=\"723\" height=\"1024\" src=\"https:\/\/buechertanz.de\/wp-content\/uploads\/2023\/04\/21-Die-Trostbriefschreiberin-723x1024.jpg\" alt=\"\" class=\"wp-image-4870 size-full\" srcset=\"https:\/\/buechertanz.de\/wp-content\/uploads\/2023\/04\/21-Die-Trostbriefschreiberin-723x1024.jpg 723w, https:\/\/buechertanz.de\/wp-content\/uploads\/2023\/04\/21-Die-Trostbriefschreiberin-212x300.jpg 212w, https:\/\/buechertanz.de\/wp-content\/uploads\/2023\/04\/21-Die-Trostbriefschreiberin-768x1087.jpg 768w, https:\/\/buechertanz.de\/wp-content\/uploads\/2023\/04\/21-Die-Trostbriefschreiberin.jpg 1080w\" sizes=\"auto, (max-width: 723px) 100vw, 723px\" \/><\/figure><\/div>\n\n\n\n<p>_<\/p>\n\n\n\n<div class=\"wp-block-media-text alignwide\" style=\"grid-template-columns:22% auto\"><figure class=\"wp-block-media-text__media\"><img loading=\"lazy\" decoding=\"async\" width=\"321\" height=\"500\" src=\"https:\/\/buechertanz.de\/wp-content\/uploads\/2023\/04\/22-Florentia-Im-Glanz-der-Medici.jpg\" alt=\"\" class=\"wp-image-4872 size-full\" srcset=\"https:\/\/buechertanz.de\/wp-content\/uploads\/2023\/04\/22-Florentia-Im-Glanz-der-Medici.jpg 321w, https:\/\/buechertanz.de\/wp-content\/uploads\/2023\/04\/22-Florentia-Im-Glanz-der-Medici-193x300.jpg 193w\" sizes=\"auto, (max-width: 321px) 100vw, 321px\" \/><\/figure><div class=\"wp-block-media-text__content\">\n<ul class=\"wp-block-list\">\n<li class=\"has-small-font-size\">Dank meiner lieben Freundin Lea vom Blog &#8222;Geschichte in Geschichten&#8220; bin ich zu diesem Buch gekommen: <strong>&#8222;Florentia &#8211; Im Glanz der Medici&#8220; <\/strong>von Noah Martin. Diese drei Worte beschreiben das Buch ganz gut: Spannend, mitrei\u00dfend und dramatisch. Teilweise zitterten meine H\u00e4nde vor Aufregung &#8211; auch wenn man ja wei\u00df, auf welches Ereignis alles hinausl\u00e4uft. Absolut lesenswert!<\/li>\n<\/ul>\n<\/div><\/div>\n\n\n\n<p>_<\/p>\n\n\n\n<div class=\"wp-block-media-text alignwide has-media-on-the-right\" style=\"grid-template-columns:auto 22%\"><div class=\"wp-block-media-text__content\">\n<ul class=\"wp-block-list\">\n<li class=\"has-small-font-size\">Mit <strong>&#8222;Die Falkenbach-Saga &#8211; Das Unrecht der V\u00e4ter&#8220;<\/strong> von Ellin Carsta begann meine Reise in einen Reihen-Universum, welches ich am liebsten gar nicht mehr verlassen m\u00f6chte. Dieser Auftakt konnte mich von vorne bis hinten \u00fcberzeugen und ich musste danach &#8230;<\/li>\n<\/ul>\n<\/div><figure class=\"wp-block-media-text__media\"><img loading=\"lazy\" decoding=\"async\" width=\"694\" height=\"1024\" src=\"https:\/\/buechertanz.de\/wp-content\/uploads\/2023\/04\/Die-Falkenbachsaga-Das-Unrecht-der-Vaeter-694x1024.jpg\" alt=\"\" class=\"wp-image-4873 size-full\" srcset=\"https:\/\/buechertanz.de\/wp-content\/uploads\/2023\/04\/Die-Falkenbachsaga-Das-Unrecht-der-Vaeter-694x1024.jpg 694w, https:\/\/buechertanz.de\/wp-content\/uploads\/2023\/04\/Die-Falkenbachsaga-Das-Unrecht-der-Vaeter-203x300.jpg 203w, https:\/\/buechertanz.de\/wp-content\/uploads\/2023\/04\/Die-Falkenbachsaga-Das-Unrecht-der-Vaeter-768x1134.jpg 768w, https:\/\/buechertanz.de\/wp-content\/uploads\/2023\/04\/Die-Falkenbachsaga-Das-Unrecht-der-Vaeter.jpg 1000w\" sizes=\"auto, (max-width: 694px) 100vw, 694px\" \/><\/figure><\/div>\n\n\n\n<p>_<\/p>\n\n\n\n<div class=\"wp-block-media-text alignwide\" style=\"grid-template-columns:22% auto\"><figure class=\"wp-block-media-text__media\"><img loading=\"lazy\" decoding=\"async\" width=\"339\" height=\"500\" src=\"https:\/\/buechertanz.de\/wp-content\/uploads\/2023\/04\/24-Die-Falkenbachsaga-Die-Staerke-der-Toechter.jpg\" alt=\"\" class=\"wp-image-4878 size-full\" srcset=\"https:\/\/buechertanz.de\/wp-content\/uploads\/2023\/04\/24-Die-Falkenbachsaga-Die-Staerke-der-Toechter.jpg 339w, https:\/\/buechertanz.de\/wp-content\/uploads\/2023\/04\/24-Die-Falkenbachsaga-Die-Staerke-der-Toechter-203x300.jpg 203w\" sizes=\"auto, (max-width: 339px) 100vw, 339px\" \/><\/figure><div class=\"wp-block-media-text__content\">\n<ul class=\"wp-block-list\">\n<li class=\"has-small-font-size\">&#8230; direkt mit dem zweiten Band <strong>&#8222;Die Falkenbach-Saga &#8211; Die St\u00e4rke der T\u00f6chter&#8220;<\/strong> weitermachen. Eine Reihe mit absoluten Suchtpotenzial. Da ist es auch nicht verwunderlich, dass ich mir danach &#8230; <\/li>\n<\/ul>\n<\/div><\/div>\n\n\n\n<p>_<\/p>\n\n\n\n<div class=\"wp-block-media-text alignwide has-media-on-the-right\" style=\"grid-template-columns:auto 22%\"><div class=\"wp-block-media-text__content\">\n<ul class=\"wp-block-list\">\n<li class=\"has-small-font-size\">&#8230; den dritten Band geschnappt habe: <strong>&#8222;Die Falkenbach-Saga &#8211; Der Bund der Familien&#8220;<\/strong>. Mittlerweile sind mir diese Hauptfiguren so so sehr ans Herz gewachsen und ich fiebere hier teilweise atemlos mit. <\/li>\n<\/ul>\n<\/div><figure class=\"wp-block-media-text__media\"><img loading=\"lazy\" decoding=\"async\" width=\"320\" height=\"471\" src=\"https:\/\/buechertanz.de\/wp-content\/uploads\/2023\/04\/25-Die-Falkenbach-Saga-Der-Bund-der-Familien.jpg\" alt=\"\" class=\"wp-image-4882 size-full\" srcset=\"https:\/\/buechertanz.de\/wp-content\/uploads\/2023\/04\/25-Die-Falkenbach-Saga-Der-Bund-der-Familien.jpg 320w, https:\/\/buechertanz.de\/wp-content\/uploads\/2023\/04\/25-Die-Falkenbach-Saga-Der-Bund-der-Familien-204x300.jpg 204w\" sizes=\"auto, (max-width: 320px) 100vw, 320px\" \/><\/figure><\/div>\n\n\n\n<p>_<\/p>\n\n\n\n<div class=\"wp-block-media-text alignwide\" style=\"grid-template-columns:22% auto\"><figure class=\"wp-block-media-text__media\"><img loading=\"lazy\" decoding=\"async\" width=\"350\" height=\"534\" src=\"https:\/\/buechertanz.de\/wp-content\/uploads\/2023\/04\/26-Mademoiselle-Eiffel-und-der-Turm-der-Liebe.jpg\" alt=\"\" class=\"wp-image-4896 size-full\" srcset=\"https:\/\/buechertanz.de\/wp-content\/uploads\/2023\/04\/26-Mademoiselle-Eiffel-und-der-Turm-der-Liebe.jpg 350w, https:\/\/buechertanz.de\/wp-content\/uploads\/2023\/04\/26-Mademoiselle-Eiffel-und-der-Turm-der-Liebe-197x300.jpg 197w\" sizes=\"auto, (max-width: 350px) 100vw, 350px\" \/><\/figure><div class=\"wp-block-media-text__content\">\n<ul class=\"wp-block-list\">\n<li class=\"has-small-font-size\">Schweren Herzens machte ich eine kleine Pause von den von Falkenbachs und Lehmanns und begab ich in das 19. Jahrhundert nach Paris: <strong><a href=\"https:\/\/buechertanz.de\/?p=4902\" target=\"_blank\" rel=\"noreferrer noopener\">&#8222;Mademoiselle Eiffel und der Turm der Liebe&#8220; <\/a><\/strong>von Sophie Villard. <strong>&nbsp;<\/strong>Ein sehr gelungener historischer Roman, welcher Geschichte und Fiktion gekonnt miteinander verbindet. Mit vielf\u00e4ltigen und facettenreichen Charakteren f\u00fchrt und Sophie Villard durch eine realistische Handlung und zeigt spannende Einblicke in den Bau des Eiffelturms. Sehr lesenswert!<\/li>\n<\/ul>\n<\/div><\/div>\n\n\n\n<p>_<\/p>\n\n\n\n<div class=\"wp-block-media-text alignwide has-media-on-the-right\" style=\"grid-template-columns:auto 22%\"><div class=\"wp-block-media-text__content\">\n<ul class=\"wp-block-list\">\n<li class=\"has-small-font-size\">Und zur\u00fcck zu der sehr gesch\u00e4tzten Buchreihe: <strong>&#8222;Die Falkenbach-Saga &#8211; Die Wege der S\u00f6hne&#8220;<\/strong> von Ellin Carsta. Es passiert selten, dass mich eine Buchreihe so begeistert, mich so sehr in Atem h\u00e4lt und einfach ein konstant hohes Level h\u00e4lt. <\/li>\n<\/ul>\n<\/div><figure class=\"wp-block-media-text__media\"><img loading=\"lazy\" decoding=\"async\" width=\"339\" height=\"499\" src=\"https:\/\/buechertanz.de\/wp-content\/uploads\/2023\/04\/27-Die-Falkenbach-Saga-Die-Wege-der-Soehne.jpg\" alt=\"\" class=\"wp-image-4911 size-full\" srcset=\"https:\/\/buechertanz.de\/wp-content\/uploads\/2023\/04\/27-Die-Falkenbach-Saga-Die-Wege-der-Soehne.jpg 339w, https:\/\/buechertanz.de\/wp-content\/uploads\/2023\/04\/27-Die-Falkenbach-Saga-Die-Wege-der-Soehne-204x300.jpg 204w\" sizes=\"auto, (max-width: 339px) 100vw, 339px\" \/><\/figure><\/div>\n\n\n\n<p>_<\/p>\n\n\n\n<div class=\"wp-block-media-text alignwide\" style=\"grid-template-columns:22% auto\"><figure class=\"wp-block-media-text__media\"><img loading=\"lazy\" decoding=\"async\" width=\"339\" height=\"500\" src=\"https:\/\/buechertanz.de\/wp-content\/uploads\/2023\/04\/28-Die-Falkenbach-Saga-Der-Mut-der-Frauen.jpg\" alt=\"\" class=\"wp-image-4913 size-full\" srcset=\"https:\/\/buechertanz.de\/wp-content\/uploads\/2023\/04\/28-Die-Falkenbach-Saga-Der-Mut-der-Frauen.jpg 339w, https:\/\/buechertanz.de\/wp-content\/uploads\/2023\/04\/28-Die-Falkenbach-Saga-Der-Mut-der-Frauen-203x300.jpg 203w\" sizes=\"auto, (max-width: 339px) 100vw, 339px\" \/><\/figure><div class=\"wp-block-media-text__content\">\n<ul class=\"wp-block-list\">\n<li class=\"has-small-font-size\">Mit <strong>&#8222;Die Falkenbach-Saga &#8211; Der Mut der Frauen&#8220; <\/strong>beende ich diesen Lesemonat. Aber ich bin froh, dass auch im n\u00e4chsten Monat noch zwei B\u00e4nde dieser grandiosen Reihe auf mich warten. Und die Autorin hat noch einige weitere B\u00e4nde angek\u00fcndigt. Ich freue mich.<\/li>\n<\/ul>\n<\/div><\/div>\n\n\n\n<p>_<\/p>\n\n\n\n<p class=\"has-small-font-size\">So, das war mein Lesemonat April 2023 mit dem ich sehr zufrieden bin und der sehr im Zeichen der &#8222;Falkenbach-Saga&#8220; stand. Ich bedanke mich ganz herzlich beim Penguin Verlag und bei dem Autor Michael Paul f\u00fcr die Zusendung und Bereitstellung der Rezensionsexemplare. Und herzlichen Dank an alle Autorinnen und Autoren f\u00fcr eure tollen B\u00fccher und Geschichten, welche mir wundervolle Lesestunden geschenkt und meinen Horizont erweitert haben.<\/p>\n\n\n\n<p class=\"has-small-font-size\">Liebe Gr\u00fc\u00dfe, eure<\/p>\n\n\n\n<figure class=\"wp-block-image size-large is-resized\"><img loading=\"lazy\" decoding=\"async\" width=\"1024\" height=\"404\" src=\"https:\/\/buechertanz.de\/wp-content\/uploads\/2022\/06\/Unterschrift-1024x404.jpg\" alt=\"\" class=\"wp-image-3355\" style=\"width:191px;height:75px\" srcset=\"https:\/\/buechertanz.de\/wp-content\/uploads\/2022\/06\/Unterschrift-1024x404.jpg 1024w, https:\/\/buechertanz.de\/wp-content\/uploads\/2022\/06\/Unterschrift-300x118.jpg 300w, https:\/\/buechertanz.de\/wp-content\/uploads\/2022\/06\/Unterschrift-768x303.jpg 768w, https:\/\/buechertanz.de\/wp-content\/uploads\/2022\/06\/Unterschrift.jpg 1500w\" sizes=\"auto, (max-width: 1024px) 100vw, 1024px\" \/><\/figure>\n","protected":false},"excerpt":{"rendered":"<p>Hier findet ihr die B\u00fccher, die ich im April 2023&nbsp;gelesen habe \u2013 insgesamt sind es&nbsp;neun B\u00fccher&nbsp;mit&nbsp;3.362&nbsp;Seiten&nbsp;geworden.Falls es auf meinem Blog schon eine Rezension gibt, findet ihr diese, wenn ihr auf den Buchtitel klickt. Viel Spa\u00df beim Schm\u00f6kern. _ _ _ _ _ _ _ _ _ _ So, das war mein Lesemonat April 2023 mit &hellip; <a href=\"https:\/\/buechertanz.de\/?page_id=4916\" class=\"more-link\"><span class=\"screen-reader-text\">Gelesen April 2023<\/span> weiterlesen<\/a><\/p>\n","protected":false},"author":2,"featured_media":0,"parent":0,"menu_order":0,"comment_status":"open","ping_status":"closed","template":"","meta":{"footnotes":""},"class_list":["post-4916","page","type-page","status-publish","hentry"],"_links":{"self":[{"href":"https:\/\/buechertanz.de\/index.php?rest_route=\/wp\/v2\/pages\/4916","targetHints":{"allow":["GET"]}}],"collection":[{"href":"https:\/\/buechertanz.de\/index.php?rest_route=\/wp\/v2\/pages"}],"about":[{"href":"https:\/\/buechertanz.de\/index.php?rest_route=\/wp\/v2\/types\/page"}],"author":[{"embeddable":true,"href":"https:\/\/buechertanz.de\/index.php?rest_route=\/wp\/v2\/users\/2"}],"replies":[{"embeddable":true,"href":"https:\/\/buechertanz.de\/index.php?rest_route=%2Fwp%2Fv2%2Fcomments&post=4916"}],"version-history":[{"count":7,"href":"https:\/\/buechertanz.de\/index.php?rest_route=\/wp\/v2\/pages\/4916\/revisions"}],"predecessor-version":[{"id":6541,"href":"https:\/\/buechertanz.de\/index.php?rest_route=\/wp\/v2\/pages\/4916\/revisions\/6541"}],"wp:attachment":[{"href":"https:\/\/buechertanz.de\/index.php?rest_route=%2Fwp%2Fv2%2Fmedia&parent=4916"}],"curies":[{"name":"wp","href":"https:\/\/api.w.org\/{rel}","templated":true}]}}