{"id":4917,"date":"2023-04-29T12:34:05","date_gmt":"2023-04-29T11:34:05","guid":{"rendered":"https:\/\/buechertanz.de\/?page_id=4917"},"modified":"2023-05-13T09:42:46","modified_gmt":"2023-05-13T08:42:46","slug":"neuzugaenge-april-2023","status":"publish","type":"page","link":"https:\/\/buechertanz.de\/?page_id=4917","title":{"rendered":"Neuzug\u00e4nge April 2023"},"content":{"rendered":"\n<p class=\"has-drop-cap has-small-font-size\">Im<strong>&nbsp;<\/strong>April 2023&nbsp;sind insgesamt&nbsp;<strong>20 B\u00fccher<\/strong>&nbsp;hier eingezogen:<br>Vierzehn neue B\u00fccher, drei Rezensionsexemplare und drei B\u00fccher aus zweiter Hand.<br>Falls es eine Rezension auf meinem Blog gibt, gelangt ihr mit einem Klick auf den Titel direkt bei der Rezension.<\/p>\n\n\n<div class=\"wp-block-image\">\n<figure class=\"aligncenter size-large is-resized\"><img loading=\"lazy\" decoding=\"async\" src=\"https:\/\/buechertanz.de\/wp-content\/uploads\/2023\/04\/04-April-komplett_komp-1024x1024.jpg\" alt=\"\" class=\"wp-image-4933\" width=\"512\" height=\"512\" srcset=\"https:\/\/buechertanz.de\/wp-content\/uploads\/2023\/04\/04-April-komplett_komp-1024x1024.jpg 1024w, https:\/\/buechertanz.de\/wp-content\/uploads\/2023\/04\/04-April-komplett_komp-300x300.jpg 300w, https:\/\/buechertanz.de\/wp-content\/uploads\/2023\/04\/04-April-komplett_komp-150x150.jpg 150w, https:\/\/buechertanz.de\/wp-content\/uploads\/2023\/04\/04-April-komplett_komp-768x768.jpg 768w, https:\/\/buechertanz.de\/wp-content\/uploads\/2023\/04\/04-April-komplett_komp-1536x1536.jpg 1536w, https:\/\/buechertanz.de\/wp-content\/uploads\/2023\/04\/04-April-komplett_komp-2048x2048.jpg 2048w\" sizes=\"auto, (max-width: 512px) 100vw, 512px\" \/><figcaption><em>Meine neuen Seitlinge im April 2023<\/em><\/figcaption><\/figure><\/div>\n\n\n<p>_<\/p>\n\n\n\n<div class=\"wp-block-media-text alignwide\"><figure class=\"wp-block-media-text__media\"><img loading=\"lazy\" decoding=\"async\" width=\"1024\" height=\"1024\" src=\"https:\/\/buechertanz.de\/wp-content\/uploads\/2023\/04\/04-April-Neue-Buecher_komp-1024x1024.jpg\" alt=\"\" class=\"wp-image-4934 size-full\" srcset=\"https:\/\/buechertanz.de\/wp-content\/uploads\/2023\/04\/04-April-Neue-Buecher_komp-1024x1024.jpg 1024w, https:\/\/buechertanz.de\/wp-content\/uploads\/2023\/04\/04-April-Neue-Buecher_komp-300x300.jpg 300w, https:\/\/buechertanz.de\/wp-content\/uploads\/2023\/04\/04-April-Neue-Buecher_komp-150x150.jpg 150w, https:\/\/buechertanz.de\/wp-content\/uploads\/2023\/04\/04-April-Neue-Buecher_komp-768x768.jpg 768w, https:\/\/buechertanz.de\/wp-content\/uploads\/2023\/04\/04-April-Neue-Buecher_komp-1536x1536.jpg 1536w, https:\/\/buechertanz.de\/wp-content\/uploads\/2023\/04\/04-April-Neue-Buecher_komp-2048x2048.jpg 2048w\" sizes=\"auto, (max-width: 1024px) 100vw, 1024px\" \/><\/figure><div class=\"wp-block-media-text__content\">\n<p class=\"has-drop-cap has-small-font-size\"><strong>Neue B\u00fccher:<\/strong><\/p>\n\n\n\n<p><\/p>\n\n\n\n<ul class=\"has-small-font-size wp-block-list\"><li>Sophie Benedict: <em>&#8222;Grace und die Anmut der Liebe&#8220;<\/em><\/li><li>Anke Petersen: <em>&#8222;Sehnsucht nach dem D\u00fcnenhof&#8220;<\/em><\/li><li>Veronika Rusch: <em>&#8222;Die Bahnhofsmission &#8211; Aller Tage Hoffnung&#8220;<\/em><\/li><li>Freya Sampson: <em>&#8222;Die letzte Bibliothek der Welt&#8220;<\/em><\/li><li>Ellin Benedikt: <em>&#8222;Die Falkenbach-Saga &#8211; Der Mut der Frauen&#8220;, &#8222;Die Falkenbach-Saga &#8211; Das Los der M\u00e4nner&#8220;<\/em> und <em>&#8222;Die Falkenbach-Saga &#8211; Die Zeit der Tyrannen&#8220;<\/em><\/li><li>Noah Martin: <em>&#8222;Raffael &#8211; Das L\u00e4cheln der Madonna&#8220;<\/em><\/li><li>Sarah Jio: <em>&#8222;Die Buchhandlung in der Baker Street&#8220;<\/em><\/li><li>Suzanna Fortin: <em>&#8222;Das vergessene Leben des Arthur Pettinger&#8220;<\/em><\/li><li>Julia Kuhn:<em> &#8222;Ravenhall Academy &#8211; Verborgene Magie&#8220;<\/em><\/li><li>Franziska Winkler: <em>&#8222;Tr\u00e4ume aus Eis&#8220;<\/em><\/li><li>Joern Precht:<em> &#8222;Die Heilerin vom Rhein&#8220;<\/em><\/li><li>Eva-Maria Bast: <em>&#8222;Die Queen &#8211; 2&#8220;<\/em><\/li><\/ul>\n<\/div><\/div>\n\n\n\n<p>_<\/p>\n\n\n\n<div class=\"wp-block-media-text alignwide has-media-on-the-right\"><figure class=\"wp-block-media-text__media\"><img loading=\"lazy\" decoding=\"async\" width=\"1024\" height=\"1024\" src=\"https:\/\/buechertanz.de\/wp-content\/uploads\/2023\/04\/04-April-Rezensionsexemplare_komp-1024x1024.jpg\" alt=\"\" class=\"wp-image-4935 size-full\" srcset=\"https:\/\/buechertanz.de\/wp-content\/uploads\/2023\/04\/04-April-Rezensionsexemplare_komp-1024x1024.jpg 1024w, https:\/\/buechertanz.de\/wp-content\/uploads\/2023\/04\/04-April-Rezensionsexemplare_komp-300x300.jpg 300w, https:\/\/buechertanz.de\/wp-content\/uploads\/2023\/04\/04-April-Rezensionsexemplare_komp-150x150.jpg 150w, https:\/\/buechertanz.de\/wp-content\/uploads\/2023\/04\/04-April-Rezensionsexemplare_komp-768x768.jpg 768w, https:\/\/buechertanz.de\/wp-content\/uploads\/2023\/04\/04-April-Rezensionsexemplare_komp-1536x1536.jpg 1536w, https:\/\/buechertanz.de\/wp-content\/uploads\/2023\/04\/04-April-Rezensionsexemplare_komp-2048x2048.jpg 2048w\" sizes=\"auto, (max-width: 1024px) 100vw, 1024px\" \/><\/figure><div class=\"wp-block-media-text__content\">\n<p class=\"has-drop-cap has-small-font-size\"><strong>Rezensionsexemplare:<\/strong><\/p>\n\n\n\n<p><\/p>\n\n\n\n<ul class=\"has-small-font-size wp-block-list\"><li>Michael Paul: <em><a href=\"https:\/\/buechertanz.de\/?p=5055\" target=\"_blank\" rel=\"noreferrer noopener\">&#8222;Die Trostbriefschreiberin&#8220;<\/a><\/em><\/li><li>Sophie Villard: <em><a rel=\"noreferrer noopener\" href=\"https:\/\/buechertanz.de\/?p=4902\" target=\"_blank\">&#8222;Mademoiselle Eiffel und der Turm der Liebe&#8220;<\/a><\/em><\/li><li>Juliana Weinberg: <em><a rel=\"noreferrer noopener\" href=\"https:\/\/buechertanz.de\/?p=4952\" target=\"_blank\">&#8222;Die Kinder der Luftbr\u00fccke&#8220;<\/a><\/em><\/li><\/ul>\n<\/div><\/div>\n\n\n\n<p>_<\/p>\n\n\n\n<div class=\"wp-block-media-text alignwide\"><figure class=\"wp-block-media-text__media\"><img loading=\"lazy\" decoding=\"async\" width=\"1024\" height=\"1024\" src=\"https:\/\/buechertanz.de\/wp-content\/uploads\/2023\/04\/04-April-Gebrauchte-Buecher_komp-1024x1024.jpg\" alt=\"\" class=\"wp-image-4936 size-full\" srcset=\"https:\/\/buechertanz.de\/wp-content\/uploads\/2023\/04\/04-April-Gebrauchte-Buecher_komp-1024x1024.jpg 1024w, https:\/\/buechertanz.de\/wp-content\/uploads\/2023\/04\/04-April-Gebrauchte-Buecher_komp-300x300.jpg 300w, https:\/\/buechertanz.de\/wp-content\/uploads\/2023\/04\/04-April-Gebrauchte-Buecher_komp-150x150.jpg 150w, https:\/\/buechertanz.de\/wp-content\/uploads\/2023\/04\/04-April-Gebrauchte-Buecher_komp-768x768.jpg 768w, https:\/\/buechertanz.de\/wp-content\/uploads\/2023\/04\/04-April-Gebrauchte-Buecher_komp-1536x1536.jpg 1536w, https:\/\/buechertanz.de\/wp-content\/uploads\/2023\/04\/04-April-Gebrauchte-Buecher_komp-2048x2048.jpg 2048w\" sizes=\"auto, (max-width: 1024px) 100vw, 1024px\" \/><\/figure><div class=\"wp-block-media-text__content\">\n<p class=\"has-drop-cap has-small-font-size\"><strong>Gebrauchte B\u00fccher<\/strong>:<\/p>\n\n\n\n<p><\/p>\n\n\n\n<ul class=\"has-small-font-size wp-block-list\"><li>Agnes Imhof: <em>&#8222;Die Pionierin im ewigen Eis&#8220;<\/em><\/li><li>Doris R\u00f6ckle: <em>&#8222;Die Spur der Gr\u00e4fin&#8220;<\/em><\/li><li>Hanya Yanagihara: <em>&#8222;Zum Paradies&#8220;<\/em><\/li><\/ul>\n<\/div><\/div>\n\n\n\n<p>_<\/p>\n\n\n\n<p class=\"has-small-font-size\">Einige dieser wundersch\u00f6nen Neuzug\u00e4nge sind bereits gelesen, auf andere freue ich mich noch.<br>Ich bedanke mich beim Penguin Verlag, bei der Autorin Juliana Weinberg und dem Autor Michael Paul f\u00fcr die Zusendung und Bereitstellung der B\u00fccher als Rezensionsexemplare.&nbsp;<\/p>\n\n\n\n<p class=\"has-small-font-size\">Liebe Gr\u00fc\u00dfe, eure<\/p>\n\n\n\n<figure class=\"wp-block-image size-large is-resized\"><img loading=\"lazy\" decoding=\"async\" src=\"https:\/\/buechertanz.de\/wp-content\/uploads\/2022\/06\/Unterschrift-1024x404.jpg\" alt=\"\" class=\"wp-image-3355\" width=\"191\" height=\"75\" srcset=\"https:\/\/buechertanz.de\/wp-content\/uploads\/2022\/06\/Unterschrift-1024x404.jpg 1024w, https:\/\/buechertanz.de\/wp-content\/uploads\/2022\/06\/Unterschrift-300x118.jpg 300w, https:\/\/buechertanz.de\/wp-content\/uploads\/2022\/06\/Unterschrift-768x303.jpg 768w, https:\/\/buechertanz.de\/wp-content\/uploads\/2022\/06\/Unterschrift.jpg 1500w\" sizes=\"auto, (max-width: 191px) 100vw, 191px\" \/><\/figure>\n","protected":false},"excerpt":{"rendered":"<p>Im&nbsp;April 2023&nbsp;sind insgesamt&nbsp;20 B\u00fccher&nbsp;hier eingezogen:Vierzehn neue B\u00fccher, drei Rezensionsexemplare und drei B\u00fccher aus zweiter Hand.Falls es eine Rezension auf meinem Blog gibt, gelangt ihr mit einem Klick auf den Titel direkt bei der Rezension. _ Neue B\u00fccher: Sophie Benedict: &#8222;Grace und die Anmut der Liebe&#8220; Anke Petersen: &#8222;Sehnsucht nach dem D\u00fcnenhof&#8220; Veronika Rusch: &#8222;Die Bahnhofsmission &hellip; <a href=\"https:\/\/buechertanz.de\/?page_id=4917\" class=\"more-link\"><span class=\"screen-reader-text\">Neuzug\u00e4nge April 2023<\/span> weiterlesen<\/a><\/p>\n","protected":false},"author":2,"featured_media":0,"parent":0,"menu_order":0,"comment_status":"open","ping_status":"closed","template":"","meta":{"footnotes":""},"class_list":["post-4917","page","type-page","status-publish","hentry"],"_links":{"self":[{"href":"https:\/\/buechertanz.de\/index.php?rest_route=\/wp\/v2\/pages\/4917","targetHints":{"allow":["GET"]}}],"collection":[{"href":"https:\/\/buechertanz.de\/index.php?rest_route=\/wp\/v2\/pages"}],"about":[{"href":"https:\/\/buechertanz.de\/index.php?rest_route=\/wp\/v2\/types\/page"}],"author":[{"embeddable":true,"href":"https:\/\/buechertanz.de\/index.php?rest_route=\/wp\/v2\/users\/2"}],"replies":[{"embeddable":true,"href":"https:\/\/buechertanz.de\/index.php?rest_route=%2Fwp%2Fv2%2Fcomments&post=4917"}],"version-history":[{"count":7,"href":"https:\/\/buechertanz.de\/index.php?rest_route=\/wp\/v2\/pages\/4917\/revisions"}],"predecessor-version":[{"id":5065,"href":"https:\/\/buechertanz.de\/index.php?rest_route=\/wp\/v2\/pages\/4917\/revisions\/5065"}],"wp:attachment":[{"href":"https:\/\/buechertanz.de\/index.php?rest_route=%2Fwp%2Fv2%2Fmedia&parent=4917"}],"curies":[{"name":"wp","href":"https:\/\/api.w.org\/{rel}","templated":true}]}}