{"id":5139,"date":"2023-05-30T08:04:56","date_gmt":"2023-05-30T07:04:56","guid":{"rendered":"https:\/\/buechertanz.de\/?page_id=5139"},"modified":"2023-07-05T21:47:36","modified_gmt":"2023-07-05T20:47:36","slug":"neuzugaenge-mai-2023","status":"publish","type":"page","link":"https:\/\/buechertanz.de\/?page_id=5139","title":{"rendered":"Neuzug\u00e4nge Mai 2023"},"content":{"rendered":"\n<p class=\"has-drop-cap has-small-font-size\">Im <strong>Mai 2023<\/strong> sind insgesamt <strong>20 B\u00fccher <\/strong>hier eingezogen:<br>Drei neue B\u00fccher, f\u00fcnf Rezensionsexemplare (davon zwei als eBooks), elf B\u00fccher vom Flohmarkt und ein Buch aus dem \u00f6ffentlichen B\u00fccherschrank.<br>Falls es eine Rezension auf meinem Blog gibt, gelangt ihr mit einem Klick auf den Titel direkt bei der Rezension.<\/p>\n\n\n<div class=\"wp-block-image\">\n<figure class=\"aligncenter size-large is-resized\"><img loading=\"lazy\" decoding=\"async\" src=\"https:\/\/buechertanz.de\/wp-content\/uploads\/2023\/05\/05-Mai-komplett_komp-1024x1015.jpg\" alt=\"\" class=\"wp-image-5169\" width=\"512\" height=\"508\" srcset=\"https:\/\/buechertanz.de\/wp-content\/uploads\/2023\/05\/05-Mai-komplett_komp-1024x1015.jpg 1024w, https:\/\/buechertanz.de\/wp-content\/uploads\/2023\/05\/05-Mai-komplett_komp-300x297.jpg 300w, https:\/\/buechertanz.de\/wp-content\/uploads\/2023\/05\/05-Mai-komplett_komp-150x150.jpg 150w, https:\/\/buechertanz.de\/wp-content\/uploads\/2023\/05\/05-Mai-komplett_komp-768x761.jpg 768w, https:\/\/buechertanz.de\/wp-content\/uploads\/2023\/05\/05-Mai-komplett_komp.jpg 1244w\" sizes=\"auto, (max-width: 512px) 100vw, 512px\" \/><figcaption class=\"wp-element-caption\"><em>Meine neuen Seitlinge im Mai 2023<\/em><\/figcaption><\/figure><\/div>\n\n\n<p>_<\/p>\n\n\n\n<div class=\"wp-block-media-text alignwide\"><figure class=\"wp-block-media-text__media\"><img loading=\"lazy\" decoding=\"async\" width=\"1024\" height=\"1015\" src=\"https:\/\/buechertanz.de\/wp-content\/uploads\/2023\/05\/05-Mai-Neue-Buecher_komp-1024x1015.jpg\" alt=\"\" class=\"wp-image-5170 size-full\" srcset=\"https:\/\/buechertanz.de\/wp-content\/uploads\/2023\/05\/05-Mai-Neue-Buecher_komp-1024x1015.jpg 1024w, https:\/\/buechertanz.de\/wp-content\/uploads\/2023\/05\/05-Mai-Neue-Buecher_komp-300x297.jpg 300w, https:\/\/buechertanz.de\/wp-content\/uploads\/2023\/05\/05-Mai-Neue-Buecher_komp-150x150.jpg 150w, https:\/\/buechertanz.de\/wp-content\/uploads\/2023\/05\/05-Mai-Neue-Buecher_komp-768x761.jpg 768w, https:\/\/buechertanz.de\/wp-content\/uploads\/2023\/05\/05-Mai-Neue-Buecher_komp-1536x1522.jpg 1536w, https:\/\/buechertanz.de\/wp-content\/uploads\/2023\/05\/05-Mai-Neue-Buecher_komp-2048x2030.jpg 2048w\" sizes=\"auto, (max-width: 1024px) 100vw, 1024px\" \/><\/figure><div class=\"wp-block-media-text__content\">\n<p class=\"has-drop-cap has-small-font-size\"><strong>Neue B\u00fccher:<\/strong><\/p>\n\n\n\n<p><\/p>\n\n\n\n<ul class=\"has-small-font-size wp-block-list\">\n<li>Philipp Brotz: <em>\u201eDie Ungleichzeitigen\u201c<\/em><\/li>\n\n\n\n<li>Laura Baldini: <em>\u201eEin Traum von Sch\u00f6nheit\u201c<\/em><\/li>\n\n\n\n<li>Susanne von Berg: <em>\u201eDas Kaufhaus \u2013 Zeit der W\u00fcnsche\u201c<\/em><\/li>\n<\/ul>\n<\/div><\/div>\n\n\n\n<p>_<\/p>\n\n\n\n<div class=\"wp-block-media-text alignwide has-media-on-the-right\"><div class=\"wp-block-media-text__content\">\n<p class=\"has-drop-cap has-small-font-size\"><strong>Flohmarkt-Funde:<\/strong><\/p>\n\n\n\n<p><\/p>\n\n\n\n<ul class=\"has-small-font-size wp-block-list\">\n<li>Deana Zin\u00dfmeister: <em>\u201eDer Hexenturm\u201c<\/em><\/li>\n\n\n\n<li>Laura Baldini: <em>\u201eDer strahlendste Stern von Hollywood\u201c<\/em><\/li>\n\n\n\n<li>Christine Girad: <em>\u201eMademoiselle Edith \u2013 Hymne an die Liebe\u201c<\/em><\/li>\n\n\n\n<li>Vicki Baum: <em>\u201eHotel Shanghai\u201c<\/em><\/li>\n\n\n\n<li>Hanni M\u00fcnzer: <em>\u201eAls die Sehnsucht uns Fl\u00fcgel verlieh\u201c<\/em><\/li>\n\n\n\n<li>Martina Sahler &amp; Hendrik Gruner: <em>\u201eDie Tulpenk\u00f6nigin\u201c, \u201eDer Zorn der Tulpenk\u00f6nigin\u201c, \u201eDie Macht der Tulpenk\u00f6nigin\u201c<\/em><\/li>\n\n\n\n<li>Andrea Schacht: <em>\u201eDie F\u00e4hrmannstochter\u201c, \u201eDie silberne Nadel\u201c<\/em><\/li>\n\n\n\n<li>Elisabeth B\u00fcchle: <em>\u201eDer Klang des Pianos\u201c<\/em><\/li>\n<\/ul>\n<\/div><figure class=\"wp-block-media-text__media\"><img loading=\"lazy\" decoding=\"async\" width=\"1024\" height=\"1015\" src=\"https:\/\/buechertanz.de\/wp-content\/uploads\/2023\/05\/05-Mai-Flohmarkt_komp-1024x1015.jpg\" alt=\"\" class=\"wp-image-5171 size-full\" srcset=\"https:\/\/buechertanz.de\/wp-content\/uploads\/2023\/05\/05-Mai-Flohmarkt_komp-1024x1015.jpg 1024w, https:\/\/buechertanz.de\/wp-content\/uploads\/2023\/05\/05-Mai-Flohmarkt_komp-300x297.jpg 300w, https:\/\/buechertanz.de\/wp-content\/uploads\/2023\/05\/05-Mai-Flohmarkt_komp-150x150.jpg 150w, https:\/\/buechertanz.de\/wp-content\/uploads\/2023\/05\/05-Mai-Flohmarkt_komp-768x761.jpg 768w, https:\/\/buechertanz.de\/wp-content\/uploads\/2023\/05\/05-Mai-Flohmarkt_komp-1536x1522.jpg 1536w, https:\/\/buechertanz.de\/wp-content\/uploads\/2023\/05\/05-Mai-Flohmarkt_komp-2048x2030.jpg 2048w\" sizes=\"auto, (max-width: 1024px) 100vw, 1024px\" \/><\/figure><\/div>\n\n\n\n<p>_<\/p>\n\n\n\n<div class=\"wp-block-media-text alignwide\"><figure class=\"wp-block-media-text__media\"><img loading=\"lazy\" decoding=\"async\" width=\"1024\" height=\"1015\" src=\"https:\/\/buechertanz.de\/wp-content\/uploads\/2023\/05\/05-Mai-Rezensionsexemplare_komp-1024x1015.jpg\" alt=\"\" class=\"wp-image-5172 size-full\" srcset=\"https:\/\/buechertanz.de\/wp-content\/uploads\/2023\/05\/05-Mai-Rezensionsexemplare_komp-1024x1015.jpg 1024w, https:\/\/buechertanz.de\/wp-content\/uploads\/2023\/05\/05-Mai-Rezensionsexemplare_komp-300x297.jpg 300w, https:\/\/buechertanz.de\/wp-content\/uploads\/2023\/05\/05-Mai-Rezensionsexemplare_komp-150x150.jpg 150w, https:\/\/buechertanz.de\/wp-content\/uploads\/2023\/05\/05-Mai-Rezensionsexemplare_komp-768x761.jpg 768w, https:\/\/buechertanz.de\/wp-content\/uploads\/2023\/05\/05-Mai-Rezensionsexemplare_komp-1536x1522.jpg 1536w, https:\/\/buechertanz.de\/wp-content\/uploads\/2023\/05\/05-Mai-Rezensionsexemplare_komp-2048x2030.jpg 2048w\" sizes=\"auto, (max-width: 1024px) 100vw, 1024px\" \/><\/figure><div class=\"wp-block-media-text__content\">\n<p class=\"has-drop-cap has-small-font-size\"><strong>Rezensionsexemplare:<\/strong><\/p>\n\n\n\n<p><\/p>\n\n\n\n<ul class=\"has-small-font-size wp-block-list\">\n<li>Claudia Ley: <em><a rel=\"noreferrer noopener\" href=\"https:\/\/buechertanz.de\/?p=5043\" target=\"_blank\">\u201eWo die St\u00f6rche fliegen\u201c<\/a><\/em><\/li>\n\n\n\n<li>Anne Stern: <em><a rel=\"noreferrer noopener\" href=\"https:\/\/buechertanz.de\/?p=5093\" target=\"_blank\">\u201eDunkel der Himmel, goldhell die Melodie\u201c<\/a><\/em><\/li>\n\n\n\n<li>Romina Angeli: <em><a rel=\"noreferrer noopener\" href=\"https:\/\/buechertanz.de\/?p=5126\" target=\"_blank\">\u201eWenn der Tod die Glocken l\u00e4utet\u201c<\/a><\/em><\/li>\n\n\n\n<li>Silke Elzner: <em><a href=\"https:\/\/buechertanz.de\/?p=5392\" target=\"_blank\" rel=\"noreferrer noopener\">\u201eDer Verrat der Kaufmannswitwe\u201c <\/a><\/em>(eBook)<\/li>\n\n\n\n<li>Kristina Herzog: <em><a href=\"https:\/\/buechertanz.de\/?p=5221\" target=\"_blank\" rel=\"noreferrer noopener\">\u201eWas das Herz ertr\u00e4umt\u201c <\/a><\/em>(eBook)<\/li>\n<\/ul>\n<\/div><\/div>\n\n\n\n<p>_<\/p>\n\n\n\n<div class=\"wp-block-media-text alignwide has-media-on-the-right\"><div class=\"wp-block-media-text__content\">\n<p class=\"has-drop-cap has-small-font-size\"><strong>Aus dem \u00f6ffentlichen B\u00fccherschrank:<\/strong><\/p>\n\n\n\n<p><\/p>\n\n\n\n<ul class=\"has-small-font-size wp-block-list\">\n<li>Jonathan Galassi: <em>\u201eDie Muse\u201c<\/em><\/li>\n<\/ul>\n<\/div><figure class=\"wp-block-media-text__media\"><img loading=\"lazy\" decoding=\"async\" width=\"1024\" height=\"1015\" src=\"https:\/\/buechertanz.de\/wp-content\/uploads\/2023\/05\/05-Mai-Oeffentlicher-Buecherschrank_komp-1024x1015.jpg\" alt=\"\" class=\"wp-image-5173 size-full\" srcset=\"https:\/\/buechertanz.de\/wp-content\/uploads\/2023\/05\/05-Mai-Oeffentlicher-Buecherschrank_komp-1024x1015.jpg 1024w, https:\/\/buechertanz.de\/wp-content\/uploads\/2023\/05\/05-Mai-Oeffentlicher-Buecherschrank_komp-300x297.jpg 300w, https:\/\/buechertanz.de\/wp-content\/uploads\/2023\/05\/05-Mai-Oeffentlicher-Buecherschrank_komp-150x150.jpg 150w, https:\/\/buechertanz.de\/wp-content\/uploads\/2023\/05\/05-Mai-Oeffentlicher-Buecherschrank_komp-768x761.jpg 768w, https:\/\/buechertanz.de\/wp-content\/uploads\/2023\/05\/05-Mai-Oeffentlicher-Buecherschrank_komp-1536x1522.jpg 1536w, https:\/\/buechertanz.de\/wp-content\/uploads\/2023\/05\/05-Mai-Oeffentlicher-Buecherschrank_komp-2048x2030.jpg 2048w\" sizes=\"auto, (max-width: 1024px) 100vw, 1024px\" \/><\/figure><\/div>\n\n\n\n<p>_<\/p>\n\n\n\n<p class=\"has-small-font-size\">Einige dieser wundersch\u00f6nen Neuzug\u00e4nge sind bereits gelesen, auf andere freue ich mich noch.<br>Ich bedanke mich beim Heyne Verlag, beim Rowohlt, bei HarperCollins, bei der Autorin Silke Elzner und der Autorin Kristina Herzog f\u00fcr die Zusendung und Bereitstellung der B\u00fccher als Rezensionsexemplare.<br>Falls ihr euch fragt, warum es diesen Monat so viele Flohmarkt-Funde gab: Ende Mai (manchmal auch Anfang Juni) ist in Endingen am Kaiserstuhl mein absolutes Lieblingsevent: Dort ist dann B\u00fcchermarkt und eine ganze Stadt wird zur B\u00fccher-Hauptstadt. Plant das unbedingt mal ein \u2013 es lohnt sich.<\/p>\n\n\n\n<p class=\"has-small-font-size\">Liebe Gr\u00fc\u00dfe, eure<\/p>\n\n\n\n<figure class=\"wp-block-image size-large is-resized\"><img loading=\"lazy\" decoding=\"async\" src=\"https:\/\/buechertanz.de\/wp-content\/uploads\/2022\/06\/Unterschrift-1024x404.jpg\" alt=\"\" class=\"wp-image-3355\" width=\"166\" height=\"65\" srcset=\"https:\/\/buechertanz.de\/wp-content\/uploads\/2022\/06\/Unterschrift-1024x404.jpg 1024w, https:\/\/buechertanz.de\/wp-content\/uploads\/2022\/06\/Unterschrift-300x118.jpg 300w, https:\/\/buechertanz.de\/wp-content\/uploads\/2022\/06\/Unterschrift-768x303.jpg 768w, https:\/\/buechertanz.de\/wp-content\/uploads\/2022\/06\/Unterschrift.jpg 1500w\" sizes=\"auto, (max-width: 166px) 100vw, 166px\" \/><\/figure>\n","protected":false},"excerpt":{"rendered":"<p>Im Mai 2023 sind insgesamt 20 B\u00fccher hier eingezogen:Drei neue B\u00fccher, f\u00fcnf Rezensionsexemplare (davon zwei als eBooks), elf B\u00fccher vom Flohmarkt und ein Buch aus dem \u00f6ffentlichen B\u00fccherschrank.Falls es eine Rezension auf meinem Blog gibt, gelangt ihr mit einem Klick auf den Titel direkt bei der Rezension. _ _ _ _ _ Einige dieser wundersch\u00f6nen &hellip; <a href=\"https:\/\/buechertanz.de\/?page_id=5139\" class=\"more-link\"><span class=\"screen-reader-text\">Neuzug\u00e4nge Mai 2023<\/span> weiterlesen<\/a><\/p>\n","protected":false},"author":2,"featured_media":0,"parent":0,"menu_order":0,"comment_status":"open","ping_status":"closed","template":"","meta":{"footnotes":""},"class_list":["post-5139","page","type-page","status-publish","hentry"],"_links":{"self":[{"href":"https:\/\/buechertanz.de\/index.php?rest_route=\/wp\/v2\/pages\/5139","targetHints":{"allow":["GET"]}}],"collection":[{"href":"https:\/\/buechertanz.de\/index.php?rest_route=\/wp\/v2\/pages"}],"about":[{"href":"https:\/\/buechertanz.de\/index.php?rest_route=\/wp\/v2\/types\/page"}],"author":[{"embeddable":true,"href":"https:\/\/buechertanz.de\/index.php?rest_route=\/wp\/v2\/users\/2"}],"replies":[{"embeddable":true,"href":"https:\/\/buechertanz.de\/index.php?rest_route=%2Fwp%2Fv2%2Fcomments&post=5139"}],"version-history":[{"count":5,"href":"https:\/\/buechertanz.de\/index.php?rest_route=\/wp\/v2\/pages\/5139\/revisions"}],"predecessor-version":[{"id":5399,"href":"https:\/\/buechertanz.de\/index.php?rest_route=\/wp\/v2\/pages\/5139\/revisions\/5399"}],"wp:attachment":[{"href":"https:\/\/buechertanz.de\/index.php?rest_route=%2Fwp%2Fv2%2Fmedia&parent=5139"}],"curies":[{"name":"wp","href":"https:\/\/api.w.org\/{rel}","templated":true}]}}