{"id":5140,"date":"2023-05-30T08:04:57","date_gmt":"2023-05-30T07:04:57","guid":{"rendered":"https:\/\/buechertanz.de\/?page_id=5140"},"modified":"2023-12-16T10:00:50","modified_gmt":"2023-12-16T09:00:50","slug":"gelesen-mai-2023","status":"publish","type":"page","link":"https:\/\/buechertanz.de\/?page_id=5140","title":{"rendered":"Gelesen Mai 2023"},"content":{"rendered":"\n<p class=\"has-drop-cap has-small-font-size\">Hier findet ihr die B\u00fccher, die ich im <strong>Mai 2023 <\/strong>gelesen habe \u2013 insgesamt sind es <strong>acht B\u00fccher <\/strong>mit<strong> 2.971 Seiten <\/strong>geworden. Es war ein sch\u00f6ner und vor allem abwechslungsreicher Lesemonat \u2013 viel historisches, aber auch ein Roman und ein Krimi gesellten sich hinzu.<br>Falls es auf meinem Blog schon eine Rezension gibt, findet ihr diese, wenn ihr auf den Buchtitel klickt. Viel Spa\u00df beim Schm\u00f6kern.<\/p>\n\n\n<div class=\"wp-block-image is-resized\">\n<figure class=\"aligncenter size-large\"><img loading=\"lazy\" decoding=\"async\" width=\"1024\" height=\"1015\" src=\"https:\/\/buechertanz.de\/wp-content\/uploads\/2023\/05\/05-April_komp-1024x1015.jpg\" alt=\"\" class=\"wp-image-5164\" srcset=\"https:\/\/buechertanz.de\/wp-content\/uploads\/2023\/05\/05-April_komp-1024x1015.jpg 1024w, https:\/\/buechertanz.de\/wp-content\/uploads\/2023\/05\/05-April_komp-300x297.jpg 300w, https:\/\/buechertanz.de\/wp-content\/uploads\/2023\/05\/05-April_komp-150x150.jpg 150w, https:\/\/buechertanz.de\/wp-content\/uploads\/2023\/05\/05-April_komp-768x761.jpg 768w, https:\/\/buechertanz.de\/wp-content\/uploads\/2023\/05\/05-April_komp-1536x1522.jpg 1536w, https:\/\/buechertanz.de\/wp-content\/uploads\/2023\/05\/05-April_komp-2048x2030.jpg 2048w\" sizes=\"auto, (max-width: 1024px) 100vw, 1024px\" \/><figcaption class=\"wp-element-caption\"><em>Mein Lesemonat Mai 2023: Acht B\u00fccher mit insgesamt 2.971 Seiten<\/em><\/figcaption><\/figure><\/div>\n\n\n<p>_<\/p>\n\n\n\n<div class=\"wp-block-media-text alignwide\" style=\"grid-template-columns:25% auto\"><figure class=\"wp-block-media-text__media\"><img loading=\"lazy\" decoding=\"async\" width=\"242\" height=\"367\" src=\"https:\/\/buechertanz.de\/wp-content\/uploads\/2023\/05\/29-Die-Kinder-der-Luftbruecke.jpg\" alt=\"\" class=\"wp-image-4945 size-full\" srcset=\"https:\/\/buechertanz.de\/wp-content\/uploads\/2023\/05\/29-Die-Kinder-der-Luftbruecke.jpg 242w, https:\/\/buechertanz.de\/wp-content\/uploads\/2023\/05\/29-Die-Kinder-der-Luftbruecke-198x300.jpg 198w\" sizes=\"auto, (max-width: 242px) 100vw, 242px\" \/><\/figure><div class=\"wp-block-media-text__content\">\n<ul class=\"wp-block-list\">\n<li class=\"has-small-font-size\">Ich startete mit dem Buch<a href=\"https:\/\/buechertanz.de\/?p=4952\" target=\"_blank\" rel=\"noreferrer noopener\"> <strong>\u201eDie Kinder der Luftbr\u00fccke\u201c<\/strong><\/a><strong> <\/strong>von Juliana Weinberg, welches Ende April 2023 als Rezensionsexemplar hier eingezogen ist. Ich war ab der ersten Seite in der Geschichte angekommen und bezeichne das Buch r\u00fcckblickend als ein absolutes Highlight. Durch die vielen verschiedenen Emotionen der Figuren, ihren Sorgen, \u00c4ngsten und auch N\u00f6ten, konnte ich tief in die Geschichte abtauchen und habe einiges \u00fcber diese Zeit und vor allem \u00fcber die Luftbr\u00fccke gelernt. Ein ganz wunderbares und stimmiges Buch, welches ich euch sehr gerne weiter empfehle.<\/li>\n<\/ul>\n<\/div><\/div>\n\n\n\n<p>_<\/p>\n\n\n\n<div class=\"wp-block-media-text alignwide has-media-on-the-right\" style=\"grid-template-columns:auto 25%\"><div class=\"wp-block-media-text__content\">\n<ul class=\"wp-block-list\">\n<li class=\"has-small-font-size\">Es folgte ein Buch, welches ich eigentlich gar nicht auf dem Schirm hatte \u2013 oder vielleicht unterbewusst irgendwie schon: <strong>\u201eDie Ungleichzeitigen\u201c <\/strong>von Philipp Brotz. Diese Lekt\u00fcre war ein Ausflug, ein Sprung ins Unbekannte &#8211; und schlussendlich wollte ich, dass dieser Ausflug nie endet.<br>Es entstehen Bilder im Kopf, welche f\u00fcr immer bleiben werden, mit Figuren, welche unvergessen bleiben. Unbeschreiblich, welch ein Wechselbad der Gef\u00fchle und Emotionen diese Geschichte einem beschert. Auf einer Seite schleicht sich ein L\u00e4cheln ins Gesicht, welches schon eine Seite sp\u00e4ter feuchten Augen und einer G\u00e4nsehaut weicht.<br>Auf die Frage \u201eKannst du mir ein gutes Buch empfehlen?\u201c wird es nun eine Antwort geben: \u201eJa&#8230; lese unbedingt &#8222;Die Ungleichzeitigen&#8220; von Philipp Brotz.\u201c.<\/li>\n<\/ul>\n<\/div><figure class=\"wp-block-media-text__media\"><img loading=\"lazy\" decoding=\"async\" width=\"208\" height=\"346\" src=\"https:\/\/buechertanz.de\/wp-content\/uploads\/2023\/05\/30-Die-Ungleichzeitigen.jpg\" alt=\"\" class=\"wp-image-4963 size-full\" srcset=\"https:\/\/buechertanz.de\/wp-content\/uploads\/2023\/05\/30-Die-Ungleichzeitigen.jpg 208w, https:\/\/buechertanz.de\/wp-content\/uploads\/2023\/05\/30-Die-Ungleichzeitigen-180x300.jpg 180w\" sizes=\"auto, (max-width: 208px) 100vw, 208px\" \/><\/figure><\/div>\n\n\n\n<p>_<\/p>\n\n\n\n<div class=\"wp-block-media-text alignwide\" style=\"grid-template-columns:25% auto\"><figure class=\"wp-block-media-text__media\"><img loading=\"lazy\" decoding=\"async\" width=\"350\" height=\"530\" src=\"https:\/\/buechertanz.de\/wp-content\/uploads\/2023\/05\/31-Wo-die-Stoerche-fliegen-1.jpg\" alt=\"\" class=\"wp-image-5044 size-full\" srcset=\"https:\/\/buechertanz.de\/wp-content\/uploads\/2023\/05\/31-Wo-die-Stoerche-fliegen-1.jpg 350w, https:\/\/buechertanz.de\/wp-content\/uploads\/2023\/05\/31-Wo-die-Stoerche-fliegen-1-198x300.jpg 198w\" sizes=\"auto, (max-width: 350px) 100vw, 350px\" \/><\/figure><div class=\"wp-block-media-text__content\">\n<ul class=\"wp-block-list\">\n<li class=\"has-small-font-size\">Mit <strong><a href=\"https:\/\/buechertanz.de\/?p=5043\" target=\"_blank\" rel=\"noreferrer noopener\">\u201eWo die St\u00f6rche fliegen\u201c<\/a> <\/strong>von Claudia Ley ging es wieder zur\u00fcck zu den historischen Romanen. Das Buch ist insgesamt keine leichte Kost \u2013 aber doch so lesenswert und wichtig. Es ist eine Geschichte, welche sich ab der ersten Seite stetig aufgebaut hat und mich auch nach Beendigung noch immer tief ber\u00fchrt und besch\u00e4ftigt. Es entstehen w\u00e4hrend des Lesens eindrucksvolle und unvergessliche Bilder, welche mich in vergangene Zeiten mitgenommen haben und mich meinen Alltag vergessen haben lassen. Ein Buch, welches definitiv das Zeug zu einem Jahreshighlight hat. Unbedingte Leseempfehlung!<\/li>\n<\/ul>\n<\/div><\/div>\n\n\n\n<p>_<\/p>\n\n\n\n<div class=\"wp-block-media-text alignwide has-media-on-the-right\" style=\"grid-template-columns:auto 25%\"><div class=\"wp-block-media-text__content\">\n<ul class=\"wp-block-list\">\n<li class=\"has-small-font-size\">Endlich konnte ich wieder ein Buch von Anne Stern in den H\u00e4nden halten und lesen: <strong><a href=\"https:\/\/buechertanz.de\/?p=5093\" target=\"_blank\" rel=\"noreferrer noopener\">\u201eDunkel der Himmel, goldhell die Melodie\u201c<\/a> <\/strong>versprach einfach alles, was ein guter historischer Roman braucht: Drama, Historie und Zeitgef\u00fchl. Ich wurde nicht entt\u00e4uscht. Mit diesem Buch ist Anne Stern ein sehr starker und authentischer Reihen-Auftakt gelungen. Die vielseitigen Figuren, die perfekt recherchierten geschichtlichen Hintergr\u00fcnde und der wunderbare poetische Sprachstil sorgten f\u00fcr ein rundum gelungenes Lese-Erlebnis. Absolute Leseempfehlung!<\/li>\n<\/ul>\n<\/div><figure class=\"wp-block-media-text__media\"><img loading=\"lazy\" decoding=\"async\" width=\"520\" height=\"809\" src=\"https:\/\/buechertanz.de\/wp-content\/uploads\/2023\/05\/32-Dunkel-der-Himmel-goldhell-die-Melodie.jpg\" alt=\"\" class=\"wp-image-5070 size-full\" srcset=\"https:\/\/buechertanz.de\/wp-content\/uploads\/2023\/05\/32-Dunkel-der-Himmel-goldhell-die-Melodie.jpg 520w, https:\/\/buechertanz.de\/wp-content\/uploads\/2023\/05\/32-Dunkel-der-Himmel-goldhell-die-Melodie-193x300.jpg 193w\" sizes=\"auto, (max-width: 520px) 100vw, 520px\" \/><\/figure><\/div>\n\n\n\n<p>_<\/p>\n\n\n\n<div class=\"wp-block-media-text alignwide\" style=\"grid-template-columns:25% auto\"><figure class=\"wp-block-media-text__media\"><img loading=\"lazy\" decoding=\"async\" width=\"227\" height=\"346\" src=\"https:\/\/buechertanz.de\/wp-content\/uploads\/2023\/05\/33-Das-Kaufhaus-Zeit-der-Wuensche.jpg\" alt=\"\" class=\"wp-image-5109 size-full\" srcset=\"https:\/\/buechertanz.de\/wp-content\/uploads\/2023\/05\/33-Das-Kaufhaus-Zeit-der-Wuensche.jpg 227w, https:\/\/buechertanz.de\/wp-content\/uploads\/2023\/05\/33-Das-Kaufhaus-Zeit-der-Wuensche-197x300.jpg 197w\" sizes=\"auto, (max-width: 227px) 100vw, 227px\" \/><\/figure><div class=\"wp-block-media-text__content\">\n<ul class=\"wp-block-list\">\n<li class=\"has-small-font-size\">Nach einem solch mitrei\u00dfenden Buch hat es das Anschlussbuch immer etwas schwer, deshalb entschied ich mich, einen zweiten Teil einer liebgewonnen Reihe zu lesen: <strong>\u201eDas Kaufhaus \u2013 Zeit der W\u00fcnsche\u201c <\/strong>von Susanne von Berg. Wie schon im ersten Band konnte mich der lockere und doch auch spannende Sprachstil wieder schnell mit in die Geschichte nehmen und die Seiten flogen nur so dahin. Die Handlung kn\u00fcpft ziemlich direkt an &#8222;Das Kaufhaus &#8211; Zeit der Sehnsucht&#8220; an &#8211; ich empfehle, dass man auf jeden Fall mit dem ersten Band beginnt. Es wird zwar einiges nochmals r\u00fcckblickend erz\u00e4hlt, trotzdem versteht man die vielf\u00e4ltigen Charaktere, deren Handlungen und Gedanken besser, wenn zuvor der ersten Band gelesen wurde.<br>Ganz besonders gefallen hat mir, dass es ein historisches Nachwort gibt, welches etwas \u00fcber Fakt und Fiktion aufkl\u00e4rt. Dies hat mir im ersten Band sehr gefehlt.<\/li>\n<\/ul>\n<\/div><\/div>\n\n\n\n<p>_<\/p>\n\n\n\n<div class=\"wp-block-media-text alignwide has-media-on-the-right\" style=\"grid-template-columns:auto 25%\"><div class=\"wp-block-media-text__content\">\n<ul class=\"wp-block-list\">\n<li class=\"has-small-font-size\">Danach zog es mich wieder zu zwei Familien, welche ich schon sehr vermisst habe: Den von Falkenbachs und den Familien Lehmann. Also schnappte ich mir <strong>\u201eDie Falkenbach-Saga \u2013 Das Los der M\u00e4nner\u201c <\/strong>und weiter ging es mit dieser Geschichte voller Neid, Missgunst, Hoffnung und Liebe. Immer wieder ertappte ich mich dabei, wie ich eigentlich nur ein Kapitel lesen wollte \u2013 seit diesem Gedanken aber schon wieder ein neues Kapitel begonnen hatte. Da musste ich \u2026<\/li>\n<\/ul>\n<\/div><figure class=\"wp-block-media-text__media\"><img loading=\"lazy\" decoding=\"async\" width=\"181\" height=\"266\" src=\"https:\/\/buechertanz.de\/wp-content\/uploads\/2023\/05\/34-Die-Falkenbach-Saga-Das-Los-der-Maenner.jpg\" alt=\"\" class=\"wp-image-5110 size-full\"\/><\/figure><\/div>\n\n\n\n<p>_<\/p>\n\n\n\n<div class=\"wp-block-media-text alignwide\" style=\"grid-template-columns:25% auto\"><figure class=\"wp-block-media-text__media\"><img loading=\"lazy\" decoding=\"async\" width=\"339\" height=\"499\" src=\"https:\/\/buechertanz.de\/wp-content\/uploads\/2023\/05\/35-Die-Falkenbach-Saga-Die-Zeit-der-Tyrannen.jpg\" alt=\"\" class=\"wp-image-5111 size-full\" srcset=\"https:\/\/buechertanz.de\/wp-content\/uploads\/2023\/05\/35-Die-Falkenbach-Saga-Die-Zeit-der-Tyrannen.jpg 339w, https:\/\/buechertanz.de\/wp-content\/uploads\/2023\/05\/35-Die-Falkenbach-Saga-Die-Zeit-der-Tyrannen-204x300.jpg 204w\" sizes=\"auto, (max-width: 339px) 100vw, 339px\" \/><\/figure><div class=\"wp-block-media-text__content\">\n<ul class=\"wp-block-list\">\n<li class=\"has-small-font-size\">\u2026 mir direkt im Anschluss den siebten Band <strong>\u201eDie Falkenbach-Saga \u2013 Die Zeit der Tyrannen\u201c <\/strong>schnappen. Mit diesem packenden Teil endet nun vorerst eine Reihe und eine Reise, welche mich ab dem ersten Satz des ersten Teils mitgenommen hat.<br>Insgesamt 2.158 Seiten habe ich mit den von Falkenbachs und den Familien Lehmann verbracht &#8230; und ich sehne mich schon so sehr nach dem 24. Oktober 2023 &#8211; dann erscheint der achte Band dieser opulenten und mitrei\u00dfenden Familiensaga.<\/li>\n<\/ul>\n<\/div><\/div>\n\n\n\n<p>_<\/p>\n\n\n\n<div class=\"wp-block-media-text alignwide has-media-on-the-right\" style=\"grid-template-columns:auto 25%\"><div class=\"wp-block-media-text__content\">\n<ul class=\"wp-block-list\">\n<li class=\"has-small-font-size\">Zum Abschluss des Lesemonats wurde es kriminell: <strong><a href=\"https:\/\/buechertanz.de\/?p=5126\" target=\"_blank\" rel=\"noreferrer noopener\">\u201eWenn der Tod die Glocken l\u00e4utet\u201c<\/a> <\/strong>von Romina Angeli. Ein \u00e4u\u00dferst spannender Krimi, welcher mich von der ersten bis zur letzten Seite bestens unterhalten hat. Walli l\u00e4uft wieder einmal zur H\u00f6chstform auf und zusammen mit ihrer besten Freundin Friedl sorgt sie f\u00fcr viele heitere Momente in einer ansonsten doch sehr tragischen Geschichte. Sehr lesenswert!<\/li>\n<\/ul>\n<\/div><figure class=\"wp-block-media-text__media\"><img loading=\"lazy\" decoding=\"async\" width=\"470\" height=\"700\" src=\"https:\/\/buechertanz.de\/wp-content\/uploads\/2023\/05\/Wenn-der-Tod-die-Glocken-laeutet-Cover.webp\" alt=\"\" class=\"wp-image-5127 size-full\" srcset=\"https:\/\/buechertanz.de\/wp-content\/uploads\/2023\/05\/Wenn-der-Tod-die-Glocken-laeutet-Cover.webp 470w, https:\/\/buechertanz.de\/wp-content\/uploads\/2023\/05\/Wenn-der-Tod-die-Glocken-laeutet-Cover-201x300.webp 201w\" sizes=\"auto, (max-width: 470px) 100vw, 470px\" \/><\/figure><\/div>\n\n\n\n<p>_<\/p>\n\n\n\n<p class=\"has-small-font-size\">So, das war mein Lesemonat Mai, mit dem ich sehr zufrieden bin. Ich bedanke mich bei der Autorin Juliana Weinberg, beim Heyne Verlag, beim Rowohlt Verlag und bei HarperCollins Deutschland f\u00fcr die Bereitstellung und Zusendung der B\u00fccher als Rezensionsexemplare.<br>Ein gro\u00dfes Dankesch\u00f6n gilt an dieser Stelle allen Autoren und Autorinnen f\u00fcr eure gro\u00dfartigen Geschichten, welche mich wieder einmal bestens unterhalten haben und mir zeitgleich wieder so viel gelehrt haben.<\/p>\n\n\n\n<p class=\"has-small-font-size\">Liebe Gr\u00fc\u00dfe, eure<\/p>\n\n\n\n<figure class=\"wp-block-image size-large is-resized\"><img loading=\"lazy\" decoding=\"async\" width=\"1024\" height=\"404\" src=\"https:\/\/buechertanz.de\/wp-content\/uploads\/2022\/06\/Unterschrift-1024x404.jpg\" alt=\"\" class=\"wp-image-3355\" style=\"width:192px;height:76px\" srcset=\"https:\/\/buechertanz.de\/wp-content\/uploads\/2022\/06\/Unterschrift-1024x404.jpg 1024w, https:\/\/buechertanz.de\/wp-content\/uploads\/2022\/06\/Unterschrift-300x118.jpg 300w, https:\/\/buechertanz.de\/wp-content\/uploads\/2022\/06\/Unterschrift-768x303.jpg 768w, https:\/\/buechertanz.de\/wp-content\/uploads\/2022\/06\/Unterschrift.jpg 1500w\" sizes=\"auto, (max-width: 1024px) 100vw, 1024px\" \/><\/figure>\n","protected":false},"excerpt":{"rendered":"<p>Hier findet ihr die B\u00fccher, die ich im Mai 2023 gelesen habe \u2013 insgesamt sind es acht B\u00fccher mit 2.971 Seiten geworden. Es war ein sch\u00f6ner und vor allem abwechslungsreicher Lesemonat \u2013 viel historisches, aber auch ein Roman und ein Krimi gesellten sich hinzu.Falls es auf meinem Blog schon eine Rezension gibt, findet ihr diese, &hellip; <a href=\"https:\/\/buechertanz.de\/?page_id=5140\" class=\"more-link\"><span class=\"screen-reader-text\">Gelesen Mai 2023<\/span> weiterlesen<\/a><\/p>\n","protected":false},"author":2,"featured_media":0,"parent":0,"menu_order":0,"comment_status":"open","ping_status":"closed","template":"","meta":{"footnotes":""},"class_list":["post-5140","page","type-page","status-publish","hentry"],"_links":{"self":[{"href":"https:\/\/buechertanz.de\/index.php?rest_route=\/wp\/v2\/pages\/5140","targetHints":{"allow":["GET"]}}],"collection":[{"href":"https:\/\/buechertanz.de\/index.php?rest_route=\/wp\/v2\/pages"}],"about":[{"href":"https:\/\/buechertanz.de\/index.php?rest_route=\/wp\/v2\/types\/page"}],"author":[{"embeddable":true,"href":"https:\/\/buechertanz.de\/index.php?rest_route=\/wp\/v2\/users\/2"}],"replies":[{"embeddable":true,"href":"https:\/\/buechertanz.de\/index.php?rest_route=%2Fwp%2Fv2%2Fcomments&post=5140"}],"version-history":[{"count":8,"href":"https:\/\/buechertanz.de\/index.php?rest_route=\/wp\/v2\/pages\/5140\/revisions"}],"predecessor-version":[{"id":6540,"href":"https:\/\/buechertanz.de\/index.php?rest_route=\/wp\/v2\/pages\/5140\/revisions\/6540"}],"wp:attachment":[{"href":"https:\/\/buechertanz.de\/index.php?rest_route=%2Fwp%2Fv2%2Fmedia&parent=5140"}],"curies":[{"name":"wp","href":"https:\/\/api.w.org\/{rel}","templated":true}]}}