{"id":5252,"date":"2023-06-26T08:15:38","date_gmt":"2023-06-26T07:15:38","guid":{"rendered":"https:\/\/buechertanz.de\/?page_id=5252"},"modified":"2024-04-04T13:37:59","modified_gmt":"2024-04-04T12:37:59","slug":"interviews-2","status":"publish","type":"page","link":"https:\/\/buechertanz.de\/?page_id=5252","title":{"rendered":"Interviews"},"content":{"rendered":"\n<p class=\"has-drop-cap has-small-font-size\">Seit M\u00e4rz 2023 gibt es dieses neue Angebot auf meinem Blog:<br>Autoren und Autorinnen haben die M\u00f6glichkeit sich mit einem Interview hier vorzustellen und Leser und Leserinnen damit einen Einblick in ihr Schreib-Leben und ihre B\u00fccher zu geben.<br>Falls ihr Autorin oder Autor seid und Interesse an einem Interview habt, schreibt mir gerne eine Mail an: <a rel=\"noreferrer noopener\" href=\"mailto:christina@buechertanz.de\" target=\"_blank\">christina@buechertanz.de<\/a> oder meldet euch auf den Sozialen Medien per PN. <br>Die Fragen schicke ich per Mail raus &#8211; ihr beantwortet sie ganz in Ruhe schriftlich zuhause und schickt mir die Antworten zur\u00fcck.  <\/p>\n\n\n\n<p class=\"has-small-font-size\">Diese Interviews gibt es bereits:<\/p>\n\n\n\n<ul class=\"wp-block-list\">\n<li class=\"has-small-font-size\"><a href=\"https:\/\/buechertanz.de\/?page_id=7127\" target=\"_blank\" rel=\"noreferrer noopener\">Bettina Pecha (April 2024)<\/a><\/li>\n\n\n\n<li class=\"has-small-font-size\"><a href=\"https:\/\/buechertanz.de\/?page_id=6805\" target=\"_blank\" rel=\"noreferrer noopener\">Susanne Esser\/ Susanne Kriesmer (Februar 2024)<\/a><\/li>\n\n\n\n<li class=\"has-small-font-size\"><a href=\"https:\/\/buechertanz.de\/?page_id=6546\" target=\"_blank\" rel=\"noreferrer noopener\">Maria W. Peter\/ Marie Pierre (Dezember 2023)<\/a><\/li>\n\n\n\n<li class=\"has-small-font-size\"><a href=\"https:\/\/buechertanz.de\/?page_id=5974\" target=\"_blank\" rel=\"noreferrer noopener\">Michael Paul (September 2023)<\/a><\/li>\n\n\n\n<li class=\"has-small-font-size\"><a rel=\"noreferrer noopener\" href=\"https:\/\/buechertanz.de\/?page_id=5766\" target=\"_blank\">Maria Nikolai (August 2023)<\/a><\/li>\n\n\n\n<li class=\"has-small-font-size\"><a rel=\"noreferrer noopener\" href=\"https:\/\/buechertanz.de\/?page_id=5451\" target=\"_blank\">Virginia Anemona (Juli 2023)<\/a><\/li>\n\n\n\n<li class=\"has-small-font-size\"><a rel=\"noreferrer noopener\" href=\"https:\/\/buechertanz.de\/?page_id=5407\" target=\"_blank\">Silke Elzner (Juli 2023)<\/a><\/li>\n\n\n\n<li class=\"has-small-font-size\"><a rel=\"noreferrer noopener\" href=\"https:\/\/buechertanz.de\/?page_id=5333\" target=\"_blank\">Mina K\u00f6nig\/ Emily Walton (Juli 2023)<\/a><\/li>\n\n\n\n<li class=\"has-small-font-size\"><a rel=\"noreferrer noopener\" href=\"https:\/\/buechertanz.de\/?page_id=5257\" target=\"_blank\">Kristina Herzog (Juni 2023)<\/a><\/li>\n\n\n\n<li class=\"has-small-font-size\"><a href=\"https:\/\/buechertanz.de\/?page_id=5264\" target=\"_blank\" rel=\"noreferrer noopener\">Petra Durst-Benning (M\u00e4rz 2023)<\/a><\/li>\n<\/ul>\n\n\n\n<p class=\"has-small-font-size\">Viel Spa\u00df und liebe Gr\u00fc\u00dfe,<\/p>\n\n\n\n<figure class=\"wp-block-image size-large is-resized\"><img loading=\"lazy\" decoding=\"async\" width=\"1024\" height=\"404\" src=\"https:\/\/buechertanz.de\/wp-content\/uploads\/2023\/06\/Unterschrift-1024x404.jpg\" alt=\"\" class=\"wp-image-5276\" style=\"width:193px;height:76px\" srcset=\"https:\/\/buechertanz.de\/wp-content\/uploads\/2023\/06\/Unterschrift-1024x404.jpg 1024w, https:\/\/buechertanz.de\/wp-content\/uploads\/2023\/06\/Unterschrift-300x118.jpg 300w, https:\/\/buechertanz.de\/wp-content\/uploads\/2023\/06\/Unterschrift-768x303.jpg 768w, https:\/\/buechertanz.de\/wp-content\/uploads\/2023\/06\/Unterschrift.jpg 1500w\" sizes=\"auto, (max-width: 1024px) 100vw, 1024px\" \/><\/figure>\n\n\n<div class=\"wp-block-image is-style-rounded\">\n<figure class=\"aligncenter size-full is-resized\"><img loading=\"lazy\" decoding=\"async\" width=\"264\" height=\"305\" src=\"https:\/\/buechertanz.de\/wp-content\/uploads\/2023\/06\/Blume.png\" alt=\"\" class=\"wp-image-5274\" style=\"width:66px;height:76px\" srcset=\"https:\/\/buechertanz.de\/wp-content\/uploads\/2023\/06\/Blume.png 264w, https:\/\/buechertanz.de\/wp-content\/uploads\/2023\/06\/Blume-260x300.png 260w\" sizes=\"auto, (max-width: 264px) 100vw, 264px\" \/><\/figure><\/div>","protected":false},"excerpt":{"rendered":"<p>Seit M\u00e4rz 2023 gibt es dieses neue Angebot auf meinem Blog:Autoren und Autorinnen haben die M\u00f6glichkeit sich mit einem Interview hier vorzustellen und Leser und Leserinnen damit einen Einblick in ihr Schreib-Leben und ihre B\u00fccher zu geben.Falls ihr Autorin oder Autor seid und Interesse an einem Interview habt, schreibt mir gerne eine Mail an: christina@buechertanz.de &hellip; <a href=\"https:\/\/buechertanz.de\/?page_id=5252\" class=\"more-link\"><span class=\"screen-reader-text\">Interviews<\/span> weiterlesen<\/a><\/p>\n","protected":false},"author":2,"featured_media":0,"parent":0,"menu_order":0,"comment_status":"open","ping_status":"closed","template":"","meta":{"footnotes":""},"class_list":["post-5252","page","type-page","status-publish","hentry"],"_links":{"self":[{"href":"https:\/\/buechertanz.de\/index.php?rest_route=\/wp\/v2\/pages\/5252","targetHints":{"allow":["GET"]}}],"collection":[{"href":"https:\/\/buechertanz.de\/index.php?rest_route=\/wp\/v2\/pages"}],"about":[{"href":"https:\/\/buechertanz.de\/index.php?rest_route=\/wp\/v2\/types\/page"}],"author":[{"embeddable":true,"href":"https:\/\/buechertanz.de\/index.php?rest_route=\/wp\/v2\/users\/2"}],"replies":[{"embeddable":true,"href":"https:\/\/buechertanz.de\/index.php?rest_route=%2Fwp%2Fv2%2Fcomments&post=5252"}],"version-history":[{"count":14,"href":"https:\/\/buechertanz.de\/index.php?rest_route=\/wp\/v2\/pages\/5252\/revisions"}],"predecessor-version":[{"id":7144,"href":"https:\/\/buechertanz.de\/index.php?rest_route=\/wp\/v2\/pages\/5252\/revisions\/7144"}],"wp:attachment":[{"href":"https:\/\/buechertanz.de\/index.php?rest_route=%2Fwp%2Fv2%2Fmedia&parent=5252"}],"curies":[{"name":"wp","href":"https:\/\/api.w.org\/{rel}","templated":true}]}}