{"id":5257,"date":"2023-06-26T08:17:54","date_gmt":"2023-06-26T07:17:54","guid":{"rendered":"https:\/\/buechertanz.de\/?page_id=5257"},"modified":"2023-06-26T09:43:06","modified_gmt":"2023-06-26T08:43:06","slug":"kristina-herzog","status":"publish","type":"page","link":"https:\/\/buechertanz.de\/?page_id=5257","title":{"rendered":"Kristina Herzog"},"content":{"rendered":"\n<ul class=\"wp-block-list\">\n<li><strong>Zur Autorin:<\/strong><\/li>\n<\/ul>\n\n\n\n<p class=\"has-drop-cap has-small-font-size\">Die Autorin Kristina Herzog wurde am 21. Juni 1972 in Berlin geboren. Sie studierte Rechtswissenschaften in Berlin und Heidelberg, sowie Mediation an der Fernuniversit\u00e4t Hagen.<br>Neben ihrem Rechtsreferendariat, welches sie am Landgericht in Berlin absolvierte, machte Kristina Herzog einen Abschluss an einer Schreibschule. <br>Sie wollte weg von den als trocken verschrienen Gesetzestexten und hin zu ihren eigenen Storys. <br>Zitat von ihrer Homepage:<em> &#8222;Sie sollten etwas ganz Eigenes haben, etwas, das den Leser hineinrei\u00dft in eine andere Welt, das Spannung verspricht und W\u00e4rme, das die Abgr\u00fcnde und Freuden des Lebens zeigt und das einfach gut unterh\u00e4lt.&#8220;<\/em><br>Heute konzentriert sie sich ganz aufs Schreiben und hat sich auf historische Romane, Krimis und andere Geschichten spezialisiert. Ihre Kurzgeschichte &#8222;Weit drau\u00dfen&#8220; wurde im Jahr 2011 f\u00fcr den &#8218;NordMordAward&#8216; nominiert, \u201eSchlaf Lubo\u201c f\u00fcr den Candela-Kurzgeschichtenpreis.<br>2013 erschien ihr erster Thriller &#8222;F\u00fchrers Verm\u00e4chtnis&#8220; im Bookshouse-Verlag, 2015 der Krimi \u201eAbschiedskonzert\u201c im Edition Oberkassel-Verlag. 2018 erschienen im Piper Verlag die Fortsetzungen zu \u201eAbschiedskonzert\u201c, die Krimis \u201eHaremsblut\u201c und \u201eIn t\u00f6dlicher Gesellschaft\u201c.<br>Im Jahr 2022 erschien bei Tinte&amp;Feder der Auftakt einer Familiensaga: &#8222;Was der Morgen verspricht &#8211; Die Sternberg-Saga. Im selben Verlag erschien im selben Jahr der zweite Band &#8222;Was die Hoffnung bringt&#8220;. Der dritte Band der Saga ist im Juni 2023 erschienen und liegt im Selbstverlag vor. <\/p>\n\n\n\n<p class=\"has-small-font-size\">Homepage: <a href=\"https:\/\/www.kristinaherzog.de\" target=\"_blank\" rel=\"noreferrer noopener\">https:\/\/www.kristinaherzog.de<\/a><\/p>\n\n\n<div class=\"wp-block-image is-style-rounded\">\n<figure class=\"aligncenter size-full is-resized\"><img loading=\"lazy\" decoding=\"async\" src=\"https:\/\/buechertanz.de\/wp-content\/uploads\/2023\/06\/Blume.png\" alt=\"\" class=\"wp-image-5274\" width=\"66\" height=\"76\" srcset=\"https:\/\/buechertanz.de\/wp-content\/uploads\/2023\/06\/Blume.png 264w, https:\/\/buechertanz.de\/wp-content\/uploads\/2023\/06\/Blume-260x300.png 260w\" sizes=\"auto, (max-width: 66px) 100vw, 66px\" \/><\/figure><\/div>\n\n\n<ul class=\"wp-block-list\">\n<li><strong>Interview:<\/strong><\/li>\n<\/ul>\n\n\n\n<p class=\"has-drop-cap has-small-font-size\">Im Juni 2023 durfte ich Kristina Herzog zu ihrem gerade erschienen Buch einige Fragen stellen, welche sie freundlicherweise beantwortet hat &#8211; herzlichen Dank daf\u00fcr. <br>Ich w\u00fcnsche euch ganz viel Spa\u00df mit diesem Interview. Beachtet aber bitte, dass das Copyright des verwendeten Fotos ausschlie\u00dflich bei Kristina Herzog liegt \u2013 jegliche weitere Nutzung ist untersagt. Noch ein Hinweis: Da wir Beide schon sehr lange in Kontakt stehen, nutzen wir in diesem Interview das &#8218;Du&#8216;. <\/p>\n\n\n<div class=\"wp-block-image is-style-rounded\">\n<figure class=\"aligncenter size-large is-resized\"><img loading=\"lazy\" decoding=\"async\" src=\"https:\/\/buechertanz.de\/wp-content\/uploads\/2023\/06\/Kristina_2388_klein_-726x1024.jpg\" alt=\"\" class=\"wp-image-5275\" width=\"363\" height=\"512\" srcset=\"https:\/\/buechertanz.de\/wp-content\/uploads\/2023\/06\/Kristina_2388_klein_-726x1024.jpg 726w, https:\/\/buechertanz.de\/wp-content\/uploads\/2023\/06\/Kristina_2388_klein_-213x300.jpg 213w, https:\/\/buechertanz.de\/wp-content\/uploads\/2023\/06\/Kristina_2388_klein_-768x1083.jpg 768w, https:\/\/buechertanz.de\/wp-content\/uploads\/2023\/06\/Kristina_2388_klein_-1089x1536.jpg 1089w, https:\/\/buechertanz.de\/wp-content\/uploads\/2023\/06\/Kristina_2388_klein_-1452x2048.jpg 1452w, https:\/\/buechertanz.de\/wp-content\/uploads\/2023\/06\/Kristina_2388_klein_-scaled.jpg 1815w\" sizes=\"auto, (max-width: 363px) 100vw, 363px\" \/><\/figure><\/div>\n\n\n<p class=\"has-text-align-center\" style=\"font-size:11px\">(c) Foto by Robert Recker<\/p>\n\n\n\n<p class=\"has-small-font-size\"><strong>01. Hallo liebe Kristina, ich danke dir, dass du dir die Zeit f\u00fcr dieses Interview nimmst und uns damit spannende Einblicke in deine Buchreihe \u201eDie Sternberg-Saga\u201c und dein Autorinnen-Leben gibst.<br>Wie kam es dazu, dass du eine Familiensaga geschrieben hast?<\/strong><\/p>\n\n\n\n<p class=\"has-small-font-size\">Kristina: <em>&#8222;Zun\u00e4chst mal vielen Dank f\u00fcr deine Fragen. Und warum eine Familiensaga? Nun, ich habe schon immer gerne selbst dieses Genre gelesen. Da lag es irgendwie auf der Hand, dass ich auch als Autorin irgendwann mal dort lande. Und ich muss sagen: Es macht mir wirklich viel Spa\u00df, eine Familie \u00fcber l\u00e4ngere Zeit zu begleiten.&#8220;<\/em><\/p>\n\n\n\n<p class=\"has-small-font-size\"><strong>02. <\/strong><strong>Wie sieht dein Schreib-Alltag\/ deine Schreib-Routine aus?<\/strong><\/p>\n\n\n\n<p class=\"has-small-font-size\">Kristina: <em>&#8222;Das ist nat\u00fcrlich unterschiedlich je nach Stadium, in dem der Roman gerade ist. Ob ich noch beim Plotten bin, beim Schreiben der Rohfassung oder beim \u00dcberarbeiten. Aber grunds\u00e4tzlich beginne ich so fr\u00fch wie m\u00f6glich und schreibe mit Pausen, denn irgendjemand muss ja zum Beispiel Mittagessen kochen, bis zum Nachmittag. Ich geh\u00f6re zu den Planern und wei\u00df meist ganz genau, was ich an diesem Tag zu Papier bringen m\u00f6chte, und wenn nichts Unvorhergesehenes dazwischen kommt, ziehe ich das f\u00fcr gew\u00f6hnlich auch durch.&#8220;<\/em><br><\/p>\n\n\n\n<p class=\"has-small-font-size\"><strong>03. Wie bist du bei der Recherche zu deinen B\u00fcchern vorgegangen? Welche Recherchemittel standen dir zur Verf\u00fcgung? Warst du auch an den Orten deiner Geschichten?<\/strong><\/p>\n\n\n\n<p class=\"has-small-font-size\">Kristina: <em>&#8222;Ich lese viel. Ob im Internet oder B\u00fccher und Zeitschriften. Es ist mir wichtig, dass meine B\u00fccher ein m\u00f6glichst genaues Bild der damaligen Situation wiedergeben. Und daf\u00fcr ist vorherige Recherche notwendig, aber auch, wenn mir beim Schreiben Fragen kommen, die f\u00fcr die Ausschm\u00fcckung der Atmosph\u00e4re von Bedeutung sein k\u00f6nnten, wie zum Beispiel die damalige Kleidung oder typisches Essen. An manchen Orten war ich auch bereits, andere habe ich mir quasi erarbeitet. Da helfen Bilder, Zeitzeugenberichte, wissenschaftliche Arbeiten und vieles mehr.&#8220;<\/em><br><\/p>\n\n\n\n<p class=\"has-small-font-size\"><strong>04. Wie bist du bei der Planung und beim Schreiben deiner B\u00fccher vorgegangen? War es schwierig, den \u00dcberblick \u00fcber all die Figuren und ihre Hintergr\u00fcnde zu behalten?<\/strong> <\/p>\n\n\n\n<p class=\"has-small-font-size\">Kristina: <em>&#8222;Ich beginne damit, mir recht akribische Aufzeichnungen \u00fcber jeden Charakter zu machen. Wichtig sind dabei nicht nur sein Aussehen, sondern auch seine Vorlieben, Abneigungen, seine Wunden und vieles mehr. Erst, wenn ich den jeweiligen Charakter wirklich gut vor Augen habe, beginne ich mit dem eigentlichen Plotten. Denn nur dann kann ich mich wirklich in den Charakter hineinversetzen und wissen, wie er sich in der Situation, in der er sich gerade befindet, verhalten w\u00fcrde. Dann stelle ich die Charaktere vor Herausforderungen. Dabei spiele ich verschiedene M\u00f6glichkeiten durch, bis es passt. Wenn es soweit ist, muss alles verbunden und verquickt werden und dann schreibe ich schlie\u00dflich meine Szenenkarten, bevor es an die eigentliche Rohfassung des Buchs geht. Durch diese Vorgehensweise fiel es mir auch nicht sonderlich schwer, die Hintergr\u00fcnde der Figuren im Auge zu behalten. Und wenn mir doch mal eine Kleinigkeit entfallen ist, musste ich einfach den Planungsordner \u00f6ffnen und den Charakterbogen inspizieren.&#8220;<\/em><\/p>\n\n\n\n<div class=\"wp-block-media-text alignwide is-vertically-aligned-center\"><figure class=\"wp-block-media-text__media\"><img loading=\"lazy\" decoding=\"async\" width=\"1024\" height=\"1021\" src=\"https:\/\/buechertanz.de\/wp-content\/uploads\/2023\/06\/Was-das-Herz-ertraeumt_01_komp-1024x1021.jpg\" alt=\"\" class=\"wp-image-5222 size-full\" srcset=\"https:\/\/buechertanz.de\/wp-content\/uploads\/2023\/06\/Was-das-Herz-ertraeumt_01_komp-1024x1021.jpg 1024w, https:\/\/buechertanz.de\/wp-content\/uploads\/2023\/06\/Was-das-Herz-ertraeumt_01_komp-300x300.jpg 300w, https:\/\/buechertanz.de\/wp-content\/uploads\/2023\/06\/Was-das-Herz-ertraeumt_01_komp-150x150.jpg 150w, https:\/\/buechertanz.de\/wp-content\/uploads\/2023\/06\/Was-das-Herz-ertraeumt_01_komp-768x766.jpg 768w, https:\/\/buechertanz.de\/wp-content\/uploads\/2023\/06\/Was-das-Herz-ertraeumt_01_komp-1536x1531.jpg 1536w, https:\/\/buechertanz.de\/wp-content\/uploads\/2023\/06\/Was-das-Herz-ertraeumt_01_komp-2048x2041.jpg 2048w\" sizes=\"auto, (max-width: 1024px) 100vw, 1024px\" \/><\/figure><div class=\"wp-block-media-text__content\">\n<p class=\"has-small-font-size\"><strong>05. In deiner Buchreihe spielen viele fiktive Figuren mit. Gibt es f\u00fcr einige von ihnen auch historische\/ reale Vorbilder?<\/strong><\/p>\n\n\n\n<p class=\"has-small-font-size\"><em>Kristina: &#8222;Nat\u00fcrlich spiele Eindr\u00fccke von realen Figuren eine Rolle. Hannah zum Beispiel war eine der ersten Medizinstudentinnen. Bevor ich sie entwickelt habe, habe ich diverse Lebensl\u00e4ufe echter Medizinerinnen jener Zeit angesehen und einige Z\u00fcge haben sicherlich auch Hannahs Charakter beeinflusst. Oder die Geschichten \u00fcber das Schicksal vieler Juden zur Zeit vor dem zweiten Weltkrieg haben mich definitiv ebenfalls gelenkt, denn schlie\u00dflich sollte die Geschichte so authentisch wie m\u00f6glich sein. Trotzdem habe ich bewusst die Entscheidung getroffen, f\u00fcr die Sternberg-Saga nur fiktive Charaktere zu nehmen.&#8220;<\/em><\/p>\n<\/div><\/div>\n\n\n\n<p class=\"has-small-font-size\"><strong>06. Hast du eine Lieblingsfigur unter deinen vielen unterschiedlichen Charakteren? Wenn ja, wen und warum?<\/strong><\/p>\n\n\n\n<p class=\"has-small-font-size\">Kristina: <em>&#8222;Offengestanden sind sie mir alle ziemlich ans Herz gewachsen. Jeder auf seine Art. Wir haben gemeinsam viel Zeit miteinander verbracht, dadurch kenne ich sie mittlerweile wirklich gut. Und es w\u00fcrde mir ungerecht erscheinen, einen vorzuziehen. Das ist wie bei den eigenen Kindern. Da will man ja auch nicht eines vor den anderen bevorzugen.&#8220;<\/em><br><\/p>\n\n\n\n<p class=\"has-small-font-size\"><strong>07. Im dritten Band deiner \u201eSternberg-Saga\u201c stehen Vertreibung, Flucht einer j\u00fcdischen Familie und deren Neuanfang im Ausland im Mittelpunkt. Das sind Themen, \u00fcber welche man wenig liest und die oft nur am Rande eine Rolle spielen. Wie wichtig war es dir, diese Thematik zu einem zentralen Punkt in deiner Geschichte zu machen? Wie sind die R\u00fcckmeldungen dazu?<\/strong><\/p>\n\n\n\n<p class=\"has-small-font-size\">Kristina: <em>&#8222;Es war mir wichtig, darzustellen, wie es nach einer gegl\u00fcckten Flucht weitergehen k\u00f6nnte. F\u00fcr gew\u00f6hnlich liest man nur, dass einer Familie die Flucht gelang und dann lebten sie gl\u00fccklich und zufrieden bis ans Ende ihrer Tage. Doch das halte ich f\u00fcr recht unwahrscheinlich, denn schlie\u00dflich l\u00e4sst man all die Verletzungen, Menschen und Wunden, die einem im Vorfeld passiert sind, nicht einfach zu Hause und alles ist fortan Friede, Freude und Eierkuchen. Es ist doch eher so, dass man sich auch danach noch mit diesen Dingen auseinandersetzen und seinen Platz in dem neuen Umfeld suchen muss. Das ist heute oft nicht einfach, aber unter den Umst\u00e4nden einer quasi erzwungenen Flucht wohl noch viel weniger. Die R\u00fcckmeldungen sind bisher recht positiv dazu.&#8220;<\/em><\/p>\n\n\n\n<p class=\"has-small-font-size\"><strong>08. Gibt es eine Szene in deiner Buchreihe, welche dir besonders am Herzen liegt? Wenn ja, welche und warum?<\/strong><\/p>\n\n\n\n<p class=\"has-small-font-size\">Kristina: <em>&#8222;Na ja, im Herzen bin ich eine Romantikerin, daher mag ich nat\u00fcrlich besonders gerne all die Szenen, in denen zwei Herzen zueinander oder die Charaktere zu sich selbst finden. Im ersten Buch zum Beispiel Hannah und Daniel. Aber dort mochte ich es auch, als Alma und Hannah eine enge Freundschaft kn\u00fcpften. Im zweiten Buch sind es Lucie und Paul und im dritten gefielen mir besonders die Szenen, in denen den Figuren bewusst wurde, wer sie sind oder was sie eigentlich brauchen. Diese Aha-Momenten liebe ich immer. Du siehst, es ist schwer, das Ganze auf eine einzige Szene zusammenzudampfen.&#8220;<\/em><br><\/p>\n\n\n\n<p class=\"has-small-font-size\"><strong>09. Die ersten B\u00e4nde der \u201aSternberg-Saga\u2018 sind im Verlag Tinte&amp;Feder erschienen. Der dritte Band liegt nun im Selbstverlag vor. Wie und warum kam es zu diesem Neuanfang?<\/strong><\/p>\n\n\n\n<p class=\"has-small-font-size\">Kristina: <em>&#8222;Der Verlag wollte die Reihe nicht fortf\u00fchren. Ich schon. Ich hatte das Gef\u00fchl, dass die Geschichte weitererz\u00e4hlt werden m\u00fcsste. Und da ich schon l\u00e4nger mal probieren wollte, wie es so ist, ein Buch selbst herauszubringen, habe ich kurzerhand einen sechsw\u00f6chigen Kurs zum Selfpublishing gemacht und dann losgelegt. Es ist ein steiniges Unterfangen, wenn man so etwas zum ersten Mal macht, aber auch ein tolles Gef\u00fchl, alle F\u00e4den allein in der Hand zu halten und die Entscheidungen selbst zu treffen, vom Cover \u00fcbers Lektorat und den Erscheinungstag.&#8220;<\/em><br><\/p>\n\n\n\n<p class=\"has-small-font-size\"><strong>10. Welche Unterschiede erlebst du als Selfpublisherin im Gegensatz zur Verlagsautorin?<\/strong><\/p>\n\n\n\n<p class=\"has-small-font-size\">Kristina:<em> &#8222;Ich trage die ganzen Entscheidungen und die Kosten, die im Vorfeld entstehen allein. Das ist nat\u00fcrlich ein gewisses Risiko, weil ich zwar schon mehrere B\u00fccher \u00fcber Verlage ver\u00f6ffentlicht habe, aber mir bei einigen Dingen einfach die Erfahrung fehlte, die Verlage schon haben. Und ich kann als Einzelperson nicht so viele Leser erreichen, wie es ein Verlag kann. Diese Reichweite habe ich nicht und nat\u00fcrlich sehe ich das auch an den Verkaufszahlen. Aber ich bin zuversichtlich, dass auch Was das Herz ertr\u00e4umt den Weg zu interessierten Lesern finden wird.&#8220;<\/em><br><\/p>\n\n\n\n<p class=\"has-small-font-size\"><strong>11. Trotz hoher Druckkosten ist auch der dritte Band als Taschenbuch erschienen (wof\u00fcr ich pers\u00f6nlich so dankbar bin). Warum hast du dich f\u00fcr den Druck entschieden und hast nicht einfach nur das eBook heraus gegeben?<\/strong><\/p>\n\n\n\n<p class=\"has-small-font-size\">Kristina: <em>&#8222;Das w\u00e4re nat\u00fcrlich so viel einfacher gewesen. Allerdings gibt es noch immer sehr viele Leser, vor allem im deutschsprachigen Raum, die es bevorzugen, Prints zu lesen. Ich muss zugeben, dass ich es auch ein wenig lieber habe, auch wenn die Vorteile von eBooks nicht von der Hand zu weisen sind. Aber vor allem bei den Leserunden f\u00e4llt mir immer auf, wie viele das Lesen am Reader rundweg ablehen und auf ein Taschenbuch Wert legen.&#8220; <\/em><\/p>\n\n\n\n<div class=\"wp-block-media-text alignwide has-media-on-the-right\"><div class=\"wp-block-media-text__content\">\n<p class=\"has-small-font-size\"><strong>12. Ich hatte am Ende des dritten Bandes durchaus den Eindruck, dass die Familiengeschichte der Sternbergs noch weiter fortgesetzt werden kann. Gibt es daf\u00fcr von deiner Seite aus Pl\u00e4ne?<\/strong><\/p>\n\n\n\n<p class=\"has-small-font-size\">Kristina: <em>&#8222;Tja, ich h\u00e4tte schon Ideen, wie es weitergehen k\u00f6nnte. Vor allem Ariels Geschichte k\u00f6nnte noch ein wenig Ausfeilung vertragen, wie ich finde. Aber nat\u00fcrlich ist das davon abh\u00e4ngig, wie dieses Buch jetzt bei den Lesern ankommt und ob ich es schaffe, meine Ausgaben wieder einzuspielen.&#8220;<\/em><\/p>\n<\/div><figure class=\"wp-block-media-text__media\"><img loading=\"lazy\" decoding=\"async\" width=\"1024\" height=\"1021\" src=\"https:\/\/buechertanz.de\/wp-content\/uploads\/2023\/06\/Was-das-Herz-ertraeumt_02_komp-1024x1021.jpg\" alt=\"\" class=\"wp-image-5223 size-full\" srcset=\"https:\/\/buechertanz.de\/wp-content\/uploads\/2023\/06\/Was-das-Herz-ertraeumt_02_komp-1024x1021.jpg 1024w, https:\/\/buechertanz.de\/wp-content\/uploads\/2023\/06\/Was-das-Herz-ertraeumt_02_komp-300x300.jpg 300w, https:\/\/buechertanz.de\/wp-content\/uploads\/2023\/06\/Was-das-Herz-ertraeumt_02_komp-150x150.jpg 150w, https:\/\/buechertanz.de\/wp-content\/uploads\/2023\/06\/Was-das-Herz-ertraeumt_02_komp-768x766.jpg 768w, https:\/\/buechertanz.de\/wp-content\/uploads\/2023\/06\/Was-das-Herz-ertraeumt_02_komp-1536x1531.jpg 1536w, https:\/\/buechertanz.de\/wp-content\/uploads\/2023\/06\/Was-das-Herz-ertraeumt_02_komp-2048x2041.jpg 2048w\" sizes=\"auto, (max-width: 1024px) 100vw, 1024px\" \/><\/figure><\/div>\n\n\n\n<p class=\"has-small-font-size\"><strong>13. Was liest du gerne zu deinem Vergn\u00fcgen?<\/strong><\/p>\n\n\n\n<p class=\"has-small-font-size\">Kristina: <em>&#8222;Ich liebe nat\u00fcrlich Familiensagas. Allerdings mag ich auch Cosy Crimes, Romane, Sachb\u00fccher und generell historisches. Mein Geschmack ist recht bunt. Nur Fantasy und Blutiges sind nicht meins. Aber ansonsten bin ich in der Hinsicht f\u00fcr Vieles zu haben. Ein Leben ohne Lesen k\u00f6nnte ich mir nicht vorstellen.&#8220;<\/em><br><\/p>\n\n\n\n<p class=\"has-small-font-size\">Vielen Dank f\u00fcr die sehr interessanten Einblicke und alles Liebe und Gute f\u00fcr dich und dein neues Buch.<\/p>\n\n\n\n<p class=\"has-small-font-size\">Liebe Gr\u00fc\u00dfe,<\/p>\n\n\n\n<div class=\"wp-block-media-text alignwide is-stacked-on-mobile\" style=\"grid-template-columns:20% auto\"><figure class=\"wp-block-media-text__media\"><img loading=\"lazy\" decoding=\"async\" width=\"1024\" height=\"404\" src=\"https:\/\/buechertanz.de\/wp-content\/uploads\/2023\/06\/Unterschrift-1024x404.jpg\" alt=\"\" class=\"wp-image-5276 size-full\" srcset=\"https:\/\/buechertanz.de\/wp-content\/uploads\/2023\/06\/Unterschrift-1024x404.jpg 1024w, https:\/\/buechertanz.de\/wp-content\/uploads\/2023\/06\/Unterschrift-300x118.jpg 300w, https:\/\/buechertanz.de\/wp-content\/uploads\/2023\/06\/Unterschrift-768x303.jpg 768w, https:\/\/buechertanz.de\/wp-content\/uploads\/2023\/06\/Unterschrift.jpg 1500w\" sizes=\"auto, (max-width: 1024px) 100vw, 1024px\" \/><\/figure><div class=\"wp-block-media-text__content\">\n<p><\/p>\n<\/div><\/div>\n\n\n<div class=\"wp-block-image is-style-rounded\">\n<figure class=\"aligncenter size-full is-resized\"><img loading=\"lazy\" decoding=\"async\" src=\"https:\/\/buechertanz.de\/wp-content\/uploads\/2023\/06\/Blume.png\" alt=\"\" class=\"wp-image-5274\" width=\"46\" height=\"53\" srcset=\"https:\/\/buechertanz.de\/wp-content\/uploads\/2023\/06\/Blume.png 264w, https:\/\/buechertanz.de\/wp-content\/uploads\/2023\/06\/Blume-260x300.png 260w\" sizes=\"auto, (max-width: 46px) 100vw, 46px\" \/><\/figure><\/div>","protected":false},"excerpt":{"rendered":"<p>Die Autorin Kristina Herzog wurde am 21. Juni 1972 in Berlin geboren. Sie studierte Rechtswissenschaften in Berlin und Heidelberg, sowie Mediation an der Fernuniversit\u00e4t Hagen.Neben ihrem Rechtsreferendariat, welches sie am Landgericht in Berlin absolvierte, machte Kristina Herzog einen Abschluss an einer Schreibschule. Sie wollte weg von den als trocken verschrienen Gesetzestexten und hin zu ihren &hellip; <a href=\"https:\/\/buechertanz.de\/?page_id=5257\" class=\"more-link\"><span class=\"screen-reader-text\">Kristina Herzog<\/span> weiterlesen<\/a><\/p>\n","protected":false},"author":2,"featured_media":0,"parent":0,"menu_order":0,"comment_status":"open","ping_status":"closed","template":"","meta":{"footnotes":""},"class_list":["post-5257","page","type-page","status-publish","hentry"],"_links":{"self":[{"href":"https:\/\/buechertanz.de\/index.php?rest_route=\/wp\/v2\/pages\/5257","targetHints":{"allow":["GET"]}}],"collection":[{"href":"https:\/\/buechertanz.de\/index.php?rest_route=\/wp\/v2\/pages"}],"about":[{"href":"https:\/\/buechertanz.de\/index.php?rest_route=\/wp\/v2\/types\/page"}],"author":[{"embeddable":true,"href":"https:\/\/buechertanz.de\/index.php?rest_route=\/wp\/v2\/users\/2"}],"replies":[{"embeddable":true,"href":"https:\/\/buechertanz.de\/index.php?rest_route=%2Fwp%2Fv2%2Fcomments&post=5257"}],"version-history":[{"count":5,"href":"https:\/\/buechertanz.de\/index.php?rest_route=\/wp\/v2\/pages\/5257\/revisions"}],"predecessor-version":[{"id":5285,"href":"https:\/\/buechertanz.de\/index.php?rest_route=\/wp\/v2\/pages\/5257\/revisions\/5285"}],"wp:attachment":[{"href":"https:\/\/buechertanz.de\/index.php?rest_route=%2Fwp%2Fv2%2Fmedia&parent=5257"}],"curies":[{"name":"wp","href":"https:\/\/api.w.org\/{rel}","templated":true}]}}