{"id":5289,"date":"2023-06-29T07:03:10","date_gmt":"2023-06-29T06:03:10","guid":{"rendered":"https:\/\/buechertanz.de\/?page_id=5289"},"modified":"2023-12-16T10:00:30","modified_gmt":"2023-12-16T09:00:30","slug":"gelesen-juni-2023","status":"publish","type":"page","link":"https:\/\/buechertanz.de\/?page_id=5289","title":{"rendered":"Gelesen Juni 2023"},"content":{"rendered":"\n<p class=\"has-drop-cap has-small-font-size\">Hier findet ihr die B\u00fccher, die ich im <strong>Juni 2023 <\/strong>gelesen habe \u2013 insgesamt sind es <strong>sechs B\u00fccher <\/strong>mit<strong> 2.988 Seiten <\/strong>geworden. Es war ein sch\u00f6ner Lesemonat, welcher ganz im Zeichen des Historischen Romans und der Rezensionsexemplare stand.<br>Meine ausf\u00fchrlichen Rezensionen zu den B\u00fcchern findet ihr, wenn ihr auf den Buchtitel klickt. Viel Spa\u00df beim Schm\u00f6kern.<\/p>\n\n\n<div class=\"wp-block-image is-resized\">\n<figure class=\"aligncenter size-large\"><img loading=\"lazy\" decoding=\"async\" width=\"1024\" height=\"1021\" src=\"https:\/\/buechertanz.de\/wp-content\/uploads\/2023\/06\/06-Juni_komp-1024x1021.jpg\" alt=\"\" class=\"wp-image-5312\" srcset=\"https:\/\/buechertanz.de\/wp-content\/uploads\/2023\/06\/06-Juni_komp-1024x1021.jpg 1024w, https:\/\/buechertanz.de\/wp-content\/uploads\/2023\/06\/06-Juni_komp-300x300.jpg 300w, https:\/\/buechertanz.de\/wp-content\/uploads\/2023\/06\/06-Juni_komp-150x150.jpg 150w, https:\/\/buechertanz.de\/wp-content\/uploads\/2023\/06\/06-Juni_komp-768x766.jpg 768w, https:\/\/buechertanz.de\/wp-content\/uploads\/2023\/06\/06-Juni_komp-1536x1531.jpg 1536w, https:\/\/buechertanz.de\/wp-content\/uploads\/2023\/06\/06-Juni_komp-2048x2041.jpg 2048w\" sizes=\"auto, (max-width: 1024px) 100vw, 1024px\" \/><\/figure><\/div>\n\n\n<p class=\"has-text-align-center has-text-color has-small-font-size\" style=\"color:#676767\"><em>Mein Lesemonat Juni 2023: <strong>Sechs B\u00fccher<\/strong> mit insgesamt <strong>2.988 Seiten <\/strong><\/em><\/p>\n\n\n\n<p>_<\/p>\n\n\n\n<div class=\"wp-block-media-text alignwide\" style=\"grid-template-columns:25% auto\"><figure class=\"wp-block-media-text__media\"><img loading=\"lazy\" decoding=\"async\" width=\"217\" height=\"346\" src=\"https:\/\/buechertanz.de\/wp-content\/uploads\/2023\/05\/37-Der-Verrat-der-Kaufmannswitwe.jpg\" alt=\"\" class=\"wp-image-5114 size-full\" srcset=\"https:\/\/buechertanz.de\/wp-content\/uploads\/2023\/05\/37-Der-Verrat-der-Kaufmannswitwe.jpg 217w, https:\/\/buechertanz.de\/wp-content\/uploads\/2023\/05\/37-Der-Verrat-der-Kaufmannswitwe-188x300.jpg 188w\" sizes=\"auto, (max-width: 217px) 100vw, 217px\" \/><\/figure><div class=\"wp-block-media-text__content\">\n<ul class=\"wp-block-list\">\n<li class=\"has-small-font-size\">Den Anfang machte das Buch <strong>\u201eDer Verrat der Kaufmannswitwe\u201c <\/strong>von Silke Elzner. Da das Buch erst am 06. Juli 2023 erscheint, m\u00f6chte ich noch nicht zu viel verraten. Eines aber schon: Merkt euch diesen historischen Roman unbedingt vor. Ein Muss f\u00fcr alle Liebhaber und Liebhaberinnen des historischen Romans &#8211; ein farbenfrohes und authentisches Spektakel der Superlative.<\/li>\n<\/ul>\n<\/div><\/div>\n\n\n\n<p>_<\/p>\n\n\n\n<div class=\"wp-block-media-text alignwide has-media-on-the-right\" style=\"grid-template-columns:auto 25%\"><div class=\"wp-block-media-text__content\">\n<ul class=\"wp-block-list\">\n<li class=\"has-small-font-size\">Mit <strong><a href=\"https:\/\/buechertanz.de\/?p=5191\" target=\"_blank\" rel=\"noreferrer noopener\">\u201eEifelfrauen \u2013 Das Haus der F\u00fcchsin\u201c<\/a> <\/strong>von Brigitte Riebe folgte ein Buch, welches ich als ein Highlight bezeichnen m\u00f6chte. Seit fast 14 Jahren begleiten und begeistern mich die B\u00fccher von Brigitte Riebe. Mit diesem Buch hat sie sich noch einmal selbst \u00fcbertroffen. Brigitte Riebe nimmt uns mit in eine starke und unvergessliche Geschichte, welche mich direkt abholen und bestens unterhalten konnte. Einfach nur absolut empfehlenswert!<\/li>\n<\/ul>\n<\/div><figure class=\"wp-block-media-text__media\"><img loading=\"lazy\" decoding=\"async\" width=\"520\" height=\"849\" src=\"https:\/\/buechertanz.de\/wp-content\/uploads\/2023\/06\/38-Eifelfrauen-Das-Haus-der-Fuechsin.jpg\" alt=\"\" class=\"wp-image-5181 size-full\" srcset=\"https:\/\/buechertanz.de\/wp-content\/uploads\/2023\/06\/38-Eifelfrauen-Das-Haus-der-Fuechsin.jpg 520w, https:\/\/buechertanz.de\/wp-content\/uploads\/2023\/06\/38-Eifelfrauen-Das-Haus-der-Fuechsin-184x300.jpg 184w\" sizes=\"auto, (max-width: 520px) 100vw, 520px\" \/><\/figure><\/div>\n\n\n\n<p>_<\/p>\n\n\n\n<div class=\"wp-block-media-text alignwide\" style=\"grid-template-columns:25% auto\"><figure class=\"wp-block-media-text__media\"><img loading=\"lazy\" decoding=\"async\" width=\"350\" height=\"530\" src=\"https:\/\/buechertanz.de\/wp-content\/uploads\/2023\/06\/39-Die-Modemacherin-von-Paris.jpg\" alt=\"\" class=\"wp-image-5186 size-full\" srcset=\"https:\/\/buechertanz.de\/wp-content\/uploads\/2023\/06\/39-Die-Modemacherin-von-Paris.jpg 350w, https:\/\/buechertanz.de\/wp-content\/uploads\/2023\/06\/39-Die-Modemacherin-von-Paris-198x300.jpg 198w\" sizes=\"auto, (max-width: 350px) 100vw, 350px\" \/><\/figure><div class=\"wp-block-media-text__content\">\n<ul class=\"wp-block-list\">\n<li class=\"has-small-font-size\">Direkt im Anschluss las ich <strong><a href=\"https:\/\/buechertanz.de\/?p=5201\" target=\"_blank\" rel=\"noreferrer noopener\">\u201eDie Modemacherin von Paris\u201c<\/a> <\/strong>von Mina K\u00f6nig. Ich habe die Hauptfigur Elsa Schiaparelli ab der ersten Seite ganz fest in mein Herz geschlossen. W\u00e4hrend des Lesens versp\u00fcrte ich immer wieder eine G\u00e4nsehaut und mir stiegen die Tr\u00e4nen in die Augen \u2013 ein Buch und eine Geschichte, welche definitiv unvergessen bleiben. Unbedingt lesen!<\/li>\n<\/ul>\n<\/div><\/div>\n\n\n\n<p>_<\/p>\n\n\n\n<div class=\"wp-block-media-text alignwide has-media-on-the-right\" style=\"grid-template-columns:auto 25%\"><div class=\"wp-block-media-text__content\">\n<ul class=\"wp-block-list\">\n<li class=\"has-small-font-size\">Danach zog es mich zu einer Familie, welche ich seit einiger Zeit begleite und sehr liebgewonnen habe: <strong><a href=\"https:\/\/buechertanz.de\/?p=5221\" target=\"_blank\" rel=\"noreferrer noopener\">\u201eWas das Herz ertr\u00e4umt \u2013 Die Sternberg-Saga\u201c<\/a> <\/strong>von Kristina Herzog. Der Autorin ist es vortrefflich gelungen, ihre fiktiven Figuren in den geschichtlichen Hintergrund einzubetten und miteinander zu verbinden. Auch die Tragik, Spannungen, Zerw\u00fcrfnisse, Schicksalsschl\u00e4ge und Differenzen zwischen den Figuren waren sp\u00fcrbar und zogen mich schnell in die emotionale Geschichte hinein. Unbedingte Leseempfehlung!<\/li>\n<\/ul>\n<\/div><figure class=\"wp-block-media-text__media\"><img loading=\"lazy\" decoding=\"async\" width=\"217\" height=\"346\" src=\"https:\/\/buechertanz.de\/wp-content\/uploads\/2023\/06\/40-Was-das-Herz-ertraeumt.jpg\" alt=\"\" class=\"wp-image-5208 size-full\" srcset=\"https:\/\/buechertanz.de\/wp-content\/uploads\/2023\/06\/40-Was-das-Herz-ertraeumt.jpg 217w, https:\/\/buechertanz.de\/wp-content\/uploads\/2023\/06\/40-Was-das-Herz-ertraeumt-188x300.jpg 188w\" sizes=\"auto, (max-width: 217px) 100vw, 217px\" \/><\/figure><\/div>\n\n\n\n<p>_<\/p>\n\n\n\n<div class=\"wp-block-media-text alignwide\" style=\"grid-template-columns:25% auto\"><figure class=\"wp-block-media-text__media\"><img loading=\"lazy\" decoding=\"async\" width=\"350\" height=\"534\" src=\"https:\/\/buechertanz.de\/wp-content\/uploads\/2023\/06\/41-KaDeWe-Haus-der-Wuensche.jpg\" alt=\"\" class=\"wp-image-5231 size-full\" srcset=\"https:\/\/buechertanz.de\/wp-content\/uploads\/2023\/06\/41-KaDeWe-Haus-der-Wuensche.jpg 350w, https:\/\/buechertanz.de\/wp-content\/uploads\/2023\/06\/41-KaDeWe-Haus-der-Wuensche-197x300.jpg 197w\" sizes=\"auto, (max-width: 350px) 100vw, 350px\" \/><\/figure><div class=\"wp-block-media-text__content\">\n<ul class=\"wp-block-list\">\n<li class=\"has-small-font-size\">Im Oktober 2022 las ich mit gro\u00dfer Begeisterung den ersten Band, nun durfte ich den hei\u00df ersehnten zweiten Band lesen: <strong><a href=\"https:\/\/buechertanz.de\/?p=5239\" target=\"_blank\" rel=\"noreferrer noopener\">\u201eKaDeWe \u2013 Haus der W\u00fcnsche\u201c<\/a><\/strong> von Marie Lacrosse. Ab der ersten Seite wurde ich in diese emotionale und spannende Geschichte reingezogen, und nicht mehr losgelassen. Lebendiger, packender und farbenpr\u00e4chtiger kann dieses d\u00fcstere Kapitel Deutscher Geschichte nicht erz\u00e4hlt werden. Ein eindrucksvoller und absolut lesenswerter Abschluss einer atemberaubender Dilogie.<\/li>\n<\/ul>\n<\/div><\/div>\n\n\n\n<p>_<\/p>\n\n\n\n<div class=\"wp-block-media-text alignwide has-media-on-the-right\" style=\"grid-template-columns:auto 25%\"><div class=\"wp-block-media-text__content\">\n<ul class=\"wp-block-list\">\n<li class=\"has-small-font-size\">Mit <strong><a href=\"https:\/\/buechertanz.de\/?p=5302\">\u201eBella Donna \u2013 Die Malerin von Rom\u201c <\/a><\/strong>von Catherine Aurel endete dieser Lesemonat. Der Roman ist ein sehr gelungener Abschluss einer farbenpr\u00e4chtigen Buchreihe, welche mich seit Mai 2021 begleitet und begeistert hat. Es ist eine Geschichte, welche mein Wissen erweitert hat und mich mit vielf\u00e4ltigen Charakteren bestens unterhalten konnte. Sehr lesenswert! Und das Tolle ist: Jeder Band dieser Buchreihe kann ohne Vorkenntnisse der anderen B\u00e4nde gelesen werden.<\/li>\n<\/ul>\n<\/div><figure class=\"wp-block-media-text__media\"><img loading=\"lazy\" decoding=\"async\" width=\"350\" height=\"534\" src=\"https:\/\/buechertanz.de\/wp-content\/uploads\/2023\/06\/42-Bella-Donna-Die-Malerin-von-Rom.jpg\" alt=\"\" class=\"wp-image-5248 size-full\" srcset=\"https:\/\/buechertanz.de\/wp-content\/uploads\/2023\/06\/42-Bella-Donna-Die-Malerin-von-Rom.jpg 350w, https:\/\/buechertanz.de\/wp-content\/uploads\/2023\/06\/42-Bella-Donna-Die-Malerin-von-Rom-197x300.jpg 197w\" sizes=\"auto, (max-width: 350px) 100vw, 350px\" \/><\/figure><\/div>\n\n\n\n<p>_<\/p>\n\n\n\n<p class=\"has-small-font-size\">So, das war mein Lesemonat Juni, mit dem ich sehr zufrieden bin.<br>Ich bedanke mich bei den Autorinnen Silke Elzner und Kristina Herzog, beim Rowohlt Verlag, beim Heyne Verlag, beim Goldmann Verlag und beim Penguin Verlag f\u00fcr die Bereitstellung und Zusendung der B\u00fccher als Rezensionsexemplare.<br>Ein gro\u00dfes Dankesch\u00f6n gilt an dieser Stelle allen Autoren und Autorinnen f\u00fcr eure gro\u00dfartigen Geschichten, welche mich wieder einmal bestens unterhalten haben und durch die gleichzeitig wieder so viel gelernt habe.<br>Was w\u00e4re ich ohne eure Geschichten.<\/p>\n\n\n\n<p class=\"has-small-font-size\">Liebe Gr\u00fc\u00dfe,<\/p>\n\n\n\n<figure class=\"wp-block-image size-large is-resized\"><img loading=\"lazy\" decoding=\"async\" width=\"1024\" height=\"404\" src=\"https:\/\/buechertanz.de\/wp-content\/uploads\/2023\/06\/Unterschrift-1024x404.jpg\" alt=\"\" class=\"wp-image-5276\" style=\"width:181px;height:71px\" srcset=\"https:\/\/buechertanz.de\/wp-content\/uploads\/2023\/06\/Unterschrift-1024x404.jpg 1024w, https:\/\/buechertanz.de\/wp-content\/uploads\/2023\/06\/Unterschrift-300x118.jpg 300w, https:\/\/buechertanz.de\/wp-content\/uploads\/2023\/06\/Unterschrift-768x303.jpg 768w, https:\/\/buechertanz.de\/wp-content\/uploads\/2023\/06\/Unterschrift.jpg 1500w\" sizes=\"auto, (max-width: 1024px) 100vw, 1024px\" \/><\/figure>\n","protected":false},"excerpt":{"rendered":"<p>Hier findet ihr die B\u00fccher, die ich im Juni 2023 gelesen habe \u2013 insgesamt sind es sechs B\u00fccher mit 2.988 Seiten geworden. Es war ein sch\u00f6ner Lesemonat, welcher ganz im Zeichen des Historischen Romans und der Rezensionsexemplare stand.Meine ausf\u00fchrlichen Rezensionen zu den B\u00fcchern findet ihr, wenn ihr auf den Buchtitel klickt. Viel Spa\u00df beim Schm\u00f6kern. &hellip; <a href=\"https:\/\/buechertanz.de\/?page_id=5289\" class=\"more-link\"><span class=\"screen-reader-text\">Gelesen Juni 2023<\/span> weiterlesen<\/a><\/p>\n","protected":false},"author":2,"featured_media":0,"parent":0,"menu_order":0,"comment_status":"open","ping_status":"closed","template":"","meta":{"footnotes":""},"class_list":["post-5289","page","type-page","status-publish","hentry"],"_links":{"self":[{"href":"https:\/\/buechertanz.de\/index.php?rest_route=\/wp\/v2\/pages\/5289","targetHints":{"allow":["GET"]}}],"collection":[{"href":"https:\/\/buechertanz.de\/index.php?rest_route=\/wp\/v2\/pages"}],"about":[{"href":"https:\/\/buechertanz.de\/index.php?rest_route=\/wp\/v2\/types\/page"}],"author":[{"embeddable":true,"href":"https:\/\/buechertanz.de\/index.php?rest_route=\/wp\/v2\/users\/2"}],"replies":[{"embeddable":true,"href":"https:\/\/buechertanz.de\/index.php?rest_route=%2Fwp%2Fv2%2Fcomments&post=5289"}],"version-history":[{"count":8,"href":"https:\/\/buechertanz.de\/index.php?rest_route=\/wp\/v2\/pages\/5289\/revisions"}],"predecessor-version":[{"id":6539,"href":"https:\/\/buechertanz.de\/index.php?rest_route=\/wp\/v2\/pages\/5289\/revisions\/6539"}],"wp:attachment":[{"href":"https:\/\/buechertanz.de\/index.php?rest_route=%2Fwp%2Fv2%2Fmedia&parent=5289"}],"curies":[{"name":"wp","href":"https:\/\/api.w.org\/{rel}","templated":true}]}}