{"id":5290,"date":"2023-06-29T07:03:10","date_gmt":"2023-06-29T06:03:10","guid":{"rendered":"https:\/\/buechertanz.de\/?page_id=5290"},"modified":"2023-11-29T22:18:30","modified_gmt":"2023-11-29T21:18:30","slug":"neuzugaenge-juni-2023","status":"publish","type":"page","link":"https:\/\/buechertanz.de\/?page_id=5290","title":{"rendered":"Neuzug\u00e4nge Juni 2023"},"content":{"rendered":"\n<p class=\"has-drop-cap has-small-font-size\">Im <strong>Juni 2023<\/strong> sind insgesamt <strong>16 B\u00fccher <\/strong>hier eingezogen:<br>F\u00fcnf neue B\u00fccher, acht Rezensionsexemplare und drei B\u00fccher aus zweiter Hand.<br>Falls es eine Rezension auf meinem Blog gibt, gelangt ihr mit einem Klick auf den Titel direkt bei der Rezension.<\/p>\n\n\n<div class=\"wp-block-image\">\n<figure class=\"aligncenter size-full\"><img loading=\"lazy\" decoding=\"async\" width=\"492\" height=\"490\" src=\"https:\/\/buechertanz.de\/wp-content\/uploads\/2023\/06\/06-Juni-komplett.jpg\" alt=\"\" class=\"wp-image-5323\" srcset=\"https:\/\/buechertanz.de\/wp-content\/uploads\/2023\/06\/06-Juni-komplett.jpg 492w, https:\/\/buechertanz.de\/wp-content\/uploads\/2023\/06\/06-Juni-komplett-300x300.jpg 300w, https:\/\/buechertanz.de\/wp-content\/uploads\/2023\/06\/06-Juni-komplett-150x150.jpg 150w\" sizes=\"auto, (max-width: 492px) 100vw, 492px\" \/><\/figure><\/div>\n\n\n<p class=\"has-text-align-center has-text-color has-small-font-size\" style=\"color:#676767\"><em>Meine neuen Seitlinge im Juni 2023<\/em><\/p>\n\n\n\n<p>_<\/p>\n\n\n\n<div class=\"wp-block-media-text alignwide\"><figure class=\"wp-block-media-text__media\"><img loading=\"lazy\" decoding=\"async\" width=\"1024\" height=\"1021\" src=\"https:\/\/buechertanz.de\/wp-content\/uploads\/2023\/06\/06-Juni-Neue-Buecher-1024x1021.jpg\" alt=\"\" class=\"wp-image-5325 size-full\" srcset=\"https:\/\/buechertanz.de\/wp-content\/uploads\/2023\/06\/06-Juni-Neue-Buecher-1024x1021.jpg 1024w, https:\/\/buechertanz.de\/wp-content\/uploads\/2023\/06\/06-Juni-Neue-Buecher-300x300.jpg 300w, https:\/\/buechertanz.de\/wp-content\/uploads\/2023\/06\/06-Juni-Neue-Buecher-150x150.jpg 150w, https:\/\/buechertanz.de\/wp-content\/uploads\/2023\/06\/06-Juni-Neue-Buecher-768x766.jpg 768w, https:\/\/buechertanz.de\/wp-content\/uploads\/2023\/06\/06-Juni-Neue-Buecher-1536x1531.jpg 1536w, https:\/\/buechertanz.de\/wp-content\/uploads\/2023\/06\/06-Juni-Neue-Buecher-2048x2041.jpg 2048w\" sizes=\"auto, (max-width: 1024px) 100vw, 1024px\" \/><\/figure><div class=\"wp-block-media-text__content\">\n<p class=\"has-drop-cap has-small-font-size\"><strong>Neue B\u00fccher:<\/strong><\/p>\n\n\n\n<p><\/p>\n\n\n\n<ul class=\"wp-block-list\">\n<li class=\"has-small-font-size\">Axel Meyer: <em>\u201e<\/em><em>Der Sonne so nah<\/em><em>\u201c<\/em><\/li>\n\n\n\n<li class=\"has-small-font-size\">Charlotte von Feyerabend: <em>\u201e<\/em><em>Selma Lagerl\u00f6f<\/em><em>\u201c<\/em><\/li>\n\n\n\n<li class=\"has-small-font-size\">Charlotte Jacobi: <em>\u201eDas <\/em><em>Haus der Perlen \u2013 Glanz des Gl\u00fccks<\/em><em>\u201c<\/em><\/li>\n\n\n\n<li class=\"has-small-font-size\">Fenja L\u00fcders: <em>\u201eDer Glanz der neuen Zeit \u2013 Speicherstadt-Saga\u201c<\/em><\/li>\n\n\n\n<li class=\"has-small-font-size\">Karin Seemayer: <em>\u201eBergleuchten\u201c<\/em><\/li>\n<\/ul>\n<\/div><\/div>\n\n\n\n<p>_<\/p>\n\n\n\n<div class=\"wp-block-media-text alignwide has-media-on-the-right is-vertically-aligned-center\"><div class=\"wp-block-media-text__content\">\n<p class=\"has-drop-cap has-small-font-size\"><strong>Rezensionsexemplare: <\/strong><\/p>\n\n\n\n<p><\/p>\n\n\n\n<ul class=\"wp-block-list\">\n<li class=\"has-small-font-size\">Brigitte Riebe: <em><a href=\"https:\/\/buechertanz.de\/?p=5191\" target=\"_blank\" rel=\"noreferrer noopener\">\u201eEifelfrauen \u2013 Das Haus der F\u00fcchsin\u201c<\/a><\/em><\/li>\n\n\n\n<li class=\"has-small-font-size\">Marie Lacrosse:<a href=\"https:\/\/buechertanz.de\/?p=5239\" target=\"_blank\" rel=\"noreferrer noopener\"> <em>\u201eKaDeWe \u2013 Haus der W\u00fcnsche\u201c<\/em><\/a><\/li>\n\n\n\n<li class=\"has-small-font-size\">Catherine Aurel: <em><a href=\"https:\/\/buechertanz.de\/?p=5302\">\u201eBella Donna \u2013 Die Malerin von Rom\u201c<\/a><\/em><\/li>\n\n\n\n<li class=\"has-small-font-size\">Mina K\u00f6nig:<a href=\"https:\/\/buechertanz.de\/?p=5201\" target=\"_blank\" rel=\"noreferrer noopener\"> <em>\u201eDie Modemacherin von Paris\u201c<\/em><\/a><\/li>\n\n\n\n<li class=\"has-small-font-size\">Oliver P\u00f6tzsch: <em><a href=\"https:\/\/buechertanz.de\/?p=5527\" target=\"_blank\" rel=\"noreferrer noopener\">\u201eDie schwarzen Musketiere \u2013 Das Buch der Nacht\u201c<\/a><\/em><\/li>\n\n\n\n<li class=\"has-small-font-size\">Virginia Anemona: <em><a href=\"https:\/\/buechertanz.de\/?p=5419\" target=\"_blank\" rel=\"noreferrer noopener\">\u201eDer Mann, dessen Badewanne im Garten steht\u201c<\/a><\/em><\/li>\n\n\n\n<li class=\"has-small-font-size\">Kristina Herzog: <em><a href=\"https:\/\/buechertanz.de\/?p=5221\" target=\"_blank\" rel=\"noreferrer noopener\">\u201eWas das Herz ertr\u00e4umt\u201c<\/a><\/em><\/li>\n\n\n\n<li class=\"has-small-font-size\">Lily Martin: <em><a href=\"https:\/\/buechertanz.de\/?p=5440\" target=\"_blank\" rel=\"noreferrer noopener\">\u201eSommertage im Quartier Latin\u201c<\/a><\/em><\/li>\n<\/ul>\n<\/div><figure class=\"wp-block-media-text__media\"><img loading=\"lazy\" decoding=\"async\" width=\"1024\" height=\"1021\" src=\"https:\/\/buechertanz.de\/wp-content\/uploads\/2023\/06\/06-Juni-Rezensionsexemplare_komp-1024x1021.jpg\" alt=\"\" class=\"wp-image-5326 size-full\" srcset=\"https:\/\/buechertanz.de\/wp-content\/uploads\/2023\/06\/06-Juni-Rezensionsexemplare_komp-1024x1021.jpg 1024w, https:\/\/buechertanz.de\/wp-content\/uploads\/2023\/06\/06-Juni-Rezensionsexemplare_komp-300x300.jpg 300w, https:\/\/buechertanz.de\/wp-content\/uploads\/2023\/06\/06-Juni-Rezensionsexemplare_komp-150x150.jpg 150w, https:\/\/buechertanz.de\/wp-content\/uploads\/2023\/06\/06-Juni-Rezensionsexemplare_komp-768x766.jpg 768w, https:\/\/buechertanz.de\/wp-content\/uploads\/2023\/06\/06-Juni-Rezensionsexemplare_komp-1536x1531.jpg 1536w, https:\/\/buechertanz.de\/wp-content\/uploads\/2023\/06\/06-Juni-Rezensionsexemplare_komp-2048x2041.jpg 2048w\" sizes=\"auto, (max-width: 1024px) 100vw, 1024px\" \/><\/figure><\/div>\n\n\n\n<p>_<\/p>\n\n\n\n<div class=\"wp-block-media-text alignwide\"><figure class=\"wp-block-media-text__media\"><img loading=\"lazy\" decoding=\"async\" width=\"1024\" height=\"1021\" src=\"https:\/\/buechertanz.de\/wp-content\/uploads\/2023\/06\/06-Juni-Buecher-aus-zweiter-Hand_komp-1024x1021.jpg\" alt=\"\" class=\"wp-image-5327 size-full\" srcset=\"https:\/\/buechertanz.de\/wp-content\/uploads\/2023\/06\/06-Juni-Buecher-aus-zweiter-Hand_komp-1024x1021.jpg 1024w, https:\/\/buechertanz.de\/wp-content\/uploads\/2023\/06\/06-Juni-Buecher-aus-zweiter-Hand_komp-300x300.jpg 300w, https:\/\/buechertanz.de\/wp-content\/uploads\/2023\/06\/06-Juni-Buecher-aus-zweiter-Hand_komp-150x150.jpg 150w, https:\/\/buechertanz.de\/wp-content\/uploads\/2023\/06\/06-Juni-Buecher-aus-zweiter-Hand_komp-768x766.jpg 768w, https:\/\/buechertanz.de\/wp-content\/uploads\/2023\/06\/06-Juni-Buecher-aus-zweiter-Hand_komp-1536x1531.jpg 1536w, https:\/\/buechertanz.de\/wp-content\/uploads\/2023\/06\/06-Juni-Buecher-aus-zweiter-Hand_komp-2048x2041.jpg 2048w\" sizes=\"auto, (max-width: 1024px) 100vw, 1024px\" \/><\/figure><div class=\"wp-block-media-text__content\">\n<p class=\"has-drop-cap has-small-font-size\"><strong>B\u00fccher aus zweiter Hand:<\/strong><\/p>\n\n\n\n<p><\/p>\n\n\n\n<ul class=\"wp-block-list\">\n<li class=\"has-small-font-size\">Ricarda Jordan: <em>\u201eD<\/em><em>as Lied der Pferde<\/em><em>\u201c <\/em>(aus dem \u00f6ffentlichen B\u00fccherschrank)<\/li>\n\n\n\n<li class=\"has-small-font-size\">Kyle Harper: <em>\u201e<\/em><em>Fatum<\/em><em>\u201c <\/em>(aus dem \u00f6ffentlichen B\u00fccherschrank)<\/li>\n\n\n\n<li class=\"has-small-font-size\">Sonia Purnell: <em>\u201e<\/em><em>Eine gef\u00e4hrliche Frau<\/em><em>\u201c <\/em>(ein Flohmarkt-Fund)<\/li>\n<\/ul>\n<\/div><\/div>\n\n\n\n<p>_<\/p>\n\n\n\n<p class=\"has-small-font-size\">Einige dieser wundersch\u00f6nen Neuzug\u00e4nge sind bereits gelesen, auf andere freue ich mich noch.<br>Es war definitiv ein Monat der Rezensionsexemplare \u2026 ich bedanke mich deshalb ganz herzlich beim Rowohlt, beim Goldmann Verlag, beim Penguin Verlag, beim Heyne Verlag, beim Lago Verlag, bei der Autorin Virginia Anemona und der Autorin Kristina Herzog f\u00fcr die Zusendung und Bereitstellung der B\u00fccher als Rezensionsexemplare.<\/p>\n\n\n\n<p class=\"has-small-font-size\">Liebe Gr\u00fc\u00dfe, eure<\/p>\n\n\n\n<figure class=\"wp-block-image size-large is-resized\"><img loading=\"lazy\" decoding=\"async\" width=\"1024\" height=\"404\" src=\"https:\/\/buechertanz.de\/wp-content\/uploads\/2023\/06\/Unterschrift-1024x404.jpg\" alt=\"\" class=\"wp-image-5276\" style=\"width:164px;height:65px\" srcset=\"https:\/\/buechertanz.de\/wp-content\/uploads\/2023\/06\/Unterschrift-1024x404.jpg 1024w, https:\/\/buechertanz.de\/wp-content\/uploads\/2023\/06\/Unterschrift-300x118.jpg 300w, https:\/\/buechertanz.de\/wp-content\/uploads\/2023\/06\/Unterschrift-768x303.jpg 768w, https:\/\/buechertanz.de\/wp-content\/uploads\/2023\/06\/Unterschrift.jpg 1500w\" sizes=\"auto, (max-width: 1024px) 100vw, 1024px\" \/><\/figure>\n","protected":false},"excerpt":{"rendered":"<p>Im Juni 2023 sind insgesamt 16 B\u00fccher hier eingezogen:F\u00fcnf neue B\u00fccher, acht Rezensionsexemplare und drei B\u00fccher aus zweiter Hand.Falls es eine Rezension auf meinem Blog gibt, gelangt ihr mit einem Klick auf den Titel direkt bei der Rezension. Meine neuen Seitlinge im Juni 2023 _ _ _ _ Einige dieser wundersch\u00f6nen Neuzug\u00e4nge sind bereits gelesen, &hellip; <a href=\"https:\/\/buechertanz.de\/?page_id=5290\" class=\"more-link\"><span class=\"screen-reader-text\">Neuzug\u00e4nge Juni 2023<\/span> weiterlesen<\/a><\/p>\n","protected":false},"author":2,"featured_media":0,"parent":0,"menu_order":0,"comment_status":"open","ping_status":"closed","template":"","meta":{"footnotes":""},"class_list":["post-5290","page","type-page","status-publish","hentry"],"_links":{"self":[{"href":"https:\/\/buechertanz.de\/index.php?rest_route=\/wp\/v2\/pages\/5290","targetHints":{"allow":["GET"]}}],"collection":[{"href":"https:\/\/buechertanz.de\/index.php?rest_route=\/wp\/v2\/pages"}],"about":[{"href":"https:\/\/buechertanz.de\/index.php?rest_route=\/wp\/v2\/types\/page"}],"author":[{"embeddable":true,"href":"https:\/\/buechertanz.de\/index.php?rest_route=\/wp\/v2\/users\/2"}],"replies":[{"embeddable":true,"href":"https:\/\/buechertanz.de\/index.php?rest_route=%2Fwp%2Fv2%2Fcomments&post=5290"}],"version-history":[{"count":9,"href":"https:\/\/buechertanz.de\/index.php?rest_route=\/wp\/v2\/pages\/5290\/revisions"}],"predecessor-version":[{"id":6469,"href":"https:\/\/buechertanz.de\/index.php?rest_route=\/wp\/v2\/pages\/5290\/revisions\/6469"}],"wp:attachment":[{"href":"https:\/\/buechertanz.de\/index.php?rest_route=%2Fwp%2Fv2%2Fmedia&parent=5290"}],"curies":[{"name":"wp","href":"https:\/\/api.w.org\/{rel}","templated":true}]}}