{"id":5333,"date":"2023-07-03T10:34:13","date_gmt":"2023-07-03T09:34:13","guid":{"rendered":"https:\/\/buechertanz.de\/?page_id=5333"},"modified":"2023-07-03T21:48:05","modified_gmt":"2023-07-03T20:48:05","slug":"mina-koenig","status":"publish","type":"page","link":"https:\/\/buechertanz.de\/?page_id=5333","title":{"rendered":"Mina K\u00f6nig\/ Emily Walton"},"content":{"rendered":"\n<ul class=\"wp-block-list\">\n<li><strong>Zur Autorin<\/strong>:<\/li>\n<\/ul>\n\n\n\n<p class=\"has-drop-cap has-small-font-size\">Mina K\u00f6nig ist das Pseudonym der \u00f6sterreichischen Autorin und Journalistin Emily Walton, die sich intensiv mit den Biografien bedeutender Frauen in der Geschichte besch\u00e4ftigt. W\u00e4hrend ihrer Kurztrips nach Paris entdeckte sie die Kreationen von Elsa Schiaparelli in Museen, ebenso das Maison Schiaparelli am Place Vendome und begann \u00fcber diese faszinierende, exzentrische Modemacherin zu recherchieren. Emily Walton studierte Germanistik und Journalismus in Wien und verbrachte einige Jahre in Br\u00fcssel, wo sie ihre Liebe f\u00fcr die franz\u00f6sische Sprache entdeckte. Heute lebt sie mit ihrer Familie im S\u00fcden von Wien. \u201eDie Modemacherin von Paris\u201c ist ihr dritter Roman im Heyne Verlag.<br><br>Homepage: <a rel=\"noreferrer noopener\" href=\"https:\/\/www.emilywalton.at\" target=\"_blank\">https:\/\/www.emilywalton.at<\/a><\/p>\n\n\n<div class=\"wp-block-image is-style-default\">\n<figure class=\"aligncenter size-full is-resized\"><img loading=\"lazy\" decoding=\"async\" src=\"https:\/\/buechertanz.de\/wp-content\/uploads\/2023\/07\/Mina-Koenig-Bibliographie.jpg\" alt=\"\" class=\"wp-image-5346\" width=\"547\" height=\"547\" srcset=\"https:\/\/buechertanz.de\/wp-content\/uploads\/2023\/07\/Mina-Koenig-Bibliographie.jpg 729w, https:\/\/buechertanz.de\/wp-content\/uploads\/2023\/07\/Mina-Koenig-Bibliographie-300x300.jpg 300w, https:\/\/buechertanz.de\/wp-content\/uploads\/2023\/07\/Mina-Koenig-Bibliographie-150x150.jpg 150w\" sizes=\"auto, (max-width: 547px) 100vw, 547px\" \/><\/figure><\/div>\n\n<div class=\"wp-block-image is-style-rounded\">\n<figure class=\"aligncenter size-full is-resized\"><img loading=\"lazy\" decoding=\"async\" src=\"https:\/\/buechertanz.de\/wp-content\/uploads\/2023\/06\/Blume.png\" alt=\"\" class=\"wp-image-5274\" width=\"66\" height=\"76\" srcset=\"https:\/\/buechertanz.de\/wp-content\/uploads\/2023\/06\/Blume.png 264w, https:\/\/buechertanz.de\/wp-content\/uploads\/2023\/06\/Blume-260x300.png 260w\" sizes=\"auto, (max-width: 66px) 100vw, 66px\" \/><\/figure><\/div>\n\n\n<ul class=\"wp-block-list\">\n<li><strong>Interview:<\/strong><\/li>\n<\/ul>\n\n\n\n<p class=\"has-drop-cap has-small-font-size\">Im Juli 2023 durfte ich Mina K\u00f6nig\/ Emily Walton im Zuge einer Blogtour auf Instagram zu ihrem neu erschienenen Buch &#8222;Die Modemacherin von Paris&#8220; interviewen. <br>Ich w\u00fcnsche euch viel Spa\u00df mit diesem Interview, beachtet aber bitte: Die Copyrights der verwendeten Fotos liegen ausschlie\u00dflich bei Mina K\u00f6nig\/ Emily Walton. Jegliche weitere Nutzung ist untersagt. <br>Noch ein Hinweis: &nbsp;Da wir Beide schon sehr lange in Kontakt stehen, nutzen wir in diesem Interview das \u201aDu\u2018.<\/p>\n\n\n<div class=\"wp-block-image is-style-rounded\">\n<figure class=\"aligncenter size-large is-resized\"><img loading=\"lazy\" decoding=\"async\" src=\"https:\/\/buechertanz.de\/wp-content\/uploads\/2023\/07\/MinaKoenig_4_komp-683x1024.jpg\" alt=\"\" class=\"wp-image-5343\" width=\"382\" height=\"573\" srcset=\"https:\/\/buechertanz.de\/wp-content\/uploads\/2023\/07\/MinaKoenig_4_komp-683x1024.jpg 683w, https:\/\/buechertanz.de\/wp-content\/uploads\/2023\/07\/MinaKoenig_4_komp-200x300.jpg 200w, https:\/\/buechertanz.de\/wp-content\/uploads\/2023\/07\/MinaKoenig_4_komp-768x1152.jpg 768w, https:\/\/buechertanz.de\/wp-content\/uploads\/2023\/07\/MinaKoenig_4_komp-1024x1536.jpg 1024w, https:\/\/buechertanz.de\/wp-content\/uploads\/2023\/07\/MinaKoenig_4_komp-1365x2048.jpg 1365w, https:\/\/buechertanz.de\/wp-content\/uploads\/2023\/07\/MinaKoenig_4_komp-scaled.jpg 1707w\" sizes=\"auto, (max-width: 382px) 100vw, 382px\" \/><\/figure><\/div>\n\n\n<p class=\"has-text-align-center\" style=\"font-size:10px\"><em>(c) by Philipp Hacker-Walton<\/em><\/p>\n\n\n\n<p class=\"has-small-font-size\"><strong>01. Hallo liebe Mina, danke dass du dir Zeit f\u00fcr dieses Interview nimmst. <\/strong><br><strong>Dein Buch \u201eDie Modemacherin von Paris\u201c zeigt das Leben von Elsa Schiaparelli. Warum wolltest du diesen Roman \u00fcber die etwas in Vergessenheit geratene Modemacherin und K\u00fcnstlerin schreiben? Was macht Elsa Schiaparelli f\u00fcr dich aus? Wie hat ihre Lebensgeschichte dein Leben beeinflusst?<\/strong><\/p>\n\n\n\n<p class=\"has-small-font-size\">Mina: &#8222;<em>Elsa Schiaparelli war eine der wichtigsten Modesch\u00f6pferinnen des 20. Jahrhunderts und Coco Chanels gr\u00f6\u00dfte Konkurrentin. Sie war exzentrisch, frech und skurril, sah ihre Kleider als Kunstwerke. Es ist also nicht \u00fcberraschend, dass sie sich mit gro\u00dfen K\u00fcnstlern ihrer Zeit, etwa Salvador Dali, Man Ray, Marcel Duchamp, Jean Cocteau, Meret Oppenheim und Alberto Giacometti anfreundete. Und Hollywood-Gr\u00f6\u00dfen wie Greta Garbo und Katherine Hepburn f\u00fcr ihre Kleider begeisterte. Faszinierend f\u00fcr mich war, dass Schiaparelli das alles geschafft hat als alleinerziehende Mutter einer schwerkranken, kleinen Tochter. Schon als sie in meinem letzten Roman \u201eMademoiselle Oppenheim\u201c als Nebenfigur auftauchte, wusste ich, dass ich sie zu meiner n\u00e4chsten Protagonistin machen m\u00f6chte.<\/em>&#8222;<\/p>\n\n\n\n<div class=\"wp-block-media-text alignwide has-media-on-the-right\" style=\"grid-template-columns:auto 40%\"><div class=\"wp-block-media-text__content\">\n<p class=\"has-small-font-size\"><strong>02. Wie bist du bei der Recherche vorgegangen? Welche Recherchemittel standen dir zur Verf\u00fcgung? Warst du auch \u201avor Ort\u2018?<\/strong><\/p>\n\n\n\n<p class=\"has-small-font-size\">Mina: <em>&#8222;Biografien, Dokumentationen und dergleichen sind immer die erste Quelle. Dann arbeite ich mich vom Gro\u00dfen ins Kleine vor, besorge mir Artikel aus Archiven oder vergriffene B\u00fccher in Buchantiquariaten. Nat\u00fcrlich war ich auch in Paris und bin alle Schaupl\u00e4tze abgegangen und habe versucht einzutauchen. Als dann w\u00e4hrend des Schreibens eine gro\u00dfe Ausstellung \u00fcber Elsa Schiaparelli in Paris er\u00f6ffnete, bin ich prompt noch einmal hingeflogen.&#8220;<\/em><\/p>\n<\/div><figure class=\"wp-block-media-text__media\"><img loading=\"lazy\" decoding=\"async\" width=\"350\" height=\"530\" src=\"https:\/\/buechertanz.de\/wp-content\/uploads\/2023\/06\/39-Die-Modemacherin-von-Paris.jpg\" alt=\"\" class=\"wp-image-5186 size-full\" srcset=\"https:\/\/buechertanz.de\/wp-content\/uploads\/2023\/06\/39-Die-Modemacherin-von-Paris.jpg 350w, https:\/\/buechertanz.de\/wp-content\/uploads\/2023\/06\/39-Die-Modemacherin-von-Paris-198x300.jpg 198w\" sizes=\"auto, (max-width: 350px) 100vw, 350px\" \/><\/figure><\/div>\n\n\n\n<p class=\"has-small-font-size\"><strong>03. Neben den vielen historischen Figuren spielen auch einige fiktive Figuren in deinem Roman eine Rolle. Wie wichtig findest du fiktive Figuren in einem biografischen Roman?<\/strong><\/p>\n\n\n\n<p class=\"has-small-font-size\">Mina: <em>&#8222;Fiktive Figuren sind ein Mittel, um der Protagonistin eine Gespr\u00e4chspartnerin zu geben. Diese Figur hat vielleicht ganz andere Wesensz\u00fcge oder steht in einem krassen Gegensatz zur Hauptfigur. So kann man unterschiedliche Blickwinkel aufzeigen. Fiktive Figuren sind auch ein Werkzeug, um den Plot runder zu machen. Nat\u00fcrlich w\u00e4re es mir am liebsten ganz ohne fiktive Figuren zu arbeiten, aber das ist ziemlich unrealistisch.&#8220;<\/em><\/p>\n\n\n\n<div class=\"wp-block-media-text alignwide\" style=\"grid-template-columns:40% auto\"><figure class=\"wp-block-media-text__media\"><img loading=\"lazy\" decoding=\"async\" width=\"683\" height=\"1024\" src=\"https:\/\/buechertanz.de\/wp-content\/uploads\/2023\/07\/MinaKoenig_2_komp-683x1024.jpg\" alt=\"\" class=\"wp-image-5344 size-full\" srcset=\"https:\/\/buechertanz.de\/wp-content\/uploads\/2023\/07\/MinaKoenig_2_komp-683x1024.jpg 683w, https:\/\/buechertanz.de\/wp-content\/uploads\/2023\/07\/MinaKoenig_2_komp-200x300.jpg 200w, https:\/\/buechertanz.de\/wp-content\/uploads\/2023\/07\/MinaKoenig_2_komp-768x1152.jpg 768w, https:\/\/buechertanz.de\/wp-content\/uploads\/2023\/07\/MinaKoenig_2_komp-1024x1536.jpg 1024w, https:\/\/buechertanz.de\/wp-content\/uploads\/2023\/07\/MinaKoenig_2_komp-1365x2048.jpg 1365w, https:\/\/buechertanz.de\/wp-content\/uploads\/2023\/07\/MinaKoenig_2_komp-scaled.jpg 1707w\" sizes=\"auto, (max-width: 683px) 100vw, 683px\" \/><\/figure><div class=\"wp-block-media-text__content\">\n<p class=\"has-small-font-size\"><strong>04. Du bist selbst Mutter. War es schwierig, die sehr emotionalen Szenen, in denen die Tochter von Elsa Schiaparelli im Mittelpunkt steht, zu schreiben?<\/strong><\/p>\n\n\n\n<p class=\"has-small-font-size\">Mina: <em>&#8222;Im Gegenteil, diese Stellen sind mir am leichtesten von der Hand gegangen. Wenn man selbst Mutter ist, kann man den Wunsch gut nachvollziehen, f\u00fcr das eigene Kind das Beste zu wollen, selbst wenn man sich selbst daf\u00fcr ein st\u00fcckweit opfern muss.&#8220;<\/em><\/p>\n<\/div><\/div>\n\n\n\n<p class=\"has-small-font-size\"><strong>05. Gibt es eine Szene im Buch, welche dir besonders am Herzen liegt? Wenn ja, welche und warum?<\/strong><\/p>\n\n\n\n<p class=\"has-small-font-size\">Mina: <em>&#8222;Die Szene, in der Elsa Schiaparelli beinahe nackt auf der Tanzfl\u00e4che steht, weil sich ihr selbstentworfenes Wickelkleid aufl\u00f6st. Ich hatte extrem viel Freude, mir diese Passage in Gedanken auszumalen. Es ist auch eine Szene, die ich sehr gerne auf Lesungen vortrage. Und das improvisierte Wickelkleid ist tats\u00e4chlich in den Biografien dokumentiert.&#8220;<\/em><\/p>\n\n\n\n<p class=\"has-small-font-size\"><strong>06. Das Paris in den 1920er Jahren \u00fcbt eine besondere Anziehungskraft auf viele Menschen aus. Was denkst du, warum das so ist?<\/strong><\/p>\n\n\n\n<p class=\"has-small-font-size\">Mina: <em>&#8222;Es war eine Zeit der Lebenslust und gro\u00dfer Freiheit. Nach dem ersten Weltkrieg ist Paris wieder zum Leben erwacht, alles schien m\u00f6glich und man konnte mit Konventionen brechen. Und nat\u00fcrlich gab es da auch die wunderbare Mode, die vor allem Frauen mehr Freiheit bot. Von der Musik ganz zu schweigen.&#8220;<\/em><\/p>\n\n\n\n<p class=\"has-small-font-size\"><strong>07. Du hast bereits einige Romane ver\u00f6ffentlicht. Hast du unter deinen Romanen einen absoluten Liebling? Wenn ja welchen und warum?<\/strong><\/p>\n\n\n\n<p class=\"has-small-font-size\">Mina: <em>&#8222;So kurz nach dem Erscheinungstermin ist immer das jeweils neue Buchbaby das liebste. <\/em>&#x1f60a;<em>&#8222;<\/em><\/p>\n\n\n\n<p class=\"has-small-font-size\"><strong>08. Dein richtiger Name ist Emily Walton, unter dem du das Buch \u201e<\/strong><em><strong>Miss Hollywood &#8211; Mary Pickford und das Jahr der Liebe\u201c <\/strong><\/em><strong>(erschienen im Heyne Verlag)<\/strong><em><strong> <\/strong><\/em><strong>ver\u00f6ffentlicht hast. Wie und warum kam es zu dem Pseudonym Mina K\u00f6nig?<\/strong><\/p>\n\n\n\n<p class=\"has-small-font-size\">Mina:<em> &#8222;Das hatte verlagsinterne Gr\u00fcnde. F\u00fcr mich passt es sehr gut, denn ich bin auch als Journalistin t\u00e4tig und habe zahlreiche andere Projekte. Au\u00dferdem ist Mina K\u00f6nig ein Deutsch klingender Name. Da ahnt man, dass die Autorin auch tats\u00e4chlich auf Deutsch schreibt und das Buch keine \u00dcbersetzung ist.&#8220;<\/em><\/p>\n\n\n\n<div class=\"wp-block-media-text alignwide has-media-on-the-right\" style=\"grid-template-columns:auto 40%\"><div class=\"wp-block-media-text__content\">\n<p class=\"has-small-font-size\"><strong>09. Was kannst du uns \u00fcber die Pl\u00e4ne eines neuen Buches von dir verraten?<\/strong><\/p>\n\n\n\n<p class=\"has-small-font-size\">Mina:<em> &#8222;Mein neues Buch ist ein absolutes Herzensprojekt. Wieder steht eine starke Frau aus der Vergangenheit im Mittelpunkt \u2013 diesmal aber meine eigene Gro\u00dfmutter, die im zweiten Weltkrieg bei der britischen Luftwaffe war. F\u00fcr die Recherche und das Schreiben m\u00f6chte ich mir ausgiebig Zeit nehmen, denn ein Buch \u00fcber diesen Lieblingsmenschen schreibe ich nur ein Mal.&#8220;<\/em><\/p>\n<\/div><figure class=\"wp-block-media-text__media\"><img loading=\"lazy\" decoding=\"async\" width=\"683\" height=\"1024\" src=\"https:\/\/buechertanz.de\/wp-content\/uploads\/2023\/07\/MinaKoenig_5_komp-683x1024.jpg\" alt=\"\" class=\"wp-image-5345 size-full\" srcset=\"https:\/\/buechertanz.de\/wp-content\/uploads\/2023\/07\/MinaKoenig_5_komp-683x1024.jpg 683w, https:\/\/buechertanz.de\/wp-content\/uploads\/2023\/07\/MinaKoenig_5_komp-200x300.jpg 200w, https:\/\/buechertanz.de\/wp-content\/uploads\/2023\/07\/MinaKoenig_5_komp-768x1152.jpg 768w, https:\/\/buechertanz.de\/wp-content\/uploads\/2023\/07\/MinaKoenig_5_komp-1024x1536.jpg 1024w, https:\/\/buechertanz.de\/wp-content\/uploads\/2023\/07\/MinaKoenig_5_komp-1365x2048.jpg 1365w, https:\/\/buechertanz.de\/wp-content\/uploads\/2023\/07\/MinaKoenig_5_komp-scaled.jpg 1707w\" sizes=\"auto, (max-width: 683px) 100vw, 683px\" \/><\/figure><\/div>\n\n\n\n<p class=\"has-small-font-size\">Vielen Dank f\u00fcr die sehr interessanten Einblicke und alles Liebe und Gute f\u00fcr dich und dein neues Buch.<\/p>\n\n\n\n<p class=\"has-small-font-size\">Liebe Gr\u00fc\u00dfe,<\/p>\n\n\n\n<figure class=\"wp-block-image size-large is-resized\"><img loading=\"lazy\" decoding=\"async\" src=\"https:\/\/buechertanz.de\/wp-content\/uploads\/2023\/06\/Unterschrift-1024x404.jpg\" alt=\"\" class=\"wp-image-5276\" width=\"166\" height=\"65\" srcset=\"https:\/\/buechertanz.de\/wp-content\/uploads\/2023\/06\/Unterschrift-1024x404.jpg 1024w, https:\/\/buechertanz.de\/wp-content\/uploads\/2023\/06\/Unterschrift-300x118.jpg 300w, https:\/\/buechertanz.de\/wp-content\/uploads\/2023\/06\/Unterschrift-768x303.jpg 768w, https:\/\/buechertanz.de\/wp-content\/uploads\/2023\/06\/Unterschrift.jpg 1500w\" sizes=\"auto, (max-width: 166px) 100vw, 166px\" \/><\/figure>\n\n\n<div class=\"wp-block-image\">\n<figure class=\"aligncenter size-full is-resized\"><img loading=\"lazy\" decoding=\"async\" src=\"https:\/\/buechertanz.de\/wp-content\/uploads\/2023\/06\/Blume.png\" alt=\"\" class=\"wp-image-5274\" width=\"66\" height=\"76\" srcset=\"https:\/\/buechertanz.de\/wp-content\/uploads\/2023\/06\/Blume.png 264w, https:\/\/buechertanz.de\/wp-content\/uploads\/2023\/06\/Blume-260x300.png 260w\" sizes=\"auto, (max-width: 66px) 100vw, 66px\" \/><\/figure><\/div>","protected":false},"excerpt":{"rendered":"<p>Mina K\u00f6nig ist das Pseudonym der \u00f6sterreichischen Autorin und Journalistin Emily Walton, die sich intensiv mit den Biografien bedeutender Frauen in der Geschichte besch\u00e4ftigt. W\u00e4hrend ihrer Kurztrips nach Paris entdeckte sie die Kreationen von Elsa Schiaparelli in Museen, ebenso das Maison Schiaparelli am Place Vendome und begann \u00fcber diese faszinierende, exzentrische Modemacherin zu recherchieren. Emily &hellip; <a href=\"https:\/\/buechertanz.de\/?page_id=5333\" class=\"more-link\"><span class=\"screen-reader-text\">Mina K\u00f6nig\/ Emily Walton<\/span> weiterlesen<\/a><\/p>\n","protected":false},"author":2,"featured_media":0,"parent":0,"menu_order":0,"comment_status":"closed","ping_status":"closed","template":"","meta":{"footnotes":""},"class_list":["post-5333","page","type-page","status-publish","hentry"],"_links":{"self":[{"href":"https:\/\/buechertanz.de\/index.php?rest_route=\/wp\/v2\/pages\/5333","targetHints":{"allow":["GET"]}}],"collection":[{"href":"https:\/\/buechertanz.de\/index.php?rest_route=\/wp\/v2\/pages"}],"about":[{"href":"https:\/\/buechertanz.de\/index.php?rest_route=\/wp\/v2\/types\/page"}],"author":[{"embeddable":true,"href":"https:\/\/buechertanz.de\/index.php?rest_route=\/wp\/v2\/users\/2"}],"replies":[{"embeddable":true,"href":"https:\/\/buechertanz.de\/index.php?rest_route=%2Fwp%2Fv2%2Fcomments&post=5333"}],"version-history":[{"count":4,"href":"https:\/\/buechertanz.de\/index.php?rest_route=\/wp\/v2\/pages\/5333\/revisions"}],"predecessor-version":[{"id":5383,"href":"https:\/\/buechertanz.de\/index.php?rest_route=\/wp\/v2\/pages\/5333\/revisions\/5383"}],"wp:attachment":[{"href":"https:\/\/buechertanz.de\/index.php?rest_route=%2Fwp%2Fv2%2Fmedia&parent=5333"}],"curies":[{"name":"wp","href":"https:\/\/api.w.org\/{rel}","templated":true}]}}