{"id":5351,"date":"2023-07-03T13:17:53","date_gmt":"2023-07-03T12:17:53","guid":{"rendered":"https:\/\/buechertanz.de\/?page_id=5351"},"modified":"2023-07-03T13:30:26","modified_gmt":"2023-07-03T12:30:26","slug":"handlungsorte-2","status":"publish","type":"page","link":"https:\/\/buechertanz.de\/?page_id=5351","title":{"rendered":"Handlungsorte"},"content":{"rendered":"\n<p class=\"has-drop-cap has-small-font-size\">Hier stelle ich euch die wichtigsten Handlungsorte und deren wechselvolle Geschichten vor.<br>Bitte beachtet, dass sich diese Seite im Aufbau befindet und in unregelm\u00e4\u00dfigen Abst\u00e4nden immer wieder ein Handlungsort erg\u00e4nzt wird. Es lohnt sich also, hier \u00f6fter vorbeizuschauen.<\/p>\n\n\n\n<p class=\"has-small-font-size\">\u00dcber diese Handlungsorte k\u00f6nnt ihr bereits etwas lesen:<\/p>\n\n\n\n<ul class=\"wp-block-list\">\n<li class=\"has-small-font-size\"><a href=\"https:\/\/buechertanz.de\/?page_id=4605\" target=\"_blank\" rel=\"noreferrer noopener\">Das Kronprinzenpalais<\/a><\/li>\n<\/ul>\n\n\n\n<p class=\"has-small-font-size\">Liebe Gr\u00fc\u00dfe, eure<\/p>\n\n\n\n<figure class=\"wp-block-image size-large is-resized\"><img loading=\"lazy\" decoding=\"async\" src=\"https:\/\/buechertanz.de\/wp-content\/uploads\/2023\/06\/Unterschrift-1024x404.jpg\" alt=\"\" class=\"wp-image-5276\" width=\"168\" height=\"66\" srcset=\"https:\/\/buechertanz.de\/wp-content\/uploads\/2023\/06\/Unterschrift-1024x404.jpg 1024w, https:\/\/buechertanz.de\/wp-content\/uploads\/2023\/06\/Unterschrift-300x118.jpg 300w, https:\/\/buechertanz.de\/wp-content\/uploads\/2023\/06\/Unterschrift-768x303.jpg 768w, https:\/\/buechertanz.de\/wp-content\/uploads\/2023\/06\/Unterschrift.jpg 1500w\" sizes=\"auto, (max-width: 168px) 100vw, 168px\" \/><\/figure>\n\n\n<div class=\"wp-block-image is-style-rounded\">\n<figure class=\"aligncenter size-full is-resized\"><img loading=\"lazy\" decoding=\"async\" src=\"https:\/\/buechertanz.de\/wp-content\/uploads\/2023\/06\/Blume.png\" alt=\"\" class=\"wp-image-5274\" width=\"66\" height=\"76\" srcset=\"https:\/\/buechertanz.de\/wp-content\/uploads\/2023\/06\/Blume.png 264w, https:\/\/buechertanz.de\/wp-content\/uploads\/2023\/06\/Blume-260x300.png 260w\" sizes=\"auto, (max-width: 66px) 100vw, 66px\" \/><\/figure><\/div>\n\n\n<p><\/p>\n","protected":false},"excerpt":{"rendered":"<p>Hier stelle ich euch die wichtigsten Handlungsorte und deren wechselvolle Geschichten vor.Bitte beachtet, dass sich diese Seite im Aufbau befindet und in unregelm\u00e4\u00dfigen Abst\u00e4nden immer wieder ein Handlungsort erg\u00e4nzt wird. Es lohnt sich also, hier \u00f6fter vorbeizuschauen. \u00dcber diese Handlungsorte k\u00f6nnt ihr bereits etwas lesen: Liebe Gr\u00fc\u00dfe, eure<\/p>\n","protected":false},"author":2,"featured_media":0,"parent":0,"menu_order":0,"comment_status":"closed","ping_status":"closed","template":"","meta":{"footnotes":""},"class_list":["post-5351","page","type-page","status-publish","hentry"],"_links":{"self":[{"href":"https:\/\/buechertanz.de\/index.php?rest_route=\/wp\/v2\/pages\/5351","targetHints":{"allow":["GET"]}}],"collection":[{"href":"https:\/\/buechertanz.de\/index.php?rest_route=\/wp\/v2\/pages"}],"about":[{"href":"https:\/\/buechertanz.de\/index.php?rest_route=\/wp\/v2\/types\/page"}],"author":[{"embeddable":true,"href":"https:\/\/buechertanz.de\/index.php?rest_route=\/wp\/v2\/users\/2"}],"replies":[{"embeddable":true,"href":"https:\/\/buechertanz.de\/index.php?rest_route=%2Fwp%2Fv2%2Fcomments&post=5351"}],"version-history":[{"count":4,"href":"https:\/\/buechertanz.de\/index.php?rest_route=\/wp\/v2\/pages\/5351\/revisions"}],"predecessor-version":[{"id":5372,"href":"https:\/\/buechertanz.de\/index.php?rest_route=\/wp\/v2\/pages\/5351\/revisions\/5372"}],"wp:attachment":[{"href":"https:\/\/buechertanz.de\/index.php?rest_route=%2Fwp%2Fv2%2Fmedia&parent=5351"}],"curies":[{"name":"wp","href":"https:\/\/api.w.org\/{rel}","templated":true}]}}