{"id":5360,"date":"2023-07-03T13:24:01","date_gmt":"2023-07-03T12:24:01","guid":{"rendered":"https:\/\/buechertanz.de\/?page_id=5360"},"modified":"2023-07-03T13:28:23","modified_gmt":"2023-07-03T12:28:23","slug":"figuren-2","status":"publish","type":"page","link":"https:\/\/buechertanz.de\/?page_id=5360","title":{"rendered":"Figuren"},"content":{"rendered":"\n<p class=\"has-drop-cap has-small-font-size\">Hier stelle ich euch die wichtigsten Figuren vor, welche in dem Buch \u201eDie russische Herzogin\u201c eine Rolle spielen. Ich werde einerseits auf die historische Figur eingehen, aber auch wie sie im Buch dargestellt wird.<br>Bitte beachtet, dass sich diese Seite im Aufbau befindet und in unregelm\u00e4\u00dfigen Abst\u00e4nden immer wieder eine Figur erg\u00e4nzt wird. Es lohnt sich also, hier \u00f6fter vorbeizuschauen.<\/p>\n\n\n\n<figure class=\"wp-block-image size-large is-resized\"><img loading=\"lazy\" decoding=\"async\" src=\"https:\/\/buechertanz.de\/wp-content\/uploads\/2023\/05\/Stammbaum-gesamt_komp-1024x717.jpg\" alt=\"\" class=\"wp-image-4970\" width=\"690\" height=\"483\" srcset=\"https:\/\/buechertanz.de\/wp-content\/uploads\/2023\/05\/Stammbaum-gesamt_komp-1024x717.jpg 1024w, https:\/\/buechertanz.de\/wp-content\/uploads\/2023\/05\/Stammbaum-gesamt_komp-300x210.jpg 300w, https:\/\/buechertanz.de\/wp-content\/uploads\/2023\/05\/Stammbaum-gesamt_komp-768x538.jpg 768w, https:\/\/buechertanz.de\/wp-content\/uploads\/2023\/05\/Stammbaum-gesamt_komp-1536x1076.jpg 1536w, https:\/\/buechertanz.de\/wp-content\/uploads\/2023\/05\/Stammbaum-gesamt_komp-2048x1434.jpg 2048w\" sizes=\"auto, (max-width: 690px) 100vw, 690px\" \/><\/figure>\n\n\n\n<p><\/p>\n\n\n\n<p class=\"has-small-font-size\">\u00dcber diese Figuren k\u00f6nnt ihr bereits mehr erfahren:<\/p>\n\n\n\n<ul class=\"wp-block-list\">\n<li class=\"has-small-font-size\"><a href=\"https:\/\/buechertanz.de\/?page_id=4604\" target=\"_blank\" rel=\"noreferrer noopener\">Wera Konstantinowna Romanowa:<\/a><\/li>\n<\/ul>\n\n\n\n<p class=\"has-small-font-size\">Liebe Gr\u00fc\u00dfe, eure<\/p>\n\n\n\n<figure class=\"wp-block-image size-large is-resized\"><img loading=\"lazy\" decoding=\"async\" src=\"https:\/\/buechertanz.de\/wp-content\/uploads\/2023\/06\/Unterschrift-1024x404.jpg\" alt=\"\" class=\"wp-image-5276\" width=\"186\" height=\"73\" srcset=\"https:\/\/buechertanz.de\/wp-content\/uploads\/2023\/06\/Unterschrift-1024x404.jpg 1024w, https:\/\/buechertanz.de\/wp-content\/uploads\/2023\/06\/Unterschrift-300x118.jpg 300w, https:\/\/buechertanz.de\/wp-content\/uploads\/2023\/06\/Unterschrift-768x303.jpg 768w, https:\/\/buechertanz.de\/wp-content\/uploads\/2023\/06\/Unterschrift.jpg 1500w\" sizes=\"auto, (max-width: 186px) 100vw, 186px\" \/><\/figure>\n\n\n<div class=\"wp-block-image is-style-rounded\">\n<figure class=\"aligncenter size-full is-resized\"><img loading=\"lazy\" decoding=\"async\" src=\"https:\/\/buechertanz.de\/wp-content\/uploads\/2023\/06\/Blume.png\" alt=\"\" class=\"wp-image-5274\" width=\"66\" height=\"76\" srcset=\"https:\/\/buechertanz.de\/wp-content\/uploads\/2023\/06\/Blume.png 264w, https:\/\/buechertanz.de\/wp-content\/uploads\/2023\/06\/Blume-260x300.png 260w\" sizes=\"auto, (max-width: 66px) 100vw, 66px\" \/><\/figure><\/div>","protected":false},"excerpt":{"rendered":"<p>Hier stelle ich euch die wichtigsten Figuren vor, welche in dem Buch \u201eDie russische Herzogin\u201c eine Rolle spielen. Ich werde einerseits auf die historische Figur eingehen, aber auch wie sie im Buch dargestellt wird.Bitte beachtet, dass sich diese Seite im Aufbau befindet und in unregelm\u00e4\u00dfigen Abst\u00e4nden immer wieder eine Figur erg\u00e4nzt wird. Es lohnt sich &hellip; <a href=\"https:\/\/buechertanz.de\/?page_id=5360\" class=\"more-link\"><span class=\"screen-reader-text\">Figuren<\/span> weiterlesen<\/a><\/p>\n","protected":false},"author":2,"featured_media":0,"parent":0,"menu_order":0,"comment_status":"closed","ping_status":"closed","template":"","meta":{"footnotes":""},"class_list":["post-5360","page","type-page","status-publish","hentry"],"_links":{"self":[{"href":"https:\/\/buechertanz.de\/index.php?rest_route=\/wp\/v2\/pages\/5360","targetHints":{"allow":["GET"]}}],"collection":[{"href":"https:\/\/buechertanz.de\/index.php?rest_route=\/wp\/v2\/pages"}],"about":[{"href":"https:\/\/buechertanz.de\/index.php?rest_route=\/wp\/v2\/types\/page"}],"author":[{"embeddable":true,"href":"https:\/\/buechertanz.de\/index.php?rest_route=\/wp\/v2\/users\/2"}],"replies":[{"embeddable":true,"href":"https:\/\/buechertanz.de\/index.php?rest_route=%2Fwp%2Fv2%2Fcomments&post=5360"}],"version-history":[{"count":4,"href":"https:\/\/buechertanz.de\/index.php?rest_route=\/wp\/v2\/pages\/5360\/revisions"}],"predecessor-version":[{"id":5369,"href":"https:\/\/buechertanz.de\/index.php?rest_route=\/wp\/v2\/pages\/5360\/revisions\/5369"}],"wp:attachment":[{"href":"https:\/\/buechertanz.de\/index.php?rest_route=%2Fwp%2Fv2%2Fmedia&parent=5360"}],"curies":[{"name":"wp","href":"https:\/\/api.w.org\/{rel}","templated":true}]}}