{"id":540,"date":"2019-04-12T07:50:49","date_gmt":"2019-04-12T06:50:49","guid":{"rendered":"http:\/\/buechertanz.de\/?page_id=540"},"modified":"2022-03-31T07:58:06","modified_gmt":"2022-03-31T06:58:06","slug":"gelesen-maerz-2019","status":"publish","type":"page","link":"https:\/\/buechertanz.de\/?page_id=540","title":{"rendered":"Gelesen M\u00e4rz 2019"},"content":{"rendered":"\n<p class=\"has-drop-cap has-small-font-size\"> Hier seht ihr die B\u00fccher, die ich im M\u00e4rz 2019 gelesen habe und ihr bekommt einen ersten Eindruck. Die ausf\u00fchrlichen Rezensionen folgen.<br>Falls es eine Rezension auf meinem Blog gibt, gelangt ihr mit einem Klick auf den Titel direkt bei der Rezension.&nbsp; <\/p>\n\n\n\n<div class=\"wp-block-image\"><figure class=\"aligncenter is-resized\"><img loading=\"lazy\" decoding=\"async\" src=\"https:\/\/buechertanz.de\/wp-content\/uploads\/2019\/04\/IMG_20190412_084445628-1024x768.jpg\" alt=\"\" class=\"wp-image-548\" width=\"401\" height=\"301\" srcset=\"https:\/\/buechertanz.de\/wp-content\/uploads\/2019\/04\/IMG_20190412_084445628-1024x768.jpg 1024w, https:\/\/buechertanz.de\/wp-content\/uploads\/2019\/04\/IMG_20190412_084445628-300x225.jpg 300w, https:\/\/buechertanz.de\/wp-content\/uploads\/2019\/04\/IMG_20190412_084445628-768x576.jpg 768w\" sizes=\"auto, (max-width: 401px) 100vw, 401px\" \/><figcaption>Gelesene B\u00fccher im M\u00e4rz 2019:<br>&#8211; Vier B\u00fccher<br>&#8211; 2.176 Seiten<\/figcaption><\/figure><\/div>\n\n\n\n<p class=\"has-small-font-size\">__<\/p>\n\n\n\n<p class=\"has-small-font-size\"><strong>Teresa Simon: &#8222;<a href=\"https:\/\/buechertanz.de\/?p=502\" target=\"_blank\" rel=\"noreferrer noopener\">Die Fliedertochter<\/a>&#8222;<br>erschienen am 11. Februar 2019<br>Heyne, ISBN: 978-3-453-42145-5 <\/strong><\/p>\n\n\n\n<p class=\"has-small-font-size\"><strong>Klappentext:&nbsp;<br><\/strong><em>\u201eEine geheimnisvolle Schneekugel. Das Erbe einer starken Frau. Eine Liebe, die sich nie erf\u00fcllt hat. Berlin 1936. Die S\u00e4ngerin Luzie K\u00fchn steht ganz am Anfang ihrer Karriere und tr\u00e4umt von einem Leben im Rampenlicht. Doch als J\u00fcdin f\u00fchlt sie sich nicht mehr sicher und verl\u00e4sst Berlin in Richtung Wien. Sie verliebt sich in den charismatischen Bela Kr\u00f3l und schwebt im siebten Himmel, doch schon bald wird klar, dass Luzie auch in Wien nicht sicher ist &#8230; Berlin 2018. Paulina Willke wird von ihrer m\u00fctterlichen Freundin Antonia gebeten, in Wien ein Erbst\u00fcck f\u00fcr sie abzuholen. Sie ahnt nicht, dass die Reise nach Wien ihr Leben ver\u00e4ndern wird &#8230; \u201c<\/em><\/p>\n\n\n\n<p class=\"has-small-font-size\"><strong>Mein Eindruck:<\/strong><br>Das Buch hat mich absolut begeistert. <a href=\"https:\/\/buechertanz.de\/?p=502\" target=\"_blank\" rel=\"noreferrer noopener\">Hier findet ihr meine ausf\u00fchrliche Rezension<\/a><\/p>\n\n\n\n<p>\u2014 <\/p>\n\n\n\n<p class=\"has-small-font-size\"><strong>-Hanna Caspian: <a href=\"https:\/\/buechertanz.de\/?p=571\" target=\"_blank\" rel=\"noreferrer noopener\">&#8222;Gut Greifenau &#8211; Abendglanz&#8220;<\/a><br>erschienen am 02. November 2018 <br>Knaur, ISBN: <\/strong> <strong>978-3426521502  <\/strong><\/p>\n\n\n\n<p class=\"has-small-font-size\"><strong>Klappentext:<br><\/strong><em>&#8222;<\/em> <em>Mai 1913: Konstantin, \u00e4ltester Grafensohn und Erbe von Gut Greifenau, wagt das Unerh\u00f6rte: Er verliebt sich in eine B\u00fcrgerliche, schlimmer noch \u2013 in die Dorflehrerin Rebecca Kurscheidt, eine \u00fcberzeugte Sozialdemokratin. Die beiden trennen Welten: nicht nur der Standesunterschied, sondern auch die Weltanschauung. F\u00fcr Katharina dagegen, die j\u00fcngste Tochter, plant die Grafenmutter eine Traumhochzeit mit einem Neffen des deutschen Kaisers \u2013 obwohl bald klar ist, welch ein Scheusal sich hinter der aristokratischen Fassade verbirgt. Aber auch ihr Herz ist anderweitig vergeben.<br>Beide Grafenkinder spielen ein Versteckspiel mit ihren Eltern und der Gesellschaft. So gut sie ihre heimlichen Liebschaften auch verbergen, steuern doch beide unweigerlich auf eine Katastrophe zu \u2026 &#8222;<\/em><\/p>\n\n\n\n<p class=\"has-small-font-size\"><strong>Mein Eindruck:<\/strong><br>Da passt einfach alles: Tolle Charaktere, packende Handlung und ein famoser Schreibstil. Teilweise war es einfach unendlich schwer, das Buch zur Seite zu legen.<\/p>\n\n\n\n<p>__<\/p>\n\n\n\n<p class=\"has-small-font-size\"><strong>Hanna Caspian: &#8222;Gut Greifenau &#8211; Nachtfeuer&#8220;<br>erschienen am 27. Dezember 2018 <br>Knaur, ISBN:  978-3426521519 <\/strong><\/p>\n\n\n\n<p class=\"has-small-font-size\"><strong>Klappentext:<br><\/strong><em>&#8222;August 1914: Der Erste Weltkrieg beginnt, und der junge Graf Konstantin muss an die Front. Sein Vater ist unf\u00e4hig, das Gut zu f\u00fchren, das bald hoch verschuldet ist. Die Verbindung seiner Schwester Katharina mit dem Kaiserneffen Ludwig von Preu\u00dfen wird zur \u00dcberlebensfrage. Doch Ludwig tritt nicht nur seiner Verlobten Katharina zu nahe &#8230; Diese setzt ihre ganze Hoffnung auf eine Verbindung mit dem Industriellensohn Julius. Aber liebt der sie wirklich, oder soll Katharina ihm nur den Eintritt in den Adelsstand erm\u00f6glichen? Auch f\u00fcr Konstantin stellt sich die Frage, auf welcher Seite der Gesellschaft er nach dem Krieg stehen wird, wenn er \u00fcberhaupt \u00fcberlebt.<\/em><\/p>\n\n\n\n<p class=\"has-small-font-size\"><strong>Mein Eindruck:<\/strong><br>Eine packende Fortsetzung, die Teil 1 in Nichts nachsteht. Selten habe ich eine Reihe so verschlungen, selten Charaktere so tief ins Herz geschlossen.<\/p>\n\n\n\n<p>__<\/p>\n\n\n\n<p class=\"has-small-font-size\"><strong>Hanna Caspian: &#8222;Gut Greifenau &#8211; Morgenr\u00f6te&#8220;<br>erschienen am 01. M\u00e4rz 2019 <br>Knaur, ISBN:  978-3426521526  <\/strong><\/p>\n\n\n\n<p class=\"has-small-font-size\"><strong>Klappentext:<br><\/strong><em>&#8220; 1918 ist der Frieden mit Russland in greifbarer N\u00e4he. Doch nach einem Mordanschlag ist es fraglich, ob Konstantin, der Erbe, diesen noch erleben wird. Immerhin pflegt seine Geliebte, die Dorflehrerin Rebecca, ihn aufopferungsvoll. Sein Vater indes ist verzweifelt, denn durch den Kauf von Kriegsanleihen ist das Gut hoch verschuldet. So wird die Hochzeit von Konstantins Schwester Katharina mit dem brutalen Ludwig, einem Neffen des Kaisers, zur \u00dcberlebensfrage f\u00fcr Gut Greifenau. Doch Katharinas Herz schl\u00e4gt f\u00fcr den Industriellensohn Julius. Kurz vor der Hochzeit flieht sie &#8211; und ger\u00e4t in Berlin mitten in die Wirren der Novemberrevolution&#8230;&#8220;<\/em><\/p>\n\n\n\n<p class=\"has-small-font-size\"><strong>Mein Eindruck:<\/strong><br>Ich konnte es kaum erwarten, wie die Geschichte um Gut Greifenau weitergehen sollte. Bis zum Schluss bliebt die Geschichte spannend und unheimlich ber\u00fchrend. Ich habe durch die B\u00fccher einen absolut guten Einblick in die Zeit vor, w\u00e4hrend und nach des Ersten Weltkrieges erhalten und sehr viel Neues dazu gelernt. Unbedingt lesen!<\/p>\n\n\n\n<p>__<\/p>\n\n\n\n<div class=\"wp-block-image\"><figure class=\"aligncenter is-resized\"><img loading=\"lazy\" decoding=\"async\" src=\"https:\/\/buechertanz.de\/wp-content\/uploads\/2019\/03\/Blume-1.png\" alt=\"\" class=\"wp-image-363\" width=\"191\" height=\"221\" srcset=\"https:\/\/buechertanz.de\/wp-content\/uploads\/2019\/03\/Blume-1.png 264w, https:\/\/buechertanz.de\/wp-content\/uploads\/2019\/03\/Blume-1-260x300.png 260w\" sizes=\"auto, (max-width: 191px) 100vw, 191px\" \/><\/figure><\/div>\n","protected":false},"excerpt":{"rendered":"<p>Hier seht ihr die B\u00fccher, die ich im M\u00e4rz 2019 gelesen habe und ihr bekommt einen ersten Eindruck. Die ausf\u00fchrlichen Rezensionen folgen.Falls es eine Rezension auf meinem Blog gibt, gelangt ihr mit einem Klick auf den Titel direkt bei der Rezension.&nbsp; __ Teresa Simon: &#8222;Die Fliedertochter&#8222;erschienen am 11. Februar 2019Heyne, ISBN: 978-3-453-42145-5 Klappentext:&nbsp;\u201eEine geheimnisvolle Schneekugel. &hellip; <a href=\"https:\/\/buechertanz.de\/?page_id=540\" class=\"more-link\"><span class=\"screen-reader-text\">Gelesen M\u00e4rz 2019<\/span> weiterlesen<\/a><\/p>\n","protected":false},"author":2,"featured_media":0,"parent":0,"menu_order":0,"comment_status":"open","ping_status":"closed","template":"","meta":{"footnotes":""},"class_list":["post-540","page","type-page","status-publish","hentry"],"_links":{"self":[{"href":"https:\/\/buechertanz.de\/index.php?rest_route=\/wp\/v2\/pages\/540","targetHints":{"allow":["GET"]}}],"collection":[{"href":"https:\/\/buechertanz.de\/index.php?rest_route=\/wp\/v2\/pages"}],"about":[{"href":"https:\/\/buechertanz.de\/index.php?rest_route=\/wp\/v2\/types\/page"}],"author":[{"embeddable":true,"href":"https:\/\/buechertanz.de\/index.php?rest_route=\/wp\/v2\/users\/2"}],"replies":[{"embeddable":true,"href":"https:\/\/buechertanz.de\/index.php?rest_route=%2Fwp%2Fv2%2Fcomments&post=540"}],"version-history":[{"count":7,"href":"https:\/\/buechertanz.de\/index.php?rest_route=\/wp\/v2\/pages\/540\/revisions"}],"predecessor-version":[{"id":2986,"href":"https:\/\/buechertanz.de\/index.php?rest_route=\/wp\/v2\/pages\/540\/revisions\/2986"}],"wp:attachment":[{"href":"https:\/\/buechertanz.de\/index.php?rest_route=%2Fwp%2Fv2%2Fmedia&parent=540"}],"curies":[{"name":"wp","href":"https:\/\/api.w.org\/{rel}","templated":true}]}}