{"id":5451,"date":"2023-07-13T07:34:37","date_gmt":"2023-07-13T06:34:37","guid":{"rendered":"https:\/\/buechertanz.de\/?page_id=5451"},"modified":"2023-08-04T23:17:32","modified_gmt":"2023-08-04T22:17:32","slug":"virginia-anemona","status":"publish","type":"page","link":"https:\/\/buechertanz.de\/?page_id=5451","title":{"rendered":"Virginia Anemona"},"content":{"rendered":"\n<ul class=\"wp-block-list\">\n<li><strong>Zur Autorin:<\/strong><\/li>\n<\/ul>\n\n\n\n<p class=\"has-drop-cap has-small-font-size\">Virginia Anemona ist freischaffende K\u00fcnstlerin. &#8222;Ajena und der Wasserperlenbaum&#8220; war ihr erstes Werk, welches anderen Menschen helfen soll, sich ihren \u00c4ngsten zu stellen und nie aufzugeben.<br>Ihr zweites Buch &#8222;Ajena im Raum der Spiegel&#8220; setzt die Geschichte rund um Ajena fort, die im Traum \u00fcber sich hinausw\u00e4chst und sich bei Tage ihrem Kindheitstrauma stellen muss. Virginias drittes Buch &#8222;Der Mann, dessen Badewanne im Garten steht&#8220; umfasst eine neue Geschichte, die ernste Themen ebenso aufgreift, wie Momente des Gl\u00fccks.<br><br>Homepage: <a href=\"http:\/\/www.virginia-anemona.cookypool.net\/index.html\" target=\"_blank\" rel=\"noreferrer noopener\">http:\/\/www.virginia-anemona.cookypool.net\/index.html<\/a><\/p>\n\n\n<div class=\"wp-block-image\">\n<figure class=\"aligncenter size-full is-resized\"><img loading=\"lazy\" decoding=\"async\" src=\"https:\/\/buechertanz.de\/wp-content\/uploads\/2023\/07\/Virginia-Anemona-Bibliographie.jpg\" alt=\"\" class=\"wp-image-5458\" width=\"547\" height=\"547\" srcset=\"https:\/\/buechertanz.de\/wp-content\/uploads\/2023\/07\/Virginia-Anemona-Bibliographie.jpg 729w, https:\/\/buechertanz.de\/wp-content\/uploads\/2023\/07\/Virginia-Anemona-Bibliographie-300x300.jpg 300w, https:\/\/buechertanz.de\/wp-content\/uploads\/2023\/07\/Virginia-Anemona-Bibliographie-150x150.jpg 150w\" sizes=\"auto, (max-width: 547px) 100vw, 547px\" \/><\/figure><\/div>\n\n<div class=\"wp-block-image is-style-rounded\">\n<figure class=\"aligncenter size-full is-resized\"><img loading=\"lazy\" decoding=\"async\" src=\"https:\/\/buechertanz.de\/wp-content\/uploads\/2023\/06\/Blume.png\" alt=\"\" class=\"wp-image-5274\" width=\"66\" height=\"76\" srcset=\"https:\/\/buechertanz.de\/wp-content\/uploads\/2023\/06\/Blume.png 264w, https:\/\/buechertanz.de\/wp-content\/uploads\/2023\/06\/Blume-260x300.png 260w\" sizes=\"auto, (max-width: 66px) 100vw, 66px\" \/><\/figure><\/div>\n\n\n<ul class=\"wp-block-list\">\n<li><strong>Interview:<\/strong><\/li>\n<\/ul>\n\n\n\n<p class=\"has-small-font-size\">Ich durfte die Autorin und K\u00fcnstlerin Virginia Anemona im Juli 2023 einige Fragen zu ihrem k\u00fcnstlerischen Schaffen und ihrer Neuerscheinung &#8222;Der Mann, dessen Badewanne im Garten steht&#8220; stellen. <br>Ich w\u00fcnsche euch viel Spa\u00df mit diesem Interview, beachtet aber bitte: Die Copyrights der verwendeten Fotos und Covers liegen ausschlie\u00dflich bei Virginia Anemona. <br>Noch ein Hinweis: &nbsp;Da wir Beide schon lange in Kontakt stehen, nutzen wir in diesem Interview das \u201aDu\u2018.<\/p>\n\n\n<div class=\"wp-block-image is-style-rounded\">\n<figure class=\"aligncenter size-full is-resized\"><img loading=\"lazy\" decoding=\"async\" src=\"https:\/\/buechertanz.de\/wp-content\/uploads\/2023\/07\/Virginia-Anemona_klein.jpg\" alt=\"\" class=\"wp-image-5459\" width=\"504\" height=\"378\" srcset=\"https:\/\/buechertanz.de\/wp-content\/uploads\/2023\/07\/Virginia-Anemona_klein.jpg 1008w, https:\/\/buechertanz.de\/wp-content\/uploads\/2023\/07\/Virginia-Anemona_klein-300x225.jpg 300w, https:\/\/buechertanz.de\/wp-content\/uploads\/2023\/07\/Virginia-Anemona_klein-768x576.jpg 768w\" sizes=\"auto, (max-width: 504px) 100vw, 504px\" \/><\/figure><\/div>\n\n\n<p class=\"has-text-align-center\" style=\"font-size:11px\"><em>(c) by Virginia Anemona<\/em><\/p>\n\n\n\n<p class=\"has-small-font-size\"><strong>01. Hallo liebe Virginia Anemona, ich danke dir, dass du dir die Zeit f\u00fcr dieses Interview nimmst und uns damit spannende Einblicke in dein Werk und dein Autorinnen-Leben gibst. Wie kamst du zum Schreiben von B\u00fcchern?<\/strong><\/p>\n\n\n\n<p class=\"has-small-font-size\">Virginia Anemona: <em>&#8222;Gute Frage. Als Kind schrieb ich bereits ab und zu Geschichten. Das gab mir ein befreiendes Gef\u00fchl.<br>Als Jugendliche litt ich an einer Depression. Eines Abends, als mir meine eigenen Gedanken zu schwer wurden, schrieb ich diese auf. Ich schrieb sie in mein altes Nokia Handy, bis mir das Tippen dort zu m\u00fchsam wurde, dann habe ich das Schreiben auf den PC verlagert. Ich schrieb immer mehr Dinge auf, Erfahrungen, Gedanken, Tr\u00e4ume. Irgendwann dachte ich, vielleicht k\u00f6nnte das, was ich da so schrieb, ja irgendjemandem helfen, sich weniger alleine zu f\u00fchlen. Und erst da kam die Idee auf, vielleicht ein Buch zu ver\u00f6ffentlichen. Dass ich sp\u00e4ter noch weitere B\u00fccher schreiben w\u00fcrde, war zu dem Zeitpunkt nicht geplant.&#8220;<\/em><\/p>\n\n\n\n<p class=\"has-small-font-size\"><strong>02. Wie sieht dein Schreib-Alltag\/ deine Schreib-Routine aus?<\/strong><\/p>\n\n\n\n<p class=\"has-small-font-size\">Virginia:<em> &#8222;Tja (seufzt.) Das kann ich kaum beantworten, denn derzeit habe ich keinen Schreib-Alltag. Seit ich zus\u00e4tzlich zur chronischen Borreliose (seit 2012), an Long Covid erkrankt bin (2021), konnte ich leider nicht mehr schreiben. Andere Aktivit\u00e4ten sind auch stark begrenzt, beispielsweise kann ich nur noch sehr schwer Lesen. Das betrifft sogar einfache Texte, wie Instagram-Postings. Ich ben\u00f6tige sehr viel Kraft f\u00fcr einfachste Dinge. Da kann ich nur hoffen, dass es irgendwann offiziell irgendeine Form der Hilfe (Medizin) geben wird.<br>Fr\u00fcher hatte ich keine fixe Schreib-Routine. Mal schrieb ich jeden Tag, dann wieder eine Weile gar nicht. Ich finde, das sollte man nicht erzwingen.&#8220;<\/em><\/p>\n\n\n\n<div class=\"wp-block-media-text alignwide\" style=\"grid-template-columns:25% auto\"><figure class=\"wp-block-media-text__media\"><img loading=\"lazy\" decoding=\"async\" width=\"182\" height=\"277\" src=\"https:\/\/buechertanz.de\/wp-content\/uploads\/2022\/03\/21-Ajena-und-der-Wasserperlenbaum.jpg\" alt=\"\" class=\"wp-image-2845 size-full\"\/><\/figure><div class=\"wp-block-media-text__content\">\n<p class=\"has-small-font-size\"><strong>03. Wo und wie findest du die Ideen zu deinen B\u00fcchern?<\/strong><\/p>\n\n\n\n<p class=\"has-small-font-size\">Virginia: <em>&#8222;Ich lasse mich am liebsten von der Realit\u00e4t selbst inspirieren, denn die ist doch wirklich ausreichend verr\u00fcckt. lacht \ud83d\ude09<br>Ansonsten inspirieren mich Tr\u00e4ume oder Serien oder die Natur (wenn es mir m\u00f6glich ist, in der Natur zu sein.)<\/em>&#8222;<\/p>\n<\/div><\/div>\n\n\n\n<p class=\"has-small-font-size\"><strong>04. Dein Buch ist fertig geschrieben. Wie gehst du weiter vor? Welche Arbeiten stehen an?<\/strong><\/p>\n\n\n\n<p class=\"has-small-font-size\">Virginia: <em>&#8222;Wenn der Text in seiner Rohfassung steht, dann \u00fcberarbeite ich diesen in zwei Durchl\u00e4ufen. Wenn ich denke, nichts mehr verbessern zu k\u00f6nnen, arbeite ich das Manuskript mit meiner Mutter zusammen durch. An ihr ist eine wahre Lektorin und Korrektorin verloren gegangen. Sie beherrscht das so gut, dass ich es manchmal schade finde, dass sie beruflich einen andern Weg gegangen ist. Dieser Durchgang des \u00dcberarbeitens mit meiner Mutter dauert ungef\u00e4hr ein Jahr. (Wir sehen uns nur ein bis zweimal pro Woche.)<br>Mein aktuelles Buch Der Mann, dessen Badewanne im Garten steht, wurde nach diesem Durchgang erneut von mir gelesen und dann an wunderbare Testleser geschickt. Nachdem ich deren Feedback eingearbeitet hatte, las ich die Geschichte ein letztes Mal, um sie dann guten Gewissens als vollendet zu betrachten.<br>Die Zeit bis zur Ver\u00f6ffentlichung habe ich genutzt, um Postings vorzubereiten, die das Buch im besten Fall einigen Menschen n\u00e4herbringen sollten. Dazu geh\u00f6rten sch\u00f6ne Fotos mit dem Buch, Textausschnitte, Leseprobe, Reels, Buchtrailer und so weiter.<br>Des Weiteren musste ich Blogger f\u00fcr mein Buch anfragen. Schlie\u00dflich hatte ich dann einige Blogger-Pakete zu packen, die ich mit liebevollen Goodies best\u00fcckt habe, welche ich in stundenlanger Bastel-Arbeit kreiert habe. \ud83d\ude42<br>Es machte Spa\u00df, sofern man von der k\u00f6rperlichen Anstrengung aufgrund der Krankheiten absieht, die mir alle Aktionen unfassbar erschwert haben.<br>Gerade als Selfpublisherin endet die Arbeit aber gef\u00fchlt nie. Ich habe den Eindruck, st\u00e4ndig pr\u00e4sent sein zu m\u00fcssen, st\u00e4ndig Content nachlegen zu m\u00fcssen, um \u00fcberhaupt von irgendeinem Menschen in der weiten Online-Welt gesehen zu werden. Manchmal macht das ungewollt Druck. Ich versuche immer eine Art Mittelma\u00df f\u00fcr mich zu finden.&#8220;<\/em><\/p>\n\n\n\n<p class=\"has-small-font-size\"><strong>05. Ist der Name Virginia Anemona ein Pseudonym? Wenn ja, warum nutzt du ein Pseudonym?<\/strong><\/p>\n\n\n\n<p class=\"has-small-font-size\">Virginia: <em>&#8222;Nein, das sind tats\u00e4chlich meine beiden Vornamen. :)&#8220;<\/em><\/p>\n\n\n\n<p class=\"has-small-font-size\"><strong>06. Deine ersten beiden B\u00fccher befassen sich mit deiner pers\u00f6nlichen Lebensgeschichte. Dein neues Buch \u201eDer Mann, dessen Badewanne im Garten steht\u201c ist ein fiktives Werk. Welche Unterschiede gab es f\u00fcr dich beim Schreiben und in der Planung?<\/strong><\/p>\n\n\n\n<p class=\"has-small-font-size\">Virginia: <em>&#8222;Ich glaube, so viele Unterschiede gab es gar nicht. Ich lie\u00df mich auch beim neuen Buch haupts\u00e4chlich von Emotionen leiten. Obwohl die Handlung im Vergleich zu den ersten B\u00fcchern nicht vom Leben vorgegeben war, f\u00fchlte ich mich eher wie ein Zuschauer, der blo\u00df das schreibt, was eben vorm geistigen Auge abl\u00e4uft, wie ein Film. Worauf ich aber Einfluss nahm, waren Alexanders Reaktionen. Es war mir sehr wichtig, mal eine Figur zu haben, die schlagfertig ist. Und Szenen, in denen Kurt etwas Tr\u00f6stendes sagt \u2026 da \u00fcberlegte ich auch gut, was ich in jeweiliger Lage gerne h\u00f6ren w\u00fcrde.&#8220;<\/em><\/p>\n\n\n\n<p class=\"has-small-font-size\"><strong>07. Haben die Figuren aus deinem Buch \u201eDer Mann, dessen Badewanne im Garten steht\u201c reale Vorbilder?<\/strong><\/p>\n\n\n\n<p class=\"has-small-font-size\">Virginia: <em>&#8222;Ja, teilweise. Einer meiner Protagonisten, Kurt, verdankt seinen Namen, sein Aussehen und seine Ausstrahlung einem lieben Menschen aus dem realen Leben.<br>Zudem gibt es Textpassagen im Buch, die ebenfalls der Realit\u00e4t entsprungen sind.&#8220;<\/em><\/p>\n\n\n\n<div class=\"wp-block-media-text alignwide\" style=\"grid-template-columns:25% auto\"><figure class=\"wp-block-media-text__media\"><img loading=\"lazy\" decoding=\"async\" width=\"674\" height=\"1024\" src=\"https:\/\/buechertanz.de\/wp-content\/uploads\/2023\/07\/43-Der-Mann-dessen-Badewanne-im-Garten-steht_hohe-Aufloesung_komp-674x1024.jpg\" alt=\"\" class=\"wp-image-5384 size-full\" srcset=\"https:\/\/buechertanz.de\/wp-content\/uploads\/2023\/07\/43-Der-Mann-dessen-Badewanne-im-Garten-steht_hohe-Aufloesung_komp-674x1024.jpg 674w, https:\/\/buechertanz.de\/wp-content\/uploads\/2023\/07\/43-Der-Mann-dessen-Badewanne-im-Garten-steht_hohe-Aufloesung_komp-197x300.jpg 197w, https:\/\/buechertanz.de\/wp-content\/uploads\/2023\/07\/43-Der-Mann-dessen-Badewanne-im-Garten-steht_hohe-Aufloesung_komp-768x1167.jpg 768w, https:\/\/buechertanz.de\/wp-content\/uploads\/2023\/07\/43-Der-Mann-dessen-Badewanne-im-Garten-steht_hohe-Aufloesung_komp-1011x1536.jpg 1011w, https:\/\/buechertanz.de\/wp-content\/uploads\/2023\/07\/43-Der-Mann-dessen-Badewanne-im-Garten-steht_hohe-Aufloesung_komp.jpg 1044w\" sizes=\"auto, (max-width: 674px) 100vw, 674px\" \/><\/figure><div class=\"wp-block-media-text__content\">\n<p class=\"has-small-font-size\"><strong>08. Wie kamst du auf den sch\u00f6nen, aber eher ungew\u00f6hnlichen Buchtitel? War das Buch vor dem Titel fertig oder stand der Titel schon l\u00e4nger fest?<\/strong><\/p>\n\n\n\n<p class=\"has-small-font-size\">Virginia: <em>&#8222;Tats\u00e4chlich stand zuerst der Titel fest.<br>Ich schrieb mit einer Freundin per Chat \u00fcber \u00c4ngste. Ein Grundthema dabei war, die Angst nach dem Tod zu verpuffen, ohne eine Spur im Leben zu hinterlassen. Nach dem Gespr\u00e4ch nahm ich ein Bad und da war der Buchtitel geboren. Ich wollte ein Buch schreiben, welches einerseits Freunde sowie mich selbst verewigt, als auch Trost spendet.&#8220;<\/em><\/p>\n<\/div><\/div>\n\n\n\n<p class=\"has-small-font-size\"><strong>09. Hast du eine Lieblingsfigur unter deinen vielen unterschiedlichen Charakteren in \u201eDer Mann, dessen Badewanne im Garten steht\u201c? Wenn ja, wen und warum?<\/strong><\/p>\n\n\n\n<p class=\"has-small-font-size\">Virginia: <em>&#8222;Das ist echt knifflig, denn ich liebe Kurt, weil er wie der Gro\u00dfvater ist, den ich mir stets gew\u00fcnscht habe. Ich liebe Alexander f\u00fcr seinen Mut und seine Schlagfertigkeit. Doch mein Liebling ist Joel. Als Joel in diese Geschichte hereinspaziert kam, schmiss ich ihn in hohem Bogen raus, denn er passte mir nicht in den Kram. Jedoch lie\u00df sich Joel nicht einfach rauswerfen. Irgendwann gab ich nach und als ich ihn n\u00e4her kennenlernte, schloss ich ihn sehr ins Herz. Er ist \u2026 wie ein Teil von mir selbst, den ich gerne mal herzlich umarmen w\u00fcrde.&#8220;<\/em><\/p>\n\n\n\n<p class=\"has-small-font-size\"><strong>10. Gibt es eine Szene in \u201eDer Mann, dessen Badewanne im Garten steht\u201c, welche dir besonders am Herzen liegt? Wenn ja, welche und warum?<\/strong><\/p>\n\n\n\n<p class=\"has-small-font-size\">Virginia:<em> &#8222;Uff, das ist die schwerste Frage \u00fcberhaupt, denn es gibt nat\u00fcrlich viele solcher Szenen, aber ich darf ja auch nicht spoilern. \ud83d\ude42<br>Als Joel Alexander hinaus auf ein Feld folgt, ohne zu wissen, was der Plan dabei ist, hat mir das zum Beispiel viel bedeutet. F\u00fcr Joel ist es n\u00e4mlich sehr schwer, zu vertrauen, doch in dem Moment merkt man, wie gro\u00df sein Vertrauen in Alexander ist.&#8220;<\/em><\/p>\n\n\n\n<p class=\"has-small-font-size\"><strong>11. Du bist Selfpublisherin. Welche Vorteile und Nachteile siehst du darin? K\u00f6nntest du dir vorstellen, mit einem Verlag zusammen zu arbeiten?<\/strong><\/p>\n\n\n\n<p class=\"has-small-font-size\">Virginia: <em>&#8222;Der Vorteil liegt auf der Hand, ich bin frei. Ich kann mein Buch so schreiben, wie ich das m\u00f6chte, muss nichts k\u00fcrzen oder ver\u00e4ndern oder in ein Raster zw\u00e4ngen. Ich kann frei w\u00e4hlen, wie ich f\u00fcrs Buch werbe und wann ich ver\u00f6ffentlichen m\u00f6chte.<br>Der gro\u00dfe Nachteil im SP ist f\u00fcr mich die mangelhafte Sichtbarkeit. Bisher sind meine B\u00fccher noch ziemlich unsichtbar.<br>Hinter mir liegt leider eine schlechte Verlagserfahrung. Daher kann ich mir derzeit nur die Zusammenarbeit mit einem ganz bestimmten Verlag vorstellen, dem ich vertrauen w\u00fcrde. Sonst momentan nicht.&#8220;<\/em><\/p>\n\n\n\n<p class=\"has-small-font-size\"><strong>12. Trotz hoher Druckkosten erscheinen deine B\u00fccher auch als Printausgaben. Warum hast du dich f\u00fcr den Druck entschieden und gibst nicht einfach nur die eBooks heraus?<\/strong><\/p>\n\n\n\n<p class=\"has-small-font-size\">Virginia: <em>&#8222;F\u00fcr mich hat ein Buch aus echtem Papier, dessen Seiten man umbl\u00e4ttert, einen ganz besonderen Zauber. Mir war es daher wichtig, meine B\u00fccher in gedruckter Form anzubieten.<br>Ich finde, es wird schon genug auf Bildschirme gestarrt, da braucht es das nicht auch noch beim Lesen. (Nur meine Meinung, jedem das Seine.) \ud83d\ude42<br>Meine B\u00fccher gibt es nicht als E-Books, was aber nicht den Grund hat, dass ich diese selbst nicht besonders mag, sondern den, dass E-Books sehr oft geklaut und illegal auf Plattformen wiederverkauft werden. Allein den Gedanken daran ertrage ich kaum. (Das eigene Werk au\u00dferhalb der eigenen Kontrolle.)<br>Au\u00dferdem werden E-Books nach einem Kauf auch oftmals einfach wieder zur\u00fcckgegeben, wodurch der Autor nicht nur nichts daran verdient, sondern auch noch Kosten anfallen, die die Verkaufsplattform an den Autor weiterreicht.<br>Das Risiko all dessen ist es mir nicht wert. Wer nur E-Books liest, muss eben andere B\u00fccher lesen, als meine.&#8220;<\/em><\/p>\n\n\n\n<div class=\"wp-block-media-text alignwide has-media-on-the-right\" style=\"grid-template-columns:auto 25%\"><div class=\"wp-block-media-text__content\">\n<p class=\"has-small-font-size\"><strong>13. Angenommen deine B\u00fccher stehen in der Buchhandlung. In welcher Abteilung w\u00fcrden sie ihren Platz finden?<\/strong><\/p>\n\n\n\n<p class=\"has-small-font-size\">Virginia:<em> &#8222;Ajena und der Wasserperlenbaum&#8220; und<br>&#8222;Ajena im Raum der Spiegel&#8220; w\u00fcrden unter Biografien zu finden sein \u2026 oder unter Urban Fantasy (wenn man nicht w\u00fcsste, dass die Traumrealit\u00e4t auch zu meinem echten Leben geh\u00f6rt.) \ud83d\ude42<br>&#8222;Der Mann, dessen Badewanne im Garten steht&#8220; st\u00fcnde wohl unter Drama<\/em><\/p>\n<\/div><figure class=\"wp-block-media-text__media\"><img loading=\"lazy\" decoding=\"async\" width=\"182\" height=\"277\" src=\"https:\/\/buechertanz.de\/wp-content\/uploads\/2022\/03\/21-Ajena-und-der-Wasserperlenbaum.jpg\" alt=\"\" class=\"wp-image-2845 size-full\"\/><\/figure><\/div>\n\n\n\n<p class=\"has-small-font-size\"><strong>14. Ab welchem Alter empfiehlst du deine B\u00fccher?<\/strong><\/p>\n\n\n\n<p class=\"has-small-font-size\">Virginia: <em>&#8222;Ich w\u00fcrde sagen, was mein Deb\u00fct angeht, sollte man das individuell einsch\u00e4tzen. Ich habe keine Altersgrenze gesetzt, da mir selbst so eine Geschichte bereits mit sechs Jahren geholfen h\u00e4tte. Doch f\u00fcr andere Kinder in dem Alter k\u00e4me ein Buch mit so ernstem Thema vielleicht zu fr\u00fch. Es kommt darauf an, wie gereift\/aufgekl\u00e4rt das jeweilige Kind ist und wie sicher es sich im nahen Umfeld f\u00fchlt. Ich w\u00fcrde mal sch\u00e4tzen, dass es f\u00fcr die meisten Kinder im Alter von 11\/12 Jahren in Ordnung sein m\u00fcsste, das Buch zu lesen.<br>Mein zweites Buch, Ajena im Raum der Spiegel, w\u00fcrde ich ab 13 Jahren empfehlen.<br>Und Der Mann, dessen Badewanne im Garten steht sollte man fr\u00fchestens ab 15, eher 16\/18 Jahren lesen.&#8220;<\/em><\/p>\n\n\n\n<p class=\"has-small-font-size\"><strong>15. Welches Feedback hast du bisher zu \u201eDer Mann, dessen Badewanne im Garten steht\u201c erhalten?<\/strong><\/p>\n\n\n\n<p class=\"has-small-font-size\">Virginia: <em>&#8222;Von meinen Testlesern und einigen Bloggern bisher \u00fcberwiegend Positives. Der Fokus lag dabei stark auf den Emotionen, das Buch konnte emotional ber\u00fchren, was mich besonders freut.&#8220;<\/em><\/p>\n\n\n\n<p class=\"has-small-font-size\"><strong>16. Kannst du uns schon etwas zu deinem neuen Schreibprojekt erz\u00e4hlen?<\/strong><\/p>\n\n\n\n<p class=\"has-small-font-size\">Virginia: <em>&#8222;Es gibt bislang nur eine Vorstellung in meinem Kopf, daher leider nicht. (Es kann sich noch zu viel \u00e4ndern.) :)&#8220;<\/em><\/p>\n\n\n\n<div class=\"wp-block-media-text alignwide\" style=\"grid-template-columns:25% auto\"><figure class=\"wp-block-media-text__media\"><img loading=\"lazy\" decoding=\"async\" width=\"276\" height=\"420\" src=\"https:\/\/buechertanz.de\/wp-content\/uploads\/2022\/04\/27-Ajena-im-Raum-der-Spiegel.jpg\" alt=\"\" class=\"wp-image-3155 size-full\" srcset=\"https:\/\/buechertanz.de\/wp-content\/uploads\/2022\/04\/27-Ajena-im-Raum-der-Spiegel.jpg 276w, https:\/\/buechertanz.de\/wp-content\/uploads\/2022\/04\/27-Ajena-im-Raum-der-Spiegel-197x300.jpg 197w\" sizes=\"auto, (max-width: 276px) 100vw, 276px\" \/><\/figure><div class=\"wp-block-media-text__content\">\n<p class=\"has-small-font-size\"><strong>17. Was liest du gerne zu deinem Vergn\u00fcgen?<\/strong><\/p>\n\n\n\n<p class=\"has-small-font-size\">Virginia: <em>&#8222;Emotionale Geschichten, bei denen die Gef\u00fchle der Charaktere im Vordergrund stehen. Sehr oft waren das bisher Biografien, aber nat\u00fcrlich auch fiktionales.&#8220;<\/em><\/p>\n<\/div><\/div>\n\n\n\n<p class=\"has-small-font-size\">Vielen Dank f\u00fcr die sehr interessanten und ehrlichen Einblicke und alles Liebe und Gute f\u00fcr dich und dein neues Buch.<\/p>\n\n\n\n<p class=\"has-small-font-size\">Liebe Gr\u00fc\u00dfe,<\/p>\n\n\n\n<figure class=\"wp-block-image size-large is-resized\"><img loading=\"lazy\" decoding=\"async\" src=\"https:\/\/buechertanz.de\/wp-content\/uploads\/2023\/06\/Unterschrift-1024x404.jpg\" alt=\"\" class=\"wp-image-5276\" width=\"167\" height=\"66\" srcset=\"https:\/\/buechertanz.de\/wp-content\/uploads\/2023\/06\/Unterschrift-1024x404.jpg 1024w, https:\/\/buechertanz.de\/wp-content\/uploads\/2023\/06\/Unterschrift-300x118.jpg 300w, https:\/\/buechertanz.de\/wp-content\/uploads\/2023\/06\/Unterschrift-768x303.jpg 768w, https:\/\/buechertanz.de\/wp-content\/uploads\/2023\/06\/Unterschrift.jpg 1500w\" sizes=\"auto, (max-width: 167px) 100vw, 167px\" \/><\/figure>\n\n\n<div class=\"wp-block-image is-style-rounded\">\n<figure class=\"aligncenter size-full is-resized\"><img loading=\"lazy\" decoding=\"async\" src=\"https:\/\/buechertanz.de\/wp-content\/uploads\/2023\/06\/Blume.png\" alt=\"\" class=\"wp-image-5274\" width=\"66\" height=\"76\" srcset=\"https:\/\/buechertanz.de\/wp-content\/uploads\/2023\/06\/Blume.png 264w, https:\/\/buechertanz.de\/wp-content\/uploads\/2023\/06\/Blume-260x300.png 260w\" sizes=\"auto, (max-width: 66px) 100vw, 66px\" \/><\/figure><\/div>","protected":false},"excerpt":{"rendered":"<p>Virginia Anemona ist freischaffende K\u00fcnstlerin. &#8222;Ajena und der Wasserperlenbaum&#8220; war ihr erstes Werk, welches anderen Menschen helfen soll, sich ihren \u00c4ngsten zu stellen und nie aufzugeben.Ihr zweites Buch &#8222;Ajena im Raum der Spiegel&#8220; setzt die Geschichte rund um Ajena fort, die im Traum \u00fcber sich hinausw\u00e4chst und sich bei Tage ihrem Kindheitstrauma stellen muss. Virginias &hellip; <a href=\"https:\/\/buechertanz.de\/?page_id=5451\" class=\"more-link\"><span class=\"screen-reader-text\">Virginia Anemona<\/span> weiterlesen<\/a><\/p>\n","protected":false},"author":2,"featured_media":0,"parent":0,"menu_order":0,"comment_status":"closed","ping_status":"closed","template":"","meta":{"footnotes":""},"class_list":["post-5451","page","type-page","status-publish","hentry"],"_links":{"self":[{"href":"https:\/\/buechertanz.de\/index.php?rest_route=\/wp\/v2\/pages\/5451","targetHints":{"allow":["GET"]}}],"collection":[{"href":"https:\/\/buechertanz.de\/index.php?rest_route=\/wp\/v2\/pages"}],"about":[{"href":"https:\/\/buechertanz.de\/index.php?rest_route=\/wp\/v2\/types\/page"}],"author":[{"embeddable":true,"href":"https:\/\/buechertanz.de\/index.php?rest_route=\/wp\/v2\/users\/2"}],"replies":[{"embeddable":true,"href":"https:\/\/buechertanz.de\/index.php?rest_route=%2Fwp%2Fv2%2Fcomments&post=5451"}],"version-history":[{"count":3,"href":"https:\/\/buechertanz.de\/index.php?rest_route=\/wp\/v2\/pages\/5451\/revisions"}],"predecessor-version":[{"id":5595,"href":"https:\/\/buechertanz.de\/index.php?rest_route=\/wp\/v2\/pages\/5451\/revisions\/5595"}],"wp:attachment":[{"href":"https:\/\/buechertanz.de\/index.php?rest_route=%2Fwp%2Fv2%2Fmedia&parent=5451"}],"curies":[{"name":"wp","href":"https:\/\/api.w.org\/{rel}","templated":true}]}}