{"id":5555,"date":"2023-07-30T21:40:37","date_gmt":"2023-07-30T20:40:37","guid":{"rendered":"https:\/\/buechertanz.de\/?page_id=5555"},"modified":"2023-08-05T10:15:45","modified_gmt":"2023-08-05T09:15:45","slug":"neuzugaenge-juli-2023","status":"publish","type":"page","link":"https:\/\/buechertanz.de\/?page_id=5555","title":{"rendered":"Neuzug\u00e4nge Juli 2023"},"content":{"rendered":"\n<p class=\"has-drop-cap has-small-font-size\">Im&nbsp;<strong>Juli 2023<\/strong>&nbsp;sind insgesamt&nbsp;<strong>20 B\u00fccher&nbsp;<\/strong>hier eingezogen:<br>Neun neue B\u00fccher, f\u00fcnf Rezensionsexemplare, zwei B\u00fccher aus zweiter Hand und vier Geschenke.<br>Falls es eine Rezension auf meinem Blog gibt, gelangt ihr mit einem Klick auf den Titel direkt bei der Rezension.<\/p>\n\n\n<div class=\"wp-block-image\">\n<figure class=\"aligncenter size-large is-resized\"><img loading=\"lazy\" decoding=\"async\" src=\"https:\/\/buechertanz.de\/wp-content\/uploads\/2023\/07\/07-Juli-Komplett_komp-1024x1024.jpg\" alt=\"\" class=\"wp-image-5580\" width=\"512\" height=\"512\" srcset=\"https:\/\/buechertanz.de\/wp-content\/uploads\/2023\/07\/07-Juli-Komplett_komp-1024x1024.jpg 1024w, https:\/\/buechertanz.de\/wp-content\/uploads\/2023\/07\/07-Juli-Komplett_komp-300x300.jpg 300w, https:\/\/buechertanz.de\/wp-content\/uploads\/2023\/07\/07-Juli-Komplett_komp-150x150.jpg 150w, https:\/\/buechertanz.de\/wp-content\/uploads\/2023\/07\/07-Juli-Komplett_komp-768x768.jpg 768w, https:\/\/buechertanz.de\/wp-content\/uploads\/2023\/07\/07-Juli-Komplett_komp-1536x1536.jpg 1536w, https:\/\/buechertanz.de\/wp-content\/uploads\/2023\/07\/07-Juli-Komplett_komp-2048x2048.jpg 2048w\" sizes=\"auto, (max-width: 512px) 100vw, 512px\" \/><\/figure><\/div>\n\n\n<p class=\"has-text-align-center has-small-font-size\"><em>Meine neuen Seitlinge im Juli 2023.<\/em><\/p>\n\n\n\n<p>_<\/p>\n\n\n\n<div class=\"wp-block-media-text alignwide is-vertically-aligned-center\"><figure class=\"wp-block-media-text__media\"><img loading=\"lazy\" decoding=\"async\" width=\"1024\" height=\"1024\" src=\"https:\/\/buechertanz.de\/wp-content\/uploads\/2023\/07\/07-Juli-Neue-Buecher_komp-1024x1024.jpg\" alt=\"\" class=\"wp-image-5581 size-full\" srcset=\"https:\/\/buechertanz.de\/wp-content\/uploads\/2023\/07\/07-Juli-Neue-Buecher_komp-1024x1024.jpg 1024w, https:\/\/buechertanz.de\/wp-content\/uploads\/2023\/07\/07-Juli-Neue-Buecher_komp-300x300.jpg 300w, https:\/\/buechertanz.de\/wp-content\/uploads\/2023\/07\/07-Juli-Neue-Buecher_komp-150x150.jpg 150w, https:\/\/buechertanz.de\/wp-content\/uploads\/2023\/07\/07-Juli-Neue-Buecher_komp-768x768.jpg 768w, https:\/\/buechertanz.de\/wp-content\/uploads\/2023\/07\/07-Juli-Neue-Buecher_komp-1536x1536.jpg 1536w, https:\/\/buechertanz.de\/wp-content\/uploads\/2023\/07\/07-Juli-Neue-Buecher_komp-2048x2048.jpg 2048w\" sizes=\"auto, (max-width: 1024px) 100vw, 1024px\" \/><\/figure><div class=\"wp-block-media-text__content\">\n<p class=\"has-drop-cap has-small-font-size\"><strong>Neue B\u00fccher:<\/strong><\/p>\n\n\n\n<p><\/p>\n\n\n\n<ul class=\"wp-block-list\">\n<li class=\"has-small-font-size\">Charlotte Roth: <em>&#8222;Ich bin ja heut so gl\u00fccklich&#8220;<\/em><\/li>\n\n\n\n<li class=\"has-small-font-size\">Anja Baumheier: <em>&#8222;Die Buchverliebten&#8220;<\/em><\/li>\n\n\n\n<li class=\"has-small-font-size\">Tanja Steinlechner: <em>&#8222;Das Leben, das uns bleibt &#8211; Die Goldschmiedin&#8220;<\/em><\/li>\n\n\n\n<li class=\"has-small-font-size\">Marie Lamballe: <em>&#8222;Caf\u00e9 Engel &#8211; Ein frischer Wind&#8220;<\/em><\/li>\n\n\n\n<li class=\"has-small-font-size\">Susanne Popp: <em>&#8222;Der Weg der Teeh\u00e4ndlerin &#8211; Die Ronnefeldt-Saga&#8220;<\/em><\/li>\n\n\n\n<li class=\"has-small-font-size\">Lia Scott: <em>&#8222;Sturmjahre &#8211; Ein Gef\u00fchl von Unendlichkeit&#8220;<\/em><\/li>\n\n\n\n<li class=\"has-small-font-size\">Rachel Caine: <em>&#8222;Tinte und Knochen &#8211; Die magische Bibliothek&#8220;<\/em><\/li>\n\n\n\n<li class=\"has-small-font-size\">Melanie Metztenthin: <em>&#8222;Zum Schweigen verdammt&#8220;<\/em><\/li>\n\n\n\n<li class=\"has-small-font-size\">Charlotte Jacobi: <em>&#8222;Das Haus der Perlen &#8211; Strahlen der Liebe&#8220;<\/em><\/li>\n<\/ul>\n<\/div><\/div>\n\n\n\n<p>_<\/p>\n\n\n\n<div class=\"wp-block-media-text alignwide has-media-on-the-right is-vertically-aligned-center\"><div class=\"wp-block-media-text__content\">\n<p class=\"has-drop-cap has-small-font-size\"><strong>Rezensionsexemplare:<\/strong><\/p>\n\n\n\n<p><\/p>\n\n\n\n<ul class=\"wp-block-list\">\n<li class=\"has-small-font-size\">Silke Elzner: <em><a href=\"https:\/\/buechertanz.de\/?page_id=4069\" target=\"_blank\" rel=\"noreferrer noopener\">&#8222;Der Verrat der Kaufmannswitwe&#8220;<\/a><\/em><\/li>\n\n\n\n<li class=\"has-small-font-size\">Martha Sophie Marcus: <em><a href=\"https:\/\/buechertanz.de\/?p=5471\" target=\"_blank\" rel=\"noreferrer noopener\">&#8222;Das Gold der Weiden &#8211; Der Sturz des L\u00f6wen&#8220;<\/a><\/em><\/li>\n\n\n\n<li class=\"has-small-font-size\">Felicitas Fuchs: <em><a href=\"https:\/\/buechertanz.de\/?p=5485\" target=\"_blank\" rel=\"noreferrer noopener\">&#8222;Romy &#8211; M\u00e4dchen, die pfeifen&#8220;<\/a><\/em><\/li>\n\n\n\n<li class=\"has-small-font-size\">Simona Wernicke:<a href=\"https:\/\/buechertanz.de\/?p=5501\" target=\"_blank\" rel=\"noreferrer noopener\"> <em>&#8222;Kornblumenzeit &#8211; Eine ostpreu\u00dfische Familiengeschichte&#8220;<\/em><\/a><\/li>\n\n\n\n<li class=\"has-small-font-size\">Petra Durst-Benning:<a href=\"https:\/\/buechertanz.de\/?p=5596\" target=\"_blank\" rel=\"noreferrer noopener\"> <em>&#8222;Die K\u00f6chin &#8211; Alte Hoffnung, neue Wege&#8220;<\/em><\/a><\/li>\n<\/ul>\n<\/div><figure class=\"wp-block-media-text__media\"><img loading=\"lazy\" decoding=\"async\" width=\"1024\" height=\"1024\" src=\"https:\/\/buechertanz.de\/wp-content\/uploads\/2023\/07\/07-Juli-Rezensionsexemplare_komp-1024x1024.jpg\" alt=\"\" class=\"wp-image-5582 size-full\" srcset=\"https:\/\/buechertanz.de\/wp-content\/uploads\/2023\/07\/07-Juli-Rezensionsexemplare_komp-1024x1024.jpg 1024w, https:\/\/buechertanz.de\/wp-content\/uploads\/2023\/07\/07-Juli-Rezensionsexemplare_komp-300x300.jpg 300w, https:\/\/buechertanz.de\/wp-content\/uploads\/2023\/07\/07-Juli-Rezensionsexemplare_komp-150x150.jpg 150w, https:\/\/buechertanz.de\/wp-content\/uploads\/2023\/07\/07-Juli-Rezensionsexemplare_komp-768x768.jpg 768w, https:\/\/buechertanz.de\/wp-content\/uploads\/2023\/07\/07-Juli-Rezensionsexemplare_komp-1536x1536.jpg 1536w, https:\/\/buechertanz.de\/wp-content\/uploads\/2023\/07\/07-Juli-Rezensionsexemplare_komp-2048x2048.jpg 2048w\" sizes=\"auto, (max-width: 1024px) 100vw, 1024px\" \/><\/figure><\/div>\n\n\n\n<p>_<\/p>\n\n\n\n<div class=\"wp-block-media-text alignwide\"><figure class=\"wp-block-media-text__media\"><img loading=\"lazy\" decoding=\"async\" width=\"1024\" height=\"1024\" src=\"https:\/\/buechertanz.de\/wp-content\/uploads\/2023\/07\/07-Juli-Geschenke-und-Buecherschrank_komp-1024x1024.jpg\" alt=\"\" class=\"wp-image-5583 size-full\" srcset=\"https:\/\/buechertanz.de\/wp-content\/uploads\/2023\/07\/07-Juli-Geschenke-und-Buecherschrank_komp-1024x1024.jpg 1024w, https:\/\/buechertanz.de\/wp-content\/uploads\/2023\/07\/07-Juli-Geschenke-und-Buecherschrank_komp-300x300.jpg 300w, https:\/\/buechertanz.de\/wp-content\/uploads\/2023\/07\/07-Juli-Geschenke-und-Buecherschrank_komp-150x150.jpg 150w, https:\/\/buechertanz.de\/wp-content\/uploads\/2023\/07\/07-Juli-Geschenke-und-Buecherschrank_komp-768x768.jpg 768w, https:\/\/buechertanz.de\/wp-content\/uploads\/2023\/07\/07-Juli-Geschenke-und-Buecherschrank_komp-1536x1536.jpg 1536w, https:\/\/buechertanz.de\/wp-content\/uploads\/2023\/07\/07-Juli-Geschenke-und-Buecherschrank_komp-2048x2048.jpg 2048w\" sizes=\"auto, (max-width: 1024px) 100vw, 1024px\" \/><\/figure><div class=\"wp-block-media-text__content\">\n<p class=\"has-drop-cap has-small-font-size\"><strong>B\u00fccher aus zweiter Hand und Geschenke:<\/strong><\/p>\n\n\n\n<p><\/p>\n\n\n\n<ul class=\"wp-block-list\">\n<li class=\"has-small-font-size\">Lisa Wingate: <em>&#8222;Die Glasperlenm\u00e4dchen&#8220; <\/em>(aus einem \u00f6ffentlichen B\u00fccherschrank<\/li>\n\n\n\n<li class=\"has-small-font-size\">Manu Causse: <em>&#8222;Die gr\u00fcne Ente&#8220;<\/em> (aus einem \u00f6ffentlichen B\u00fccherschrank<\/li>\n\n\n\n<li class=\"has-small-font-size\">Maren Gottschalk: <em>&#8222;Fr\u00e4ulein Steiff&#8220; <\/em>(Geschenk einer Freundin)<\/li>\n\n\n\n<li class=\"has-small-font-size\">Anett Klose: <em>&#8222;Eine Handvoll W\u00fcrfelzucker&#8220;<\/em> (Geschenk einer Freundin)<\/li>\n\n\n\n<li class=\"has-small-font-size\"><em>&#8222;Plauen&#8220;<\/em> (Geschenk einer Freundin)<\/li>\n\n\n\n<li class=\"has-small-font-size\"><em>&#8222;Stadtchronik &#8211; Aus der Geschichte der Stadt Plauen&#8220;<\/em> (Geschenk einer Freundin)<\/li>\n<\/ul>\n<\/div><\/div>\n\n\n\n<p>_<\/p>\n\n\n\n<p class=\"has-small-font-size\">Einige dieser wundersch\u00f6nen Neuzug\u00e4nge sind bereits gelesen, auf andere freue ich mich noch.<br>Ich bedanke mich deshalb ganz herzlich beim Heyne Verlag, beim Gmeiner Verlag und beim Blanvalet Verlag, bei der Autorin Silke Elzner und der Autorin Martha Sophie Marcus f\u00fcr die Zusendung und Bereitstellung der B\u00fccher als Rezensionsexemplare.<\/p>\n\n\n\n<p class=\"has-small-font-size\">Eure <\/p>\n\n\n\n<figure class=\"wp-block-image size-large is-resized\"><img loading=\"lazy\" decoding=\"async\" src=\"https:\/\/buechertanz.de\/wp-content\/uploads\/2023\/06\/Unterschrift-1024x404.jpg\" alt=\"\" class=\"wp-image-5276\" width=\"196\" height=\"77\" srcset=\"https:\/\/buechertanz.de\/wp-content\/uploads\/2023\/06\/Unterschrift-1024x404.jpg 1024w, https:\/\/buechertanz.de\/wp-content\/uploads\/2023\/06\/Unterschrift-300x118.jpg 300w, https:\/\/buechertanz.de\/wp-content\/uploads\/2023\/06\/Unterschrift-768x303.jpg 768w, https:\/\/buechertanz.de\/wp-content\/uploads\/2023\/06\/Unterschrift.jpg 1500w\" sizes=\"auto, (max-width: 196px) 100vw, 196px\" \/><\/figure>\n","protected":false},"excerpt":{"rendered":"<p>Im&nbsp;Juli 2023&nbsp;sind insgesamt&nbsp;20 B\u00fccher&nbsp;hier eingezogen:Neun neue B\u00fccher, f\u00fcnf Rezensionsexemplare, zwei B\u00fccher aus zweiter Hand und vier Geschenke.Falls es eine Rezension auf meinem Blog gibt, gelangt ihr mit einem Klick auf den Titel direkt bei der Rezension. Meine neuen Seitlinge im Juli 2023. _ _ _ _ Einige dieser wundersch\u00f6nen Neuzug\u00e4nge sind bereits gelesen, auf andere &hellip; <a href=\"https:\/\/buechertanz.de\/?page_id=5555\" class=\"more-link\"><span class=\"screen-reader-text\">Neuzug\u00e4nge Juli 2023<\/span> weiterlesen<\/a><\/p>\n","protected":false},"author":2,"featured_media":0,"parent":0,"menu_order":0,"comment_status":"open","ping_status":"closed","template":"","meta":{"footnotes":""},"class_list":["post-5555","page","type-page","status-publish","hentry"],"_links":{"self":[{"href":"https:\/\/buechertanz.de\/index.php?rest_route=\/wp\/v2\/pages\/5555","targetHints":{"allow":["GET"]}}],"collection":[{"href":"https:\/\/buechertanz.de\/index.php?rest_route=\/wp\/v2\/pages"}],"about":[{"href":"https:\/\/buechertanz.de\/index.php?rest_route=\/wp\/v2\/types\/page"}],"author":[{"embeddable":true,"href":"https:\/\/buechertanz.de\/index.php?rest_route=\/wp\/v2\/users\/2"}],"replies":[{"embeddable":true,"href":"https:\/\/buechertanz.de\/index.php?rest_route=%2Fwp%2Fv2%2Fcomments&post=5555"}],"version-history":[{"count":3,"href":"https:\/\/buechertanz.de\/index.php?rest_route=\/wp\/v2\/pages\/5555\/revisions"}],"predecessor-version":[{"id":5609,"href":"https:\/\/buechertanz.de\/index.php?rest_route=\/wp\/v2\/pages\/5555\/revisions\/5609"}],"wp:attachment":[{"href":"https:\/\/buechertanz.de\/index.php?rest_route=%2Fwp%2Fv2%2Fmedia&parent=5555"}],"curies":[{"name":"wp","href":"https:\/\/api.w.org\/{rel}","templated":true}]}}