{"id":5556,"date":"2023-07-30T21:40:38","date_gmt":"2023-07-30T20:40:38","guid":{"rendered":"https:\/\/buechertanz.de\/?page_id=5556"},"modified":"2023-12-16T10:00:03","modified_gmt":"2023-12-16T09:00:03","slug":"gelesen-juli-2023","status":"publish","type":"page","link":"https:\/\/buechertanz.de\/?page_id=5556","title":{"rendered":"Gelesen Juli 2023"},"content":{"rendered":"\n<p class=\"has-drop-cap has-small-font-size\">Hier findet ihr die B\u00fccher, die ich im&nbsp;<strong>Juli 2023&nbsp;<\/strong>gelesen habe \u2013 insgesamt sind es&nbsp;<strong>sieben B\u00fccher&nbsp;<\/strong>mit<strong>&nbsp;3.247 Seiten&nbsp;<\/strong>geworden. Es war ein sch\u00f6ner und abwechslungsreicher Lesemonat, welcher (wieder) ganz im Zeichen der Rezensionsexemplare stand.<br>Meine ausf\u00fchrlichen Rezensionen zu den B\u00fcchern findet ihr, wenn ihr auf den Buchtitel klickt. Viel Spa\u00df beim Schm\u00f6kern.<\/p>\n\n\n<div class=\"wp-block-image is-resized is-style-default\">\n<figure class=\"aligncenter size-large\"><img loading=\"lazy\" decoding=\"async\" width=\"1024\" height=\"1024\" src=\"https:\/\/buechertanz.de\/wp-content\/uploads\/2023\/07\/07-Juli_komp-1024x1024.jpg\" alt=\"\" class=\"wp-image-5573\" srcset=\"https:\/\/buechertanz.de\/wp-content\/uploads\/2023\/07\/07-Juli_komp-1024x1024.jpg 1024w, https:\/\/buechertanz.de\/wp-content\/uploads\/2023\/07\/07-Juli_komp-300x300.jpg 300w, https:\/\/buechertanz.de\/wp-content\/uploads\/2023\/07\/07-Juli_komp-150x150.jpg 150w, https:\/\/buechertanz.de\/wp-content\/uploads\/2023\/07\/07-Juli_komp-768x768.jpg 768w, https:\/\/buechertanz.de\/wp-content\/uploads\/2023\/07\/07-Juli_komp-1536x1536.jpg 1536w, https:\/\/buechertanz.de\/wp-content\/uploads\/2023\/07\/07-Juli_komp-2048x2048.jpg 2048w\" sizes=\"auto, (max-width: 1024px) 100vw, 1024px\" \/><\/figure><\/div>\n\n\n<p class=\"has-text-align-center has-small-font-size\"><em>Mein Lesemonat Juli 2023: Sieben B\u00fccher mit insgesamt 3.247 Seiten<\/em><\/p>\n\n\n\n<p>_<\/p>\n\n\n\n<div class=\"wp-block-media-text alignwide is-vertically-aligned-center\" style=\"grid-template-columns:25% auto\"><figure class=\"wp-block-media-text__media\"><img loading=\"lazy\" decoding=\"async\" width=\"674\" height=\"1024\" src=\"https:\/\/buechertanz.de\/wp-content\/uploads\/2023\/07\/43-Der-Mann-dessen-Badewanne-im-Garten-steht_hohe-Aufloesung_komp-674x1024.jpg\" alt=\"\" class=\"wp-image-5384 size-full\" srcset=\"https:\/\/buechertanz.de\/wp-content\/uploads\/2023\/07\/43-Der-Mann-dessen-Badewanne-im-Garten-steht_hohe-Aufloesung_komp-674x1024.jpg 674w, https:\/\/buechertanz.de\/wp-content\/uploads\/2023\/07\/43-Der-Mann-dessen-Badewanne-im-Garten-steht_hohe-Aufloesung_komp-197x300.jpg 197w, https:\/\/buechertanz.de\/wp-content\/uploads\/2023\/07\/43-Der-Mann-dessen-Badewanne-im-Garten-steht_hohe-Aufloesung_komp-768x1167.jpg 768w, https:\/\/buechertanz.de\/wp-content\/uploads\/2023\/07\/43-Der-Mann-dessen-Badewanne-im-Garten-steht_hohe-Aufloesung_komp-1011x1536.jpg 1011w, https:\/\/buechertanz.de\/wp-content\/uploads\/2023\/07\/43-Der-Mann-dessen-Badewanne-im-Garten-steht_hohe-Aufloesung_komp.jpg 1044w\" sizes=\"auto, (max-width: 674px) 100vw, 674px\" \/><\/figure><div class=\"wp-block-media-text__content\">\n<ul class=\"wp-block-list\">\n<li class=\"has-small-font-size\">Begonnen hat der Monat mit einem solch dramatischen und auch gleichzeitig wundervollen und kraftvollen Buch<a href=\"https:\/\/buechertanz.de\/?p=5419\" target=\"_blank\" rel=\"noreferrer noopener\">: <strong><em>&#8222;Der Mann, dessen Badewanne im Garten steht&#8220;<\/em><\/strong><\/a> von Virginia Anemona. Es gibt B\u00fccher, welche man nie wieder vergessen wird &#8211; dies ist so ein Buch. <br>Stellenweise musste ich das Buch mit zitternden H\u00e4nden und Tr\u00e4nen in den Augen zur Seite legen, um kurz darauf gespannt weiterzulesen.<br>Es ist eine Geschichte \u00fcber Tod, Verlust und Trauer, \u00fcber k\u00f6rperliche und seelische Misshandlung, psychische Vernachl\u00e4ssigung und Suizidgedanken. Vor allem ist es aber eine Geschichte der Hoffnung und der Freundschaft. Absolut lesenswert!<\/li>\n<\/ul>\n<\/div><\/div>\n\n\n\n<p>_<\/p>\n\n\n\n<div class=\"wp-block-media-text alignwide has-media-on-the-right is-vertically-aligned-center\" style=\"grid-template-columns:auto 25%\"><div class=\"wp-block-media-text__content\">\n<ul class=\"wp-block-list\">\n<li class=\"has-small-font-size\">Es folgte das Buch <strong><em><a href=\"https:\/\/buechertanz.de\/?p=5440\" target=\"_blank\" rel=\"noreferrer noopener\">\u201eSommertage im Quartier Latin\u201c<\/a><\/em><\/strong> von Lily Martin &#8211; ein Pseudonym von meiner Lieblingsautorin Anne Stern. Ein wunderbarer und leichter Roman, welcher einen ab der ersten Seite mit nach Paris nimmt. Aus vielen kleinen Geschichten wird eine gro\u00dfe Geschichte, die von und mit unterschiedlichen und absolut liebenswerten Charakteren lebt. Sehr lesenswert und einfach die perfekte Urlaubslekt\u00fcre.<\/li>\n<\/ul>\n<\/div><figure class=\"wp-block-media-text__media\"><img loading=\"lazy\" decoding=\"async\" width=\"520\" height=\"791\" src=\"https:\/\/buechertanz.de\/wp-content\/uploads\/2023\/07\/44-Sommertage-im-Quartier-Latin.jpg\" alt=\"\" class=\"wp-image-5386 size-full\" srcset=\"https:\/\/buechertanz.de\/wp-content\/uploads\/2023\/07\/44-Sommertage-im-Quartier-Latin.jpg 520w, https:\/\/buechertanz.de\/wp-content\/uploads\/2023\/07\/44-Sommertage-im-Quartier-Latin-197x300.jpg 197w\" sizes=\"auto, (max-width: 520px) 100vw, 520px\" \/><\/figure><\/div>\n\n\n\n<p>_<\/p>\n\n\n\n<div class=\"wp-block-media-text alignwide is-vertically-aligned-center\" style=\"grid-template-columns:25% auto\"><figure class=\"wp-block-media-text__media\"><img loading=\"lazy\" decoding=\"async\" width=\"694\" height=\"1024\" src=\"https:\/\/buechertanz.de\/wp-content\/uploads\/2023\/07\/45-Das-Gold-der-Weiden-Der-Sturz-des-Loewen_hohe-Aufloesung_komp-694x1024.jpg\" alt=\"\" class=\"wp-image-5466 size-full\" srcset=\"https:\/\/buechertanz.de\/wp-content\/uploads\/2023\/07\/45-Das-Gold-der-Weiden-Der-Sturz-des-Loewen_hohe-Aufloesung_komp-694x1024.jpg 694w, https:\/\/buechertanz.de\/wp-content\/uploads\/2023\/07\/45-Das-Gold-der-Weiden-Der-Sturz-des-Loewen_hohe-Aufloesung_komp-203x300.jpg 203w, https:\/\/buechertanz.de\/wp-content\/uploads\/2023\/07\/45-Das-Gold-der-Weiden-Der-Sturz-des-Loewen_hohe-Aufloesung_komp-768x1133.jpg 768w, https:\/\/buechertanz.de\/wp-content\/uploads\/2023\/07\/45-Das-Gold-der-Weiden-Der-Sturz-des-Loewen_hohe-Aufloesung_komp.jpg 818w\" sizes=\"auto, (max-width: 694px) 100vw, 694px\" \/><\/figure><div class=\"wp-block-media-text__content\">\n<ul class=\"wp-block-list\">\n<li class=\"has-small-font-size\">Mit <strong><em><a href=\"https:\/\/buechertanz.de\/?p=5471\" target=\"_blank\" rel=\"noreferrer noopener\">\u201eDas Gold der Weiden \u2013 Der Sturz des L\u00f6wen\u201c<\/a><\/em><\/strong> von Martha Sophie Marcus ging es zur\u00fcck ins Mittelalter. Der Roman ist ein rundum gelungener Reihenauftakt und \u00fcberzeugte mich mit einer wunderbaren Mischung aus fiktiven und historischen Figuren, einem spannenden geschichtlichen Hintergrund und mit hohem erz\u00e4hlerischen Tempo &#8211; dieses Buch ist wie eine Reise in l\u00e4ngst vergangene Zeiten. Sehr lesens- und empfehlenswert!<\/li>\n<\/ul>\n<\/div><\/div>\n\n\n\n<p>_<\/p>\n\n\n\n<div class=\"wp-block-media-text alignwide has-media-on-the-right is-vertically-aligned-center\" style=\"grid-template-columns:auto 25%\"><div class=\"wp-block-media-text__content\">\n<ul class=\"wp-block-list\">\n<li class=\"has-small-font-size\">Das Buch <strong><em><a href=\"https:\/\/buechertanz.de\/?p=5485\" target=\"_blank\" rel=\"noreferrer noopener\">\u201eRomy \u2013 M\u00e4dchen, die pfeifen\u201c<\/a><\/em><\/strong> von Felicitas Fuchs ist der kr\u00f6nende Abschluss einer gro\u00dfartigen, und bewegenden Buchreihe. Und ja: Ich bin traurig, dass diese Buchreihe nun abgeschlossen ist. <br>Mit dem ergreifenden und flotten Sprachstil kommt auf keiner Seite Langeweile auf. Es sind Geschichten und Figuren, welche ich noch lange in meinem Herzen tragen werde und so schnell nicht vergessen werde. Unbedingt lesen!<\/li>\n<\/ul>\n<\/div><figure class=\"wp-block-media-text__media\"><img loading=\"lazy\" decoding=\"async\" width=\"350\" height=\"534\" src=\"https:\/\/buechertanz.de\/wp-content\/uploads\/2023\/07\/46-Romy-Maedchen-die-pfeifen.jpg\" alt=\"\" class=\"wp-image-5480 size-full\" srcset=\"https:\/\/buechertanz.de\/wp-content\/uploads\/2023\/07\/46-Romy-Maedchen-die-pfeifen.jpg 350w, https:\/\/buechertanz.de\/wp-content\/uploads\/2023\/07\/46-Romy-Maedchen-die-pfeifen-197x300.jpg 197w\" sizes=\"auto, (max-width: 350px) 100vw, 350px\" \/><\/figure><\/div>\n\n\n\n<p>_<\/p>\n\n\n\n<div class=\"wp-block-media-text alignwide is-vertically-aligned-center\" style=\"grid-template-columns:25% auto\"><figure class=\"wp-block-media-text__media\"><img loading=\"lazy\" decoding=\"async\" width=\"386\" height=\"600\" src=\"https:\/\/buechertanz.de\/wp-content\/uploads\/2023\/07\/47-Kornblumenzeit-Eine-ostpreussische-Familiengeschichte.jpeg\" alt=\"\" class=\"wp-image-5493 size-full\" srcset=\"https:\/\/buechertanz.de\/wp-content\/uploads\/2023\/07\/47-Kornblumenzeit-Eine-ostpreussische-Familiengeschichte.jpeg 386w, https:\/\/buechertanz.de\/wp-content\/uploads\/2023\/07\/47-Kornblumenzeit-Eine-ostpreussische-Familiengeschichte-193x300.jpeg 193w\" sizes=\"auto, (max-width: 386px) 100vw, 386px\" \/><\/figure><div class=\"wp-block-media-text__content\">\n<ul class=\"wp-block-list\">\n<li class=\"has-small-font-size\">Es ging weiter mit<a href=\"https:\/\/buechertanz.de\/?p=5501\" target=\"_blank\" rel=\"noreferrer noopener\"> <strong><em>\u201eKornblumenzeit \u2013 Eine preu\u00dfische Familiengeschichte\u201c<\/em><\/strong><\/a> von Simona Wernicke.  <br>Was f\u00fcr eine starke und unvergessliche Geschichte, welche auf wahren Begebenheiten beruht und oft zu Tr\u00e4nen r\u00fchrt. W\u00e4hrend der erste Teil der Geschichte noch ruhig und gem\u00e4chlich daher kommt, \u00fcberschlagen sich im zweiten Teil die Ereignisse. Eine Geschichte, die mich buchst\u00e4blich mit sich gerissen und nicht mehr losgelassen hat. Noch w\u00e4hrend ich diesen R\u00fcckblick schreibe, sehe ich die Bilder dieser Geschichte noch immer vor mir. <\/li>\n<\/ul>\n<\/div><\/div>\n\n\n\n<p>_<\/p>\n\n\n\n<div class=\"wp-block-media-text alignwide has-media-on-the-right is-vertically-aligned-center\" style=\"grid-template-columns:auto 25%\"><div class=\"wp-block-media-text__content\">\n<ul class=\"wp-block-list\">\n<li class=\"has-small-font-size\">Mit Oliver P\u00f6tzsch und<strong><em><a href=\"https:\/\/buechertanz.de\/?p=5527\" target=\"_blank\" rel=\"noreferrer noopener\"> \u201eDie Schwarzen Musketiere \u2013 Das Buch der Nacht\u201c<\/a> <\/em><\/strong>ging es wieder weit zur\u00fcck in die Vergangenheit. Dieses Buch ist ein spannender Reihenauftakt, welcher die historischen Hintergr\u00fcnde gekonnt mit einer Prise Fantasie und Mystik w\u00fcrzt.  Seine interessanten Charaktere durchleben eine interessante Entwicklung und am Ende m\u00f6chte man sofort wissen, wie es weitergeht und sich den zweiten Teil der Reihe \u201eDie Schwarzen Musketiere \u2013 Das Schwert der Macht\u201c schnappen und weiterlesen. Dieser wird demn\u00e4chst definitiv hier einziehen. Sehr lesenswert!<\/li>\n<\/ul>\n<\/div><figure class=\"wp-block-media-text__media\"><img loading=\"lazy\" decoding=\"async\" width=\"220\" height=\"313\" src=\"https:\/\/buechertanz.de\/wp-content\/uploads\/2023\/07\/48-Die-Schwarzen-Musketiere-Das-Buch-der-Nacht.jpg\" alt=\"\" class=\"wp-image-5520 size-full\" srcset=\"https:\/\/buechertanz.de\/wp-content\/uploads\/2023\/07\/48-Die-Schwarzen-Musketiere-Das-Buch-der-Nacht.jpg 220w, https:\/\/buechertanz.de\/wp-content\/uploads\/2023\/07\/48-Die-Schwarzen-Musketiere-Das-Buch-der-Nacht-211x300.jpg 211w\" sizes=\"auto, (max-width: 220px) 100vw, 220px\" \/><\/figure><\/div>\n\n\n\n<p>_<\/p>\n\n\n\n<div class=\"wp-block-media-text alignwide\" style=\"grid-template-columns:25% auto\"><figure class=\"wp-block-media-text__media\"><img loading=\"lazy\" decoding=\"async\" width=\"350\" height=\"558\" src=\"https:\/\/buechertanz.de\/wp-content\/uploads\/2023\/07\/49-Die-Koechin-Alte-Hoffnung-neue-Wege.jpg\" alt=\"\" class=\"wp-image-5549 size-full\" srcset=\"https:\/\/buechertanz.de\/wp-content\/uploads\/2023\/07\/49-Die-Koechin-Alte-Hoffnung-neue-Wege.jpg 350w, https:\/\/buechertanz.de\/wp-content\/uploads\/2023\/07\/49-Die-Koechin-Alte-Hoffnung-neue-Wege-188x300.jpg 188w\" sizes=\"auto, (max-width: 350px) 100vw, 350px\" \/><\/figure><div class=\"wp-block-media-text__content\">\n<ul class=\"wp-block-list\">\n<li class=\"has-small-font-size\">Den Abschluss meines Lesemonats Juli 2023 bildete das Buch <strong><em><a href=\"https:\/\/buechertanz.de\/?p=5596\" target=\"_blank\" rel=\"noreferrer noopener\">&#8222;Die K\u00f6chin &#8211; Alte Hoffnung, neue Wege&#8220;<\/a> <\/em><\/strong>von Petra Durst-Benning, welches ich vorab lesen durfte. Petra Durst-Benning hat mich mit diesem zweiten Band um die wunderbare Fabienne wieder v\u00f6llig begeistert und befl\u00fcgelt. Eine Geschichte, die emotional und gleichzeitig so spannend und wundersch\u00f6n ist. Freut euch auf dieses Buch. <\/li>\n<\/ul>\n<\/div><\/div>\n\n\n\n<p>_<\/p>\n\n\n\n<p class=\"has-small-font-size\">So, das war mein wunderbarer Lesemonat Juli. <br>Ich bedanke mich bei der Autorinnen Virginia Anemona und Martha Sophie Marcus, beim Rowohlt Verlag, beim Heyne Verlag, beim Gmeiner Verlag, beim Lago Verlag und beim Blanvalet Verlag f\u00fcr die Bereitstellung und Zusendung der B\u00fccher als Rezensionsexemplare.<br>Und auch an alle Autorinnen und Autoren ein riesiges Dankesch\u00f6n f\u00fcr eure Geschichten. <\/p>\n\n\n\n<p class=\"has-small-font-size\">Liebe Gr\u00fc\u00dfe,<\/p>\n\n\n\n<figure class=\"wp-block-image size-large is-resized\"><img loading=\"lazy\" decoding=\"async\" width=\"1024\" height=\"404\" src=\"https:\/\/buechertanz.de\/wp-content\/uploads\/2023\/06\/Unterschrift-1024x404.jpg\" alt=\"\" class=\"wp-image-5276\" style=\"width:168px;height:66px\" srcset=\"https:\/\/buechertanz.de\/wp-content\/uploads\/2023\/06\/Unterschrift-1024x404.jpg 1024w, https:\/\/buechertanz.de\/wp-content\/uploads\/2023\/06\/Unterschrift-300x118.jpg 300w, https:\/\/buechertanz.de\/wp-content\/uploads\/2023\/06\/Unterschrift-768x303.jpg 768w, https:\/\/buechertanz.de\/wp-content\/uploads\/2023\/06\/Unterschrift.jpg 1500w\" sizes=\"auto, (max-width: 1024px) 100vw, 1024px\" \/><\/figure>\n","protected":false},"excerpt":{"rendered":"<p>Hier findet ihr die B\u00fccher, die ich im&nbsp;Juli 2023&nbsp;gelesen habe \u2013 insgesamt sind es&nbsp;sieben B\u00fccher&nbsp;mit&nbsp;3.247 Seiten&nbsp;geworden. Es war ein sch\u00f6ner und abwechslungsreicher Lesemonat, welcher (wieder) ganz im Zeichen der Rezensionsexemplare stand.Meine ausf\u00fchrlichen Rezensionen zu den B\u00fcchern findet ihr, wenn ihr auf den Buchtitel klickt. Viel Spa\u00df beim Schm\u00f6kern. Mein Lesemonat Juli 2023: Sieben B\u00fccher mit &hellip; <a href=\"https:\/\/buechertanz.de\/?page_id=5556\" class=\"more-link\"><span class=\"screen-reader-text\">Gelesen Juli 2023<\/span> weiterlesen<\/a><\/p>\n","protected":false},"author":2,"featured_media":0,"parent":0,"menu_order":0,"comment_status":"open","ping_status":"closed","template":"","meta":{"footnotes":""},"class_list":["post-5556","page","type-page","status-publish","hentry"],"_links":{"self":[{"href":"https:\/\/buechertanz.de\/index.php?rest_route=\/wp\/v2\/pages\/5556","targetHints":{"allow":["GET"]}}],"collection":[{"href":"https:\/\/buechertanz.de\/index.php?rest_route=\/wp\/v2\/pages"}],"about":[{"href":"https:\/\/buechertanz.de\/index.php?rest_route=\/wp\/v2\/types\/page"}],"author":[{"embeddable":true,"href":"https:\/\/buechertanz.de\/index.php?rest_route=\/wp\/v2\/users\/2"}],"replies":[{"embeddable":true,"href":"https:\/\/buechertanz.de\/index.php?rest_route=%2Fwp%2Fv2%2Fcomments&post=5556"}],"version-history":[{"count":6,"href":"https:\/\/buechertanz.de\/index.php?rest_route=\/wp\/v2\/pages\/5556\/revisions"}],"predecessor-version":[{"id":6538,"href":"https:\/\/buechertanz.de\/index.php?rest_route=\/wp\/v2\/pages\/5556\/revisions\/6538"}],"wp:attachment":[{"href":"https:\/\/buechertanz.de\/index.php?rest_route=%2Fwp%2Fv2%2Fmedia&parent=5556"}],"curies":[{"name":"wp","href":"https:\/\/api.w.org\/{rel}","templated":true}]}}